{"id":237503,"date":"2025-06-28T02:53:59","date_gmt":"2025-06-28T02:53:59","guid":{"rendered":"https:\/\/linkxa.es\/contratacion\/producto\/reloj-smartwatch-myphone-elegant-2-black-2\/"},"modified":"2025-10-04T00:10:31","modified_gmt":"2025-10-04T00:10:31","slug":"reloj-smartwatch-myphone-elegant-2-black-2","status":"publish","type":"product","link":"https:\/\/linkxa.es\/linkshop\/producto\/reloj-smartwatch-myphone-elegant-2-black-2\/","title":{"rendered":"Reloj smartwatch myphone elegant 2 black"},"content":{"rendered":"<div style=\"text-align: center; margin-bottom: 20px;\">\n<h2 style=\"font-size: 22px; font-weight: 600; margin: 0; color: #333;\">Myphone \u00a0|\u00a0 Smartwatches<\/h2>\n<\/div>\n<p style=\"max-width: 700px; margin: 0px auto 30px; font-size: 18px; line-height: 1.6; color: #555555; font-style: italic; text-align: left;\">Descubre la elegancia pr\u00e1ctica con el myPhone Watch Elegant 2. Este reloj inteligente con pantalla AMOLED ofrece colores vivos y permite realizar llamadas Bluetooth sin necesidad de sacar el tel\u00e9fono.<br \/>Su dise\u00f1o sofisticado, con una caja de metal y correa de silicona intercambiable, lo convierte en el compa\u00f1ero perfecto tanto para eventos formales como para entrenamientos intensos.<\/p>\n<p>El myPhone Watch Elegant 2 redefine la elegancia en el mundo de los smartwatches. Equipado con una vibrante pantalla AMOLED de 1,43 pulgadas, este reloj no solo presenta colores profundos y<br \/>n\u00edtidos desde cualquier \u00e1ngulo, sino que tambi\u00e9n integra la funcionalidad Always On Display para mantenerte informado en todo momento. La posibilidad de realizar y recibir llamadas a trav\u00e9s de<br \/>Bluetooth a\u00f1ade una capa de conveniencia, permiti\u00e9ndote comunicarte sin necesidad de sacar tu tel\u00e9fono.<\/p>\n<p>Su dise\u00f1o destaca por una elegante caja de metal en tono perla negra, complementada con una corona giratoria y dos botones funcionales que hacen que la navegaci\u00f3n sea intuitiva y c\u00f3moda. La correa<br \/>de silicona intercambiable incluida lo hace vers\u00e1til, apto tanto para una reuni\u00f3n de negocios como para una sesi\u00f3n de entrenamiento intenso.<\/p>\n<p>Construido para resistir, el myPhone Watch Elegant 2 cuenta con certificaci\u00f3n IP67, garantizando su resistencia al polvo y al agua, ideal para cualquier aventura al aire libre. Adem\u00e1s, ofrece un conjunto de<br \/>caracter\u00edsticas pensadas para el bienestar y la salud, como el monitoreo de sue\u00f1o, presi\u00f3n arterial, frecuencia card\u00edaca, nivel de estr\u00e9s y oxigenaci\u00f3n corporal. Con modos deportivos que van desde el<br \/>yoga hasta el rugby, este reloj te acompa\u00f1ar\u00e1 en todas tus actividades f\u00edsicas.<\/p>\n<p>La bater\u00eda de 300 mAh asegura hasta 7 d\u00edas de uso continuo, gracias a la eficiencia energ\u00e9tica de la tecnolog\u00eda AMOLED. Compatible con la aplicaci\u00f3n Dafit, disponible para Android e iOS, podr\u00e1s<br \/>gestionar notificaciones, resultados de entrenamiento y mucho m\u00e1s en diversos idiomas.<\/p>\n<p>Especificaciones t\u00e9cnicas<\/p>\n<p>Modelo myPhone Watch Elegant 2<br \/>Pantalla 1,43&#8243; Amoled, 466&#215;466 px<br \/>RAM+ROM RAM: 928 KB, ROM: 256 MB<br \/>Conectividad Bluetooth 5.2<br \/>Sensores Frecuencia cardiaca, saturaci\u00f3n y presi\u00f3n arterial<br \/>Resistencia IP67<br \/>Bater\u00eda 300 mAh, 5-7 d\u00edas de autonom\u00eda<br \/>Material Marco de aleaci\u00f3n de zinc + carcasa trasera de pl\u00e1stico, Metal banda<br \/>Tama\u00f1o 43,7 x 43,6 x 12,1 mm<br \/>Peso 30 g<br \/>Ancho de la correa 20 mm<br \/>Longitud de la correa 207 mm<br \/>Llamadas telef\u00f3nicas, Pod\u00f3metro, Distancia, Calor\u00edas, Calendario, Asistente de voz, Control del sue\u00f1o, Alarma, Bot\u00f3n de foto, Recordatorio de hidrataci\u00f3n, Buscar tel\u00e9fono<br \/>Compatibilidad Android, iOS<br \/>Aplicaci\u00f3n Da Fit<br \/>Contenido del paquete<br \/>&#8211; Reloj inteligente myPhone Watch Elegant 2<br \/>&#8211; Cable USB<br \/>&#8211; Manual de usuario<br \/>&#8211; Herramienta de extracci\u00f3n de la pulsera<\/p>\n","protected":false},"excerpt":{"rendered":"<p>Reloj smartwatch myphone elegant 2 black<\/p>\n","protected":false},"featured_media":230719,"comment_status":"open","ping_status":"open","template":"","meta":{"_et_pb_use_builder":"","_et_pb_old_content":"","_et_gb_content_width":""},"product_brand":[2114],"product_cat":[2058,3408,2316,2062],"product_tag":[2115,2318,2066],"class_list":{"0":"post-237503","1":"product","2":"type-product","3":"status-publish","4":"has-post-thumbnail","6":"product_brand-myphone","7":"product_cat-dispositivos","8":"product_cat-myphone","9":"product_cat-smartwatches","10":"product_cat-telefonia","11":"product_tag-myphone","12":"product_tag-smartwatches","13":"product_tag-telefonia","14":"pa_canon-digital-0-e-incluida","15":"pa_categoria-telefonia","16":"pa_marca-myphone","17":"pa_peso-3372","18":"pa_ref-dsp0000026338","20":"first","21":"instock","22":"sale","23":"taxable","24":"shipping-taxable","25":"purchasable","26":"product-type-simple"},"_links":{"self":[{"href":"https:\/\/linkxa.es\/linkshop\/wp-json\/wp\/v2\/product\/237503","targetHints":{"allow":["GET"]}}],"collection":[{"href":"https:\/\/linkxa.es\/linkshop\/wp-json\/wp\/v2\/product"}],"about":[{"href":"https:\/\/linkxa.es\/linkshop\/wp-json\/wp\/v2\/types\/product"}],"replies":[{"embeddable":true,"href":"https:\/\/linkxa.es\/linkshop\/wp-json\/wp\/v2\/comments?post=237503"}],"wp:featuredmedia":[{"embeddable":true,"href":"https:\/\/linkxa.es\/linkshop\/wp-json\/wp\/v2\/media\/230719"}],"wp:attachment":[{"href":"https:\/\/linkxa.es\/linkshop\/wp-json\/wp\/v2\/media?parent=237503"}],"wp:term":[{"taxonomy":"product_brand","embeddable":true,"href":"https:\/\/linkxa.es\/linkshop\/wp-json\/wp\/v2\/product_brand?post=237503"},{"taxonomy":"product_cat","embeddable":true,"href":"https:\/\/linkxa.es\/linkshop\/wp-json\/wp\/v2\/product_cat?post=237503"},{"taxonomy":"product_tag","embeddable":true,"href":"https:\/\/linkxa.es\/linkshop\/wp-json\/wp\/v2\/product_tag?post=237503"}],"curies":[{"name":"wp","href":"https:\/\/api.w.org\/{rel}","templated":true}]}}