{"id":237532,"date":"2025-04-05T05:56:00","date_gmt":"2025-04-05T05:56:00","guid":{"rendered":"https:\/\/linkxa.es\/contratacion\/producto\/smartwatch-apple-watch-se-gps-44mm-3\/"},"modified":"2025-10-04T00:19:35","modified_gmt":"2025-10-04T00:19:35","slug":"smartwatch-apple-watch-se-gps-44mm-3","status":"publish","type":"product","link":"https:\/\/linkxa.es\/linkshop\/producto\/smartwatch-apple-watch-se-gps-44mm-3\/","title":{"rendered":"Smartwatch apple watch se gps 44mm"},"content":{"rendered":"<div style=\"text-align: center; margin-bottom: 20px;\">\n<h2 style=\"font-size: 22px; font-weight: 600; margin: 0; color: #333;\">Apple \u00a0|\u00a0 Smartwatches<\/h2>\n<\/div>\n<p style=\"max-width: 700px; margin: 0px auto 30px; font-size: 18px; line-height: 1.6; color: #555555; font-style: italic; text-align: left;\">Ficha T\u00e9cnica<br \/>General<br \/>Audio salida<br \/>Altavoz<br \/>Audio entrada<br \/>Micr\u00f3fono<br \/>Pantalla de reloj<br \/>S\u00ed<br \/>Objetivos establecidos<br \/>S\u00ed<br \/>Tipo de producto<br \/>Reloj inteligente<br \/>Tecnolog\u00eda de pago<br \/>Apple Pay<br \/>Estilo<br \/>Estilo de reloj<br \/>Tipo de retroalimentaci\u00f3n<br \/>Alerta sonora, alarma con vibraci\u00f3n, interfaz visual<br \/>Navegaci\u00f3n<br \/>GPS\/GLONASS\/Galileo\/QZSS receiver<br \/>N\u00famero de modelo del fabricante<br \/>A2723<br \/>SO Host Device Platform<br \/>iOS 18 or later<br \/>Sistemas operativos<br \/>WatchOS 11<br \/>Actividad\/deporte<br \/>Golf, correr, Nataci\u00f3n, ski, ciclismo, senderismo, caminar, yoga, snowboarding, strength training, el\u00edptica, multideporte, baile, pelda\u00f1os, pilates, silla de ruedas, entrenamiento de intervalos de alta intensidad (HIIT), outdoor<br \/>rowing, paddling, rowing machine, cooldown, core training, tai chi, kickboxing<br \/>Notificaciones<br \/>Calendario, SMS, Email, aplicaciones, ritmo card\u00edaco alto y bajo, ritmo irregular, backtrack<br \/>Datos de seguimiento<br \/>Distancia, tiempo, calor\u00edas quemadas, actividad, actividad durante el sue\u00f1o, ritmo card\u00edaco, fases del sue\u00f1o, noise level, ciclo menstrual, mindfulness<br \/>Sensores<br \/>Sensor de luz ambiental, br\u00fajula digital, alt\u00edmetro siempre activo, sensor card\u00edaco \u00f3ptico (2a gen), aceler\u00f3metro de alta g, giroscopio de alto rango din\u00e1mico<br \/>Caracter\u00edsticas<br \/>Detecci\u00f3n de ca\u00eddas, SOS de emergencia, recordatorio de medicaci\u00f3n, Llamada de emergencia internacional, Detecci\u00f3n de golpes, monitorizaci\u00f3n del ruido, brillo: 1000 nits<br \/>Diverso<br \/>Garant\u00eda<br \/>1 a\u00f1o de garant\u00eda<br \/>Alerta vibratoria<br \/>S\u00ed<br \/>Protecci\u00f3n<br \/>Impermeable<br \/>Software precargado<br \/>GymKit<br \/>Accesorios incluidos<br \/>Cargador magn\u00e9tico con cable USB-C (1 m)<br \/>Material del cuerpo<br \/>100 % aluminio reciclado<br \/>Tasa de absorci\u00f3n espec\u00edfica (SAR)<br \/>0.1 W\/kg (head)<br \/>0.06 W\/kg (extremidad)<br \/>Cumplimiento de normas<br \/>Sin BFR, PVC-free, Beryllium-free, sin mercurio, sin ars\u00e9nico<br \/>Almacenamiento<br \/>Capacidad<br \/>32 GB<br \/>Par\u00e1metros de entorno<br \/>Temperatura m\u00ednima de funcionamiento<br \/>0 C<br \/>Temperatura m\u00e1xima de funcionamiento<br \/>35 C<br \/>Altitud m\u00e1xima de funcionamiento<br \/>3000 m<br \/>Profundidad m\u00e1x. de resistencia al agua<br \/>50 m<br \/>\u00c1mbito de humedad de funcionamiento<br \/>5 &#8211; 90% (sin condensaci\u00f3n)<br \/>Bater\u00eda<br \/>Tecnolog\u00eda<br \/>Ion de litio<br \/>Carga inal\u00e1mbrica<br \/>S\u00ed<br \/>Bater\u00eda recargable<br \/>S\u00ed<br \/>Tiempo de ejecuci\u00f3n (m\u00e1ximo)<br \/>18 horas<br \/>Datos de tiempo de ejecuci\u00f3n<br \/>Uso normal &#8211; hasta 18 hora(s)<br \/>Conectividad<br \/>Interfaz inal\u00e1mbrica<br \/>IEEE 802.11n, Bluetooth 5.3<br \/>Dispositivo de entrada<br \/>Tipo<br \/>Pantalla t\u00e1ctil, bot\u00f3n lateral<br \/>Dimensiones y peso<br \/>Detalles<br \/>Solo caja: 32.9 g<br \/>Visualizador<br \/>Densidad de p\u00edxeles<br \/>326 ppi<br \/>Protecci\u00f3n<br \/>Cristal Ion-X<br \/>Resoluci\u00f3n<br \/>368 x 448 p\u00edxeles<br \/>Tipo<br \/>Retina LTPO OLED &#8211; color<br \/>CPU<br \/>Fabricante<br \/>Apple<br \/>Tipo<br \/>S8 SiP<br \/>Caracter\u00edsticas<br \/>Chip inal\u00e1mbrico W3 Apple, Motor neural de 2 n\u00facleos<br \/>Banda<br \/>Color<br \/>Denim<br \/>Nombre<br \/>Pulsera deportiva<br \/>Material<br \/>Fluoroelast\u00f3mero<br \/>Tama\u00f1o<br \/>S\/M<br \/>Tipo de cierre<br \/>Pin-and-tuck<br \/>Para mu\u00f1ecas, en forma de circunferencia<br \/>140-190 mm<br \/>Intercambiable<br \/>Si<br \/>Caja de reloj inteligente<br \/>Tama\u00f1o de la funda<br \/>44 mm<br \/>Forma de la caja<br \/>Rectangular<br \/>Detalles de la caja<br \/>Aluminio plateado<br \/>Tipo de corona<br \/>Digital con retroalimentaci\u00f3n t\u00e1ctil<br \/>Parte posterior de la caja<br \/>Parte trasera de cristal de zafiro y compuesto de nailon<br \/>Internet de las cosas (IoT)<br \/>Compatible con Internet de las cosas (IoT)<br \/>S\u00ed<br \/>Asistente inteligente<br \/>Siri<br \/>Controlado por voz<br \/>Directo<br \/>Informaci\u00f3n de sostenibilidad<br \/>Huella de carbono<br \/>0 kg de emisiones de carbono<\/p>\n","protected":false},"excerpt":{"rendered":"<p>Smartwatch apple watch se gps 44mm silver aluminium denim sport band s &#8211; m<\/p>\n","protected":false},"featured_media":231909,"comment_status":"open","ping_status":"open","template":"","meta":{"_et_pb_use_builder":"","_et_pb_old_content":"","_et_gb_content_width":""},"product_brand":[2061],"product_cat":[3448,2058,2316,2062],"product_tag":[2064,2318,2066],"class_list":{"0":"post-237532","1":"product","2":"type-product","3":"status-publish","4":"has-post-thumbnail","6":"product_brand-apple","7":"product_cat-apple","8":"product_cat-dispositivos","9":"product_cat-smartwatches","10":"product_cat-telefonia","11":"product_tag-apple","12":"product_tag-smartwatches","13":"product_tag-telefonia","14":"pa_canon-digital-25-e-incluida","15":"pa_categoria-telefonia","16":"pa_marca-apple","17":"pa_peso-3372","18":"pa_ref-dsp0000026856","20":"first","21":"instock","22":"sale","23":"taxable","24":"shipping-taxable","25":"purchasable","26":"product-type-simple"},"_links":{"self":[{"href":"https:\/\/linkxa.es\/linkshop\/wp-json\/wp\/v2\/product\/237532","targetHints":{"allow":["GET"]}}],"collection":[{"href":"https:\/\/linkxa.es\/linkshop\/wp-json\/wp\/v2\/product"}],"about":[{"href":"https:\/\/linkxa.es\/linkshop\/wp-json\/wp\/v2\/types\/product"}],"replies":[{"embeddable":true,"href":"https:\/\/linkxa.es\/linkshop\/wp-json\/wp\/v2\/comments?post=237532"}],"wp:featuredmedia":[{"embeddable":true,"href":"https:\/\/linkxa.es\/linkshop\/wp-json\/wp\/v2\/media\/231909"}],"wp:attachment":[{"href":"https:\/\/linkxa.es\/linkshop\/wp-json\/wp\/v2\/media?parent=237532"}],"wp:term":[{"taxonomy":"product_brand","embeddable":true,"href":"https:\/\/linkxa.es\/linkshop\/wp-json\/wp\/v2\/product_brand?post=237532"},{"taxonomy":"product_cat","embeddable":true,"href":"https:\/\/linkxa.es\/linkshop\/wp-json\/wp\/v2\/product_cat?post=237532"},{"taxonomy":"product_tag","embeddable":true,"href":"https:\/\/linkxa.es\/linkshop\/wp-json\/wp\/v2\/product_tag?post=237532"}],"curies":[{"name":"wp","href":"https:\/\/api.w.org\/{rel}","templated":true}]}}