{"id":237538,"date":"2025-10-01T05:11:42","date_gmt":"2025-10-01T05:11:42","guid":{"rendered":"https:\/\/linkxa.es\/contratacion\/producto\/smartwatch-apple-watch-ultra-2-gps-2\/"},"modified":"2025-10-04T00:22:05","modified_gmt":"2025-10-04T00:22:05","slug":"smartwatch-apple-watch-ultra-2-gps-2","status":"publish","type":"product","link":"https:\/\/linkxa.es\/linkshop\/producto\/smartwatch-apple-watch-ultra-2-gps-2\/","title":{"rendered":"Smartwatch apple watch ultra 2 gps"},"content":{"rendered":"<div style=\"text-align: center; margin-bottom: 20px;\">\n<h2 style=\"font-size: 22px; font-weight: 600; margin: 0; color: #333;\">Apple \u00a0|\u00a0 Smartwatches<\/h2>\n<\/div>\n<p style=\"max-width: 700px; margin: 0px auto 30px; font-size: 18px; line-height: 1.6; color: #555555; font-style: italic; text-align: left;\">Ficha T\u00e9cnica<br \/>General<br \/>Pantalla de reloj<br \/>S\u00ed<br \/>Objetivos establecidos<br \/>S\u00ed<br \/>Tipo de producto<br \/>Reloj inteligente<br \/>Modos<br \/>Modo noche<br \/>Tecnolog\u00eda de pago<br \/>Apple Pay<br \/>Estilo<br \/>Estilo de reloj<br \/>Tipo de retroalimentaci\u00f3n<br \/>Alerta sonora, alarma con vibraci\u00f3n, interfaz visual<br \/>Navegaci\u00f3n<br \/>Receptor GPS\/GLONASS\/Galileo\/BeiDou\/QZSS<br \/>Audio entrada<br \/>Matriz de tres micr\u00f3fonos<br \/>Audio salida<br \/>Altavoces duales<br \/>N\u00famero de modelo del fabricante<br \/>A2986<br \/>SO Host Device Platform<br \/>iOS 18 or later<br \/>Sistemas operativos<br \/>WatchOS 11<br \/>Notificaciones<br \/>Calendario, SMS, Email, aplicaciones, ritmo card\u00edaco alto y bajo, ritmo irregular, sleep apnea notifications, backtrack<br \/>Actividad\/deporte<br \/>Golf, correr, Nataci\u00f3n, ski, ciclismo, senderismo, caminar, yoga, snowboarding, strength training, el\u00edptica, multideporte, baile, pelda\u00f1os, pilates, silla de ruedas, entrenamiento de intervalos de alta intensidad (HIIT), outdoor<br \/>rowing, paddling, rowing machine, cooldown, core training, tai chi, kickboxing<br \/>Sensores<br \/>Sensor de luz ambiental, br\u00fajula digital, man\u00f3metro, sensor de latido el\u00e9ctrico, sensor de temperatura del agua, sensor card\u00edaco \u00f3ptico (3a gen), alt\u00edmetro siempre activo, sensor de temperatura, aceler\u00f3metro de alta g,<br \/>giroscopio de alto rango din\u00e1mico<br \/>Datos de seguimiento<br \/>Distancia, tiempo, calor\u00edas quemadas, actividad, actividad durante el sue\u00f1o, ritmo card\u00edaco, saturaci\u00f3n de ox\u00edgeno en sangre, fases del sue\u00f1o, noise level, ciclo menstrual, ECG, fase de ovulaci\u00f3n, mindfulness, profundidad<br \/>Caracter\u00edsticas<br \/>Gesti\u00f3n de llamadas, tienda y reproducci\u00f3n de m\u00fasica, detecci\u00f3n de ca\u00eddas, SOS de emergencia, recordatorio de medicaci\u00f3n, zonas de ritmo cardiaco, compatible con Family Setup, Llamada de emergencia internacional,<br \/>Sirena (86 decibelios), Detecci\u00f3n de golpes, monitorizaci\u00f3n del ruido, objetivo de la br\u00fajula, carga r\u00e1pida, brillo: 3000 nits, detecci\u00f3n de v\u00edas<br \/>Diverso<br \/>Garant\u00eda<br \/>1 a\u00f1o de garant\u00eda<br \/>Alerta vibratoria<br \/>S\u00ed<br \/>Protecci\u00f3n<br \/>Impermeable, resistente al polvo<br \/>Material del cuerpo<br \/>Titanio (grado 5)<br \/>Accesorios incluidos<br \/>Cargador r\u00e1pido magn\u00e9tico a cable USB-C (1 m)<br \/>Software precargado<br \/>GymKit, Oceanic+, Depth app<br \/>Cumplimiento de normas<br \/>IP6X, sin BFR, PVC-free, Beryllium-free, sin mercurio, MIL-STD-810H, EN13319, sin ars\u00e9nico<br \/>Tasa de absorci\u00f3n espec\u00edfica (SAR)<br \/>0.22 W\/kg (head)<br \/>0.83 W\/kg (extremidad)<br \/>Almacenamiento<br \/>Capacidad<br \/>64 GB<br \/>Par\u00e1metros de entorno<br \/>Temperatura m\u00e1xima de funcionamiento<br \/>55 C<br \/>Temperatura m\u00ednima de funcionamiento<br \/>-20 C<br \/>Altitud m\u00e1xima de funcionamiento<br \/>9000 m<br \/>Profundidad m\u00e1x. de resistencia al agua<br \/>100 m<br \/>\u00c1mbito de humedad de funcionamiento<br \/>5 &#8211; 90% RH (non-condensing)<br \/>Bater\u00eda<br \/>Tecnolog\u00eda<br \/>Ion de litio<br \/>Carga inal\u00e1mbrica<br \/>S\u00ed<br \/>Bater\u00eda recargable<br \/>S\u00ed<br \/>Tiempo de ejecuci\u00f3n (m\u00e1ximo)<br \/>36 horas<br \/>Datos de tiempo de ejecuci\u00f3n<br \/>Uso normal &#8211; hasta 36 hora(s)<br \/>Modo de bajo consumo &#8211; hasta 18 hora(s)<br \/>Modo de ahorro de energ\u00eda &#8211; hasta 72 hora(s)<br \/>Conectividad<br \/>Banda 4G LTE<br \/>Banda 1, Banda 2, Banda 3, Banda 4, Banda 5, Banda 6, Banda 7, Banda 8, Banda 18, Banda 19, Banda 20, Banda 25, Banda 26, Banda 28, Banda 39, Banda 40, Banda 41, Banda 66<br \/>Interfaz inal\u00e1mbrica<br \/>LTE, IEEE 802.11n, Ultra-Wideband (UWB), Bluetooth 5.3<br \/>Dispositivo de entrada<br \/>Tipo<br \/>Pantalla t\u00e1ctil, bot\u00f3n de acci\u00f3n personalizable, bot\u00f3n lateral, gesto de doble toque<br \/>Dimensiones y peso<br \/>Detalles<br \/>Solo caja: 61.8 g<br \/>Visualizador<br \/>Always On Display (AOD)<br \/>Yes<br \/>Densidad de p\u00edxeles<br \/>326 ppi<br \/>Protecci\u00f3n<br \/>Cristal de zafiro<br \/>Resoluci\u00f3n<br \/>410 x 502 pixels<br \/>Tipo<br \/>Retina LTPO2 OLED &#8211; color<br \/>Celular<br \/>Generaci\u00f3n de banda ancha<br \/>4G<br \/>Proveedor de servicios<br \/>Sin especificar<br \/>Tecnolog\u00eda<br \/>WCDMA (UMTS)<br \/>Tipo de tarjeta SIM<br \/>Tarjeta SIM electr\u00f3nica (e-SIM)<br \/>CPU<br \/>Fabricante<br \/>Apple<br \/>Tipo<br \/>S9 SiP<br \/>Caracter\u00edsticas<br \/>Chip inal\u00e1mbrico W3 Apple, chip Ultra Wideband de segunda generaci\u00f3n, Motor neural de 4 n\u00facleos<br \/>Banda<br \/>Material<br \/>Tela<br \/>Tama\u00f1o<br \/>M<br \/>Color<br \/>Verde oscuro<br \/>Intercambiable<br \/>Si<br \/>Para mu\u00f1ecas, en forma de circunferencia<br \/>145-190 mm<br \/>Tipo de cierre<br \/>Gancho en G<br \/>Nombre<br \/>Loop Alpine<br \/>Caja de reloj inteligente<br \/>Tama\u00f1o de la funda<br \/>49 mm<br \/>Forma de la caja<br \/>Rectangular<br \/>Detalles de la caja<br \/>Titanio negro<br \/>Parte posterior de la caja<br \/>Cristal de zafiro y parte trasera de cer\u00e1mica<br \/>Tipo de corona<br \/>Digital con retroalimentaci\u00f3n t\u00e1ctil<br \/>Internet de las cosas (IoT)<br \/>Compatible con Internet de las cosas (IoT)<br \/>S\u00ed<br \/>Asistente inteligente<br \/>Siri<br \/>Controlado por voz<br \/>Directo<br \/>Informaci\u00f3n de sostenibilidad<br \/>Huella de carbono<br \/>0 kg de emisiones de carbono<\/p>\n","protected":false},"excerpt":{"rendered":"<p>Smartwatch apple watch ultra 2 gps + cell 49mm black titanium case dark green alpine loop medium<\/p>\n","protected":false},"featured_media":230629,"comment_status":"open","ping_status":"open","template":"","meta":{"_et_pb_use_builder":"","_et_pb_old_content":"","_et_gb_content_width":""},"product_brand":[2061],"product_cat":[3448,2058,2316,2062],"product_tag":[2064,2318,2066],"class_list":{"0":"post-237538","1":"product","2":"type-product","3":"status-publish","4":"has-post-thumbnail","6":"product_brand-apple","7":"product_cat-apple","8":"product_cat-dispositivos","9":"product_cat-smartwatches","10":"product_cat-telefonia","11":"product_tag-apple","12":"product_tag-smartwatches","13":"product_tag-telefonia","14":"pa_canon-digital-25-e-incluida","15":"pa_categoria-telefonia","16":"pa_marca-apple","17":"pa_peso-3456","18":"pa_ref-dsp0000026864","20":"first","21":"instock","22":"sale","23":"taxable","24":"shipping-taxable","25":"purchasable","26":"product-type-simple"},"_links":{"self":[{"href":"https:\/\/linkxa.es\/linkshop\/wp-json\/wp\/v2\/product\/237538","targetHints":{"allow":["GET"]}}],"collection":[{"href":"https:\/\/linkxa.es\/linkshop\/wp-json\/wp\/v2\/product"}],"about":[{"href":"https:\/\/linkxa.es\/linkshop\/wp-json\/wp\/v2\/types\/product"}],"replies":[{"embeddable":true,"href":"https:\/\/linkxa.es\/linkshop\/wp-json\/wp\/v2\/comments?post=237538"}],"wp:featuredmedia":[{"embeddable":true,"href":"https:\/\/linkxa.es\/linkshop\/wp-json\/wp\/v2\/media\/230629"}],"wp:attachment":[{"href":"https:\/\/linkxa.es\/linkshop\/wp-json\/wp\/v2\/media?parent=237538"}],"wp:term":[{"taxonomy":"product_brand","embeddable":true,"href":"https:\/\/linkxa.es\/linkshop\/wp-json\/wp\/v2\/product_brand?post=237538"},{"taxonomy":"product_cat","embeddable":true,"href":"https:\/\/linkxa.es\/linkshop\/wp-json\/wp\/v2\/product_cat?post=237538"},{"taxonomy":"product_tag","embeddable":true,"href":"https:\/\/linkxa.es\/linkshop\/wp-json\/wp\/v2\/product_tag?post=237538"}],"curies":[{"name":"wp","href":"https:\/\/api.w.org\/{rel}","templated":true}]}}