{"id":237547,"date":"2025-02-06T00:15:31","date_gmt":"2025-02-06T00:15:31","guid":{"rendered":"https:\/\/linkxa.es\/contratacion\/producto\/smartwatch-apple-watch-series-10-gps-5\/"},"modified":"2025-10-04T00:26:59","modified_gmt":"2025-10-04T00:26:59","slug":"smartwatch-apple-watch-series-10-gps-5","status":"publish","type":"product","link":"https:\/\/linkxa.es\/linkshop\/producto\/smartwatch-apple-watch-series-10-gps-5\/","title":{"rendered":"Smartwatch apple watch series 10 gps"},"content":{"rendered":"<div style=\"text-align: center; margin-bottom: 20px;\">\n<h2 style=\"font-size: 22px; font-weight: 600; margin: 0; color: #333;\">Apple \u00a0|\u00a0 Smartwatches<\/h2>\n<\/div>\n<p style=\"max-width: 700px; margin: 0px auto 30px; font-size: 18px; line-height: 1.6; color: #555555; font-style: italic; text-align: left;\">Ficha T\u00e9cnica<br \/>General<br \/>Audio salida<br \/>Altavoz<br \/>Pantalla de reloj<br \/>S\u00ed<br \/>Objetivos establecidos<br \/>S\u00ed<br \/>Tipo de producto<br \/>Reloj inteligente<br \/>Tecnolog\u00eda de pago<br \/>Apple Pay<br \/>Estilo<br \/>Estilo de reloj<br \/>Tipo de retroalimentaci\u00f3n<br \/>Alerta sonora, alarma con vibraci\u00f3n, interfaz visual<br \/>SO Host Device Platform<br \/>iOS 18 or later<br \/>Navegaci\u00f3n<br \/>GPS\/GNSS\/Galileo\/BeiDou receiver<br \/>Audio entrada<br \/>Microphone with voice isolation<br \/>Sistemas operativos<br \/>WatchOS 11<br \/>N\u00famero de modelo del fabricante<br \/>A2999<br \/>Notificaciones<br \/>Calendario, SMS, Email, aplicaciones, ritmo card\u00edaco alto y bajo, ritmo irregular, sleep apnea notifications, backtrack<br \/>Actividad\/deporte<br \/>Golf, correr, Nataci\u00f3n, ski, ciclismo, senderismo, caminar, yoga, snowboarding, strength training, el\u00edptica, multideporte, baile, pelda\u00f1os, pilates, silla de ruedas, entrenamiento de intervalos de alta intensidad (HIIT), outdoor<br \/>rowing, paddling, rowing machine, cooldown, core training, tai chi, kickboxing<br \/>Datos de seguimiento<br \/>Distancia, tiempo, calor\u00edas quemadas, actividad, actividad durante el sue\u00f1o, ritmo card\u00edaco, saturaci\u00f3n de ox\u00edgeno en sangre, fases del sue\u00f1o, noise level, ciclo menstrual, ECG, fase de ovulaci\u00f3n, mindfulness<br \/>Sensores<br \/>Sensor de luz ambiental, br\u00fajula digital, man\u00f3metro, sensor de latido el\u00e9ctrico, sensor de temperatura del agua, sensor card\u00edaco \u00f3ptico (3a gen), alt\u00edmetro siempre activo, sensor de temperatura, aceler\u00f3metro de alta g,<br \/>giroscopio de alto rango din\u00e1mico<br \/>Caracter\u00edsticas<br \/>Detecci\u00f3n de ca\u00eddas, SOS de emergencia, recordatorio de medicaci\u00f3n, brillo: 2000 nits, compatible con Family Setup, Llamada de emergencia internacional, Detecci\u00f3n de golpes, monitorizaci\u00f3n del ruido, carga r\u00e1pida<br \/>Diverso<br \/>Garant\u00eda<br \/>1 a\u00f1o de garant\u00eda<br \/>Alerta vibratoria<br \/>S\u00ed<br \/>Protecci\u00f3n<br \/>Impermeable, resistente al polvo<br \/>Software precargado<br \/>GymKit<br \/>Accesorios incluidos<br \/>Cargador r\u00e1pido magn\u00e9tico a cable USB-C (1 m)<br \/>Material del cuerpo<br \/>100 % aluminio reciclado<br \/>Tasa de absorci\u00f3n espec\u00edfica (SAR)<br \/>0.17 W\/kg (head)<br \/>0.16 W\/kg (extremidad)<br \/>Cumplimiento de normas<br \/>IP6X, sin BFR, PVC-free, sin mercurio, sin ars\u00e9nico<br \/>Almacenamiento<br \/>Capacidad<br \/>64 GB<br \/>Par\u00e1metros de entorno<br \/>Temperatura m\u00ednima de funcionamiento<br \/>0 C<br \/>Temperatura m\u00e1xima de funcionamiento<br \/>35 C<br \/>Altitud m\u00e1xima de funcionamiento<br \/>3000 m<br \/>Profundidad m\u00e1x. de resistencia al agua<br \/>50 m<br \/>\u00c1mbito de humedad de funcionamiento<br \/>5 &#8211; 90% (sin condensaci\u00f3n)<br \/>Bater\u00eda<br \/>Tecnolog\u00eda<br \/>Ion de litio<br \/>Carga inal\u00e1mbrica<br \/>S\u00ed<br \/>Bater\u00eda recargable<br \/>S\u00ed<br \/>Tiempo de ejecuci\u00f3n (m\u00e1ximo)<br \/>18 horas<br \/>Datos de tiempo de ejecuci\u00f3n<br \/>Uso t\u00edpico &#8211; hasta 18 hora(s)<br \/>Modo de bajo consumo &#8211; hasta 36 hora(s)<br \/>Conectividad<br \/>Interfaz inal\u00e1mbrica<br \/>IEEE 802.11n, Ultra-Wideband (UWB), Bluetooth 5.3<br \/>Dispositivo de entrada<br \/>Tipo<br \/>Pantalla t\u00e1ctil, bot\u00f3n lateral, gesto de doble toque<br \/>Dimensiones y peso<br \/>Detalles<br \/>Solo caja: 36.4 g<br \/>Visualizador<br \/>Always On Display (AOD)<br \/>Yes<br \/>Densidad de p\u00edxeles<br \/>326 ppi<br \/>Protecci\u00f3n<br \/>Cristal Ion-X<br \/>Tipo<br \/>Retina LTPO3 OLED &#8211; color<br \/>Resoluci\u00f3n<br \/>416 x 496 pixels<br \/>CPU<br \/>Fabricante<br \/>Apple<br \/>Caracter\u00edsticas<br \/>Chip inal\u00e1mbrico W3 Apple, chip Ultra Wideband de segunda generaci\u00f3n, Motor neural de 4 n\u00facleos<br \/>Tipo<br \/>S10 SiP<br \/>Banda<br \/>Color<br \/>Negro<br \/>Nombre<br \/>Pulsera deportiva<br \/>Material<br \/>Fluoroelast\u00f3mero<br \/>Tama\u00f1o<br \/>S\/M<br \/>Tipo de cierre<br \/>Pin-and-tuck<br \/>Para mu\u00f1ecas, en forma de circunferencia<br \/>140-190 mm<br \/>Intercambiable<br \/>Si<br \/>Caja de reloj inteligente<br \/>Tama\u00f1o de la funda<br \/>46 mm<br \/>Forma de la caja<br \/>Rectangular<br \/>Tipo de corona<br \/>Digital con retroalimentaci\u00f3n t\u00e1ctil<br \/>Parte posterior de la caja<br \/>Metal and sapphire crystal back<br \/>Detalles de la caja<br \/>Jet black aluminum<br \/>Internet de las cosas (IoT)<br \/>Compatible con Internet de las cosas (IoT)<br \/>S\u00ed<br \/>Asistente inteligente<br \/>Siri<br \/>Controlado por voz<br \/>Directo<br \/>Informaci\u00f3n de sostenibilidad<br \/>Huella de carbono<br \/>0 kg de emisiones de carbono<\/p>\n","protected":false},"excerpt":{"rendered":"<p>Smartwatch apple watch series 10 gps 46mm black s &#8211; m<\/p>\n","protected":false},"featured_media":231451,"comment_status":"open","ping_status":"open","template":"","meta":{"_et_pb_use_builder":"","_et_pb_old_content":"","_et_gb_content_width":""},"product_brand":[2061],"product_cat":[3448,2058,2316,2062],"product_tag":[2064,2318,2066],"class_list":{"0":"post-237547","1":"product","2":"type-product","3":"status-publish","4":"has-post-thumbnail","6":"product_brand-apple","7":"product_cat-apple","8":"product_cat-dispositivos","9":"product_cat-smartwatches","10":"product_cat-telefonia","11":"product_tag-apple","12":"product_tag-smartwatches","13":"product_tag-telefonia","14":"pa_canon-digital-25-e-incluida","15":"pa_categoria-telefonia","16":"pa_marca-apple","17":"pa_peso-3462","18":"pa_ref-dsp0000026884","20":"first","21":"instock","22":"sale","23":"taxable","24":"shipping-taxable","25":"purchasable","26":"product-type-simple"},"_links":{"self":[{"href":"https:\/\/linkxa.es\/linkshop\/wp-json\/wp\/v2\/product\/237547","targetHints":{"allow":["GET"]}}],"collection":[{"href":"https:\/\/linkxa.es\/linkshop\/wp-json\/wp\/v2\/product"}],"about":[{"href":"https:\/\/linkxa.es\/linkshop\/wp-json\/wp\/v2\/types\/product"}],"replies":[{"embeddable":true,"href":"https:\/\/linkxa.es\/linkshop\/wp-json\/wp\/v2\/comments?post=237547"}],"wp:featuredmedia":[{"embeddable":true,"href":"https:\/\/linkxa.es\/linkshop\/wp-json\/wp\/v2\/media\/231451"}],"wp:attachment":[{"href":"https:\/\/linkxa.es\/linkshop\/wp-json\/wp\/v2\/media?parent=237547"}],"wp:term":[{"taxonomy":"product_brand","embeddable":true,"href":"https:\/\/linkxa.es\/linkshop\/wp-json\/wp\/v2\/product_brand?post=237547"},{"taxonomy":"product_cat","embeddable":true,"href":"https:\/\/linkxa.es\/linkshop\/wp-json\/wp\/v2\/product_cat?post=237547"},{"taxonomy":"product_tag","embeddable":true,"href":"https:\/\/linkxa.es\/linkshop\/wp-json\/wp\/v2\/product_tag?post=237547"}],"curies":[{"name":"wp","href":"https:\/\/api.w.org\/{rel}","templated":true}]}}