{"id":237556,"date":"2025-09-13T05:00:00","date_gmt":"2025-09-13T05:00:00","guid":{"rendered":"https:\/\/linkxa.es\/contratacion\/producto\/smartwatch-xiaomi-redmi-watch-5-active-2\/"},"modified":"2025-10-04T00:29:48","modified_gmt":"2025-10-04T00:29:48","slug":"smartwatch-xiaomi-redmi-watch-5-active-2","status":"publish","type":"product","link":"https:\/\/linkxa.es\/linkshop\/producto\/smartwatch-xiaomi-redmi-watch-5-active-2\/","title":{"rendered":"Smartwatch xiaomi redmi watch 5 active"},"content":{"rendered":"<div style=\"text-align: center; margin-bottom: 20px;\">\n<h2 style=\"font-size: 22px; font-weight: 600; margin: 0; color: #333;\">Xiaomi \u00a0|\u00a0 Smartwatches<\/h2>\n<\/div>\n<p style=\"max-width: 700px; margin: 0px auto 30px; font-size: 18px; line-height: 1.6; color: #555555; font-style: italic; text-align: left;\">Tus conversaciones, sin perturbaciones. Experiencia de llamadas clara con el reloj smartwatch Redmi Watch 5 Active y la mejor cancelaci\u00f3n de ruido del segmento en tu mu\u00f1eca.<\/p>\n<p>Caracter\u00edsticas<\/p>\n<p>Experiencia de visualizaci\u00f3n m\u00e1s grande: Pantalla de alta resoluci\u00f3n de 5,08 cm (2&#8243;). Comodidad al alcance de tus dedos, ya que ahora puedes realizar el trabajo que desees en la pantalla de tu reloj inteligente.<br \/>Cuerpo met\u00e1lico para resistencia al impacto. Fabricado con aleaci\u00f3n de zinc, este reloj inteligente est\u00e1 dise\u00f1ado para una resistencia al impacto excepcional, proporcionando durabilidad para cualquier aventura.<br \/>Bater\u00eda de larga duraci\u00f3n con una \u00fanica carga: 18 d\u00edas de duraci\u00f3n de la bater\u00eda. Disfrute de una notable duraci\u00f3n de bater\u00eda de hasta 18 d\u00edas, lo que garantiza que su reloj inteligente se mantenga encendido para sus actividades con una sola carga.<br \/>Tu deporte, tu modo: M\u00e1s de 140 modos deportivos. Desde correr hasta hacer yoga, disfruta de la detecci\u00f3n autom\u00e1tica para m\u00e1s de 140 modos deportivos, lo que hace que el seguimiento de la actividad sea tan vers\u00e1til como tu rutina de ejercicios.<br \/>Infinito estilos, un reloj. Descubra una personalizaci\u00f3n infinita con m\u00e1s de 200 esferas de reloj \u00fanicas, que le permitir\u00e1n combinar su estilo y estado de \u00e1nimo todos los d\u00edas.<br \/>Xiaomi HyperOS: Para una conectividad perfecta. HyperOS ofrece una animaci\u00f3n fluida sin igual y una optimizaci\u00f3n avanzada de la bater\u00eda, lo que garantiza una experiencia de usuario fluida y eficiente. Disfrute de un rendimiento fluido y una energ\u00eda m\u00e1s duradera con cada interacci\u00f3n.<br \/>Alexa incorporado. Simplifique su vida con Alexa activada por voz para controlar sus tareas diarias.<br \/>Clasificaci\u00f3n IPX8 a prueba de salpicaduras y resistencia al sudor. Con resistencia a salpicaduras y sudor IPX8, este dispositivo est\u00e1 dise\u00f1ado para manejar su estilo de vida activo con facilidad y confiabilidad.<\/p>\n<p>Especificaciones Xiaomi Redmi Watch 5 Active<\/p>\n<p>Dimensiones y peso<br \/>Altura: 49,1 mm<br \/>Ancho: 40,4 mm<br \/>Grosor: 11,4 mm<br \/>Peso: 42,2 g<br \/>*Las dimensiones no incluyen la correa y el grosor no incluye las protuberancias<br \/>Correa<br \/>Longitud ajustable: 135 ~ 205 mm<br \/>Material: TPU<br \/>Pantalla<br \/>Pantalla de alta resoluci\u00f3n de 2 pulgadas<br \/>Tipo de pantalla: LCD<br \/>Resoluci\u00f3n: 320 x 385 p\u00edxeles<br \/>Brillo: hasta 500 nits, ajustable<br \/>Software<br \/>Desarrollado por HyperOS<br \/>M\u00e1s de 200 esferas de reloj Cloud (m\u00e1s de 50 personalizables)<br \/>Alexa incorporada<br \/>Compatibilidad con emojis: S\u00ed<br \/>Tonos de llamada personalizables &#8211; S\u00ed (7)<br \/>Bater\u00eda<br \/>Capacidad: 470 mAh<br \/>Duraci\u00f3n de la bater\u00eda:<br \/>18 d\u00edas en modo de uso t\u00edpico<br \/>12 d\u00edas en modo de uso intensivo<br \/>Puerto de carga: Cable de carga magn\u00e9tico<br \/>Sensores<br \/>Sensor de frecuencia card\u00edaca: S\u00ed<br \/>Aceler\u00f3metro: S\u00ed<br \/>Sensor de SpO2: S\u00ed<br \/>Funciones de llamada<br \/>Notificaciones de llamadas entrantes<br \/>Responder llamadas<br \/>Rechazar llamadas<br \/>Soporte de llamada SOS de emergencia: S\u00ed<br \/>Historial de llamadas de hasta 30 entradas<br \/>Contactos favoritos (se pueden agregar 10 contactos desde la aplicaci\u00f3n Mi Fitness)<br \/>Compatibilidad<br \/>Compatible con tel\u00e9fonos inteligentes con Android 6.0 o iOS 12.0 y superiores<br \/>Aplicaci\u00f3n: Aplicaci\u00f3n Mi Fitness (Xiaomi Wear)<br \/>Compatible con Strava y la aplicaci\u00f3n Apple Health<br \/>Especificaciones<br \/>M\u00e1s de 140 modos deportivos<br \/>Micr\u00f3fono: ENC de 3 micr\u00f3fonos para llamadas claras<br \/>Llamada por Bluetooth: Compatible<br \/>Altavoz: S\u00ed<br \/>Clasificaci\u00f3n IP: IPX8<br \/>Conexi\u00f3n inal\u00e1mbrica: Bluetooth v5.3 (Bluetooth Low Energy)<br \/>Contenido de la caja<br \/>Reloj con correa x 1<br \/>Cable de carga magn\u00e9tico x 1<br \/>Manual de usuario x 1<\/p>\n","protected":false},"excerpt":{"rendered":"<p>Smartwatch xiaomi redmi watch 5 active negro<\/p>\n","protected":false},"featured_media":231497,"comment_status":"open","ping_status":"open","template":"","meta":{"_et_pb_use_builder":"","_et_pb_old_content":"","_et_gb_content_width":""},"product_brand":[2092],"product_cat":[2058,2316,2062,3468],"product_tag":[2318,2066,2093],"class_list":{"0":"post-237556","1":"product","2":"type-product","3":"status-publish","4":"has-post-thumbnail","6":"product_brand-xiaomi","7":"product_cat-dispositivos","8":"product_cat-smartwatches","9":"product_cat-telefonia","10":"product_cat-xiaomi","11":"product_tag-smartwatches","12":"product_tag-telefonia","13":"product_tag-xiaomi","14":"pa_canon-digital-25-e-incluida","15":"pa_categoria-telefonia","16":"pa_marca-xiaomi","17":"pa_peso-3467","18":"pa_ref-dsp0000027259","20":"first","21":"instock","22":"taxable","23":"shipping-taxable","24":"purchasable","25":"product-type-simple"},"_links":{"self":[{"href":"https:\/\/linkxa.es\/linkshop\/wp-json\/wp\/v2\/product\/237556","targetHints":{"allow":["GET"]}}],"collection":[{"href":"https:\/\/linkxa.es\/linkshop\/wp-json\/wp\/v2\/product"}],"about":[{"href":"https:\/\/linkxa.es\/linkshop\/wp-json\/wp\/v2\/types\/product"}],"replies":[{"embeddable":true,"href":"https:\/\/linkxa.es\/linkshop\/wp-json\/wp\/v2\/comments?post=237556"}],"wp:featuredmedia":[{"embeddable":true,"href":"https:\/\/linkxa.es\/linkshop\/wp-json\/wp\/v2\/media\/231497"}],"wp:attachment":[{"href":"https:\/\/linkxa.es\/linkshop\/wp-json\/wp\/v2\/media?parent=237556"}],"wp:term":[{"taxonomy":"product_brand","embeddable":true,"href":"https:\/\/linkxa.es\/linkshop\/wp-json\/wp\/v2\/product_brand?post=237556"},{"taxonomy":"product_cat","embeddable":true,"href":"https:\/\/linkxa.es\/linkshop\/wp-json\/wp\/v2\/product_cat?post=237556"},{"taxonomy":"product_tag","embeddable":true,"href":"https:\/\/linkxa.es\/linkshop\/wp-json\/wp\/v2\/product_tag?post=237556"}],"curies":[{"name":"wp","href":"https:\/\/api.w.org\/{rel}","templated":true}]}}