{"id":237567,"date":"2025-09-05T23:41:18","date_gmt":"2025-09-05T23:41:18","guid":{"rendered":"https:\/\/linkxa.es\/contratacion\/producto\/pulsera-smartband-xiaomi-9-pro-rose\/"},"modified":"2025-10-04T00:32:23","modified_gmt":"2025-10-04T00:32:23","slug":"pulsera-smartband-xiaomi-9-pro-rose","status":"publish","type":"product","link":"https:\/\/linkxa.es\/linkshop\/producto\/pulsera-smartband-xiaomi-9-pro-rose\/","title":{"rendered":"Pulsera smartband xiaomi 9 pro rose"},"content":{"rendered":"<div style=\"text-align: center; margin-bottom: 20px;\">\n<h2 style=\"font-size: 22px; font-weight: 600; margin: 0; color: #333;\">Xiaomi \u00a0|\u00a0 Pulseras de actividad<\/h2>\n<\/div>\n<p style=\"max-width: 700px; margin: 0px auto 30px; font-size: 18px; line-height: 1.6; color: #555555; font-style: italic; text-align: left;\">Especificaciones t\u00e9cnicas Xiaomi Mi Smart Band 9 Pro:<\/p>\n<p>Par\u00e1metros generales<br \/>Marca: Xiaomi<br \/>Producto: Pulsera de actividad<br \/>Nombre: Smart Band 9 Pro<br \/>Pantalla<br \/>Tama\u00f1o: 1.74 (rectangular)<br \/>Tipo: AMOLED t\u00e1ctil<br \/>Resoluci\u00f3n: 360 x 480 p<br \/>Densidad: 336 ppi<br \/>Brillo: 1200 nits (m\u00e1x.)<br \/>Material: Cristal templado 2.5D<br \/>Par\u00e1metros t\u00e9cnicos<br \/>Conexi\u00f3n: Bluetooth 5.4<br \/>Dispositivos compatibles: Android 8.0 o superior, iOS 12.0 o superior<br \/>Aplicaci\u00f3n: Mi Fitness<br \/>Sensores<br \/>Salud:<br \/>Sensor \u00f3ptico de frecuencia card\u00edaca y ox\u00edgeno en sangre<br \/>Movimiento y ambientales:<br \/>Aceler\u00f3metro<br \/>Giroscopio<br \/>Br\u00fajula electr\u00f3nica<br \/>Sensor de luz ambiental<br \/>Posicionamiento:<br \/>Chip GNSS<br \/>Compatible con Beidou, GPS, GLONASS, Galileo y QZSS<br \/>Bater\u00eda<br \/>Capacidad: 350 mAh<br \/>Tipo: Pol\u00edmero de iones de litio<br \/>Autonom\u00eda (uso t\u00edpico diario): hasta 21 d\u00edas<br \/>Autonom\u00eda (modo AOD): hasta 7 d\u00edas<br \/>M\u00e9todo de carga: Magn\u00e9tica<br \/>Tiempo de carga: 75 minutos aprox.<br \/>Par\u00e1metros f\u00edsicos<br \/>Cuerpo: Aluminio anodizado<br \/>Material de la correa: TPU<br \/>Tama\u00f1o de la correa: 135 ~ 205 mm<br \/>Grado de impermeabilidad: 5 ATM<br \/>Dimensiones: 43.3 x 32.5 x 10.8 mm<br \/>Peso (con correa): 40.4 g<br \/>Color: Dorado<br \/>Contenido del paquete<br \/>1 x Xiaomi Mi Smart Band 9 Pro<br \/>1 x Cable de carga<br \/>1 x Manual de usuario<\/p>\n","protected":false},"excerpt":{"rendered":"<p>Pulsera smartband xiaomi 9 pro rose gold<\/p>\n","protected":false},"featured_media":237568,"comment_status":"open","ping_status":"open","template":"","meta":{"_et_pb_use_builder":"","_et_pb_old_content":"","_et_gb_content_width":""},"product_brand":[2092],"product_cat":[2058,3393,2062,3471],"product_tag":[3395,2066,2093],"class_list":{"0":"post-237567","1":"product","2":"type-product","3":"status-publish","4":"has-post-thumbnail","6":"product_brand-xiaomi","7":"product_cat-dispositivos","8":"product_cat-pulseras-de-actividad","9":"product_cat-telefonia","10":"product_cat-xiaomi-pulseras-de-actividad","11":"product_tag-pulseras-de-actividad","12":"product_tag-telefonia","13":"product_tag-xiaomi","14":"pa_canon-digital-0-e-incluida","15":"pa_categoria-telefonia","16":"pa_marca-xiaomi","17":"pa_peso-3473","18":"pa_ref-dsp0000027922","20":"first","21":"instock","22":"sale","23":"taxable","24":"shipping-taxable","25":"purchasable","26":"product-type-simple"},"_links":{"self":[{"href":"https:\/\/linkxa.es\/linkshop\/wp-json\/wp\/v2\/product\/237567","targetHints":{"allow":["GET"]}}],"collection":[{"href":"https:\/\/linkxa.es\/linkshop\/wp-json\/wp\/v2\/product"}],"about":[{"href":"https:\/\/linkxa.es\/linkshop\/wp-json\/wp\/v2\/types\/product"}],"replies":[{"embeddable":true,"href":"https:\/\/linkxa.es\/linkshop\/wp-json\/wp\/v2\/comments?post=237567"}],"wp:featuredmedia":[{"embeddable":true,"href":"https:\/\/linkxa.es\/linkshop\/wp-json\/wp\/v2\/media\/237568"}],"wp:attachment":[{"href":"https:\/\/linkxa.es\/linkshop\/wp-json\/wp\/v2\/media?parent=237567"}],"wp:term":[{"taxonomy":"product_brand","embeddable":true,"href":"https:\/\/linkxa.es\/linkshop\/wp-json\/wp\/v2\/product_brand?post=237567"},{"taxonomy":"product_cat","embeddable":true,"href":"https:\/\/linkxa.es\/linkshop\/wp-json\/wp\/v2\/product_cat?post=237567"},{"taxonomy":"product_tag","embeddable":true,"href":"https:\/\/linkxa.es\/linkshop\/wp-json\/wp\/v2\/product_tag?post=237567"}],"curies":[{"name":"wp","href":"https:\/\/api.w.org\/{rel}","templated":true}]}}