{"id":237580,"date":"2025-01-30T06:49:03","date_gmt":"2025-01-30T06:49:03","guid":{"rendered":"https:\/\/linkxa.es\/contratacion\/producto\/smartwatch-spc-smartee-duo-pro-1-78-pulgadas\/"},"modified":"2025-10-04T00:35:44","modified_gmt":"2025-10-04T00:35:44","slug":"smartwatch-spc-smartee-duo-pro-1-78-pulgadas","status":"publish","type":"product","link":"https:\/\/linkxa.es\/linkshop\/producto\/smartwatch-spc-smartee-duo-pro-1-78-pulgadas\/","title":{"rendered":"Smartwatch spc smartee duo pro 1.78 pulgadas"},"content":{"rendered":"<div style=\"text-align: center; margin-bottom: 20px;\">\n<h2 style=\"font-size: 22px; font-weight: 600; margin: 0; color: #333;\">Spc \u00a0|\u00a0 Smartwatches<\/h2>\n<\/div>\n<p style=\"max-width: 700px; margin: 0px auto 30px; font-size: 18px; line-height: 1.6; color: #555555; font-style: italic; text-align: left;\">&#8211; **DATOS T\u00c9CNICOS**\u00a0<br \/>Chip: ATS3085\u00a0<br \/>Frecuencia: 128 MHz (M4F) + 192 MHz (DSP)\u00a0<br \/>Memoria RAM: 481 KB SRAM + 8 MB\u00a0<br \/>Memoria ROM: 512 Mb\u00a0<br \/>Sensor de frecuencia card\u00edaca: MT6676C\u00a0<br \/>Resistencia al agua: IP68\u00a0<\/p>\n<p>&#8211; **PANTALLA, BATER\u00cdA Y CARGA**\u00a0<br \/>Tipo de pantalla: AMOLED\u00a0<br \/>Resoluci\u00f3n: 368 x 448 p\u00edxeles\u00a0<br \/>Tama\u00f1o: 1.78&#8243;\u00a0<br \/>Capacidad de bater\u00eda: 300 mAh\u00a0<br \/>M\u00e9todo de carga: Cable de carga magn\u00e9tico\u00a0<\/p>\n<p>Duraci\u00f3n de la bater\u00eda:\u00a0<br \/>&#8211; Uso t\u00edpico: 9 d\u00edas\u00a0<br \/>&#8211; Uso intensivo: 6 d\u00edas\u00a0<br \/>&#8211; Modo ahorro de bater\u00eda: 14 d\u00edas\u00a0<\/p>\n<p>Escenarios de uso:\u00a0<br \/>&#8211; **Uso t\u00edpico:** HR autom\u00e1tico cada 5 minutos, brillo de pantalla al 60%, 100 activaciones diarias (5 segundos cada una), 5 minutos de uso diario de la pantalla, 2 minutos de llamadas al d\u00eda, 50 notificaciones diarias, 3.5 ejercicios semanales de 30 minutos con GPS.\u00a0<br \/>&#8211; **Uso intensivo:** HR autom\u00e1tico cada 5 minutos, brillo de pantalla al 60%, 150 activaciones diarias (5 segundos cada una), 10 minutos de uso diario de la pantalla, 4 minutos de llamadas al d\u00eda, 150 notificaciones diarias, 7 ejercicios semanales de 30 minutos con GPS.\u00a0<br \/>&#8211; **Modo ahorro:** Sin vista r\u00e1pida, sin HR autom\u00e1tico, sin ejercicios, vibraci\u00f3n activada, brillo al 60%, 5 minutos de uso diario, 2 minutos de llamadas al d\u00eda, 50 notificaciones diarias.\u00a0<\/p>\n<p>&#8211; **ACTIVIDAD Y FUNCIONES**\u00a0<br \/>Modos deportivos: M\u00e1s de 100\u00a0<br \/>Sistema de evaluaci\u00f3n de salud: PAI\u00a0<br \/>GPS: S\u00ed\u00a0<br \/>Frecuencia card\u00edaca: S\u00ed\u00a0<br \/>Nivel de estr\u00e9s: S\u00ed\u00a0<br \/>Seguimiento del sue\u00f1o: S\u00ed\u00a0<br \/>Calor\u00edas: S\u00ed\u00a0<br \/>Pasos: S\u00ed\u00a0<br \/>Control remoto de c\u00e1mara: S\u00ed\u00a0<br \/>Alarmas: S\u00ed\u00a0<br \/>Ox\u00edmetro: S\u00ed\u00a0<br \/>Llamadas Bluetooth: S\u00ed\u00a0<br \/>Informaci\u00f3n del tiempo: S\u00ed\u00a0<br \/>Control de la menstruaci\u00f3n: S\u00ed\u00a0<br \/>SOS: S\u00ed\u00a0<br \/>Almacenamiento para m\u00fasica y podcasts: 220 MB\u00a0<br \/>True Wireless: S\u00ed\u00a0<\/p>\n<p>&#8211; **DIMENSIONES Y PESO**\u00a0<br \/>Alto: 52,55 mm\u00a0<br \/>Ancho: 40 mm\u00a0<br \/>Fondo: 12,45 mm\u00a0<br \/>Peso: 40,3 g\u00a0<\/p>\n<p>&#8211; **CONTENIDO DE LA CAJA**\u00a0<br \/>&#8211; Reloj SPC SMARTEE DUO PRO\u00a0<br \/>&#8211; Correa adicional\u00a0<br \/>&#8211; Gu\u00eda r\u00e1pida\u00a0<br \/>&#8211; Cable de carga magn\u00e9tico\u00a0<\/p>\n","protected":false},"excerpt":{"rendered":"<p>Smartwatch spc smartee duo pro 1.78 pulgadas negro + correa<\/p>\n","protected":false},"featured_media":230819,"comment_status":"open","ping_status":"open","template":"","meta":{"_et_pb_use_builder":"","_et_pb_old_content":"","_et_gb_content_width":""},"product_brand":[2127],"product_cat":[2058,2316,3403,2062],"product_tag":[2318,2128,2066],"class_list":{"0":"post-237580","1":"product","2":"type-product","3":"status-publish","4":"has-post-thumbnail","6":"product_brand-spc","7":"product_cat-dispositivos","8":"product_cat-smartwatches","9":"product_cat-spc","10":"product_cat-telefonia","11":"product_tag-smartwatches","12":"product_tag-spc","13":"product_tag-telefonia","14":"pa_canon-digital-25-e-incluida","15":"pa_categoria-telefonia","16":"pa_marca-spc","17":"pa_peso-3477","18":"pa_ref-dsp0000028634","20":"first","21":"instock","22":"sale","23":"taxable","24":"shipping-taxable","25":"purchasable","26":"product-type-simple"},"_links":{"self":[{"href":"https:\/\/linkxa.es\/linkshop\/wp-json\/wp\/v2\/product\/237580","targetHints":{"allow":["GET"]}}],"collection":[{"href":"https:\/\/linkxa.es\/linkshop\/wp-json\/wp\/v2\/product"}],"about":[{"href":"https:\/\/linkxa.es\/linkshop\/wp-json\/wp\/v2\/types\/product"}],"replies":[{"embeddable":true,"href":"https:\/\/linkxa.es\/linkshop\/wp-json\/wp\/v2\/comments?post=237580"}],"wp:featuredmedia":[{"embeddable":true,"href":"https:\/\/linkxa.es\/linkshop\/wp-json\/wp\/v2\/media\/230819"}],"wp:attachment":[{"href":"https:\/\/linkxa.es\/linkshop\/wp-json\/wp\/v2\/media?parent=237580"}],"wp:term":[{"taxonomy":"product_brand","embeddable":true,"href":"https:\/\/linkxa.es\/linkshop\/wp-json\/wp\/v2\/product_brand?post=237580"},{"taxonomy":"product_cat","embeddable":true,"href":"https:\/\/linkxa.es\/linkshop\/wp-json\/wp\/v2\/product_cat?post=237580"},{"taxonomy":"product_tag","embeddable":true,"href":"https:\/\/linkxa.es\/linkshop\/wp-json\/wp\/v2\/product_tag?post=237580"}],"curies":[{"name":"wp","href":"https:\/\/api.w.org\/{rel}","templated":true}]}}