{"id":237585,"date":"2025-05-24T16:48:14","date_gmt":"2025-05-24T16:48:14","guid":{"rendered":"https:\/\/linkxa.es\/contratacion\/producto\/smartwatch-apple-watch-series-10-gps-9\/"},"modified":"2025-10-04T00:36:51","modified_gmt":"2025-10-04T00:36:51","slug":"smartwatch-apple-watch-series-10-gps-9","status":"publish","type":"product","link":"https:\/\/linkxa.es\/linkshop\/producto\/smartwatch-apple-watch-series-10-gps-9\/","title":{"rendered":"Smartwatch apple watch series 10 gps"},"content":{"rendered":"<div style=\"text-align: center; margin-bottom: 20px;\">\n<h2 style=\"font-size: 22px; font-weight: 600; margin: 0; color: #333;\">Apple \u00a0|\u00a0 Smartwatches<\/h2>\n<\/div>\n<p style=\"max-width: 700px; margin: 0px auto 30px; font-size: 18px; line-height: 1.6; color: #555555; font-style: italic; text-align: left;\">-FICHA T\u00c9CNICA\u00a0<\/p>\n<p>-GENERAL\u00a0<br \/>Audio salida: Altavoz\u00a0<br \/>Pantalla de reloj: S\u00ed\u00a0<br \/>Objetivos establecidos: S\u00ed\u00a0<br \/>Tipo de producto: Reloj inteligente\u00a0<br \/>Tecnolog\u00eda de pago: Apple Pay\u00a0<br \/>Estilo: Estilo de reloj\u00a0<br \/>Tipo de retroalimentaci\u00f3n: Alerta sonora, alarma con vibraci\u00f3n, interfaz visual\u00a0<br \/>SO Host Device Platform: iOS 18 o posterior\u00a0<br \/>Sistemas operativos: WatchOS 11\u00a0<br \/>N\u00famero de modelo del fabricante: A2999\u00a0<\/p>\n<p>-SENSORES\u00a0<br \/>Sensor de luz ambiental\u00a0<br \/>Br\u00fajula digital\u00a0<br \/>Man\u00f3metro\u00a0<br \/>Sensor de latido el\u00e9ctrico\u00a0<br \/>Sensor de temperatura del agua\u00a0<br \/>Sensor card\u00edaco \u00f3ptico (3\u00aa gen)\u00a0<br \/>Alt\u00edmetro siempre activo\u00a0<br \/>Sensor de temperatura\u00a0<br \/>Aceler\u00f3metro de alta g\u00a0<br \/>Giroscopio de alto rango din\u00e1mico\u00a0<\/p>\n<p>-CARACTER\u00cdSTICAS\u00a0<br \/>Detecci\u00f3n de ca\u00eddas\u00a0<br \/>SOS de emergencia\u00a0<br \/>Recordatorio de medicaci\u00f3n\u00a0<br \/>Brillo: 2000 nits\u00a0<br \/>Compatible con Family Setup\u00a0<br \/>Llamada de emergencia internacional\u00a0<br \/>Detecci\u00f3n de golpes\u00a0<br \/>Monitorizaci\u00f3n del ruido\u00a0<br \/>Carga r\u00e1pida\u00a0<\/p>\n<p>-NOTIFICACIONES\u00a0<br \/>Calendario\u00a0<br \/>SMS\u00a0<br \/>Email\u00a0<br \/>Aplicaciones\u00a0<br \/>Ritmo card\u00edaco alto y bajo\u00a0<br \/>Ritmo irregular\u00a0<br \/>Notificaciones de apnea del sue\u00f1o\u00a0<br \/>Retroceso\u00a0<\/p>\n<p>-ACTIVIDAD\/DEPORTE\u00a0<br \/>Golf\u00a0<br \/>Correr\u00a0<br \/>Nataci\u00f3n\u00a0<br \/>Ski\u00a0<br \/>Ciclismo\u00a0<br \/>Senderismo\u00a0<br \/>Caminar\u00a0<br \/>Yoga\u00a0<br \/>Snowboarding\u00a0<br \/>Strength training\u00a0<br \/>El\u00edptica\u00a0<br \/>Multideporte\u00a0<br \/>Baile\u00a0<br \/>Pelda\u00f1os\u00a0<br \/>Pilates\u00a0<br \/>Silla de ruedas\u00a0<br \/>Entrenamiento de intervalos de alta intensidad (HIIT)\u00a0<br \/>Remo al aire libre\u00a0<br \/>Paddle\u00a0<br \/>M\u00e1quina de remo\u00a0<br \/>Enfriamiento\u00a0<br \/>Entrenamiento b\u00e1sico\u00a0<br \/>Tai chi\u00a0<br \/>Kickboxing\u00a0<\/p>\n<p>-NAVEGACI\u00d3N\u00a0<br \/>Receptor GPS\/GNSS\/Galileo\/BeiDou\u00a0<\/p>\n<p>-DATOS DE SEGUIMIENTO\u00a0<br \/>Distancia\u00a0<br \/>Tiempo\u00a0<br \/>Calor\u00edas quemadas\u00a0<br \/>Actividad\u00a0<br \/>Actividad durante el sue\u00f1o\u00a0<br \/>Ritmo card\u00edaco\u00a0<br \/>Saturaci\u00f3n de ox\u00edgeno en sangre\u00a0<br \/>Fases del sue\u00f1o\u00a0<br \/>Nivel de ruido\u00a0<br \/>Ciclo menstrual\u00a0<br \/>ECG\u00a0<br \/>Fase de ovulaci\u00f3n\u00a0<br \/>Mindfulness\u00a0<\/p>\n<p>-AUDIO ENTRADA\u00a0<br \/>Micr\u00f3fono con aislamiento de voz\u00a0<\/p>\n<p>-DIVERSO\u00a0<br \/>Garant\u00eda: 1 a\u00f1o\u00a0<br \/>Alerta vibratoria: S\u00ed\u00a0<br \/>Protecci\u00f3n: Impermeable, resistente al polvo\u00a0<br \/>Software precargado: GymKit\u00a0<br \/>Accesorios incluidos: Cargador r\u00e1pido magn\u00e9tico a cable USB-C (1 m)\u00a0<br \/>Material del cuerpo: 100 % aluminio reciclado\u00a0<br \/>Tasa de absorci\u00f3n espec\u00edfica (SAR):\u00a0<br \/>0.17 W\/kg (cabeza)\u00a0<br \/>0.16 W\/kg (extremidad)\u00a0<br \/>Cumplimiento de normas: IP6X, sin BFR, PVC-free, sin mercurio, sin ars\u00e9nico\u00a0<\/p>\n<p>-ALMACENAMIENTO\u00a0<br \/>Capacidad: 64 GB\u00a0<\/p>\n<p>-PAR\u00c1METROS DE ENTORNO\u00a0<br \/>Temperatura m\u00ednima de funcionamiento: 0 \u00b0C\u00a0<br \/>Temperatura m\u00e1xima de funcionamiento: 35 \u00b0C\u00a0<br \/>Altitud m\u00e1xima de funcionamiento: 3000 m\u00a0<br \/>Profundidad m\u00e1x. de resistencia al agua: 50 m\u00a0<br \/>\u00c1mbito de humedad de funcionamiento: 5 &#8211; 90% (sin condensaci\u00f3n)\u00a0<\/p>\n<p>-BATER\u00cdA\u00a0<br \/>Tecnolog\u00eda: Ion de litio\u00a0<br \/>Carga inal\u00e1mbrica: S\u00ed\u00a0<br \/>Bater\u00eda recargable: S\u00ed\u00a0<br \/>Tiempo de ejecuci\u00f3n (m\u00e1ximo): 18 horas\u00a0<br \/>Datos de tiempo de ejecuci\u00f3n:\u00a0<br \/>Uso t\u00edpico: hasta 18 horas\u00a0<br \/>Modo de bajo consumo: hasta 36 horas\u00a0<\/p>\n<p>-CONECTIVIDAD\u00a0<br \/>Interfaz inal\u00e1mbrica: IEEE 802.11n, Ultra-Wideband (UWB), Bluetooth 5.3\u00a0<\/p>\n<p>-DISPOSITIVO DE ENTRADA\u00a0<br \/>Tipo: Pantalla t\u00e1ctil, bot\u00f3n lateral, gesto de doble toque\u00a0<\/p>\n<p>-DIMENSIONES Y PESO\u00a0<br \/>Solo caja: 36.4 g\u00a0<\/p>\n<p>-VISUALIZADOR\u00a0<br \/>Always On Display (AOD): S\u00ed\u00a0<br \/>Densidad de p\u00edxeles: 326 ppi\u00a0<br \/>Protecci\u00f3n: Cristal Ion-X\u00a0<br \/>Tipo: Retina LTPO3 OLED &#8211; color\u00a0<br \/>Resoluci\u00f3n: 416 x 496 p\u00edxeles\u00a0<\/p>\n<p>-CPU\u00a0<br \/>Fabricante: Apple\u00a0<br \/>Caracter\u00edsticas: Chip inal\u00e1mbrico W3 Apple, chip Ultra Wideband de segunda generaci\u00f3n, motor neural de 4 n\u00facleos\u00a0<br \/>Tipo: S10 SiP\u00a0<\/p>\n<p>-BANDA\u00a0<br \/>Tipo de cierre: Velcro\u00a0<br \/>Color: Tinta\u00a0<br \/>Nombre: Cinta deportiva\u00a0<br \/>Para mu\u00f1ecas (circunferencia): 130-200 mm\u00a0<br \/>Intercambiable: S\u00ed\u00a0<br \/>Material: Nailon suave de doble capa\u00a0<\/p>\n<p>-CAJA DE RELOJ INTELIGENTE\u00a0<br \/>Tama\u00f1o de la funda: 46 mm\u00a0<br \/>Forma de la caja: Rectangular\u00a0<br \/>Tipo de corona: Digital con retroalimentaci\u00f3n t\u00e1ctil\u00a0<br \/>Parte posterior de la caja: Fondo de metal y cristal de zafiro\u00a0<br \/>Detalles de la caja: Aluminio color negro azabache\u00a0<\/p>\n<p>-INTERNET DE LAS COSAS (IOT)\u00a0<br \/>Compatible con Internet de las cosas (IoT): S\u00ed\u00a0<br \/>Asistente inteligente: Siri\u00a0<br \/>Controlado por voz: Directo\u00a0<\/p>\n<p>-INFORMACI\u00d3N DE SOSTENIBILIDAD\u00a0<br \/>Huella de carbono: 0 kg de emisiones de carbono<\/p>\n","protected":false},"excerpt":{"rendered":"<p>Smartwatch apple watch series 10 gps 46mm black sport loop<\/p>\n","protected":false},"featured_media":237586,"comment_status":"open","ping_status":"open","template":"","meta":{"_et_pb_use_builder":"","_et_pb_old_content":"","_et_gb_content_width":""},"product_brand":[2061],"product_cat":[3448,2058,2316,2062],"product_tag":[2064,2318,2066],"class_list":{"0":"post-237585","1":"product","2":"type-product","3":"status-publish","4":"has-post-thumbnail","6":"product_brand-apple","7":"product_cat-apple","8":"product_cat-dispositivos","9":"product_cat-smartwatches","10":"product_cat-telefonia","11":"product_tag-apple","12":"product_tag-smartwatches","13":"product_tag-telefonia","14":"pa_canon-digital-25-e-incluida","15":"pa_categoria-telefonia","16":"pa_marca-apple","17":"pa_peso-3479","18":"pa_ref-dsp0000029218","20":"first","21":"instock","22":"sale","23":"taxable","24":"shipping-taxable","25":"purchasable","26":"product-type-simple"},"_links":{"self":[{"href":"https:\/\/linkxa.es\/linkshop\/wp-json\/wp\/v2\/product\/237585","targetHints":{"allow":["GET"]}}],"collection":[{"href":"https:\/\/linkxa.es\/linkshop\/wp-json\/wp\/v2\/product"}],"about":[{"href":"https:\/\/linkxa.es\/linkshop\/wp-json\/wp\/v2\/types\/product"}],"replies":[{"embeddable":true,"href":"https:\/\/linkxa.es\/linkshop\/wp-json\/wp\/v2\/comments?post=237585"}],"wp:featuredmedia":[{"embeddable":true,"href":"https:\/\/linkxa.es\/linkshop\/wp-json\/wp\/v2\/media\/237586"}],"wp:attachment":[{"href":"https:\/\/linkxa.es\/linkshop\/wp-json\/wp\/v2\/media?parent=237585"}],"wp:term":[{"taxonomy":"product_brand","embeddable":true,"href":"https:\/\/linkxa.es\/linkshop\/wp-json\/wp\/v2\/product_brand?post=237585"},{"taxonomy":"product_cat","embeddable":true,"href":"https:\/\/linkxa.es\/linkshop\/wp-json\/wp\/v2\/product_cat?post=237585"},{"taxonomy":"product_tag","embeddable":true,"href":"https:\/\/linkxa.es\/linkshop\/wp-json\/wp\/v2\/product_tag?post=237585"}],"curies":[{"name":"wp","href":"https:\/\/api.w.org\/{rel}","templated":true}]}}