{"id":237627,"date":"2025-01-14T17:50:15","date_gmt":"2025-01-14T17:50:15","guid":{"rendered":"https:\/\/linkxa.es\/contratacion\/producto\/smartwatch-garmin-instin-e-40mm-negro\/"},"modified":"2025-10-04T01:32:49","modified_gmt":"2025-10-04T01:32:49","slug":"smartwatch-garmin-instin-e-40mm-negro","status":"publish","type":"product","link":"https:\/\/linkxa.es\/linkshop\/producto\/smartwatch-garmin-instin-e-40mm-negro\/","title":{"rendered":"Smartwatch garmin instin e 40mm negro"},"content":{"rendered":"<div style=\"text-align: center; margin-bottom: 20px;\">\n<h2 style=\"font-size: 22px; font-weight: 600; margin: 0; color: #333;\">Garmin \u00a0|\u00a0 Smartwatches<\/h2>\n<\/div>\n<p style=\"max-width: 700px; margin: 0px auto 30px; font-size: 18px; line-height: 1.6; color: #555555; font-style: italic; text-align: left;\">* TIPO<br \/>\u00a0 Reloj inteligente deportivo<\/p>\n<p>* DISE\u00d1O<br \/>\u00a0 Forma: Redondo<br \/>\u00a0 Color del cuerpo: Negro<br \/>\u00a0 Color de banda: Carb\u00f3n vegetal<br \/>\u00a0 Material del cuerpo: Pol\u00edmero<br \/>\u00a0 Material de la banda: Silicona<br \/>\u00a0 Material de la lente: Vidrio<br \/>\u00a0 Tama\u00f1o del cuerpo: 40 mm<br \/>\u00a0 Tama\u00f1o de banda: Talla \u00fanica<br \/>\u00a0 Tama\u00f1o de mu\u00f1eca: 107 &#8211; 179 mm<br \/>\u00a0 Tipo de cierre: Hebilla con clavija<br \/>\u00a0 G\u00e9nero: Unisex<br \/>\u00a0 Resistencia al agua: 10 ATM<\/p>\n<p>* DIMENSIONES Y PESO<br \/>\u00a0 Ancho: 40 mm<br \/>\u00a0 Profundidad: 40 mm<br \/>\u00a0 Grosor: 13,6 mm<br \/>\u00a0 Peso: 41 g<\/p>\n<p>* PANTALLA<br \/>\u00a0 Tama\u00f1o: 2,18 cm (0.86&#8243;)<br \/>\u00a0 Resoluci\u00f3n: 166 x 166 p\u00edxeles<br \/>\u00a0 Tama\u00f1o \u00fatil: 22 x 22 mm<br \/>\u00a0 Pantalla t\u00e1ctil: No<br \/>\u00a0 Tecnolog\u00eda: MIP (Memory-In-Pixel)<br \/>\u00a0 Tipo de visualizador: Digital<\/p>\n<p>* BATER\u00cdA<br \/>\u00a0 Tipo: I\u00f3n de litio<br \/>\u00a0 Duraci\u00f3n en uso normal: hasta 35 d\u00edas<br \/>\u00a0 Modo GPS: hasta 21 horas<br \/>\u00a0 Bater\u00eda recargable: S\u00ed<\/p>\n<p>* CONECTIVIDAD<br \/>\u00a0 Bluetooth: S\u00ed<br \/>\u00a0 WiFi: No<br \/>\u00a0 NFC: No<br \/>\u00a0 Puerto USB: No<br \/>\u00a0 ANT+: S\u00ed<br \/>\u00a0 GPS<br \/>\u00a0 GLONASS<br \/>\u00a0 Galileo<\/p>\n<p>* CONTENIDO DEL EMBALAJE<br \/>\u00a0 Cargador<br \/>\u00a0 Manual de usuario<\/p>\n<p>* FUNCIONES INTELIGENTES<br \/>\u00a0 Calendario<br \/>\u00a0 Alarma<br \/>\u00a0 Temporizador<br \/>\u00a0 Cron\u00f3metro<br \/>\u00a0 Funci\u00f3n \u0093Encuentra mi tel\u00e9fono\u0094<br \/>\u00a0 Notificaciones no incluidas<\/p>\n<p>* FUNCIONES DEPORTIVAS Y SALUD<br \/>\u00a0 Monitor de frecuencia card\u00edaca<br \/>\u00a0 Medici\u00f3n manual de frecuencia card\u00edaca<br \/>\u00a0 Sensor de ox\u00edgeno en sangre<br \/>\u00a0 Aceler\u00f3metro<br \/>\u00a0 Alt\u00edmetro barom\u00e9trico<br \/>\u00a0 Br\u00fajula electr\u00f3nica<br \/>\u00a0 Calidad del sue\u00f1o<br \/>\u00a0 Seguimiento de actividad<br \/>\u00a0 Calor\u00edas quemadas<br \/>\u00a0 Distancia recorrida<br \/>\u00a0 Din\u00e1micas de correr<br \/>\u00a0 Modo multideporte<br \/>\u00a0 Medici\u00f3n del efecto del entrenamiento<br \/>\u00a0 Sugerencia de tiempo de recuperaci\u00f3n<br \/>\u00a0 Orientaci\u00f3n en tiempo real<br \/>\u00a0 Indicador de carrera<br \/>\u00a0 Funci\u00f3n Virtual Partner<br \/>\u00a0 Funci\u00f3n de monitorizaci\u00f3n del estr\u00e9s<br \/>\u00a0 Alerta de tiempo<br \/>\u00a0 Informaci\u00f3n del Sol y la Luna<br \/>\u00a0 C\u00e1lculo de \u00e1reas<br \/>\u00a0 Pausa autom\u00e1tica<\/p>\n<p>* MEMORIA<br \/>\u00a0 Memoria flash: 0,128 GB<\/p>\n<p>* COMPATIBILIDAD<br \/>\u00a0 Sistemas operativos soportados: Android, iOS<\/p>\n","protected":false},"excerpt":{"rendered":"<p>Smartwatch garmin instin e 40mm negro correa silicona carbon<\/p>\n","protected":false},"featured_media":230914,"comment_status":"open","ping_status":"open","template":"","meta":{"_et_pb_use_builder":"","_et_pb_old_content":"","_et_gb_content_width":""},"product_brand":[2384],"product_cat":[2058,3399,2316,2062],"product_tag":[2385,2318,2066],"class_list":{"0":"post-237627","1":"product","2":"type-product","3":"status-publish","4":"has-post-thumbnail","6":"product_brand-garmin","7":"product_cat-dispositivos","8":"product_cat-garmin","9":"product_cat-smartwatches","10":"product_cat-telefonia","11":"product_tag-garmin","12":"product_tag-smartwatches","13":"product_tag-telefonia","14":"pa_canon-digital-25-e-incluida","15":"pa_categoria-telefonia","16":"pa_marca-garmin","17":"pa_peso-3454","18":"pa_ref-dsp0000029512","20":"first","21":"instock","22":"sale","23":"taxable","24":"shipping-taxable","25":"purchasable","26":"product-type-simple"},"_links":{"self":[{"href":"https:\/\/linkxa.es\/linkshop\/wp-json\/wp\/v2\/product\/237627","targetHints":{"allow":["GET"]}}],"collection":[{"href":"https:\/\/linkxa.es\/linkshop\/wp-json\/wp\/v2\/product"}],"about":[{"href":"https:\/\/linkxa.es\/linkshop\/wp-json\/wp\/v2\/types\/product"}],"replies":[{"embeddable":true,"href":"https:\/\/linkxa.es\/linkshop\/wp-json\/wp\/v2\/comments?post=237627"}],"wp:featuredmedia":[{"embeddable":true,"href":"https:\/\/linkxa.es\/linkshop\/wp-json\/wp\/v2\/media\/230914"}],"wp:attachment":[{"href":"https:\/\/linkxa.es\/linkshop\/wp-json\/wp\/v2\/media?parent=237627"}],"wp:term":[{"taxonomy":"product_brand","embeddable":true,"href":"https:\/\/linkxa.es\/linkshop\/wp-json\/wp\/v2\/product_brand?post=237627"},{"taxonomy":"product_cat","embeddable":true,"href":"https:\/\/linkxa.es\/linkshop\/wp-json\/wp\/v2\/product_cat?post=237627"},{"taxonomy":"product_tag","embeddable":true,"href":"https:\/\/linkxa.es\/linkshop\/wp-json\/wp\/v2\/product_tag?post=237627"}],"curies":[{"name":"wp","href":"https:\/\/api.w.org\/{rel}","templated":true}]}}