{"id":237633,"date":"2025-04-15T23:37:44","date_gmt":"2025-04-15T23:37:44","guid":{"rendered":"https:\/\/linkxa.es\/contratacion\/producto\/smartwatch-apple-watch-se-gps\/"},"modified":"2025-10-04T01:33:53","modified_gmt":"2025-10-04T01:33:53","slug":"smartwatch-apple-watch-se-gps","status":"publish","type":"product","link":"https:\/\/linkxa.es\/linkshop\/producto\/smartwatch-apple-watch-se-gps\/","title":{"rendered":"Smartwatch apple watch se gps +"},"content":{"rendered":"<div style=\"text-align: center; margin-bottom: 20px;\">\n<h2 style=\"font-size: 22px; font-weight: 600; margin: 0; color: #333;\">Apple \u00a0|\u00a0 Smartwatches<\/h2>\n<\/div>\n<p style=\"max-width: 700px; margin: 0px auto 30px; font-size: 18px; line-height: 1.6; color: #555555; font-style: italic; text-align: left;\">&#8211; TIPO DE PRODUCTO\u00a0<br \/>Reloj inteligente\u00a0<\/p>\n<p>&#8211; SISTEMA OPERATIVO\u00a0<br \/>WatchOS 11\u00a0<\/p>\n<p>&#8211; COMPATIBILIDAD\u00a0<br \/>Compatible con dispositivos iOS 18 o superior\u00a0<\/p>\n<p>&#8211; PANTALLA\u00a0<br \/>Tipo: Retina LTPO OLED a color\u00a0<br \/>Resoluci\u00f3n: 368 x 448 p\u00edxeles\u00a0<br \/>Densidad de p\u00edxeles: 326 ppi\u00a0<br \/>Protecci\u00f3n: Cristal Ion-X\u00a0<br \/>Brillo: 1000 nits\u00a0<\/p>\n<p>&#8211; PROCESADOR\u00a0<br \/>Fabricante: Apple\u00a0<br \/>Modelo: S8 SiP\u00a0<br \/>Caracter\u00edsticas: Chip inal\u00e1mbrico W3 de Apple, motor neural de 2 n\u00facleos\u00a0<\/p>\n<p>&#8211; ALMACENAMIENTO\u00a0<br \/>Capacidad interna: 32 GB\u00a0<\/p>\n<p>&#8211; SENSORES\u00a0<br \/>Sensor de luz ambiental\u00a0<br \/>Br\u00fajula digital\u00a0<br \/>Alt\u00edmetro siempre activo\u00a0<br \/>Sensor card\u00edaco \u00f3ptico de segunda generaci\u00f3n\u00a0<br \/>Aceler\u00f3metro de alta g\u00a0<br \/>Giroscopio de alto rango din\u00e1mico\u00a0<\/p>\n<p>&#8211; FUNCIONES DESTACADAS\u00a0<br \/>Detecci\u00f3n de ca\u00eddas\u00a0<br \/>SOS de emergencia\u00a0<br \/>Llamada de emergencia internacional\u00a0<br \/>Monitorizaci\u00f3n del ruido\u00a0<br \/>Detecci\u00f3n de golpes\u00a0<br \/>Recordatorio de medicaci\u00f3n\u00a0<\/p>\n<p>&#8211; ACTIVIDAD Y DEPORTE\u00a0<br \/>Modos deportivos: Golf, correr, nataci\u00f3n, ski, ciclismo, senderismo, yoga, entrenamiento HIIT, remo, pilates, kickboxing, entre otros\u00a0<br \/>Datos de seguimiento: Distancia, tiempo, calor\u00edas quemadas, ritmo card\u00edaco, fases del sue\u00f1o, nivel de ruido, ciclo menstrual, mindfulness\u00a0<\/p>\n<p>&#8211; NOTIFICACIONES\u00a0<br \/>Calendario\u00a0<br \/>SMS\u00a0<br \/>Correo electr\u00f3nico\u00a0<br \/>Aplicaciones\u00a0<br \/>Ritmo card\u00edaco alto y bajo\u00a0<br \/>Ritmo irregular\u00a0<\/p>\n<p>&#8211; NAVEGACI\u00d3N Y CONECTIVIDAD\u00a0<br \/>GPS\/GLONASS\/Galileo\/QZSS\u00a0<br \/>Wi-Fi: IEEE 802.11n\u00a0<br \/>Bluetooth 5.3\u00a0<br \/>LTE (Bandas: 1, 2, 3, 4, 5, 6, 7, 8, 18, 19, 20, 25, 26, 28, 39, 40, 41, 66)\u00a0<\/p>\n<p>&#8211; BATER\u00cdA\u00a0<br \/>Tipo: Ion de litio recargable\u00a0<br \/>Carga inal\u00e1mbrica: S\u00ed\u00a0<br \/>Autonom\u00eda: Hasta 18 horas\u00a0<\/p>\n<p>&#8211; AUDIO Y MULTIMEDIA\u00a0<br \/>Salida de audio: Altavoz\u00a0<br \/>Entrada de audio: Micr\u00f3fono\u00a0<br \/>Tecnolog\u00eda de pago: Apple Pay\u00a0<\/p>\n<p>&#8211; DISE\u00d1O Y DIMENSIONES\u00a0<br \/>Tama\u00f1o de la caja: 44 mm\u00a0<br \/>Forma: Rectangular\u00a0<br \/>Material de la caja: Aluminio reciclado al 100 %\u00a0<br \/>Parte trasera: Cristal de zafiro y compuesto de nailon\u00a0<br \/>Peso (solo caja): 33 g\u00a0<\/p>\n<p>&#8211; CORREA\u00a0<br \/>Nombre: Cinta deportiva\u00a0<br \/>Material: Nailon suave de doble capa\u00a0<br \/>Color: Nube azul\u00a0<br \/>Cierre: Velcro\u00a0<br \/>Circunferencia de mu\u00f1eca: 130-200 mm\u00a0<br \/>Intercambiable: S\u00ed\u00a0<\/p>\n<p>&#8211; PROTECCI\u00d3N Y RESISTENCIA\u00a0<br \/>Resistente al agua hasta 50 m\u00a0<br \/>Certificaci\u00f3n: Sin BFR, PVC-free, sin mercurio, sin ars\u00e9nico\u00a0<\/p>\n<p>&#8211; INTERNET DE LAS COSAS (IoT)\u00a0<br \/>Compatible con IoT: S\u00ed\u00a0<br \/>Asistente inteligente: Siri\u00a0<br \/>Control por voz: Directo\u00a0<\/p>\n<p>&#8211; GARANT\u00cdA\u00a0<br \/>Garant\u00eda limitada de 1 a\u00f1o\u00a0<\/p>\n<p>&#8211; CONTENIDO DE LA CAJA\u00a0<br \/>Cargador magn\u00e9tico con cable USB-C (1 m)\u00a0<\/p>\n<p>&#8211; INFORMACI\u00d3N DE SOSTENIBILIDAD\u00a0<br \/>Huella de carbono: 0 kg de emisiones de carbono<\/p>\n","protected":false},"excerpt":{"rendered":"<p>Smartwatch apple watch se gps + cell 44mm silver aluminium blue sport loop<\/p>\n","protected":false},"featured_media":237634,"comment_status":"open","ping_status":"open","template":"","meta":{"_et_pb_use_builder":"","_et_pb_old_content":"","_et_gb_content_width":""},"product_brand":[2061],"product_cat":[3448,2058,2316,2062],"product_tag":[2064,2318,2066],"class_list":{"0":"post-237633","1":"product","2":"type-product","3":"status-publish","4":"has-post-thumbnail","6":"product_brand-apple","7":"product_cat-apple","8":"product_cat-dispositivos","9":"product_cat-smartwatches","10":"product_cat-telefonia","11":"product_tag-apple","12":"product_tag-smartwatches","13":"product_tag-telefonia","14":"pa_canon-digital-25-e-incluida","15":"pa_categoria-telefonia","16":"pa_marca-apple","17":"pa_peso-3369","18":"pa_ref-dsp0000029556","20":"first","21":"instock","22":"sale","23":"taxable","24":"shipping-taxable","25":"purchasable","26":"product-type-simple"},"_links":{"self":[{"href":"https:\/\/linkxa.es\/linkshop\/wp-json\/wp\/v2\/product\/237633","targetHints":{"allow":["GET"]}}],"collection":[{"href":"https:\/\/linkxa.es\/linkshop\/wp-json\/wp\/v2\/product"}],"about":[{"href":"https:\/\/linkxa.es\/linkshop\/wp-json\/wp\/v2\/types\/product"}],"replies":[{"embeddable":true,"href":"https:\/\/linkxa.es\/linkshop\/wp-json\/wp\/v2\/comments?post=237633"}],"wp:featuredmedia":[{"embeddable":true,"href":"https:\/\/linkxa.es\/linkshop\/wp-json\/wp\/v2\/media\/237634"}],"wp:attachment":[{"href":"https:\/\/linkxa.es\/linkshop\/wp-json\/wp\/v2\/media?parent=237633"}],"wp:term":[{"taxonomy":"product_brand","embeddable":true,"href":"https:\/\/linkxa.es\/linkshop\/wp-json\/wp\/v2\/product_brand?post=237633"},{"taxonomy":"product_cat","embeddable":true,"href":"https:\/\/linkxa.es\/linkshop\/wp-json\/wp\/v2\/product_cat?post=237633"},{"taxonomy":"product_tag","embeddable":true,"href":"https:\/\/linkxa.es\/linkshop\/wp-json\/wp\/v2\/product_tag?post=237633"}],"curies":[{"name":"wp","href":"https:\/\/api.w.org\/{rel}","templated":true}]}}