{"id":237655,"date":"2025-08-16T05:50:13","date_gmt":"2025-08-16T05:50:13","guid":{"rendered":"https:\/\/linkxa.es\/contratacion\/producto\/smartwatch-apple-watch-series-10-gps-12\/"},"modified":"2025-10-04T01:39:07","modified_gmt":"2025-10-04T01:39:07","slug":"smartwatch-apple-watch-series-10-gps-12","status":"publish","type":"product","link":"https:\/\/linkxa.es\/linkshop\/producto\/smartwatch-apple-watch-series-10-gps-12\/","title":{"rendered":"Smartwatch apple watch series 10 gps"},"content":{"rendered":"<div style=\"text-align: center; margin-bottom: 20px;\">\n<h2 style=\"font-size: 22px; font-weight: 600; margin: 0; color: #333;\">Apple \u00a0|\u00a0 Smartwatches<\/h2>\n<\/div>\n<p style=\"max-width: 700px; margin: 0px auto 30px; font-size: 18px; line-height: 1.6; color: #555555; font-style: italic; text-align: left;\">&#8211; CARACTER\u00cdSTICAS PRINCIPALES<\/p>\n<p>Tipo de producto Reloj inteligente<br \/>Estilo Estilo de reloj<br \/>Pantalla de reloj S\u00ed<br \/>Tecnolog\u00eda de pago Apple Pay<br \/>Compatibilidad con Family Setup S\u00ed<br \/>Tipo de retroalimentaci\u00f3n Alerta sonora, alarma con vibraci\u00f3n, interfaz visual<br \/>Compatibilidad con SO del dispositivo anfitri\u00f3n iOS 18 o posterior<br \/>Sistemas operativos WatchOS 11<br \/>N\u00famero de modelo del fabricante A3001<br \/>Asistente inteligente Siri<br \/>Controlado por voz Directo<br \/>Compatible con IoT S\u00ed<br \/>Software precargado GymKit<\/p>\n<p>&#8211; AUDIO<\/p>\n<p>Audio salida Altavoz<br \/>Audio entrada Micr\u00f3fono con aislamiento de voz<\/p>\n<p>&#8211; ACTIVIDADES \/ DEPORTES<\/p>\n<p>Actividades compatibles Golf, correr, nataci\u00f3n, ski, ciclismo, senderismo, caminar, yoga, snowboarding, strength training, el\u00edptica, multideporte, baile, pelda\u00f1os, pilates, silla de ruedas, HIIT, remo al aire libre, paddle, m\u00e1quina de remo, enfriamiento, entrenamiento b\u00e1sico, tai chi, kickboxing<\/p>\n<p>&#8211; NOTIFICACIONES<\/p>\n<p>Tipo de notificaciones Calendario, SMS, email, aplicaciones, ritmo card\u00edaco alto y bajo, ritmo irregular, notificaciones de apnea del sue\u00f1o, retroceso<\/p>\n<p>&#8211; DATOS DE SEGUIMIENTO<\/p>\n<p>Seguimiento de Distancia, tiempo, calor\u00edas quemadas, actividad, actividad durante el sue\u00f1o, ritmo card\u00edaco, saturaci\u00f3n de ox\u00edgeno en sangre, fases del sue\u00f1o, nivel de ruido, ciclo menstrual, ECG, fase de ovulaci\u00f3n, mindfulness<\/p>\n<p>&#8211; CONECTIVIDAD<\/p>\n<p>Interfaz inal\u00e1mbrica LTE, IEEE 802.11n, Ultra-Wideband (UWB), Bluetooth 5.3<br \/>Banda 4G LTE Banda 1, 2, 3, 4, 5, 6, 7, 8, 18, 19, 20, 25, 26, 28, 39, 40, 41, 66<\/p>\n<p>&#8211; NAVEGACI\u00d3N<\/p>\n<p>Receptor GPS\/GNSS\/Galileo\/BeiDou<\/p>\n<p>&#8211; CPU<\/p>\n<p>Fabricante Apple<br \/>Tipo S10 SiP<br \/>Caracter\u00edsticas Chip inal\u00e1mbrico W3 Apple, chip Ultra Wideband de segunda generaci\u00f3n, motor neural de 4 n\u00facleos<\/p>\n<p>&#8211; VISUALIZADOR<\/p>\n<p>Tipo Retina LTPO3 OLED &#8211; color<br \/>Resoluci\u00f3n 374 x 446 p\u00edxeles<br \/>Densidad de p\u00edxeles 326 ppi<br \/>Always On Display S\u00ed<br \/>Protecci\u00f3n Cristal de zafiro<\/p>\n<p>&#8211; BATER\u00cdA<\/p>\n<p>Tecnolog\u00eda Ion de litio<br \/>Carga inal\u00e1mbrica S\u00ed<br \/>Bater\u00eda recargable S\u00ed<br \/>Tiempo de ejecuci\u00f3n Uso t\u00edpico hasta 18 horas<br \/>Modo de bajo consumo Hasta 36 horas<br \/>Carga r\u00e1pida S\u00ed<\/p>\n<p>&#8211; DIMENSIONES Y PESO<\/p>\n<p>Peso Solo caja: 34.4 g<\/p>\n<p>&#8211; CAJA DEL RELOJ INTELIGENTE<\/p>\n<p>Tama\u00f1o de la funda 42 mm<br \/>Forma de la caja Rectangular<br \/>Tipo de corona Digital con retroalimentaci\u00f3n t\u00e1ctil<br \/>Detalles de la caja Titanio natural<br \/>Parte posterior de la caja Fondo de metal y cristal de zafiro<br \/>Material del cuerpo 95 % de titanio reciclado<br \/>Protecci\u00f3n Impermeable, resistente al polvo<\/p>\n<p>&#8211; BANDA<\/p>\n<p>Color Natural<br \/>Tipo de cierre Cierre magn\u00e9tico<br \/>Nombre Pulsera Milanese Loop<br \/>Material Malla de acero inoxidable<br \/>Compatibilidad de mu\u00f1eca 150-200 mm<br \/>Tama\u00f1o M\/L<br \/>Intercambiable S\u00ed<\/p>\n<p>&#8211; PAR\u00c1METROS DE ENTORNO<\/p>\n<p>Temperatura m\u00ednima de funcionamiento 0 \u00b0C<br \/>Temperatura m\u00e1xima de funcionamiento 35 \u00b0C<br \/>Altitud m\u00e1xima de funcionamiento 3000 m<br \/>Humedad de funcionamiento 5 &#8211; 90 % (sin condensaci\u00f3n)<br \/>Profundidad m\u00e1x. de resistencia al agua 50 m<\/p>\n<p>&#8211; INFORMACI\u00d3N DE SOSTENIBILIDAD<\/p>\n<p>Huella de carbono 0 kg de emisiones de carbono<br \/>Cumplimiento de normas IP6X, sin BFR, PVC-free, sin mercurio, sin ars\u00e9nico<\/p>\n<p>&#8211; TASAS DE ABSORCI\u00d3N ESPEC\u00cdFICA (SAR)<\/p>\n<p>SAR cabeza 0.13 W\/kg<br \/>SAR extremidad 1.01 W\/kg<\/p>\n<p>&#8211; GARANT\u00cdA<\/p>\n<p>Garant\u00eda 1 a\u00f1o de garant\u00eda<\/p>\n<p>&#8211; ACCESORIOS INCLUIDOS<\/p>\n<p>Cargador r\u00e1pido magn\u00e9tico a cable USB-C (1 m)<\/p>\n<p>&#8211; SENSORES<\/p>\n<p>Sensor de luz ambiental<br \/>Br\u00fajula digital<br \/>Man\u00f3metro<br \/>Sensor de latido el\u00e9ctrico<br \/>Sensor de temperatura del agua<br \/>Sensor card\u00edaco \u00f3ptico (3\u00aa gen)<br \/>Alt\u00edmetro siempre activo<br \/>Sensor de temperatura<br \/>Aceler\u00f3metro de alta g<br \/>Giroscopio de alto rango din\u00e1mico<\/p>\n<p>&#8211; CARACTER\u00cdSTICAS ADICIONALES<\/p>\n<p>Detecci\u00f3n de ca\u00eddas<br \/>SOS de emergencia<br \/>Recordatorio de medicaci\u00f3n<br \/>Brillo 2000 nits<br \/>Llamada de emergencia internacional<br \/>Detecci\u00f3n de golpes<br \/>Monitorizaci\u00f3n del ruido<\/p>\n","protected":false},"excerpt":{"rendered":"<p>Smartwatch apple watch series 10 gps + cell 42mm natural titanium milanese loop m &#8211; l<\/p>\n","protected":false},"featured_media":237656,"comment_status":"open","ping_status":"open","template":"","meta":{"_et_pb_use_builder":"","_et_pb_old_content":"","_et_gb_content_width":""},"product_brand":[2061],"product_cat":[3448,2058,2316,2062],"product_tag":[2064,2318,2066],"class_list":{"0":"post-237655","1":"product","2":"type-product","3":"status-publish","4":"has-post-thumbnail","6":"product_brand-apple","7":"product_cat-apple","8":"product_cat-dispositivos","9":"product_cat-smartwatches","10":"product_cat-telefonia","11":"product_tag-apple","12":"product_tag-smartwatches","13":"product_tag-telefonia","14":"pa_canon-digital-25-e-incluida","15":"pa_categoria-telefonia","16":"pa_marca-apple","17":"pa_peso-3489","18":"pa_ref-dsp0000030685","20":"first","21":"instock","22":"sale","23":"taxable","24":"shipping-taxable","25":"purchasable","26":"product-type-simple"},"_links":{"self":[{"href":"https:\/\/linkxa.es\/linkshop\/wp-json\/wp\/v2\/product\/237655","targetHints":{"allow":["GET"]}}],"collection":[{"href":"https:\/\/linkxa.es\/linkshop\/wp-json\/wp\/v2\/product"}],"about":[{"href":"https:\/\/linkxa.es\/linkshop\/wp-json\/wp\/v2\/types\/product"}],"replies":[{"embeddable":true,"href":"https:\/\/linkxa.es\/linkshop\/wp-json\/wp\/v2\/comments?post=237655"}],"wp:featuredmedia":[{"embeddable":true,"href":"https:\/\/linkxa.es\/linkshop\/wp-json\/wp\/v2\/media\/237656"}],"wp:attachment":[{"href":"https:\/\/linkxa.es\/linkshop\/wp-json\/wp\/v2\/media?parent=237655"}],"wp:term":[{"taxonomy":"product_brand","embeddable":true,"href":"https:\/\/linkxa.es\/linkshop\/wp-json\/wp\/v2\/product_brand?post=237655"},{"taxonomy":"product_cat","embeddable":true,"href":"https:\/\/linkxa.es\/linkshop\/wp-json\/wp\/v2\/product_cat?post=237655"},{"taxonomy":"product_tag","embeddable":true,"href":"https:\/\/linkxa.es\/linkshop\/wp-json\/wp\/v2\/product_tag?post=237655"}],"curies":[{"name":"wp","href":"https:\/\/api.w.org\/{rel}","templated":true}]}}