{"id":237682,"date":"2025-05-06T08:11:29","date_gmt":"2025-05-06T08:11:29","guid":{"rendered":"https:\/\/linkxa.es\/contratacion\/producto\/smartwatch-garmin-instin-e-45mm-amarillo\/"},"modified":"2025-10-04T01:46:31","modified_gmt":"2025-10-04T01:46:31","slug":"smartwatch-garmin-instin-e-45mm-amarillo","status":"publish","type":"product","link":"https:\/\/linkxa.es\/linkshop\/producto\/smartwatch-garmin-instin-e-45mm-amarillo\/","title":{"rendered":"Smartwatch garmin instin e 45mm amarillo"},"content":{"rendered":"<div style=\"text-align: center; margin-bottom: 20px;\">\n<h2 style=\"font-size: 22px; font-weight: 600; margin: 0; color: #333;\">Garmin \u00a0|\u00a0 Smartwatches<\/h2>\n<\/div>\n<p style=\"max-width: 700px; margin: 0px auto 30px; font-size: 18px; line-height: 1.6; color: #555555; font-style: italic; text-align: left;\">-DIMENSIONES Y PESO<\/p>\n<p>Ancho: 45 mm\u00a0<br \/>Profundidad: 45 mm\u00a0<br \/>Grosor: 1,42 cm\u00a0<br \/>Ancho de banda: 2,2 cm\u00a0<br \/>Peso: 48 g\u00a0<\/p>\n<p>-CONTROL DE ENERG\u00cdA<\/p>\n<p>Duraci\u00f3n de la bater\u00eda: 16 d\u00edas\u00a0<br \/>Duraci\u00f3n de la bater\u00eda en modo GPS: 24 horas\u00a0<br \/>Tecnolog\u00eda de bater\u00eda: I\u00f3n de litio\u00a0<\/p>\n<p>-CONECTIVIDAD<\/p>\n<p>Bluetooth: S\u00ed\u00a0<br \/>Wi-Fi: No\u00a0<br \/>NFC: No\u00a0<br \/>Puerto USB: No\u00a0<br \/>Auriculares: No\u00a0<br \/>ANT+ habilitado: S\u00ed\u00a0<br \/>GPS: S\u00ed\u00a0<br \/>GLONASS: S\u00ed\u00a0<br \/>Galileo: S\u00ed\u00a0<\/p>\n<p>-CONTENIDO DEL EMBALAJE<\/p>\n<p>Cargador incluido: S\u00ed\u00a0<br \/>Manual de usuario: S\u00ed\u00a0<\/p>\n<p>-DISE\u00d1O<\/p>\n<p>Color del cuerpo del reloj: Cal\u00a0<br \/>Color de la banda: Cal\u00a0<br \/>Forma: Redonda\u00a0<br \/>G\u00e9nero: Unisex\u00a0<br \/>Resistencia al agua: 10 ATM\u00a0<br \/>Material del cuerpo del reloj: Pol\u00edmero\u00a0<br \/>Material de la banda: Silicona\u00a0<br \/>Material de la lente: Vidrio\u00a0<br \/>Tama\u00f1o del cuerpo del reloj: 45 mm\u00a0<br \/>Tama\u00f1o de banda: Talla \u00fanica\u00a0<br \/>Tama\u00f1o de mu\u00f1eca compatible: 132 &#8211; 213 mm\u00a0<br \/>Tipo de cierre: Hebilla con una clavija\u00a0<\/p>\n<p>-CARACTER\u00cdSTICAS<\/p>\n<p>Aceler\u00f3metro: S\u00ed\u00a0<br \/>Alarma: S\u00ed\u00a0<br \/>Alerta de tiempo: S\u00ed\u00a0<br \/>Alt\u00edmetro barom\u00e9trico: S\u00ed\u00a0<br \/>Br\u00fajula electr\u00f3nica: S\u00ed\u00a0<br \/>Calendario: S\u00ed\u00a0<br \/>Calidad del sue\u00f1o: S\u00ed\u00a0<br \/>Calor\u00edas quemadas: S\u00ed\u00a0<br \/>Cron\u00f3metro: S\u00ed\u00a0<br \/>C\u00e1lculo de \u00e1reas: S\u00ed\u00a0<br \/>Din\u00e1micas de correr: S\u00ed\u00a0<br \/>Distancia recorrida: S\u00ed\u00a0<br \/>Funci\u00f3n \u00abEncuentra mi tel\u00e9fono\u00bb: S\u00ed\u00a0<br \/>Monitorizaci\u00f3n del estr\u00e9s: S\u00ed\u00a0<br \/>Funci\u00f3n Virtual Partner: S\u00ed\u00a0<br \/>Indicador de carrera: S\u00ed\u00a0<br \/>Informaci\u00f3n de la luna y el Sol: S\u00ed\u00a0<br \/>Medici\u00f3n manual de frecuencia card\u00edaca: S\u00ed\u00a0<br \/>Medici\u00f3n del efecto del entrenamiento: S\u00ed\u00a0<br \/>Modo multideporte: S\u00ed\u00a0<br \/>Monitor de frecuencia card\u00edaca: S\u00ed\u00a0<br \/>Orientaci\u00f3n en tiempo real: S\u00ed\u00a0<br \/>Pausa autom\u00e1tica: S\u00ed\u00a0<br \/>Seguimiento de actividad: S\u00ed\u00a0<br \/>Sensor de ox\u00edgeno en sangre: S\u00ed\u00a0<br \/>Sugerencia de tiempo de recuperaci\u00f3n: S\u00ed\u00a0<br \/>Temporizador: S\u00ed\u00a0<\/p>\n<p>-PANTALLA<\/p>\n<p>Diagonal: 2,29 cm (0.9&#8243;)\u00a0<br \/>Tama\u00f1o \u00fatil (HxV): 22 x 22 mm\u00a0<br \/>Resoluci\u00f3n: 176 x 176 p\u00edxeles\u00a0<br \/>Tipo de pantalla: Digital\u00a0<br \/>Tecnolog\u00eda de visualizaci\u00f3n: MIP\u00a0<br \/>Pantalla t\u00e1ctil: No\u00a0<\/p>\n<p>-DESEMPE\u00d1O<\/p>\n<p>Altavoces incorporados: No\u00a0<br \/>Micr\u00f3fono incorporado: No\u00a0<br \/>C\u00e1mara integrada: No\u00a0<br \/>Radio FM: No\u00a0<br \/>Memoria flash: 0,128 GB\u00a0<br \/>Sistemas operativos compatibles: Android, iOS\u00a0<\/p>\n","protected":false},"excerpt":{"rendered":"<p>Smartwatch garmin instin e 45mm amarillo correa silicona amarilla<\/p>\n","protected":false},"featured_media":230876,"comment_status":"open","ping_status":"open","template":"","meta":{"_et_pb_use_builder":"","_et_pb_old_content":"","_et_gb_content_width":""},"product_brand":[2384],"product_cat":[2058,3399,2316,2062],"product_tag":[2385,2318,2066],"class_list":{"0":"post-237682","1":"product","2":"type-product","3":"status-publish","4":"has-post-thumbnail","6":"product_brand-garmin","7":"product_cat-dispositivos","8":"product_cat-garmin","9":"product_cat-smartwatches","10":"product_cat-telefonia","11":"product_tag-garmin","12":"product_tag-smartwatches","13":"product_tag-telefonia","14":"pa_canon-digital-25-e-incluida","15":"pa_categoria-telefonia","16":"pa_marca-garmin","17":"pa_peso-3454","18":"pa_ref-dsp0000031123","20":"first","21":"instock","22":"sale","23":"taxable","24":"shipping-taxable","25":"purchasable","26":"product-type-simple"},"_links":{"self":[{"href":"https:\/\/linkxa.es\/linkshop\/wp-json\/wp\/v2\/product\/237682","targetHints":{"allow":["GET"]}}],"collection":[{"href":"https:\/\/linkxa.es\/linkshop\/wp-json\/wp\/v2\/product"}],"about":[{"href":"https:\/\/linkxa.es\/linkshop\/wp-json\/wp\/v2\/types\/product"}],"replies":[{"embeddable":true,"href":"https:\/\/linkxa.es\/linkshop\/wp-json\/wp\/v2\/comments?post=237682"}],"wp:featuredmedia":[{"embeddable":true,"href":"https:\/\/linkxa.es\/linkshop\/wp-json\/wp\/v2\/media\/230876"}],"wp:attachment":[{"href":"https:\/\/linkxa.es\/linkshop\/wp-json\/wp\/v2\/media?parent=237682"}],"wp:term":[{"taxonomy":"product_brand","embeddable":true,"href":"https:\/\/linkxa.es\/linkshop\/wp-json\/wp\/v2\/product_brand?post=237682"},{"taxonomy":"product_cat","embeddable":true,"href":"https:\/\/linkxa.es\/linkshop\/wp-json\/wp\/v2\/product_cat?post=237682"},{"taxonomy":"product_tag","embeddable":true,"href":"https:\/\/linkxa.es\/linkshop\/wp-json\/wp\/v2\/product_tag?post=237682"}],"curies":[{"name":"wp","href":"https:\/\/api.w.org\/{rel}","templated":true}]}}