{"id":238302,"date":"2025-02-19T16:08:03","date_gmt":"2025-02-19T16:08:03","guid":{"rendered":"https:\/\/linkxa.es\/contratacion\/producto\/tv-daewoo-43-pulgadas-led-4k-uhd-2\/"},"modified":"2025-10-09T13:32:28","modified_gmt":"2025-10-09T13:32:28","slug":"tv-daewoo-43-pulgadas-led-4k-uhd-2","status":"publish","type":"product","link":"https:\/\/linkxa.es\/linkshop\/producto\/tv-daewoo-43-pulgadas-led-4k-uhd-2\/","title":{"rendered":"Tv daewoo 43 pulgadas led 4k uhd"},"content":{"rendered":"<div style=\"text-align: center; margin-bottom: 20px;\">\n<h2 style=\"font-size: 22px; font-weight: 600; margin: 0; color: #333;\">Daewoo \u00a0|\u00a0 Television<\/h2>\n<\/div>\n<p style=\"max-width: 700px; margin: 0px auto 30px; font-size: 18px; line-height: 1.6; color: #555555; font-style: italic; text-align: left;\">\u00a1Descubre la nueva Smart TV Daewoo 43DM65UV y lleva tu entretenimiento al siguiente nivel! Con una pantalla de 43 pulgadas (109 cm) y resoluci\u00f3n 4K UHD de 3840 x 2160 px, disfrutar\u00e1s de im\u00e1genes m\u00e1s n\u00edtidas, colores vibrantes y detalles impresionantes. Su panel DLED y tecnolog\u00edas avanzadas como HDR10 y HLG garantizan un contraste mejorado y una experiencia visual inmersiva, ideal para ver tus pel\u00edculas, series y deportes favoritos. Adem\u00e1s, la funci\u00f3n UHD Escalable optimiza los contenidos en baja resoluci\u00f3n, brindando siempre la mejor calidad de imagen posible. La TV tambi\u00e9n cuida de tu vista gracias a su protector de luz azul, perfecto para largas sesiones frente a la pantalla. En cuanto al sonido, cuenta con una potencia de 2x8W y tecnolog\u00eda Dolby Audio, ofreciendo un audio claro y envolvente para complementar la calidad visual.<\/p>\n<p>Gracias a su procesador Quad Core, esta Smart TV ofrece un rendimiento fluido y eficiente. Incluye funciones como reproductor multimedia, grabaci\u00f3n por USB y conectividad WiFi para que disfrutes de una experiencia completa. Adem\u00e1s, con sintonizadores DVB-T2\/C\/S2 y HBBTV, tendr\u00e1s acceso a una amplia variedad de canales y contenidos. En t\u00e9rminos de conectividad, el modelo 43DM65UV ofrece 3 puertos HDMI, 2 puertos USB, Ethernet, salida de audio \u00f3ptica, toma de auriculares y puerto para sat\u00e9lite. Tambi\u00e9n incluye funcionalidades adicionales como el pr\u00e1ctico Hotel Mode, permiti\u00e9ndote personalizar su uso. Con un dise\u00f1o moderno y clase energ\u00e9tica eficiente, esta televisi\u00f3n combina rendimiento, estilo y versatilidad para adaptarse a cualquier espacio.<br \/>Televisor Smart TV<br \/>Modelo: 43DM65UV<br \/>Marca: Daewoo<br \/>Tama\u00f1o de la pantalla: 43\u0092\u0092<br \/>Resoluci\u00f3n: 4K UHD 3840 x 2160 px<br \/>Dise\u00f1o sin bordes<br \/>Pantalla Ultra Slim<br \/>Tipo de panel: DLED<br \/>UHD Escalable<br \/>Protector de luz azul<br \/>Imagen:<\/p>\n<p>HDR10<br \/>HLG<\/p>\n<p>Audio:<\/p>\n<p>Potencia de sonido (RMS): 2 x 8W<br \/>Dolby Audio<\/p>\n<p>Smart TV:<\/p>\n<p>Sistema operativo: VIDAA<br \/>Compatible con: Netflix, Prime Video, Disney+, DAZN, Apple TV+, Youtube, TikTok\u0085<br \/>Procesador Quad Core<br \/>Wifi<br \/>HBBTV<br \/>Reproductor multimedia<br \/>Grabaci\u00f3n por USB<\/p>\n<p>Puertos y conexiones:<\/p>\n<p>HDMI: 3<br \/>USB: 2<br \/>Toma de auriculares: 1<br \/>Salida \u00f3ptica de audio: 1<br \/>Ethernet: 1<br \/>Sat\u00e9lite: 1<\/p>\n<p>Modo Hotel<br \/>Eficiencia energ\u00e9tica: E<br \/>Medidas:<\/p>\n<p>Medidas sin stand: 55,5 x 97,1 x 8,7 cm (Alto x Ancho x Profundidad)<br \/>Medidas con stand: 58,8 x 97,1 x 21,8 cm (Alto x Ancho x Profundidad)<\/p>\n","protected":false},"excerpt":{"rendered":"<p>Tv daewoo 43 pulgadas led 4k uhd &#8211; 43dm65uv &#8211; smart tv<\/p>\n","protected":false},"featured_media":238092,"comment_status":"open","ping_status":"open","template":"","meta":{"_et_pb_use_builder":"","_et_pb_old_content":"","_et_gb_content_width":""},"product_brand":[3502],"product_cat":[3623,2058,2643,2780],"product_tag":[3506,2646,1465],"class_list":{"0":"post-238302","1":"product","2":"type-product","3":"status-publish","4":"has-post-thumbnail","6":"product_brand-daewoo","7":"product_cat-daewoo-television","8":"product_cat-dispositivos","9":"product_cat-monitores-y-tv","10":"product_cat-television","11":"product_tag-daewoo","12":"product_tag-monitores-y-tv","13":"product_tag-television","14":"pa_canon-digital-0-e-incluida","15":"pa_categoria-monitores-y-tv","16":"pa_marca-daewoo","17":"pa_peso-3508","18":"pa_ref-mgs0000024992","20":"first","21":"instock","22":"sale","23":"taxable","24":"shipping-taxable","25":"purchasable","26":"product-type-simple"},"_links":{"self":[{"href":"https:\/\/linkxa.es\/linkshop\/wp-json\/wp\/v2\/product\/238302","targetHints":{"allow":["GET"]}}],"collection":[{"href":"https:\/\/linkxa.es\/linkshop\/wp-json\/wp\/v2\/product"}],"about":[{"href":"https:\/\/linkxa.es\/linkshop\/wp-json\/wp\/v2\/types\/product"}],"replies":[{"embeddable":true,"href":"https:\/\/linkxa.es\/linkshop\/wp-json\/wp\/v2\/comments?post=238302"}],"wp:featuredmedia":[{"embeddable":true,"href":"https:\/\/linkxa.es\/linkshop\/wp-json\/wp\/v2\/media\/238092"}],"wp:attachment":[{"href":"https:\/\/linkxa.es\/linkshop\/wp-json\/wp\/v2\/media?parent=238302"}],"wp:term":[{"taxonomy":"product_brand","embeddable":true,"href":"https:\/\/linkxa.es\/linkshop\/wp-json\/wp\/v2\/product_brand?post=238302"},{"taxonomy":"product_cat","embeddable":true,"href":"https:\/\/linkxa.es\/linkshop\/wp-json\/wp\/v2\/product_cat?post=238302"},{"taxonomy":"product_tag","embeddable":true,"href":"https:\/\/linkxa.es\/linkshop\/wp-json\/wp\/v2\/product_tag?post=238302"}],"curies":[{"name":"wp","href":"https:\/\/api.w.org\/{rel}","templated":true}]}}