{"id":238304,"date":"2025-02-20T11:07:49","date_gmt":"2025-02-20T11:07:49","guid":{"rendered":"https:\/\/linkxa.es\/contratacion\/producto\/tv-daewoo-55-pulgadas-qled-4k-uhd-2\/"},"modified":"2025-10-09T13:34:39","modified_gmt":"2025-10-09T13:34:39","slug":"tv-daewoo-55-pulgadas-qled-4k-uhd-2","status":"publish","type":"product","link":"https:\/\/linkxa.es\/linkshop\/producto\/tv-daewoo-55-pulgadas-qled-4k-uhd-2\/","title":{"rendered":"Tv daewoo 55 pulgadas qled 4k uhd"},"content":{"rendered":"<div style=\"text-align: center; margin-bottom: 20px;\">\n<h2 style=\"font-size: 22px; font-weight: 600; margin: 0; color: #333;\">Daewoo \u00a0|\u00a0 Television<\/h2>\n<\/div>\n<p style=\"max-width: 700px; margin: 0px auto 30px; font-size: 18px; line-height: 1.6; color: #555555; font-style: italic; text-align: left;\">\u00a1Descubre la nueva Smart TV Daewoo 55DM65QV y lleva tu entretenimiento a un nivel superior! Con una impresionante pantalla QLED de 55 pulgadas (140 cm) y resoluci\u00f3n 4K UHD de 3840 x 2160 px, disfrutar\u00e1s de im\u00e1genes n\u00edtidas, colores vibrantes y detalles m\u00e1s realistas que nunca. Su panel DLED y tecnolog\u00edas avanzadas como HDR10 y HLG proporcionan un contraste superior y una experiencia visual inmersiva. Adem\u00e1s, la funci\u00f3n UHD Escalable mejora los contenidos de baja resoluci\u00f3n, asegurando siempre una calidad de imagen excepcional. Para proteger tu vista durante largas sesiones frente a la pantalla, la TV incluye un protector de luz azul, brind\u00e1ndote una experiencia m\u00e1s c\u00f3moda. En cuanto al sonido, la potencia de 2x8W y la tecnolog\u00eda Dolby Audio ofrecen un audio claro y envolvente, ideal para complementar la calidad de la imagen.<br \/>Equipado con un procesador Quad Core, el modelo 55DM65QV asegura un rendimiento fluido y eficiente, permiti\u00e9ndote disfrutar de tus aplicaciones y contenidos favoritos sin problemas. Adem\u00e1s, cuenta con funciones como reproductor multimedia, grabaci\u00f3n por USB y conectividad WiFi para que disfrutes de una experiencia completa. Con sintonizadores DVB-T2\/C\/S2 y HBBTV, tendr\u00e1s acceso a una gran variedad de canales y contenidos. En cuanto a conectividad, el modelo ofrece 3 puertos HDMI, 2 puertos USB, Ethernet, salida de audio \u00f3ptica, toma de auriculares y puerto para sat\u00e9lite. Tambi\u00e9n dispone del pr\u00e1ctico Hotel Mode, para personalizar su uso. Con un dise\u00f1o moderno y clase energ\u00e9tica eficiente, esta televisi\u00f3n combina rendimiento, estilo y funcionalidad para adaptarse a cualquier espacio. \u00a1Disfruta del mejor entretenimiento con Daewoo!<\/p>\n<p>Televisor Smart TV<br \/>Modelo: 55DM65QV<br \/>Marca: Daewoo<br \/>Tama\u00f1o de la pantalla: 55\u0092\u0092<br \/>Resoluci\u00f3n: 4K UHD 3840 x 2160 px<br \/>Dise\u00f1o sin bordes<br \/>Pantalla Ultra Slim<br \/>Tipo de panel: QLED<br \/>UHD Escalable<br \/>Protector de luz azul<br \/>Imagen:<\/p>\n<p>HDR10<br \/>HLG<\/p>\n<p>Audio:<\/p>\n<p>Potencia de sonido (RMS): 2 x 8W<br \/>Dolby Audio<\/p>\n<p>Smart TV:<\/p>\n<p>Sistema operativo: VIDAA<br \/>Compatible con: Netflix, Prime Video, Disney+, DAZN, Apple TV+, Youtube, TikTok\u0085<br \/>Procesador Quad Core<br \/>Wifi<br \/>HBBTV<br \/>Reproductor multimedia<br \/>Grabaci\u00f3n por USB<\/p>\n<p>Puertos y conexiones:<\/p>\n<p>HDMI: 3<br \/>USB: 2<br \/>Toma de auriculares: 1<br \/>Salida \u00f3ptica de audio: 1<br \/>Ethernet: 1<br \/>Sat\u00e9lite: 1<\/p>\n<p>Modo Hotel<br \/>Eficiencia energ\u00e9tica: E<br \/>Medidas:<\/p>\n<p>Medidas sin stand: 71,5 x 123,5 x 8,7 cm (Alto x Ancho x Profundidad)<br \/>Medidas con stand: 75,3 x 123,5 x 23,2 cm (Alto x Ancho x Profundidad)<\/p>\n<p><\/p>\n","protected":false},"excerpt":{"rendered":"<p>Tv daewoo 55 pulgadas qled 4k uhd &#8211; 55dm65qv &#8211; smart tv<\/p>\n","protected":false},"featured_media":238100,"comment_status":"open","ping_status":"open","template":"","meta":{"_et_pb_use_builder":"","_et_pb_old_content":"","_et_gb_content_width":""},"product_brand":[3502],"product_cat":[3623,2058,2643,2780],"product_tag":[3506,2646,1465],"class_list":{"0":"post-238304","1":"product","2":"type-product","3":"status-publish","4":"has-post-thumbnail","6":"product_brand-daewoo","7":"product_cat-daewoo-television","8":"product_cat-dispositivos","9":"product_cat-monitores-y-tv","10":"product_cat-television","11":"product_tag-daewoo","12":"product_tag-monitores-y-tv","13":"product_tag-television","14":"pa_canon-digital-0-e-incluida","15":"pa_categoria-monitores-y-tv","16":"pa_marca-daewoo","17":"pa_peso-3512","18":"pa_ref-mgs0000024996","20":"first","21":"instock","22":"sale","23":"taxable","24":"shipping-taxable","25":"purchasable","26":"product-type-simple"},"_links":{"self":[{"href":"https:\/\/linkxa.es\/linkshop\/wp-json\/wp\/v2\/product\/238304","targetHints":{"allow":["GET"]}}],"collection":[{"href":"https:\/\/linkxa.es\/linkshop\/wp-json\/wp\/v2\/product"}],"about":[{"href":"https:\/\/linkxa.es\/linkshop\/wp-json\/wp\/v2\/types\/product"}],"replies":[{"embeddable":true,"href":"https:\/\/linkxa.es\/linkshop\/wp-json\/wp\/v2\/comments?post=238304"}],"wp:featuredmedia":[{"embeddable":true,"href":"https:\/\/linkxa.es\/linkshop\/wp-json\/wp\/v2\/media\/238100"}],"wp:attachment":[{"href":"https:\/\/linkxa.es\/linkshop\/wp-json\/wp\/v2\/media?parent=238304"}],"wp:term":[{"taxonomy":"product_brand","embeddable":true,"href":"https:\/\/linkxa.es\/linkshop\/wp-json\/wp\/v2\/product_brand?post=238304"},{"taxonomy":"product_cat","embeddable":true,"href":"https:\/\/linkxa.es\/linkshop\/wp-json\/wp\/v2\/product_cat?post=238304"},{"taxonomy":"product_tag","embeddable":true,"href":"https:\/\/linkxa.es\/linkshop\/wp-json\/wp\/v2\/product_tag?post=238304"}],"curies":[{"name":"wp","href":"https:\/\/api.w.org\/{rel}","templated":true}]}}