{"id":238305,"date":"2024-11-27T19:58:32","date_gmt":"2024-11-27T19:58:32","guid":{"rendered":"https:\/\/linkxa.es\/contratacion\/producto\/tv-hisense-40-pulgadas-led-fhd-40a4q-2\/"},"modified":"2025-10-09T13:35:55","modified_gmt":"2025-10-09T13:35:55","slug":"tv-hisense-40-pulgadas-led-fhd-40a4q-2","status":"publish","type":"product","link":"https:\/\/linkxa.es\/linkshop\/producto\/tv-hisense-40-pulgadas-led-fhd-40a4q-2\/","title":{"rendered":"Tv hisense 40 pulgadas led fhd 40a4q"},"content":{"rendered":"<div style=\"text-align: center; margin-bottom: 20px;\">\n<h2 style=\"font-size: 22px; font-weight: 600; margin: 0; color: #333;\">Hisense \u00a0|\u00a0 Television<\/h2>\n<\/div>\n<p style=\"max-width: 700px; margin: 0px auto 30px; font-size: 18px; line-height: 1.6; color: #555555; font-style: italic; text-align: left;\">&#8211; SERIE\u00a0<br \/>A4Q\u00a0<\/p>\n<p>&#8211; MODELO\u00a0<br \/>40A4Q\u00a0<\/p>\n<p>&#8211; EAN\u00a0<br \/>6942351418032\u00a0<\/p>\n<p>&#8211; DISE\u00d1O Y MATERIALES\u00a0<br \/>Material cubierta delantera: Pl\u00e1stico \/ Negro\u00a0<br \/>Material cubierta trasera: Pl\u00e1stico \/ Negro\u00a0<br \/>Dise\u00f1o del marco: Sin bisel\u00a0<br \/>Material del marco: Pl\u00e1stico\u00a0<\/p>\n<p>&#8211; TIPO DE TV\u00a0<br \/>FHD TV\u00a0<\/p>\n<p>&#8211; PANTALLA\u00a0<br \/>Tipo de panel: VA\u00a0<br \/>Antirreflectante: No\u00a0<br \/>Relaci\u00f3n de aspecto: 16:9\u00a0<br \/>Tiempo de respuesta: 9.5 ms\u00a0<br \/>Tama\u00f1o: 40 pulgadas \/ 100 cm\u00a0<br \/>\u00c1rea visible: 4261.9 cm\u00b2\u00a0<br \/>Resoluci\u00f3n: Full HD 1920 x 1080\u00a0<br \/>\u00c1ngulo de visi\u00f3n: 178\u00b0\u00a0<br \/>Profundidad de color: 8 bit\u00a0<br \/>Color gamut DCI-P3: 0.72\u00a0<br \/>Frecuencia V-Sync: 60 Hz\u00a0<br \/>Contraste: 5000:1\u00a0<br \/>Brillo t\u00edpico: 200 nits\u00a0<br \/>Nivel de negro: 0.3 nits\u00a0<br \/>Tecnolog\u00eda de retroiluminaci\u00f3n: DLED\u00a0<br \/>Local Dimming: No\u00a0<br \/>HDR10 \/ HLG \/ Dolby Vision: No\u00a0<\/p>\n<p>&#8211; RENDIMIENTO\u00a0<br \/>Procesador: NT72690\u00a0<br \/>Escalado UHD: No\u00a0<br \/>MEMC: No\u00a0<br \/>Modo Juego (input lag): 10 ms\u00a0<br \/>Decodificaci\u00f3n: MPEG-2, MPEG-4, H.264, VP8, VP9, HEVC (H.265), VC-1\u00a0<\/p>\n<p>&#8211; AUDIO\u00a0<br \/>Potencia de salida: 2 x 7W\u00a0<br \/>Tecnolog\u00edas de audio: Dolby MS12, AC-4, NICAM\/A2\u00a0<br \/>Ecualizador: S\u00ed\u00a0<\/p>\n<p>&#8211; SMART TV Y FUNCIONES\u00a0<br \/>Sistema operativo: VIDAA U8.5\u00a0<br \/>Reproductor multimedia: S\u00ed\u00a0<br \/>Modo Hotel: S\u00ed\u00a0<br \/>Navegador web: S\u00ed (Odin)\u00a0<br \/>HbbTV: 2.0.3\u00a0<br \/>Screen Sharing \/ Anyview Cast: S\u00ed\u00a0<br \/>App para smartphone: VIDAA\u00a0<\/p>\n<p>&#8211; RECEPCI\u00d3N Y SINTONIZACI\u00d3N\u00a0<br \/>Soporte LCN: S\u00ed\u00a0<br \/>Teletexto: S\u00ed\u00a0<br \/>EPG: S\u00ed (8 d\u00edas)\u00a0<br \/>Control parental: S\u00ed\u00a0<br \/>Ordenaci\u00f3n de canales exportable: S\u00ed\u00a0<br \/>Lista de canales favoritos: S\u00ed (4)\u00a0<\/p>\n<p>&#8211; CONECTIVIDAD\u00a0<br \/>CI+ \/ CI+ ECP: S\u00ed\u00a0<br \/>HDMI: 2 x HDMI 1.4 (uno con eARC)\u00a0<br \/>USB: 1 x USB 2.0\u00a0<br \/>Salida S\/PDIF: 1\u00a0<br \/>Salida auriculares: 1\u00a0<br \/>Sintonizador RF: 2\u00a0<br \/>Puerto Ethernet RJ45: S\u00ed\u00a0<br \/>WiFi: IEEE 802.11 b\/g\/n (2.4G)\u00a0<br \/>Bluetooth: No\u00a0<\/p>\n<p>&#8211; EFICIENCIA ENERG\u00c9TICA\u00a0<br \/>Clase energ\u00e9tica SDR: F\u00a0<br \/>Consumo en uso: 74 W\u00a0<br \/>Consumo en standby: 0.5 W\u00a0<br \/>Consumo SDR cada 1000h: 39 kWh\u00a0<br \/>Fuente de alimentaci\u00f3n: 100V &#8211; 240V, 50\/60 Hz\u00a0<br \/>Contenido de mercurio y plomo conforme a directiva RoHS\u00a0<\/p>\n<p>&#8211; PESO Y DIMENSIONES\u00a0<br \/>Peso con base: 5.5 kg\u00a0<br \/>Peso sin base: 5.4 kg\u00a0<br \/>Peso con embalaje: 7.9 kg\u00a0<br \/>Dimensiones con base: 900 \u00d7 186 \u00d7 565 mm\u00a0<br \/>Dimensiones sin base: 900 \u00d7 85 \u00d7 515 mm\u00a0<br \/>Dimensiones del embalaje: 1008 \u00d7 129 \u00d7 615 mm\u00a0<br \/>Compatibilidad VESA: 200 \u00d7 200 mm\u00a0<\/p>\n<p>&#8211; ACCESORIOS\u00a0<br \/>Base: Negro, medidas 812 \u00d7 186 mm\u00a0<br \/>Mando a distancia: EN2B38H (EU), EN2C38H (Francia)\u00a0<br \/>Pilas mando: AAA x 2\u00a0<br \/>Manual de usuario: S\u00ed\u00a0<br \/>Gu\u00eda de inicio r\u00e1pido: S\u00ed\u00a0<br \/>Cable de alimentaci\u00f3n: S\u00ed\u00a0<\/p>\n<p>&#8211; FORMATOS COMPATIBLES\u00a0<br \/>V\u00eddeo: .mp4, .mov, .mkv, .ts, .avi, .wmv, .flv, .webm\u00a0<br \/>Audio: .wav, .mp3, .m4a, .aac, .wma, .ac3, .flac, .opus\u00a0<br \/>Imagen: .jpg, .jpeg, .png, .bmp, .gif\u00a0<\/p>\n<p>&#8211; FUNCIONES DESTACADAS\u00a0<br \/>Resoluci\u00f3n Full HD con excelente nitidez y color\u00a0<br \/>Contraste alto con negros profundos y blancos brillantes\u00a0<br \/>Mejorador del color natural\u00a0<br \/>Reducci\u00f3n de ruido para im\u00e1genes m\u00e1s claras\u00a0<br \/>Mejorador de profundidad para escenas m\u00e1s realistas\u00a0<br \/>Modo Deportes IA con optimizaci\u00f3n autom\u00e1tica\u00a0<br \/>DTS Virtual:X y Dolby Audio para sonido envolvente\u00a0<br \/>Modo Juego con baja latencia\u00a0<br \/>Funci\u00f3n Comparte al TV desde dispositivos\u00a0<br \/>Conectividad amplia con puertos HDMI, USB y WiFi\u00a0<\/p>\n","protected":false},"excerpt":{"rendered":"<p>Tv hisense 40 pulgadas led fhd &#8211; 40a4q &#8211; smart tv<\/p>\n","protected":false},"featured_media":238104,"comment_status":"open","ping_status":"open","template":"","meta":{"_et_pb_use_builder":"","_et_pb_old_content":"","_et_gb_content_width":""},"product_brand":[3516],"product_cat":[2058,3624,2643,2780],"product_tag":[3518,2646,1465],"class_list":{"0":"post-238305","1":"product","2":"type-product","3":"status-publish","4":"has-post-thumbnail","6":"product_brand-hisense","7":"product_cat-dispositivos","8":"product_cat-hisense-television","9":"product_cat-monitores-y-tv","10":"product_cat-television","11":"product_tag-hisense","12":"product_tag-monitores-y-tv","13":"product_tag-television","14":"pa_canon-digital-0-e-incluida","15":"pa_categoria-monitores-y-tv","16":"pa_marca-hisense","17":"pa_peso-3515","18":"pa_ref-mgs0000027875","20":"first","21":"instock","22":"sale","23":"taxable","24":"shipping-taxable","25":"purchasable","26":"product-type-simple"},"_links":{"self":[{"href":"https:\/\/linkxa.es\/linkshop\/wp-json\/wp\/v2\/product\/238305","targetHints":{"allow":["GET"]}}],"collection":[{"href":"https:\/\/linkxa.es\/linkshop\/wp-json\/wp\/v2\/product"}],"about":[{"href":"https:\/\/linkxa.es\/linkshop\/wp-json\/wp\/v2\/types\/product"}],"replies":[{"embeddable":true,"href":"https:\/\/linkxa.es\/linkshop\/wp-json\/wp\/v2\/comments?post=238305"}],"wp:featuredmedia":[{"embeddable":true,"href":"https:\/\/linkxa.es\/linkshop\/wp-json\/wp\/v2\/media\/238104"}],"wp:attachment":[{"href":"https:\/\/linkxa.es\/linkshop\/wp-json\/wp\/v2\/media?parent=238305"}],"wp:term":[{"taxonomy":"product_brand","embeddable":true,"href":"https:\/\/linkxa.es\/linkshop\/wp-json\/wp\/v2\/product_brand?post=238305"},{"taxonomy":"product_cat","embeddable":true,"href":"https:\/\/linkxa.es\/linkshop\/wp-json\/wp\/v2\/product_cat?post=238305"},{"taxonomy":"product_tag","embeddable":true,"href":"https:\/\/linkxa.es\/linkshop\/wp-json\/wp\/v2\/product_tag?post=238305"}],"curies":[{"name":"wp","href":"https:\/\/api.w.org\/{rel}","templated":true}]}}