{"id":238311,"date":"2025-02-01T12:20:40","date_gmt":"2025-02-01T12:20:40","guid":{"rendered":"https:\/\/linkxa.es\/contratacion\/producto\/tv-daewoo-40-pulgadas-led-fhd-40dm95fv-2\/"},"modified":"2025-10-09T13:46:50","modified_gmt":"2025-10-09T13:46:50","slug":"tv-daewoo-40-pulgadas-led-fhd-40dm95fv-2","status":"publish","type":"product","link":"https:\/\/linkxa.es\/linkshop\/producto\/tv-daewoo-40-pulgadas-led-fhd-40dm95fv-2\/","title":{"rendered":"Tv daewoo 40 pulgadas led fhd 40dm95fv"},"content":{"rendered":"<div style=\"text-align: center; margin-bottom: 20px;\">\n<h2 style=\"font-size: 22px; font-weight: 600; margin: 0; color: #333;\">Daewoo \u00a0|\u00a0 Television<\/h2>\n<\/div>\n<p style=\"max-width: 700px; margin: 0px auto 30px; font-size: 18px; line-height: 1.6; color: #555555; font-style: italic; text-align: left;\">Disfruta de una experiencia visual envolvente con el Smart TV Daewoo 40DM95FV de 40 pulgadas, ideal para quienes buscan calidad de imagen y funciones inteligentes a un precio accesible. Equipado con un panel DLED y resoluci\u00f3n Full HD, este televisor ofrece im\u00e1genes n\u00edtidas, colores vivos y detalles precisos. Adem\u00e1s, incorpora tecnolog\u00eda UHD escalable, que mejora la calidad del contenido no UHD para acercarlo a una resoluci\u00f3n superior. El modelo 40DM85FV tambi\u00e9n cuenta con HDR10 y HLG, formatos que optimizan el contraste y la luminosidad, mostrando negros m\u00e1s profundos y blancos m\u00e1s brillantes para una visualizaci\u00f3n m\u00e1s realista. Su protector de luz azul reduce la fatiga visual, haci\u00e9ndolo perfecto para largas sesiones de entretenimiento.<\/p>\n<p>Como buen Smart TV, incluye WiFi integrado, HBBTV, y funciones de reproducci\u00f3n multimedia, adem\u00e1s de la posibilidad de grabar contenido por USB para que no te pierdas tus programas favoritos. Su sistema de sonido est\u00e1 respaldado por Dolby Audio y una muy buena potencia, ofreciendo una experiencia auditiva clara y envolvente. Este televisor tambi\u00e9n destaca por su dise\u00f1o moderno y compacto, ideal para salones, dormitorios o espacios reducidos. Su clase energ\u00e9tica D lo hace eficiente dentro de su categor\u00eda, ayudando a reducir el consumo el\u00e9ctrico sin renunciar al rendimiento. El Daewoo 40DM95FV combina tecnolog\u00eda, funcionalidad y comodidad en un solo equipo. Una opci\u00f3n vers\u00e1til y completa para disfrutar del mejor entretenimiento en casa.<\/p>\n<p>&#8211; Televisor Smart TV<\/p>\n<p>&#8211; Modelo: 40DM95FV<\/p>\n<p>&#8211; Marca: Daewoo<\/p>\n<p>&#8211; Tama\u00f1o de la pantalla: 40\u0092\u0092<\/p>\n<p>&#8211; Resoluci\u00f3n: Full HD 1920 x 1080 px<\/p>\n<p>&#8211; Dise\u00f1o sin bordes<\/p>\n<p>&#8211; Pantalla Ultra Slim<\/p>\n<p>&#8211; Tipo de panel: DLED<\/p>\n<p>&#8211; UHD Escalable<\/p>\n<p>&#8211; Protector de luz azul<\/p>\n<p>&#8211; Imagen:<\/p>\n<p>\u00a0\u00a0\u00a0\u00a0\u00a0\u00a0\u00a0\u00a0\u00a0\u00a0\u00a0 &#8211; HDR10<\/p>\n<p>\u00a0\u00a0\u00a0\u00a0\u00a0\u00a0\u00a0\u00a0\u00a0\u00a0\u00a0 &#8211; HLG<\/p>\n<p>&#8211; Audio:<\/p>\n<p>\u00a0\u00a0\u00a0\u00a0\u00a0\u00a0\u00a0\u00a0\u00a0\u00a0\u00a0 &#8211; Potencia de sonido (RMS): 2 x 4W<\/p>\n<p>\u00a0\u00a0\u00a0\u00a0\u00a0\u00a0\u00a0\u00a0\u00a0\u00a0\u00a0 &#8211; Dolby Audio<\/p>\n<p>&#8211; Smart TV:<\/p>\n<p>&#8211; Sistema operativo: VIDAA<\/p>\n<p>&#8211; Compatible con: Netflix, Prime Video, Disney+, DAZN, Apple TV+, Youtube, TikTok\u0085.<\/p>\n<p>&#8211; Procesador Quad Core<\/p>\n<p>&#8211; Wifi<\/p>\n<p>&#8211; HBBTV<\/p>\n<p>&#8211; Reproductor multimedia<\/p>\n<p>&#8211; Grabaci\u00f3n por USB<\/p>\n<p>&#8211; Puertos y conexiones:<\/p>\n<p>&#8211; HDMI: 2<\/p>\n<p>&#8211; USB: 1<\/p>\n<p>&#8211; Toma de auriculares: 1<\/p>\n<p>&#8211; Salida \u00f3ptica de audio: 1<\/p>\n<p>&#8211; Ethernet: 1<\/p>\n<p>&#8211; Sat\u00e9lite 1<\/p>\n<p>&#8211; Modo Hotel<\/p>\n<p>&#8211; Eficiencia energ\u00e9tica: D<\/p>\n<p>&#8211; Medidas:<\/p>\n<p>\u00a0\u00a0\u00a0\u00a0\u00a0\u00a0\u00a0\u00a0\u00a0\u00a0\u00a0 &#8211; Medidas sin stand: 50,5 x 89,3 x 7,7 cm (Alto x Ancho x Profundidad)<\/p>\n<p>\u00a0\u00a0\u00a0\u00a0\u00a0\u00a0\u00a0\u00a0\u00a0\u00a0\u00a0 &#8211; Medidas con stand: 54,5 x 89,3 x 17,2 (Alto x Ancho x Profundidad)<\/p>\n","protected":false},"excerpt":{"rendered":"<p>Tv daewoo 40 pulgadas led fhd &#8211; 40dm95fv &#8211; smart tv<\/p>\n","protected":false},"featured_media":238135,"comment_status":"open","ping_status":"open","template":"","meta":{"_et_pb_use_builder":"","_et_pb_old_content":"","_et_gb_content_width":""},"product_brand":[3502],"product_cat":[3623,2058,2643,2780],"product_tag":[3506,2646,1465],"class_list":{"0":"post-238311","1":"product","2":"type-product","3":"status-publish","4":"has-post-thumbnail","6":"product_brand-daewoo","7":"product_cat-daewoo-television","8":"product_cat-dispositivos","9":"product_cat-monitores-y-tv","10":"product_cat-television","11":"product_tag-daewoo","12":"product_tag-monitores-y-tv","13":"product_tag-television","14":"pa_canon-digital-0-e-incluida","15":"pa_categoria-monitores-y-tv","16":"pa_marca-daewoo","17":"pa_peso-3522","18":"pa_ref-mgs0000029821","20":"first","21":"instock","22":"sale","23":"taxable","24":"shipping-taxable","25":"purchasable","26":"product-type-simple"},"_links":{"self":[{"href":"https:\/\/linkxa.es\/linkshop\/wp-json\/wp\/v2\/product\/238311","targetHints":{"allow":["GET"]}}],"collection":[{"href":"https:\/\/linkxa.es\/linkshop\/wp-json\/wp\/v2\/product"}],"about":[{"href":"https:\/\/linkxa.es\/linkshop\/wp-json\/wp\/v2\/types\/product"}],"replies":[{"embeddable":true,"href":"https:\/\/linkxa.es\/linkshop\/wp-json\/wp\/v2\/comments?post=238311"}],"wp:featuredmedia":[{"embeddable":true,"href":"https:\/\/linkxa.es\/linkshop\/wp-json\/wp\/v2\/media\/238135"}],"wp:attachment":[{"href":"https:\/\/linkxa.es\/linkshop\/wp-json\/wp\/v2\/media?parent=238311"}],"wp:term":[{"taxonomy":"product_brand","embeddable":true,"href":"https:\/\/linkxa.es\/linkshop\/wp-json\/wp\/v2\/product_brand?post=238311"},{"taxonomy":"product_cat","embeddable":true,"href":"https:\/\/linkxa.es\/linkshop\/wp-json\/wp\/v2\/product_cat?post=238311"},{"taxonomy":"product_tag","embeddable":true,"href":"https:\/\/linkxa.es\/linkshop\/wp-json\/wp\/v2\/product_tag?post=238311"}],"curies":[{"name":"wp","href":"https:\/\/api.w.org\/{rel}","templated":true}]}}