{"id":238317,"date":"2025-02-12T23:01:11","date_gmt":"2025-02-12T23:01:11","guid":{"rendered":"https:\/\/linkxa.es\/contratacion\/producto\/tv-chiq-40-pulgadas-led-l40m9v-fhd-2\/"},"modified":"2025-10-09T13:51:20","modified_gmt":"2025-10-09T13:51:20","slug":"tv-chiq-40-pulgadas-led-l40m9v-fhd-2","status":"publish","type":"product","link":"https:\/\/linkxa.es\/linkshop\/producto\/tv-chiq-40-pulgadas-led-l40m9v-fhd-2\/","title":{"rendered":"Tv chiq 40 pulgadas led l40m9v fhd"},"content":{"rendered":"<div style=\"text-align: center; margin-bottom: 20px;\">\n<h2 style=\"font-size: 22px; font-weight: 600; margin: 0; color: #333;\">Chiq \u00a0|\u00a0 Television<\/h2>\n<\/div>\n<p style=\"max-width: 700px; margin: 0px auto 30px; font-size: 18px; line-height: 1.6; color: #555555; font-style: italic; text-align: left;\">Diagonal de la pantallaimagen diagonal40\/100cmRelaci\u00f3n de aspectoFormato de imagen 16:9Resoluci\u00f3nResoluci\u00f3n 1920*1080 (FHD)Luminancia 220 liendresContrasteContraste 5000:1Color de<br \/>pantallaColor16,7 millones\u00c1ngulo de visi\u00f3n de la pantalla 178\/178Tiempo de respuestaTiempo de reacci\u00f3n 9,5 msHDR HDR10\/HLGTelevisor Sistema de v\u00eddeo en color PAL\/SECAMSistema de TV<br \/>PAL\/SECAM, DVB-T\/T2\/C\/S2Frecuencia de actualizaci\u00f3n 60 Hz<\/p>\n","protected":false},"excerpt":{"rendered":"<p>Tv chiq 40 pulgadas led l40m9v  fhd  google tv tv hdmi usb smart tv chasis metalico<\/p>\n","protected":false},"featured_media":238148,"comment_status":"open","ping_status":"open","template":"","meta":{"_et_pb_use_builder":"","_et_pb_old_content":"","_et_gb_content_width":""},"product_brand":[3547],"product_cat":[3627,2058,2643,2780],"product_tag":[3549,2646,1465],"class_list":{"0":"post-238317","1":"product","2":"type-product","3":"status-publish","4":"has-post-thumbnail","6":"product_brand-chiq","7":"product_cat-chiq-television","8":"product_cat-dispositivos","9":"product_cat-monitores-y-tv","10":"product_cat-television","11":"product_tag-chiq","12":"product_tag-monitores-y-tv","13":"product_tag-television","14":"pa_canon-digital-0-e-incluida","15":"pa_categoria-monitores-y-tv","16":"pa_marca-chiq","17":"pa_peso-3551","18":"pa_ref-mgs0000024715","20":"first","21":"instock","22":"sale","23":"taxable","24":"shipping-taxable","25":"purchasable","26":"product-type-simple"},"_links":{"self":[{"href":"https:\/\/linkxa.es\/linkshop\/wp-json\/wp\/v2\/product\/238317","targetHints":{"allow":["GET"]}}],"collection":[{"href":"https:\/\/linkxa.es\/linkshop\/wp-json\/wp\/v2\/product"}],"about":[{"href":"https:\/\/linkxa.es\/linkshop\/wp-json\/wp\/v2\/types\/product"}],"replies":[{"embeddable":true,"href":"https:\/\/linkxa.es\/linkshop\/wp-json\/wp\/v2\/comments?post=238317"}],"wp:featuredmedia":[{"embeddable":true,"href":"https:\/\/linkxa.es\/linkshop\/wp-json\/wp\/v2\/media\/238148"}],"wp:attachment":[{"href":"https:\/\/linkxa.es\/linkshop\/wp-json\/wp\/v2\/media?parent=238317"}],"wp:term":[{"taxonomy":"product_brand","embeddable":true,"href":"https:\/\/linkxa.es\/linkshop\/wp-json\/wp\/v2\/product_brand?post=238317"},{"taxonomy":"product_cat","embeddable":true,"href":"https:\/\/linkxa.es\/linkshop\/wp-json\/wp\/v2\/product_cat?post=238317"},{"taxonomy":"product_tag","embeddable":true,"href":"https:\/\/linkxa.es\/linkshop\/wp-json\/wp\/v2\/product_tag?post=238317"}],"curies":[{"name":"wp","href":"https:\/\/api.w.org\/{rel}","templated":true}]}}