{"id":238321,"date":"2024-12-21T01:54:55","date_gmt":"2024-12-21T01:54:55","guid":{"rendered":"https:\/\/linkxa.es\/contratacion\/producto\/tv-xiaomi-32-pulgadas-a-2025-hd-2\/"},"modified":"2025-10-09T13:53:48","modified_gmt":"2025-10-09T13:53:48","slug":"tv-xiaomi-32-pulgadas-a-2025-hd-2","status":"publish","type":"product","link":"https:\/\/linkxa.es\/linkshop\/producto\/tv-xiaomi-32-pulgadas-a-2025-hd-2\/","title":{"rendered":"Tv xiaomi 32 pulgadas a 2025 hd"},"content":{"rendered":"<div style=\"text-align: center; margin-bottom: 20px;\">\n<h2 style=\"font-size: 22px; font-weight: 600; margin: 0; color: #333;\">Xiaomi \u00a0|\u00a0 Television<\/h2>\n<\/div>\n<p style=\"max-width: 700px; margin: 0px auto 30px; font-size: 18px; line-height: 1.6; color: #555555; font-style: italic; text-align: left;\">Sum\u00e9rgete en la experiencia cinematogr\u00e1fica definitiva con el televisor Xiaomi A 2025 de 32 pulgadas. Este televisor ofrece im\u00e1genes impresionantes con una claridad excepcional y colores vibrantes. Adem\u00e1s, con Dolby Atmos integrado, disfrutar\u00e1s de un sonido envolvente y realista que te sumergir\u00e1 en cada escena. Con Google TV, tendr\u00e1s acceso a una amplia variedad de contenidos y aplicaciones para disfrutar de entretenimiento ilimitado. Ya sea viendo pel\u00edculas, programas de TV o jugando a tus videojuegos favoritos, este televisor ofrece una experiencia visual y auditiva incomparable. \u00a1Transforma tu sala de estar en un cine en casa con el televisor Xiaomi A 2025!<\/p>\n<p>Caracter\u00edsticas<\/p>\n<p>Procesador potente con 4 n\u00facleos<br \/>Google TV, admite el Asistente de Google manos libres<br \/>Centro de control del hogar inteligente<br \/>Mando a distancia con control por voz<br \/>Dise\u00f1o sin marcos<br \/>Sonido est\u00e9reo 2 altavoces 5W<\/p>\n<p>Especificaciones Xiaomi A 2025 32&#8243;<\/p>\n<p>Dise\u00f1o y Dimensiones:<br \/>Bezel-less design<br \/>Color: Black<br \/>Double stand<br \/>Dimensions (including base): 32 inch: 719 x 160 x 467mm, rest TBD<br \/>Wall mount: 100 x 100mm \/ 200 x 200mm<br \/>Display:<br \/>HD HDR<br \/>Resolution: HD: 1366*768<br \/>Color depth: HD: 16.7M 8Bit<br \/>Refresh rate: 60 HZ<br \/>Dolby Audio<br \/>MEMC<br \/>Audio:<br \/>Speaker: 10 W (2 x 5W) speakers<br \/>DTS-X, Virtual X<br \/>Procesador:<br \/>CPU: Quad A55<br \/>GPU: Mali G31MP2<br \/>RAM: 1.5 GB<br \/>Storage: 8GB<br \/>Conectividad:<br \/>Wi-Fi 5, 2.4GHz\/5GHz<br \/>Bluetooth 5.0<br \/>HDMI x 2 (eARC support)<br \/>USB 2.0 x 2<br \/>AV x 1<br \/>Contenido del paquete:<br \/>TV Xiaomi x 1<br \/>Control remoto Bluetooth x 1<br \/>Componentes del soporte x 2<br \/>Cable de alimentaci\u00f3n x 1<br \/>Bolsa de tornillos x 1<br \/>Manual de usuario x 1<\/p>\n<p><\/p>\n","protected":false},"excerpt":{"rendered":"<p>Tv xiaomi 32 pulgadas a 2025 hd &#8211; ela5192eu &#8211; google tv<\/p>\n","protected":false},"featured_media":238158,"comment_status":"open","ping_status":"open","template":"","meta":{"_et_pb_use_builder":"","_et_pb_old_content":"","_et_gb_content_width":""},"product_brand":[2092],"product_cat":[2058,2643,2780,3629],"product_tag":[2646,1465,2093],"class_list":{"0":"post-238321","1":"product","2":"type-product","3":"status-publish","4":"has-post-thumbnail","6":"product_brand-xiaomi","7":"product_cat-dispositivos","8":"product_cat-monitores-y-tv","9":"product_cat-television","10":"product_cat-xiaomi-television","11":"product_tag-monitores-y-tv","12":"product_tag-television","13":"product_tag-xiaomi","14":"pa_canon-digital-0-e-incluida","15":"pa_categoria-monitores-y-tv","16":"pa_marca-xiaomi","17":"pa_peso-3562","18":"pa_ref-mgs0000022245","20":"first","21":"instock","22":"sale","23":"taxable","24":"shipping-taxable","25":"purchasable","26":"product-type-simple"},"_links":{"self":[{"href":"https:\/\/linkxa.es\/linkshop\/wp-json\/wp\/v2\/product\/238321","targetHints":{"allow":["GET"]}}],"collection":[{"href":"https:\/\/linkxa.es\/linkshop\/wp-json\/wp\/v2\/product"}],"about":[{"href":"https:\/\/linkxa.es\/linkshop\/wp-json\/wp\/v2\/types\/product"}],"replies":[{"embeddable":true,"href":"https:\/\/linkxa.es\/linkshop\/wp-json\/wp\/v2\/comments?post=238321"}],"wp:featuredmedia":[{"embeddable":true,"href":"https:\/\/linkxa.es\/linkshop\/wp-json\/wp\/v2\/media\/238158"}],"wp:attachment":[{"href":"https:\/\/linkxa.es\/linkshop\/wp-json\/wp\/v2\/media?parent=238321"}],"wp:term":[{"taxonomy":"product_brand","embeddable":true,"href":"https:\/\/linkxa.es\/linkshop\/wp-json\/wp\/v2\/product_brand?post=238321"},{"taxonomy":"product_cat","embeddable":true,"href":"https:\/\/linkxa.es\/linkshop\/wp-json\/wp\/v2\/product_cat?post=238321"},{"taxonomy":"product_tag","embeddable":true,"href":"https:\/\/linkxa.es\/linkshop\/wp-json\/wp\/v2\/product_tag?post=238321"}],"curies":[{"name":"wp","href":"https:\/\/api.w.org\/{rel}","templated":true}]}}