{"id":238326,"date":"2025-10-02T00:05:16","date_gmt":"2025-10-02T00:05:16","guid":{"rendered":"https:\/\/linkxa.es\/contratacion\/producto\/tv-hisense-55-pulgadas-led-4k-uhd-2\/"},"modified":"2025-10-09T14:00:17","modified_gmt":"2025-10-09T14:00:17","slug":"tv-hisense-55-pulgadas-led-4k-uhd-2","status":"publish","type":"product","link":"https:\/\/linkxa.es\/linkshop\/producto\/tv-hisense-55-pulgadas-led-4k-uhd-2\/","title":{"rendered":"Tv hisense 55 pulgadas led 4k uhd"},"content":{"rendered":"<div style=\"text-align: center; margin-bottom: 20px;\">\n<h2 style=\"font-size: 22px; font-weight: 600; margin: 0; color: #333;\">Hisense \u00a0|\u00a0 Television<\/h2>\n<\/div>\n<p style=\"max-width: 700px; margin: 0px auto 30px; font-size: 18px; line-height: 1.6; color: #555555; font-style: italic; text-align: left;\">&#8211; SERIE\u00a0<br \/>A6Q\u00a0<\/p>\n<p>&#8211; MODELO\u00a0<br \/>55A6Q\u00a0<\/p>\n<p>&#8211; EAN\u00a0<br \/>6942351415765\u00a0<\/p>\n<p>&#8211; DISE\u00d1O Y MATERIALES\u00a0<br \/>Material cubierta delantera: Pl\u00e1stico \/ Negro\u00a0<br \/>Material cubierta trasera: Pl\u00e1stico \/ Negro\u00a0<br \/>Dise\u00f1o del marco: Sin marcos\u00a0<\/p>\n<p>&#8211; TIPO DE TV\u00a0<br \/>UHD 4K\u00a0<\/p>\n<p>&#8211; PANTALLA\u00a0<br \/>Tipo de panel: VA\u00a0<br \/>Relaci\u00f3n de aspecto: 16:9\u00a0<br \/>Tama\u00f1o: 55 pulgadas \/ 139 cm\u00a0<br \/>\u00c1rea visible: 8230.1 cm\u00b2\u00a0<br \/>Resoluci\u00f3n: Ultra HD 3840 x 2160\u00a0<br \/>\u00c1ngulo de visi\u00f3n: 178\u00b0\u00a0<br \/>Profundidad de color: 8 bit + FRC\u00a0<br \/>Color gamut DCI-P3: 0.75\u00a0<br \/>Frecuencia V-Sync: 60 Hz\u00a0<br \/>Contraste: 4000:1\u00a0<br \/>Brillo t\u00edpico: 300 nits\u00a0<br \/>Nivel de negro: 0.3 nits\u00a0<br \/>Tecnolog\u00eda de retroiluminaci\u00f3n: DLED\u00a0<br \/>HDR10 \/ HLG \/ Dolby Vision: S\u00ed\u00a0<\/p>\n<p>&#8211; RENDIMIENTO\u00a0<br \/>Procesador: Quad Core \/ MT9603\u00a0<br \/>Escalado UHD: AI 4K Upscaler\u00a0<br \/>MEMC: S\u00ed\u00a0<br \/>Modo Juego: 16 ms\u00a0<br \/>Decodificaci\u00f3n: HEVC (H.265), VP8, VP9, AVC (H.264), MPEG4, MPEG1\/2, WMV3, AV1, VC1\u00a0<\/p>\n<p>&#8211; AUDIO\u00a0<br \/>Potencia de salida: 2 x 10W\u00a0<br \/>Tecnolog\u00edas de audio: Dolby MS12, DTS:X, AC-4\u00a0<br \/>NICAM\/A2: S\u00ed\u00a0<br \/>Ecualizador: S\u00ed\u00a0<br \/>Sonido especial: EzPlay 2.0\u00a0<\/p>\n<p>&#8211; SMART TV Y FUNCIONES\u00a0<br \/>Sistema operativo: VIDAA U8.5\u00a0<br \/>Reproductor multimedia: S\u00ed\u00a0<br \/>Modo Hotel: S\u00ed\u00a0<br \/>Navegador web: S\u00ed (Odin)\u00a0<br \/>HbbTV: 2.0.4\u00a0<br \/>Control por voz desde el mando\u00a0<br \/>App para smartphone: VIDAA\u00a0<\/p>\n<p>&#8211; CONTENIDO DE INTERNET\u00a0<br \/>Apps internacionales: Netflix, Prime Video, Disney+, MAX, SkyShowtime, DAZN, Movistar+, Youtube, PlutoTV\u00a0<br \/>Apps espec\u00edficas en Espa\u00f1a: miTele, Atres Player, RTVE a la Carta\u00a0<\/p>\n<p>&#8211; RECEPCI\u00d3N Y SINTONIZACI\u00d3N\u00a0<br \/>Sintonizador: S\u00ed\u00a0<br \/>Twintuner: No\u00a0<br \/>Soporte LCN: S\u00ed\u00a0<br \/>Teletexto: S\u00ed\u00a0<br \/>EPG: 8 d\u00edas hacia adelante, 7 d\u00edas hacia atr\u00e1s (solo UK)\u00a0<br \/>Control parental: S\u00ed\u00a0<br \/>Ordenaci\u00f3n de canales exportable y editable: S\u00ed\u00a0<br \/>Lista de canales favoritos: 4\u00a0<\/p>\n<p>&#8211; CONECTIVIDAD\u00a0<br \/>Common Interface (CI+\/CI+ ECP): S\u00ed\u00a0<br \/>HDMI1: HDMI 2.1 (ALLM, VRR 48-60Hz)\u00a0<br \/>HDMI2: HDMI 2.1 (ALLM, VRR 48-60Hz)\u00a0<br \/>HDMI3: HDMI 2.1 (eARC, ALLM, VRR 48-60Hz)\u00a0<br \/>USB (2.0): 2\u00a0<br \/>Salida S\/PDIF: 1\u00a0<br \/>Entrada Audio L\/R: 1\u00a0<br \/>Salida auriculares: 1\u00a0<br \/>Entrada AV: 1\u00a0<br \/>Entrada audio PC (3.5 mm): 1\u00a0<br \/>Puerto Ethernet RJ45: S\u00ed\u00a0<br \/>WiFi: IEEE 802.11 a\/b\/g\/n\/ac (2.4G y 5G)\u00a0<br \/>Bluetooth: BT 5.0\u00a0<\/p>\n<p>&#8211; EFICIENCIA ENERG\u00c9TICA\u00a0<br \/>Fuente de alimentaci\u00f3n: 100V ~ 240V, 50\/60 Hz\u00a0<br \/>Clase energ\u00e9tica SDR: E\u00a0<br \/>Clase energ\u00e9tica HDR: G\u00a0<br \/>Consumo en uso: 130 W\u00a0<br \/>Consumo standby: 0.5 W\u00a0<br \/>Consumo en red en standby: ?2 W\u00a0<br \/>Consumo SDR cada 1000h: 64 kWh\u00a0<br \/>Consumo HDR cada 1000h: 100 kWh\u00a0<br \/>Ratio de luminancia: &#038;gt,220 nits\u00a0<br \/>Conformidad RoHS: Contiene mercurio y plomo seg\u00fan exenci\u00f3n\u00a0<\/p>\n<p>&#8211; PESO Y DIMENSIONES\u00a0<br \/>Peso con base: 11 kg\u00a0<br \/>Peso sin base: 10.9 kg\u00a0<br \/>Peso con embalaje: 16.3 kg\u00a0<br \/>Dimensiones con base: 1234 \u00d7 274 \u00d7 768 mm\u00a0<br \/>Dimensiones sin base: 1234 \u00d7 81 \u00d7 716 mm\u00a0<br \/>Dimensiones del embalaje: 1397 \u00d7 129 \u00d7 846 mm\u00a0<br \/>Compatibilidad VESA: 200 \u00d7 400 mm\u00a0<\/p>\n<p>&#8211; ACCESORIOS\u00a0<br \/>Base: Negro, medidas 973 \u00d7 274 mm\u00a0<br \/>Peana central: No\u00a0<br \/>Mando a distancia: ERF2B38H (Pan-EU)\u00a0<br \/>Pilas mando: AAA x 2\u00a0<br \/>Manual de usuario: S\u00ed\u00a0<br \/>Gu\u00eda de inicio r\u00e1pido: S\u00ed\u00a0<br \/>Cable de alimentaci\u00f3n: S\u00ed\u00a0<\/p>\n<p>&#8211; FORMATOS COMPATIBLES\u00a0<br \/>V\u00eddeo: .mp4, .mov, .mkv, .ts, .avi, .wmv, .flv, .webm\u00a0<br \/>Audio: .wav, .mp3, .m4a, .aac, .wma, .ac3, .flac, .opus\u00a0<br \/>Imagen: .jpg, .jpeg, .png, .bmp, .gif\u00a0<\/p>\n<p>&#8211; FUNCIONES DESTACADAS\u00a0<br \/>Escalador IA 4K para mejorar calidad de imagen\u00a0<br \/>AI Smooth Motion con MEMC y reducci\u00f3n de desenfoque\u00a0<br \/>Game Mode PLUS con barra de control, VRR y ALLM\u00a0<br \/>Control por voz desde el mando a distancia\u00a0<br \/>Dolby Vision para visualizaci\u00f3n inmersiva\u00a0<br \/>DTS Virtual:X y Dolby Audio para sonido envolvente\u00a0<br \/>Modo Filmmaker para fidelidad cinematogr\u00e1fica\u00a0<br \/>Barra de Juegos para ajustes sin interrupciones\u00a0<br \/>Colores precisos con tecnolog\u00eda Precision Colour\u00a0<br \/>Sensor de luz IA para ajuste autom\u00e1tico de brillo\u00a0<br \/>Share to TV para enviar contenido desde m\u00f3viles\u00a0<br \/>VIDAA U8.5 para navegaci\u00f3n inteligente y segura\u00a0<br \/>EzPlay para controlar TV y barra de sonido desde un mismo mando<\/p>\n","protected":false},"excerpt":{"rendered":"<p>Tv hisense 55 pulgadas led 4k uhd &#8211; 55a6q &#8211; smart tv<\/p>\n","protected":false},"featured_media":238184,"comment_status":"open","ping_status":"open","template":"","meta":{"_et_pb_use_builder":"","_et_pb_old_content":"","_et_gb_content_width":""},"product_brand":[3516],"product_cat":[2058,3624,2643,2780],"product_tag":[3518,2646,1465],"class_list":{"0":"post-238326","1":"product","2":"type-product","3":"status-publish","4":"has-post-thumbnail","6":"product_brand-hisense","7":"product_cat-dispositivos","8":"product_cat-hisense-television","9":"product_cat-monitores-y-tv","10":"product_cat-television","11":"product_tag-hisense","12":"product_tag-monitores-y-tv","13":"product_tag-television","14":"pa_canon-digital-0-e-incluida","15":"pa_categoria-monitores-y-tv","16":"pa_marca-hisense","17":"pa_peso-3573","18":"pa_ref-mgs0000027880","20":"first","21":"instock","22":"sale","23":"taxable","24":"shipping-taxable","25":"purchasable","26":"product-type-simple"},"_links":{"self":[{"href":"https:\/\/linkxa.es\/linkshop\/wp-json\/wp\/v2\/product\/238326","targetHints":{"allow":["GET"]}}],"collection":[{"href":"https:\/\/linkxa.es\/linkshop\/wp-json\/wp\/v2\/product"}],"about":[{"href":"https:\/\/linkxa.es\/linkshop\/wp-json\/wp\/v2\/types\/product"}],"replies":[{"embeddable":true,"href":"https:\/\/linkxa.es\/linkshop\/wp-json\/wp\/v2\/comments?post=238326"}],"wp:featuredmedia":[{"embeddable":true,"href":"https:\/\/linkxa.es\/linkshop\/wp-json\/wp\/v2\/media\/238184"}],"wp:attachment":[{"href":"https:\/\/linkxa.es\/linkshop\/wp-json\/wp\/v2\/media?parent=238326"}],"wp:term":[{"taxonomy":"product_brand","embeddable":true,"href":"https:\/\/linkxa.es\/linkshop\/wp-json\/wp\/v2\/product_brand?post=238326"},{"taxonomy":"product_cat","embeddable":true,"href":"https:\/\/linkxa.es\/linkshop\/wp-json\/wp\/v2\/product_cat?post=238326"},{"taxonomy":"product_tag","embeddable":true,"href":"https:\/\/linkxa.es\/linkshop\/wp-json\/wp\/v2\/product_tag?post=238326"}],"curies":[{"name":"wp","href":"https:\/\/api.w.org\/{rel}","templated":true}]}}