{"id":238327,"date":"2025-08-22T13:39:49","date_gmt":"2025-08-22T13:39:49","guid":{"rendered":"https:\/\/linkxa.es\/contratacion\/producto\/tv-hisense-43-pulgadas-qled-4k-uhd-2\/"},"modified":"2025-10-09T14:01:16","modified_gmt":"2025-10-09T14:01:16","slug":"tv-hisense-43-pulgadas-qled-4k-uhd-2","status":"publish","type":"product","link":"https:\/\/linkxa.es\/linkshop\/producto\/tv-hisense-43-pulgadas-qled-4k-uhd-2\/","title":{"rendered":"Tv hisense 43 pulgadas qled 4k uhd"},"content":{"rendered":"<div style=\"text-align: center; margin-bottom: 20px;\">\n<h2 style=\"font-size: 22px; font-weight: 600; margin: 0; color: #333;\">Hisense \u00a0|\u00a0 Television<\/h2>\n<\/div>\n<p style=\"max-width: 700px; margin: 0px auto 30px; font-size: 18px; line-height: 1.6; color: #555555; font-style: italic; text-align: left;\">&#8211; SERIE\u00a0<br \/>E7Q<\/p>\n<p>&#8211; MODELO\u00a0<br \/>43E7Q<\/p>\n<p>&#8211; EAN\u00a0<br \/>6942351418407<\/p>\n<p>&#8211; DISE\u00d1O Y MATERIALES\u00a0<br \/>Material cubierta delantera: Pl\u00e1stico \/ Negro\u00a0<br \/>Material cubierta trasera: Pl\u00e1stico \/ Negro\u00a0<br \/>Dise\u00f1o del marco: Sin marcos<\/p>\n<p>&#8211; TIPO DE TV\u00a0<br \/>QLED TV<\/p>\n<p>&#8211; PANTALLA\u00a0<br \/>Tipo de panel: VA\u00a0<br \/>Relaci\u00f3n de aspecto: 16:9\u00a0<br \/>Tama\u00f1o: 43 pulgadas \/ 108 cm\u00a0<br \/>\u00c1rea visible: 4982.8 cm\u00b2\u00a0<br \/>Resoluci\u00f3n: 3840 \u00d7 2160 (Ultra HD)\u00a0<br \/>\u00c1ngulo de visi\u00f3n: 178\u00b0\u00a0<br \/>Profundidad de color: 8 Bit + FRC\u00a0<br \/>Color gamut DCI-P3: 0.9\u00a0<br \/>Wide Color Gamut: S\u00ed\u00a0<br \/>Tecnolog\u00eda Quantum Dot: S\u00ed\u00a0<br \/>Frecuencia V-Sync: 60 Hz\u00a0<br \/>Contraste: 4000:1\u00a0<br \/>Brillo t\u00edpico: 275 nits\u00a0<br \/>Nivel de negro: 0.2 nits\u00a0<br \/>Tecnolog\u00eda retroiluminaci\u00f3n: QLED &#038; DLED\u00a0<br \/>HDR10 \/ HLG \/ Dolby Vision: S\u00ed<\/p>\n<p>&#8211; RENDIMIENTO\u00a0<br \/>Procesador: Quad Core \/ MT9603\u00a0<br \/>Escalado UHD: AI 4K Upscaler\u00a0<br \/>MEMC: S\u00ed\u00a0<br \/>Decodificaci\u00f3n: HEVC (H.265), VP8, VP9, AVC (H.264), MPEG4, MPEG1\/2, WMV3, AV1, VC1<\/p>\n<p>&#8211; AUDIO\u00a0<br \/>Potencia de salida: 2 x 7W\u00a0<br \/>Tecnolog\u00edas de audio: Dolby MS12, DTS:X, AC-4, MPEG-H\u00a0<br \/>NICAM \/ A2 Stereo: S\u00ed\u00a0<br \/>Ecualizador: S\u00ed\u00a0<br \/>Sonido especial: TV Mode EzPlay 2.0<\/p>\n<p>&#8211; SMART TV Y FUNCIONES\u00a0<br \/>Sistema operativo: VIDAA U9\u00a0<br \/>Reproductor multimedia: S\u00ed\u00a0<br \/>Modo Hotel: S\u00ed\u00a0<br \/>Control por voz desde el mando\u00a0<br \/>App para smartphone: VIDAA<\/p>\n<p>&#8211; CONTENIDO DE INTERNET\u00a0<br \/>Apps internacionales: Netflix, Prime Video, Disney+, MAX, SkyShowtime, DAZN, Movistar+, Youtube, PlutoTV\u00a0<br \/>Apps espec\u00edficas en Espa\u00f1a: miTele, Atres Player, RTVE a la Carta<\/p>\n<p>&#8211; RECEPCI\u00d3N Y SINTONIZACI\u00d3N\u00a0<br \/>Sintonizador: S\u00ed\u00a0<br \/>Twintuner: No\u00a0<br \/>Soporte LCN: S\u00ed\u00a0<br \/>Teletexto: S\u00ed\u00a0<br \/>EPG: 8 d\u00edas hacia adelante, 7 d\u00edas hacia atr\u00e1s (solo UK)\u00a0<br \/>Control parental: S\u00ed\u00a0<br \/>Ordenaci\u00f3n de canales exportable y editable: S\u00ed\u00a0<br \/>Lista de canales favoritos: 4\u00a0<br \/>PVR \/ Time Shift: S\u00ed<\/p>\n<p>&#8211; CONECTIVIDAD\u00a0<br \/>Common Interface (CI+\/CI+ ECP): S\u00ed\u00a0<br \/>HDMI1: HDMI 2.1 (ALLM, VRR, 48\u009660Hz)\u00a0<br \/>HDMI2: HDMI 2.1 (ALLM, VRR, 48\u009660Hz)\u00a0<br \/>HDMI3: HDMI 2.1 (eARC, ALLM, VRR, 48\u009660Hz)\u00a0<br \/>USB (2.0): 2\u00a0<br \/>Salida S\/PDIF: 1\u00a0<br \/>Entrada Audio L\/R: 1\u00a0<br \/>Salida auriculares: 1\u00a0<br \/>Entrada AV: 1\u00a0<br \/>Puerto Ethernet RJ45: S\u00ed\u00a0<br \/>WiFi: IEEE 802.11 a\/b\/g\/n\/ac (2.4G y 5G)\u00a0<br \/>Bluetooth: BT 5.0<\/p>\n<p>&#8211; EFICIENCIA ENERG\u00c9TICA\u00a0<br \/>Fuente de alimentaci\u00f3n: 100V ~ 240V, 50\/60 Hz\u00a0<br \/>Clase energ\u00e9tica SDR: E\u00a0<br \/>Clase energ\u00e9tica HDR: G\u00a0<br \/>Consumo en uso: 100 W\u00a0<br \/>Consumo standby: 0.5 W\u00a0<br \/>Consumo en red en standby: ?2 W\u00a0<br \/>Consumo SDR cada 1000h: 48 kWh\u00a0<br \/>Consumo HDR cada 1000h: 81 kWh\u00a0<br \/>Ratio de luminancia: &#038;gt,220 nits\u00a0<br \/>Conformidad RoHS: Contiene mercurio y plomo seg\u00fan exenci\u00f3n<\/p>\n<p>&#8211; PESO Y DIMENSIONES\u00a0<br \/>Peso con base: 6.9 kg\u00a0<br \/>Peso sin base: 6.8 kg\u00a0<br \/>Peso con embalaje: 10 kg\u00a0<br \/>Dimensiones con base: 963 \u00d7 238 \u00d7 614 mm\u00a0<br \/>Dimensiones sin base: 963 \u00d7 74 \u00d7 560 mm\u00a0<br \/>Dimensiones del embalaje: 1088 \u00d7 132 \u00d7 654 mm\u00a0<br \/>Compatibilidad VESA: 200 \u00d7 300 mm\u00a0<br \/>Distancia m\u00e1xima entre patas: 765 mm<\/p>\n<p>&#8211; ACCESORIOS\u00a0<br \/>Base: Negro\u00a0<br \/>Mando a distancia: ERF2B38H (Pan-EU)\u00a0<br \/>Pilas mando: AAA x 2\u00a0<br \/>Manual de usuario: S\u00ed\u00a0<br \/>Gu\u00eda de inicio r\u00e1pido: S\u00ed\u00a0<br \/>Cable de alimentaci\u00f3n: S\u00ed<\/p>\n<p>&#8211; FORMATOS COMPATIBLES\u00a0<br \/>V\u00eddeo: .mp4, .mov, .mkv, .ts, .avi, .wmv, .flv, .webm\u00a0<br \/>Audio: .wav, .mp3, .m4a, .aac, .wma, .ac3, .flac, .opus\u00a0<br \/>Imagen: .jpg, .jpeg, .png, .bmp, .gif<\/p>\n<p>&#8211; FUNCIONES DESTACADAS\u00a0<br \/>Colores QLED: m\u00e1s de mil millones de colores vivos\u00a0<br \/>Dolby Vision + Dolby Atmos: experiencia audiovisual cinematogr\u00e1fica\u00a0<br \/>Escalador AI 4K: mejora el contenido a resoluci\u00f3n cercana a 4K\u00a0<br \/>AI Smooth Motion: movimiento fluido y sin desenfoques\u00a0<br \/>Modo Juego PLUS: VRR, ALLM y barra de control\u00a0<br \/>Modo Filmmaker: visualizaci\u00f3n como fue concebida por el director\u00a0<br \/>Barra de Juegos: control en tiempo real de tus partidas\u00a0<br \/>Sensor de luz por IA: ajusta brillo para ahorrar energ\u00eda\u00a0<br \/>Share to TV: comparte contenido desde tu m\u00f3vil\u00a0<br \/>VIDAA Smart TV: interfaz fluida y personalizada\u00a0<br \/>EzPlay: emparejamiento f\u00e1cil con barra de sonido<\/p>\n","protected":false},"excerpt":{"rendered":"<p>Tv hisense 43 pulgadas qled 4k uhd &#8211; 43e7q &#8211; smart tv<\/p>\n","protected":false},"featured_media":238190,"comment_status":"open","ping_status":"open","template":"","meta":{"_et_pb_use_builder":"","_et_pb_old_content":"","_et_gb_content_width":""},"product_brand":[3516],"product_cat":[2058,3624,2643,2780],"product_tag":[3518,2646,1465],"class_list":{"0":"post-238327","1":"product","2":"type-product","3":"status-publish","4":"has-post-thumbnail","6":"product_brand-hisense","7":"product_cat-dispositivos","8":"product_cat-hisense-television","9":"product_cat-monitores-y-tv","10":"product_cat-television","11":"product_tag-hisense","12":"product_tag-monitores-y-tv","13":"product_tag-television","14":"pa_canon-digital-0-e-incluida","15":"pa_categoria-monitores-y-tv","16":"pa_marca-hisense","17":"pa_peso-3569","18":"pa_ref-mgs0000027886","20":"first","21":"instock","22":"sale","23":"taxable","24":"shipping-taxable","25":"purchasable","26":"product-type-simple"},"_links":{"self":[{"href":"https:\/\/linkxa.es\/linkshop\/wp-json\/wp\/v2\/product\/238327","targetHints":{"allow":["GET"]}}],"collection":[{"href":"https:\/\/linkxa.es\/linkshop\/wp-json\/wp\/v2\/product"}],"about":[{"href":"https:\/\/linkxa.es\/linkshop\/wp-json\/wp\/v2\/types\/product"}],"replies":[{"embeddable":true,"href":"https:\/\/linkxa.es\/linkshop\/wp-json\/wp\/v2\/comments?post=238327"}],"wp:featuredmedia":[{"embeddable":true,"href":"https:\/\/linkxa.es\/linkshop\/wp-json\/wp\/v2\/media\/238190"}],"wp:attachment":[{"href":"https:\/\/linkxa.es\/linkshop\/wp-json\/wp\/v2\/media?parent=238327"}],"wp:term":[{"taxonomy":"product_brand","embeddable":true,"href":"https:\/\/linkxa.es\/linkshop\/wp-json\/wp\/v2\/product_brand?post=238327"},{"taxonomy":"product_cat","embeddable":true,"href":"https:\/\/linkxa.es\/linkshop\/wp-json\/wp\/v2\/product_cat?post=238327"},{"taxonomy":"product_tag","embeddable":true,"href":"https:\/\/linkxa.es\/linkshop\/wp-json\/wp\/v2\/product_tag?post=238327"}],"curies":[{"name":"wp","href":"https:\/\/api.w.org\/{rel}","templated":true}]}}