{"id":238370,"date":"2025-03-25T02:57:26","date_gmt":"2025-03-25T02:57:26","guid":{"rendered":"https:\/\/linkxa.es\/contratacion\/producto\/monitor-led-ips-lg-34wq500-34-pulgadas-2\/"},"modified":"2025-10-09T18:26:39","modified_gmt":"2025-10-09T18:26:39","slug":"monitor-led-ips-lg-34wq500-34-pulgadas-2","status":"publish","type":"product","link":"https:\/\/linkxa.es\/linkshop\/producto\/monitor-led-ips-lg-34wq500-34-pulgadas-2\/","title":{"rendered":"Monitor led ips lg 34wq500 34 pulgadas"},"content":{"rendered":"<div style=\"text-align: center; margin-bottom: 20px;\">\n<h2 style=\"font-size: 22px; font-weight: 600; margin: 0; color: #333;\">Lg \u00a0|\u00a0 Monitores<\/h2>\n<\/div>\n<p style=\"max-width: 700px; margin: 0px auto 30px; font-size: 18px; line-height: 1.6; color: #555555; font-style: italic; text-align: left;\">LG 34WQ500-B. Diagonal de la pantalla: 86,4 cm (34&#8243;), Resoluci\u00f3n de la pantalla: 2560 x 1080 Pixeles, Tipo HD: UltraWide Full HD, Tecnolog\u00eda de visualizaci\u00f3n: LED, Tiempo de respuesta: 5 ms, Relaci\u00f3n<br \/>de aspecto nativa: 21:9, \u00c1ngulo de visi\u00f3n, horizontal: 178, \u00c1ngulo de visi\u00f3n, vertical: 178. montaje VESA. Color del producto: Negro<\/p>\n<p>Exhibici\u00f3n<br \/>Diagonal de la pantalla *86,4 cm (34&#8243;)<br \/>Resoluci\u00f3n de la pantalla *2560 x 1080 Pixeles<br \/>Tipo HD *UltraWide Full HD<br \/>Relaci\u00f3n de aspecto nativa *21:9<br \/>Tecnolog\u00eda de visualizaci\u00f3n *LED<br \/>Tipo de pantalla *IPS<br \/>Pantalla t\u00e1ctil *No<br \/>Brillo de la pantalla (t\u00edpico)400 cd \/ m<br \/>Tiempo de respuesta *5 ms<br \/>Forma de la pantalla *Plana<br \/>Formato de v\u00eddeo soportado480p, 576p, 720p, 1080p, 2160p<br \/>Relaci\u00f3n de aspecto21:9<br \/>Raz\u00f3n de contraste (t\u00edpica) *1000:1<br \/>M\u00e1xima velocidad de actualizaci\u00f3n *100 Hz<br \/>\u00c1ngulo de visi\u00f3n, horizontal178<br \/>\u00c1ngulo de visi\u00f3n, vertical178<br \/>N\u00famero de colores de la pantalla *1.670 millones de colores<br \/>Tama\u00f1o de pixel0,312 x 0,31 mm<br \/>Diagonal de pantalla87 cm<br \/>Alto Rango Din\u00e1mico (HDR)Yes<br \/>Tecnolog\u00eda HDR (High Dynamic Range, Alto rango din\u00e1mico)DisplayHDR 400, HDR Effect<br \/>Gama de colores99%<br \/>Cobertura sRGB (t\u00edpica)99%<br \/>Desempe\u00f1o<br \/>NVIDIA G-SYNC *No<br \/>AMD FreeSync *Yes<br \/>Tipo de FreeSync de AMDFreeSync<br \/>Tecnolog\u00eda Flicker free (reduce el parpadeo de la pantalla)Yes<br \/>Modos inteligentesAhorro energ\u00e9tico<br \/>Multimedia<br \/>Altavoces incorporados *No<br \/>C\u00e1mara incorporada *No<br \/>Dise\u00f1o<br \/>Posicionamiento de mercado *Juego<br \/>Color del producto *Negro<br \/>Puertos e Interfaces<br \/>Conector USB incorporado *No<br \/>HDMI *Yes<br \/>N\u00famero de puertos HDMI1<br \/>Cantidad de DisplayPorts1<br \/>Salida de auriculares *Yes<br \/>Ergonom\u00eda<br \/>montaje VESA *Yes<br \/>Interfaz de panel de montaje100 x 100 mm<br \/>Montaje de paredYes<br \/>Ranura para cable de seguridad *Yes<br \/>Tipo de ranura de bloqueo del cableKensington<br \/>Ajuste de la inclinaci\u00f3nYes<br \/>Control de energ\u00eda<br \/>Clase de eficiencia energ\u00e9tica (SDR) *F<br \/>Clase de eficiencia energ\u00e9tica (HDR) *G<br \/>Consumo de energ\u00eda (SDR) por 1000 horas *29 kWh<br \/>Consumo de energ\u00eda (HDR) por 1000 horas *38 kWh<br \/>Consumo energ\u00e9tico *35 W<br \/>Consumo de energ\u00eda (inactivo) *0,5 W<br \/>Consumo de energ\u00eda (apagado)0,3 W<br \/>Consumo de energ\u00eda (ahorro)0,3 W<br \/>Voltaje de entrada AC100 &#8211; 240 V<br \/>Frecuencia de entrada AC50\/60 Hz<br \/>Tipo de fuente de alimentaci\u00f3nExterno<br \/>Escala de eficiencia energ\u00e9ticaDe la A a la G<br \/>C\u00f3digo EPREL (Registro europeo de productos para el etiquetado energ\u00e9tico)1158039<br \/>Condiciones ambientales<br \/>Intervalo de temperatura operativa0 &#8211; 40 C<br \/>Intervalo de temperatura de almacenaje-20 &#8211; 60 C<br \/>Intervalo de humedad relativa para funcionamiento0 &#8211; 80%<br \/>Intervalo de humedad relativa durante almacenaje0 &#8211; 85%<br \/>Peso y dimensiones<br \/>Ancho del dispositivo (con soporte)816,5 mm<br \/>Profundidad dispositivo (con soporte)223,3 mm<br \/>Altura del dispositivo (con soporte)483,7 mm<br \/>Peso (con soporte)6,9 kg<br \/>Ancho (sin base)816,5 mm<br \/>Profundidad (sin base)45,5 mm<br \/>Altura (sin base)365,3 mm<br \/>Peso (sin base)6 kg<br \/>Empaquetado<br \/>Ancho del paquete9423,4 mm<br \/>Profundidad del paquete515,6 mm<br \/>Altura del paquete241,3 mm<br \/>Peso del paquete11,1 kg<br \/>Tipo de embalajeCaja<br \/>Contenido del embalaje<br \/>Stand incluidoYes<br \/>Gu\u00eda de configuraci\u00f3n r\u00e1pidaYes<br \/>Manual de usuarioYes<br \/>Otras caracter\u00edsticas<br \/>Pa\u00eds de origenChina<br \/>Tecnolog\u00edas espec\u00edficasBlack Stabilizer, Crosshair<br \/>Periodo de garant\u00eda1 a\u00f1o(s)<\/p>\n","protected":false},"excerpt":{"rendered":"<p>Monitor led ips lg 34wq500 34 pulgadas 5ms 2560 x 1080 hdmi displayport<\/p>\n","protected":false},"featured_media":233178,"comment_status":"open","ping_status":"open","template":"","meta":{"_et_pb_use_builder":"","_et_pb_old_content":"","_et_gb_content_width":""},"product_brand":[2648],"product_cat":[2058,3635,2644,2643],"product_tag":[2649,2647,2646],"class_list":{"0":"post-238370","1":"product","2":"type-product","3":"status-publish","4":"has-post-thumbnail","6":"product_brand-lg","7":"product_cat-dispositivos","8":"product_cat-lg","9":"product_cat-monitores","10":"product_cat-monitores-y-tv","11":"product_tag-lg","12":"product_tag-monitores","13":"product_tag-monitores-y-tv","14":"pa_canon-digital-0-e-incluida","15":"pa_categoria-monitores-y-tv","16":"pa_marca-lg","17":"pa_peso-3634","18":"pa_ref-mgs0000023770","20":"first","21":"instock","22":"sale","23":"taxable","24":"shipping-taxable","25":"purchasable","26":"product-type-simple"},"_links":{"self":[{"href":"https:\/\/linkxa.es\/linkshop\/wp-json\/wp\/v2\/product\/238370","targetHints":{"allow":["GET"]}}],"collection":[{"href":"https:\/\/linkxa.es\/linkshop\/wp-json\/wp\/v2\/product"}],"about":[{"href":"https:\/\/linkxa.es\/linkshop\/wp-json\/wp\/v2\/types\/product"}],"replies":[{"embeddable":true,"href":"https:\/\/linkxa.es\/linkshop\/wp-json\/wp\/v2\/comments?post=238370"}],"wp:featuredmedia":[{"embeddable":true,"href":"https:\/\/linkxa.es\/linkshop\/wp-json\/wp\/v2\/media\/233178"}],"wp:attachment":[{"href":"https:\/\/linkxa.es\/linkshop\/wp-json\/wp\/v2\/media?parent=238370"}],"wp:term":[{"taxonomy":"product_brand","embeddable":true,"href":"https:\/\/linkxa.es\/linkshop\/wp-json\/wp\/v2\/product_brand?post=238370"},{"taxonomy":"product_cat","embeddable":true,"href":"https:\/\/linkxa.es\/linkshop\/wp-json\/wp\/v2\/product_cat?post=238370"},{"taxonomy":"product_tag","embeddable":true,"href":"https:\/\/linkxa.es\/linkshop\/wp-json\/wp\/v2\/product_tag?post=238370"}],"curies":[{"name":"wp","href":"https:\/\/api.w.org\/{rel}","templated":true}]}}