{"id":238381,"date":"2025-04-24T15:29:07","date_gmt":"2025-04-24T15:29:07","guid":{"rendered":"https:\/\/linkxa.es\/contratacion\/producto\/monitor-dahua-27-pulgadas-dhi-lm27-b200s-1080p-250cd\/"},"modified":"2025-10-09T18:30:19","modified_gmt":"2025-10-09T18:30:19","slug":"monitor-dahua-27-pulgadas-dhi-lm27-b200s-1080p-250cd","status":"publish","type":"product","link":"https:\/\/linkxa.es\/linkshop\/producto\/monitor-dahua-27-pulgadas-dhi-lm27-b200s-1080p-250cd\/","title":{"rendered":"Monitor dahua 27 pulgadas dhi &#8211; lm27 &#8211; b200s 1080p 250cd"},"content":{"rendered":"<div style=\"text-align: center; margin-bottom: 20px;\">\n<h2 style=\"font-size: 22px; font-weight: 600; margin: 0; color: #333;\">Dahua \u00a0|\u00a0 Monitores<\/h2>\n<\/div>\n<p style=\"max-width: 700px; margin: 0px auto 30px; font-size: 18px; line-height: 1.6; color: #555555; font-style: italic; text-align: left;\">Dahua Technology LM27-B200S. Diagonal de la pantalla: 68,6 cm (27&#8243;), Resoluci\u00f3n de la pantalla: 1920 x 1080 Pixeles, Tipo HD: Full HD, Tecnolog\u00eda de visualizaci\u00f3n: LED, Tiempo de respuesta: 5 ms,<br \/>Relaci\u00f3n de aspecto nativa: 16:9, \u00c1ngulo de visi\u00f3n, horizontal: 178, \u00c1ngulo de visi\u00f3n, vertical: 178. Altavoces incorporados. montaje VESA. Color del producto: Negro<\/p>\n<p>ESPECIFICACIONES<\/p>\n<p>Peso y dimensiones<br \/>Altura del dispositivo (con soporte)<br \/>363 mm<br \/>Ancho del dispositivo (con soporte)<br \/>614,1 mm<br \/>Ancho del marco (lateral)<br \/>4 mm<br \/>Ancho del marco (superior)<br \/>4 mm<br \/>Ancho del marco (inferior)<br \/>1,61 cm<br \/>Peso (con soporte)<br \/>3,84 kg<br \/>Profundidad dispositivo (con soporte)<br \/>45,1 mm<\/p>\n<p>Control de energ\u00eda<br \/>Voltaje de salida de adaptador AC<br \/>12 V<br \/>Consumo energ\u00e9tico<br \/>36 W<br \/>Consumo de energ\u00eda (inactivo)<br \/>0,5 W<br \/>Tipo de fuente de alimentaci\u00f3n<br \/>Externo<\/p>\n<p>Exhibici\u00f3n<br \/>Brillo de la pantalla (t\u00edpico)<br \/>250 cd \/ m<br \/>Diagonal de la pantalla<br \/>68,6 cm (27&#8243;)<br \/>Forma de la pantalla<br \/>Plana<br \/>Formato de v\u00eddeo soportado<br \/>1080p<br \/>Tipo HD<br \/>Full HD<br \/>M\u00e1xima velocidad de actualizaci\u00f3n<br \/>75 Hz<br \/>N\u00famero de colores de la pantalla<br \/>16,7 millones de colores<br \/>Pantalla t\u00e1ctil<br \/>No<br \/>Raz\u00f3n de contraste (t\u00edpica)<br \/>3000:1<br \/>Relaci\u00f3n de aspecto nativa<br \/>16:9<br \/>Resoluci\u00f3n de la pantalla<br \/>1920 x 1080 Pixeles<br \/>Tecnolog\u00eda de visualizaci\u00f3n<br \/>LED<br \/>Tiempo de respuesta<br \/>5 ms<br \/>Tipo de pantalla<br \/>VA<br \/>\u00c1ngulo de visi\u00f3n, horizontal<br \/>178<br \/>\u00c1ngulo de visi\u00f3n, vertical<br \/>178<\/p>\n<p>Puertos e Interfaces<br \/>Enchufe de entrada de CC<br \/>Si<br \/>Cantidad de puertos VGA (D-Sub)<br \/>1<br \/>Conector USB incorporado<br \/>No<br \/>HDMI<br \/>S\u00ed<br \/>N\u00famero de puertos HDMI<br \/>1<\/p>\n<p>Ergonom\u00eda<br \/>Ajuste de la inclinaci\u00f3n<br \/>Si<br \/>Exhibici\u00f3n en pantalla (OSD)<br \/>S\u00ed<br \/>Interfaz de panel de montaje<br \/>75 x 75 mm<br \/>Montaje de pared<br \/>Si<br \/>Ranura para cable de seguridad<br \/>S\u00ed<br \/>montaje VESA<br \/>S\u00ed<\/p>\n<p>Dise\u00f1o<br \/>Bisel frontal<br \/>Negro<br \/>Certificaci\u00f3n<br \/>FCC<br \/>Color del producto<br \/>Negro<br \/>Color de pies<br \/>Negro<\/p>\n<p>Desempe\u00f1o<br \/>Tecnolog\u00eda Low Blue Light (baja luz azul)<br \/>Si<\/p>\n<p>Multimedia<br \/>Altavoces incorporados<br \/>Si<br \/>C\u00e1mara incorporada<br \/>No<br \/>N\u00famero de altavoces<br \/>2<br \/>Potencia estimada RMS<br \/>2 W<\/p>\n<p>Empaquetado<br \/>Altura del paquete<br \/>458 mm<br \/>Ancho del paquete<br \/>694 mm<br \/>Peso del paquete<br \/>5,85 kg<br \/>Profundidad del paquete<br \/>114 mm<\/p>\n<p>Contenido del embalaje<br \/>Adaptador de corriente incluido<br \/>Si<br \/>Cables incluidos<br \/>HDMI<br \/>Stand incluido<br \/>Si<\/p>\n<p>Sostenibilidad<br \/>Certificados de sostenibilidad<br \/>CE<br \/>Cumplimiento de sostenibilidad<br \/>Si<\/p>\n","protected":false},"excerpt":{"rendered":"<p>Monitor dahua 27 pulgadas dhi &#8211; lm27 &#8211; b200s 1080p 250cd &#8211; m2 h178 &#8211; v178 hdmi vga speaker<\/p>\n","protected":false},"featured_media":238382,"comment_status":"open","ping_status":"open","template":"","meta":{"_et_pb_use_builder":"","_et_pb_old_content":"","_et_gb_content_width":""},"product_brand":[2700],"product_cat":[3643,2058,2644,2643],"product_tag":[2701,2647,2646],"class_list":{"0":"post-238381","1":"product","2":"type-product","3":"status-publish","4":"has-post-thumbnail","6":"product_brand-dahua","7":"product_cat-dahua","8":"product_cat-dispositivos","9":"product_cat-monitores","10":"product_cat-monitores-y-tv","11":"product_tag-dahua","12":"product_tag-monitores","13":"product_tag-monitores-y-tv","14":"pa_canon-digital-0-e-incluida","15":"pa_categoria-monitores-y-tv","16":"pa_marca-dahua","17":"pa_peso-3642","18":"pa_ref-dsp0000013634","20":"first","21":"instock","22":"sale","23":"taxable","24":"shipping-taxable","25":"purchasable","26":"product-type-simple"},"_links":{"self":[{"href":"https:\/\/linkxa.es\/linkshop\/wp-json\/wp\/v2\/product\/238381","targetHints":{"allow":["GET"]}}],"collection":[{"href":"https:\/\/linkxa.es\/linkshop\/wp-json\/wp\/v2\/product"}],"about":[{"href":"https:\/\/linkxa.es\/linkshop\/wp-json\/wp\/v2\/types\/product"}],"replies":[{"embeddable":true,"href":"https:\/\/linkxa.es\/linkshop\/wp-json\/wp\/v2\/comments?post=238381"}],"wp:featuredmedia":[{"embeddable":true,"href":"https:\/\/linkxa.es\/linkshop\/wp-json\/wp\/v2\/media\/238382"}],"wp:attachment":[{"href":"https:\/\/linkxa.es\/linkshop\/wp-json\/wp\/v2\/media?parent=238381"}],"wp:term":[{"taxonomy":"product_brand","embeddable":true,"href":"https:\/\/linkxa.es\/linkshop\/wp-json\/wp\/v2\/product_brand?post=238381"},{"taxonomy":"product_cat","embeddable":true,"href":"https:\/\/linkxa.es\/linkshop\/wp-json\/wp\/v2\/product_cat?post=238381"},{"taxonomy":"product_tag","embeddable":true,"href":"https:\/\/linkxa.es\/linkshop\/wp-json\/wp\/v2\/product_tag?post=238381"}],"curies":[{"name":"wp","href":"https:\/\/api.w.org\/{rel}","templated":true}]}}