{"id":238388,"date":"2025-03-25T00:36:59","date_gmt":"2025-03-25T00:36:59","guid":{"rendered":"https:\/\/linkxa.es\/contratacion\/producto\/monitor-benq-gw2790-27-pulgadas-fhd-100hz\/"},"modified":"2025-10-09T18:31:49","modified_gmt":"2025-10-09T18:31:49","slug":"monitor-benq-gw2790-27-pulgadas-fhd-100hz","status":"publish","type":"product","link":"https:\/\/linkxa.es\/linkshop\/producto\/monitor-benq-gw2790-27-pulgadas-fhd-100hz\/","title":{"rendered":"Monitor benq gw2790 27 pulgadas fhd 100hz"},"content":{"rendered":"<div style=\"text-align: center; margin-bottom: 20px;\">\n<h2 style=\"font-size: 22px; font-weight: 600; margin: 0; color: #333;\">Benq \u00a0|\u00a0 Monitores<\/h2>\n<\/div>\n<p style=\"max-width: 700px; margin: 0px auto 30px; font-size: 18px; line-height: 1.6; color: #555555; font-style: italic; text-align: left;\">Sobre el producto<br \/>Transiciones de pantalla sin esfuerzo. Mantente conectado a tu vida diaria. Mantente conectado de manera sencilla a tus dispositivos diarios, con m\u00faltiples puertos para una comodidad definitiva. Cambia entre todas tus<br \/>necesidades de visualizaci\u00f3n con una eficiencia perfecta.<br \/>Caracter\u00edsticas:<\/p>\n<p>Cambia de manera impecable con un solo clic. Los botones colocados convenientemente hacen que cambiar entre actividades sea muy f\u00e1cil, agilizando tu transici\u00f3n entre cada fuente de entrada para tu configuraci\u00f3n<br \/>preferida.<br \/>Visualizaci\u00f3n sin interrupciones: movimiento suave de 100Hz. Una tasa de refresco de 100Hz reacciona m\u00e1s r\u00e1pidamente a los cambios, lo que resulta en una experiencia de usuario m\u00e1s clara y fluida con comodidad<br \/>para los ojos al leer p\u00e1ginas web, transmitir videos o jugar, entre otros.<br \/>Garant\u00edas Certificadas por VESA MediaSync. La certificaci\u00f3n VESA MediaSync garantiza una reproducci\u00f3n sin vibraciones, admitiendo todos los formatos de video de transmisi\u00f3n internacional para una experiencia<br \/>multimedia \u00f3ptima.<br \/>Modos de color para multitarea<br \/>Modo c\u00f3digo de programaci\u00f3n. El Modo de Codificaci\u00f3n est\u00e1 dise\u00f1ado para hacer que cada color destaque para una f\u00e1cil legibilidad con contraste y saturaci\u00f3n optimizados en modo oscuro.<br \/>Modo ePaper. El Modo ePaper, la pantalla simulada de libros electr\u00f3nicos, equilibra el texto y el fondo para hacer que las sesiones de lectura largas sean m\u00e1s f\u00e1ciles para los ojos.<br \/>Un bienestar duradero para tus ojos. Dando la bienvenida a un uso prolongado desde el d\u00eda hasta la noche, el sensor de Inteligencia de Brillo detecta cambios de luz en tu entorno de visualizaci\u00f3n y ajusta activamente el<br \/>brillo de la pantalla para una experiencia de visualizaci\u00f3n c\u00f3moda. La Generaci\u00f3n 2 de Inteligencia de Brillo permite un mayor grado de ajustabilidad a trav\u00e9s de un brillo de pantalla personalizable seg\u00fan tus preferencias<br \/>mientras cuida de tus ojos.<br \/>Tecnolog\u00e1 brillo inteligente. La Tecnolog\u00eda de Inteligencia de Brillo (B.I.Tech.) detecta la intensidad del contenido para evitar la sobreexposici\u00f3n de escenas brillantes mientras mejora las \u00e1reas oscuras para mantener una<br \/>visibilidad clara. El rendimiento de la pantalla es ideal tanto para el trabajo como para la diversi\u00f3n, protegiendo tu visi\u00f3n con una calidad de imagen excepcional.<br \/>Certificado TV Rheinland. La autoridad global en seguridad, TV Rheinland, certific\u00f3 que la Tecnolog\u00eda Sin Parpadeo y de Luz Azul Baja del GW2490 es verdaderamente amigable para el ojo humano. La certificaci\u00f3n<br \/>Eyesafe 2.0 asegura que la pantalla reduce la luz azul mientras mantiene colores vivos.<br \/>Eye-CareU. Deja que el software compatible de Eye-CareU en el GW2790 establezca temporizadores, recordatorios de luz y recordatorios de distancia para corregir tu postura mientras te concentras en lo que haces<br \/>mejor. El pop-up funciona como un asistente, permitiendo una navegaci\u00f3n y configuraci\u00f3n r\u00e1pida a trav\u00e9s de su control en pantalla.<\/p>\n<p>Especificaciones BenQ GW2790:<\/p>\n<p>Tama\u00f1o: 27&#8243; \/ Bisel delgado \/ Antirreflejos \/ sRGB: 99%<br \/>Resoluci\u00f3n: Full HD (1920&#215;1080)<br \/>Tipo de panel: IPS<br \/>Relaci\u00f3n de aspecto: 16:9<br \/>Tiempo de respuesta: 5ms (GtG)<br \/>Contraste: 1300:1<br \/>Tasa de refresco: 100 Hz<br \/>Colores: 16,7M<br \/>PPI: 93<br \/>Flicker Free (anti-parpadeo): S\u00ed<br \/>Low Blue Light Plus: S\u00ed<br \/>Altavoces: 2 x 2W<br \/>VESA: 100&#215;100<br \/>Eficiencia energ\u00e9tica: Clase E<br \/>Dimensiones (con peana): 449 x 612 x 182mm<br \/>Dimensiones (sin peana): 384 x 612 x 64mm<br \/>Peso: 5 Kg \/ 4.5 Kg (sin peana)<br \/>Conectividad<br \/>2 x HDMI 1.4<br \/>1 x DisplayPort 1.2<br \/>1 x Jack 3.5mm<\/p>\n","protected":false},"excerpt":{"rendered":"<p>Monitor benq gw2790 27 pulgadas fhd 100hz<\/p>\n","protected":false},"featured_media":238389,"comment_status":"open","ping_status":"open","template":"","meta":{"_et_pb_use_builder":"","_et_pb_old_content":"","_et_gb_content_width":""},"product_brand":[2674],"product_cat":[3651,2058,2644,2643],"product_tag":[2675,2647,2646],"class_list":{"0":"post-238388","1":"product","2":"type-product","3":"status-publish","4":"has-post-thumbnail","6":"product_brand-benq","7":"product_cat-benq","8":"product_cat-dispositivos","9":"product_cat-monitores","10":"product_cat-monitores-y-tv","11":"product_tag-benq","12":"product_tag-monitores","13":"product_tag-monitores-y-tv","14":"pa_canon-digital-0-e-incluida","15":"pa_categoria-monitores-y-tv","16":"pa_marca-benq","17":"pa_peso-3650","18":"pa_ref-dsp0000025443","20":"first","21":"instock","22":"sale","23":"taxable","24":"shipping-taxable","25":"purchasable","26":"product-type-simple"},"_links":{"self":[{"href":"https:\/\/linkxa.es\/linkshop\/wp-json\/wp\/v2\/product\/238388","targetHints":{"allow":["GET"]}}],"collection":[{"href":"https:\/\/linkxa.es\/linkshop\/wp-json\/wp\/v2\/product"}],"about":[{"href":"https:\/\/linkxa.es\/linkshop\/wp-json\/wp\/v2\/types\/product"}],"replies":[{"embeddable":true,"href":"https:\/\/linkxa.es\/linkshop\/wp-json\/wp\/v2\/comments?post=238388"}],"wp:featuredmedia":[{"embeddable":true,"href":"https:\/\/linkxa.es\/linkshop\/wp-json\/wp\/v2\/media\/238389"}],"wp:attachment":[{"href":"https:\/\/linkxa.es\/linkshop\/wp-json\/wp\/v2\/media?parent=238388"}],"wp:term":[{"taxonomy":"product_brand","embeddable":true,"href":"https:\/\/linkxa.es\/linkshop\/wp-json\/wp\/v2\/product_brand?post=238388"},{"taxonomy":"product_cat","embeddable":true,"href":"https:\/\/linkxa.es\/linkshop\/wp-json\/wp\/v2\/product_cat?post=238388"},{"taxonomy":"product_tag","embeddable":true,"href":"https:\/\/linkxa.es\/linkshop\/wp-json\/wp\/v2\/product_tag?post=238388"}],"curies":[{"name":"wp","href":"https:\/\/api.w.org\/{rel}","templated":true}]}}