{"id":238397,"date":"2025-08-18T16:42:11","date_gmt":"2025-08-18T16:42:11","guid":{"rendered":"https:\/\/linkxa.es\/contratacion\/producto\/monitor-led-ips-asus-va27dqsb-w-27-pulgadas\/"},"modified":"2025-10-09T18:34:15","modified_gmt":"2025-10-09T18:34:15","slug":"monitor-led-ips-asus-va27dqsb-w-27-pulgadas","status":"publish","type":"product","link":"https:\/\/linkxa.es\/linkshop\/producto\/monitor-led-ips-asus-va27dqsb-w-27-pulgadas\/","title":{"rendered":"Monitor led ips asus va27dqsb &#8211; w 27 pulgadas"},"content":{"rendered":"<div style=\"text-align: center; margin-bottom: 20px;\">\n<h2 style=\"font-size: 22px; font-weight: 600; margin: 0; color: #333;\">Asus \u00a0|\u00a0 Monitores<\/h2>\n<\/div>\n<p style=\"max-width: 700px; margin: 0px auto 30px; font-size: 18px; line-height: 1.6; color: #555555; font-style: italic; text-align: left;\">Monitor<br \/>Tama\u00f1o del panel (pulgadas):27<br \/>Relaci\u00f3n de aspecto:16:09<br \/>\u00c1rea de visualizaci\u00f3n de la pantalla (H x V):597.88 x 336.31 mm<br \/>Superficie de visualizaci\u00f3n:Non-Glare<br \/>Tipo de luz de fondo:LED<br \/>Tipo de panel:IPS<br \/>\u00c1ngulo de visi\u00f3n (CR 10, H \/ V):178\/178<br \/>Tama\u00f1o de p\u00edxel :0,311 mm<br \/>Resoluci\u00f3n :1920 x 1080<br \/>Espacio de color (Adobe RGB):TBD<br \/>Color Space (DCI-P3) : TBD<br \/>Espacio de color (Rec. 2020):TBD<br \/>Brillo (t\u00edpico):250 cd\/<br \/>Relaci\u00f3n de contraste (t\u00edpico):1200:01:00<br \/>Relaci\u00f3n de contraste inteligente de ASUS (ASCR):10 000 000:1<br \/>Colores de pantalla:16.7M<br \/>Tiempo de respuesta :5ms(GTG)<br \/>Frecuencia de actualizaci\u00f3n (m\u00e1x.):M\u00e1x. 75 Hz<br \/>Vidrio de protecci\u00f3n:No<br \/>Sin destellos :S\u00ed<br \/>Caracter\u00edstica de video<br \/>Tecnologia SPLENDID:S\u00ed<br \/>Temperatura de color. Selecci\u00f3n:Yes(4 modes)<br \/>GamePlus : S\u00ed<br \/>QuickFit :Yes<br \/>HDCP : S\u00ed<br \/>Desenfoque de movimiento extremadamente bajo:<br \/>N\/A<\/p>\n<p>Tecnolog\u00eda VRR:Adaptive-Sync<br \/>Tecnolog\u00eda GameFast Input:<br \/>N\/A<\/p>\n<p>Impulso oscuro:S\u00ed<br \/>Refuerzo de sombras:<br \/>N\/A<\/p>\n<p>Desenfoque de movimiento ultra bajo:<br \/>N\/A<\/p>\n<p>Widget de visualizaci\u00f3n:S\u00ed<br \/>Luz azul baja:S\u00ed<br \/>Tecnolog\u00eda para el cuidado de los ojos:Yes<br \/>C\u00e1mara web :<br \/>N\/A<br \/>Caracter\u00edstica de audio<br \/>Altavoz:S\u00ed (1,2 W x 2)<br \/>Puertos I\/O<br \/>DisplayPort 1.2 x 1<br \/>HDMI(v1.4) x 2<br \/>VGA x 1<br \/>Enchufe de aud\u00edfonos :S\u00ed<br \/>Entrada de audio para PC:S\u00ed<br \/>Frecuencia de la se\u00f1al<br \/>Frecuencia de se\u00f1al digital:HDMI: 30~85 KHz (H) \/ 48~75 Hz (V)<br \/>DisplayPort: 85~85 KHz (H) \/ 48~75 Hz (V)<br \/>Frecuencia de se\u00f1al anal\u00f3gica:30~85 KHz (H) \/ 48~75 Hz (V)<br \/>El consumo de energ\u00eda<br \/>El consumo de energ\u00eda :&#038;lt,16W<br \/>Modo de ahorro de energ\u00eda :&#038;lt,0.5W<br \/>Modo apagado:&#038;lt, 0,5 W<br \/>Voltaje :100-240V, 50\/60Hz<br \/>Dise\u00f1o mecanico<br \/>Inclinaci\u00f3n:S\u00ed (+35 ~ -5)<br \/>Giratorio:Yes (+180 ~ -180)<br \/>Pivante :S\u00ed (+90 ~ -90)<br \/>Ajuste de altura :0~150mm<br \/>Montaje en pared VESA:100 x 100 mm<br \/>Cerradura Kensington :S\u00ed<br \/>Dimensiones (Esti.)<br \/>Dimensi\u00f3n con soporte (Anchura x Altura x Profundidad) :611.9 x<br \/>(373.4~523.4) x 226.3 mm<br \/>Dimensi\u00f3n sin soporte (Anchura x Altura x Profundidad) :611.9 x 364.7 x<br \/>55.5 mm<br \/>Dimensi\u00f3n de la caja (Anchura x Altura x Profundidad) :715 x 236 x 449 mm<br \/>Peso (Esti.)<br \/>Peso neto con soporte:6.8 Kg<br \/>Peso neto sin soporte:4.5 Kg<br \/>Peso bruto :9.0 Kg<br \/>Accesorios (var\u00edan seg\u00fan la regi\u00f3n)<br \/>Cable HDMI<br \/>Cable de alimentaci\u00f3n<br \/>Gu\u00eda de inicio r\u00e1pido<br \/>Tarjeta de garant\u00eda<br \/>Certificado<br \/>TV sin parpadeo<br \/>TV Luz azul baja<\/p>\n","protected":false},"excerpt":{"rendered":"<p>Monitor led ips asus va27dqsb &#8211; w 27 pulgadas fhd 5ms display port hdmi d &#8211; sub altavoces reg. altura<\/p>\n","protected":false},"featured_media":238398,"comment_status":"open","ping_status":"open","template":"","meta":{"_et_pb_use_builder":"","_et_pb_old_content":"","_et_gb_content_width":""},"product_brand":[2566],"product_cat":[3659,2058,2644,2643],"product_tag":[2567,2647,2646],"class_list":{"0":"post-238397","1":"product","2":"type-product","3":"status-publish","4":"has-post-thumbnail","6":"product_brand-asus","7":"product_cat-asus","8":"product_cat-dispositivos","9":"product_cat-monitores","10":"product_cat-monitores-y-tv","11":"product_tag-asus","12":"product_tag-monitores","13":"product_tag-monitores-y-tv","14":"pa_canon-digital-0-e-incluida","15":"pa_categoria-monitores-y-tv","16":"pa_marca-asus","17":"pa_peso-3546","18":"pa_ref-mgs0000008408","20":"first","21":"instock","22":"sale","23":"taxable","24":"shipping-taxable","25":"purchasable","26":"product-type-simple"},"_links":{"self":[{"href":"https:\/\/linkxa.es\/linkshop\/wp-json\/wp\/v2\/product\/238397","targetHints":{"allow":["GET"]}}],"collection":[{"href":"https:\/\/linkxa.es\/linkshop\/wp-json\/wp\/v2\/product"}],"about":[{"href":"https:\/\/linkxa.es\/linkshop\/wp-json\/wp\/v2\/types\/product"}],"replies":[{"embeddable":true,"href":"https:\/\/linkxa.es\/linkshop\/wp-json\/wp\/v2\/comments?post=238397"}],"wp:featuredmedia":[{"embeddable":true,"href":"https:\/\/linkxa.es\/linkshop\/wp-json\/wp\/v2\/media\/238398"}],"wp:attachment":[{"href":"https:\/\/linkxa.es\/linkshop\/wp-json\/wp\/v2\/media?parent=238397"}],"wp:term":[{"taxonomy":"product_brand","embeddable":true,"href":"https:\/\/linkxa.es\/linkshop\/wp-json\/wp\/v2\/product_brand?post=238397"},{"taxonomy":"product_cat","embeddable":true,"href":"https:\/\/linkxa.es\/linkshop\/wp-json\/wp\/v2\/product_cat?post=238397"},{"taxonomy":"product_tag","embeddable":true,"href":"https:\/\/linkxa.es\/linkshop\/wp-json\/wp\/v2\/product_tag?post=238397"}],"curies":[{"name":"wp","href":"https:\/\/api.w.org\/{rel}","templated":true}]}}