{"id":238417,"date":"2025-09-12T11:01:39","date_gmt":"2025-09-12T11:01:39","guid":{"rendered":"https:\/\/linkxa.es\/contratacion\/producto\/monitor-led-lg-32mr50c-b-31-5-pulgadas-1920-2\/"},"modified":"2025-10-09T18:36:43","modified_gmt":"2025-10-09T18:36:43","slug":"monitor-led-lg-32mr50c-b-31-5-pulgadas-1920-2","status":"publish","type":"product","link":"https:\/\/linkxa.es\/linkshop\/producto\/monitor-led-lg-32mr50c-b-31-5-pulgadas-1920-2\/","title":{"rendered":"Monitor led lg 32mr50c &#8211; b 31.5 pulgadas 1920"},"content":{"rendered":"<div style=\"text-align: center; margin-bottom: 20px;\">\n<h2 style=\"font-size: 22px; font-weight: 600; margin: 0; color: #333;\">Lg \u00a0|\u00a0 Monitores<\/h2>\n<\/div>\n<p style=\"max-width: 700px; margin: 0px auto 30px; font-size: 18px; line-height: 1.6; color: #555555; font-style: italic; text-align: left;\">PANTALLA<br \/>Tama\u00f1o (pulgadas) 31.5&#8243;Tama\u00f1o (cm) 80cm<br \/>Resoluci\u00f3n 1920 x 1080Tipo de panel VA<br \/>Ratio de Aspecto 16:9Tecnolog\u00eda Retroiluminaci\u00f3n LED<br \/>Tipo Retroiluminaci\u00f3n DirectRetroiluminaci\u00f3n (Matriz) Direct<br \/>Tama\u00f1o de Pixel 0.3637 x 0.3637 mmBrillo (M\u00edn.) 200 cd\/m<br \/>Brillo (T\u00edp.) 250 cd\/mGamut de Color (T\u00edp.) NTSC 72% (CIE1931)<br \/>Profundidad de Color (N\u00ba de colores) 16.7MColor Bit 8bit (6bit+FRC)<br \/>Ratio de Contraste (M\u00edn.) 1800:1Ratio de Contraste (T\u00edp.) 3000:1<br \/>Velocidad de Respuesta 5ms (GtG at Faster)\u00c1ngulo de Visi\u00f3n (RC10) 178\u00ba(R\/L), 178\u00ba(U\/D)<br \/>Tratamiento Superficial Anti-reflejosCurvo S\u00cd<br \/>Curvatura 1500R<br \/>CUALIDADES\/ATRIBUTOS<br \/>HDR 10 NOVESA DisplayHDR NO<br \/>Efecto HDR NOTecnolog\u00eda Nano IPS NO<br \/>Gamut de Color Amplio NOColor Calibrado (de f\u00e1brica) NO<br \/>Calibraci\u00f3n de Color (por H\/W) NOBrillo Autom\u00e1tico NO<br \/>Proteccion Antiparpadeo (FlickerSafe) S\u00cdModo Imagen Custom, Reader, Photo, Color Weakness, Cinema, Game<br \/>Modo Lectura S\u00cdAsistente de Color (Colour Weakness) S\u00cd<br \/>SuperResolution+ S\u00cd1ms Motion Blur Reduction NO<br \/>Tecnolog\u00eda NVIDIA G-Sync NOTecnolog\u00eda AMD FreeSync FreeSync<br \/>FreeSync LFC (Compensaci\u00f3n de d\u00e9ficit de fps) NOTecnolog\u00eda BlackStabilizer (Estabilizador de Negros) Estabilizador de Negros<br \/>Tecnolog\u00eda DynaMic Action Sync NOCrosshair (Cruceta Shooter) NO<br \/>FPS Counter NOOverClocking NO<br \/>User Define Key NOAuto Input Switch S\u00cd<br \/>SphereLighting (anillo LED de retroiluminaci\u00f3n) NOModo PBP NO<br \/>Modo PIP NOSmart Energy Saving S\u00cd<br \/>OSD Language 18 countries (English, Germanic, French, Spanish, Italian, Swedish, Finnish, Portuguese, Portuguese(brazil), Polish, Russian, Greek, Ukrainian, Chinese, Traditional Chinese,<br \/>Japanese, Korean, Hindi)WebCam NO<br \/>Micr\u00f3fono NO<br \/>S\/W<br \/>TrueColorPro (Calibraci\u00f3n de Color) NODual Controller (Operaci\u00f3n en PBP) NO<br \/>OnScreen-Control S\u00cdLG UltraGear Control Center NO<br \/>CONECTIVIDAD<br \/>D-Sub (VGA, 15-pin Anal\u00f3gica) S\u00cd(1ea)D-Sub (VGA, 15-pin Anal\u00f3gica) (Frecuencia V) 56~75 Hz<br \/>D-Sub (VGA, 15-pin Anal\u00f3gica) (Resoluci\u00f3n m\u00e1x.) 1920 x 1080 at 60HzDVI NO<br \/>HDMI S\u00cd(x2)HDMI Version 1.4<br \/>HDMI (Versi\u00f3n HDCP) 1.4HDMI (Frecuencia V) 56~100Hz<br \/>HDMI (Valor Frecuencia con FreeSync) 48~100HzDisplayPort NO<br \/>Thunderbolt<br \/>NOThunderbolt (Transmisi\u00f3n de Datos) NO<br \/>USB-C NOUSB-C (Transmisi\u00f3n de Datos) NO<br \/>Daisy Chain NOUSB de entrada (Tipo A o Tipo B) NO<br \/>USB de salida (Gen\u00e9rico, Tipo A) NO<br \/>SONIDO<br \/>Entrada de Audio (PC IN) NOEntrada de Micr\u00f3fono NO<br \/>Salida para Auriculares S\u00cd (s\u00f3lo Audio) 3 PoleSalida de L\u00ednea (Line out) NO<br \/>Altavoces NOConectividad Bluetooth NO<br \/>Ecualizaci\u00f3n Maxx Audio NOEcualizaci\u00f3n Rich Bass NO<br \/>ALIMENTACI\u00d3N<br \/>Tipo de Alimentaci\u00f3n Adaptador de Corriente ExternoEntrada en CA (AC Input) 100~240V (50\/60Hz)<br \/>Consumo de Potencia (T\u00edp.) 31WConsumo de Potencia (Modo Reposo) Menos de 0.5W<br \/>Consumo de Potencia (DC Off) Menos de 0.3W<br \/>CARACTER\u00cdSTICAS F\u00cdSICAS\/MECANICAS<br \/>Dise\u00f1o sin Bordes 3-Side Virtually Borderless DesignColor (Front Cabinet) Negro Mate<br \/>Color (Middle Cabinet) Negro MateColor (Back Cover) Negro Mate<br \/>Color (Stand Body) Negro MateColor (Stand Base) Negro Mate<br \/>Ajustes en la Posici\u00f3n del Monitor TiltInclinaci\u00f3n (eje H) -3.5 ~ +21.5 \u00ba<br \/>Montaje en Pared (VESA) 100 x 100 mmPeana Desmontable S\u00cd<br \/>Peana tipo \u00abOneClick\u00bb NODimensiones [con peana] (Ancho x Alto x Prof.) (mm) 708.2 x 512.4 x 233.4<br \/>Dimensiones [sin peana] (Ancho x Alto x Prof.) (mm) 708.2 x 421.4 x 92.2Dimensiones [embalado] (Ancho x Alto x Prof.) (mm) 783 x 585 x 224<br \/>Peso [con peana] (kg) 6.2Peso [sin peana] (kg) 5.14<br \/>Peso [embalado] (kg) 8.53Pallet Stuffing (20ft\/40ft\/40ft HC) TBD<br \/>CUMPLIENTO DE STDS\/CERTIFICACIONES<br \/>TCO NOEPA 7.0 NO<br \/>TUV-TYPE S\u00cdTUV-GS NO<br \/>TUV-Ergo NOCB S\u00cd<br \/>UL (cUL) S\u00cdFCC-B S\u00cd<br \/>EPEAT (USA) NOEPEAT (Germany) NO<br \/>ErP S\u00cdCE S\u00cd<br \/>BIS (for India) NOVCCI (for Japan) S\u00cd<br \/>BSMI (for Taiwan) S\u00cdKC (for Rep. of Korea) S\u00cd<br \/>CCC (for china) NOThunderbolt NO<br \/>USB-C (USB-IF) NOUSB-C (VESA) NO<br \/>VESA wall mount standard NOOtros (Standards) CEC,EAC,SIRC,MEPS<br \/>ACCESORIOS<br \/>Adaptador de Corriente S\u00cdAdaptador de Corriente (Color) Negro<br \/>Cable de Alimentaci\u00f3n Seg\u00fan Pa\u00edsCable de Alimentaci\u00f3n (Color\/Longitud) Negro \/ 1.5m<br \/>Cable D-Sub (VGA, 15-pin Anal\u00f3gica) NOCable D-Sub (VGA, 15-pin Anal\u00f3gica) (Color\/Longitud) NO<br \/>Cable DVI-D NOCable DVI-D (Color\/Longitud) NO<br \/>Cable HDMI S\u00cdCable HDMI (Color\/Longitud) Negro \/ 1.5m<br \/>Cable Display Port NOCable Display Port (Color\/Longitud) NO<br \/>Cable Thunderbolt NOCable Thunderbolt (Color\/Longitud) NO<br \/>Cable USB Tipo C NOCable USB Type C (Color\/Longitud) NO<br \/>Cable USB Tipo A a Tipo B NOCable USB Tipo A a Tipo B (Color\/Longitud) NO<br \/>Control Remoto (mando) NOControl Remoto (Color) NO<br \/>Informe \/ Reporte Calibraci\u00f3n (en Papel) NO<\/p>\n","protected":false},"excerpt":{"rendered":"<p>Monitor led lg 32mr50c &#8211; b 31.5 pulgadas 1920 x 1080 5ms hdmi d &#8211; sub<\/p>\n","protected":false},"featured_media":233381,"comment_status":"open","ping_status":"open","template":"","meta":{"_et_pb_use_builder":"","_et_pb_old_content":"","_et_gb_content_width":""},"product_brand":[2648],"product_cat":[2058,3635,2644,2643],"product_tag":[2649,2647,2646],"class_list":{"0":"post-238417","1":"product","2":"type-product","3":"status-publish","4":"has-post-thumbnail","6":"product_brand-lg","7":"product_cat-dispositivos","8":"product_cat-lg","9":"product_cat-monitores","10":"product_cat-monitores-y-tv","11":"product_tag-lg","12":"product_tag-monitores","13":"product_tag-monitores-y-tv","14":"pa_canon-digital-0-e-incluida","15":"pa_categoria-monitores-y-tv","16":"pa_marca-lg","17":"pa_peso-3546","18":"pa_ref-mgs0000019258","20":"first","21":"instock","22":"sale","23":"taxable","24":"shipping-taxable","25":"purchasable","26":"product-type-simple"},"_links":{"self":[{"href":"https:\/\/linkxa.es\/linkshop\/wp-json\/wp\/v2\/product\/238417","targetHints":{"allow":["GET"]}}],"collection":[{"href":"https:\/\/linkxa.es\/linkshop\/wp-json\/wp\/v2\/product"}],"about":[{"href":"https:\/\/linkxa.es\/linkshop\/wp-json\/wp\/v2\/types\/product"}],"replies":[{"embeddable":true,"href":"https:\/\/linkxa.es\/linkshop\/wp-json\/wp\/v2\/comments?post=238417"}],"wp:featuredmedia":[{"embeddable":true,"href":"https:\/\/linkxa.es\/linkshop\/wp-json\/wp\/v2\/media\/233381"}],"wp:attachment":[{"href":"https:\/\/linkxa.es\/linkshop\/wp-json\/wp\/v2\/media?parent=238417"}],"wp:term":[{"taxonomy":"product_brand","embeddable":true,"href":"https:\/\/linkxa.es\/linkshop\/wp-json\/wp\/v2\/product_brand?post=238417"},{"taxonomy":"product_cat","embeddable":true,"href":"https:\/\/linkxa.es\/linkshop\/wp-json\/wp\/v2\/product_cat?post=238417"},{"taxonomy":"product_tag","embeddable":true,"href":"https:\/\/linkxa.es\/linkshop\/wp-json\/wp\/v2\/product_tag?post=238417"}],"curies":[{"name":"wp","href":"https:\/\/api.w.org\/{rel}","templated":true}]}}