{"id":238426,"date":"2025-06-21T06:43:44","date_gmt":"2025-06-21T06:43:44","guid":{"rendered":"https:\/\/linkxa.es\/contratacion\/producto\/monitor-led-ips-asus-zen-screen\/"},"modified":"2025-10-09T18:40:12","modified_gmt":"2025-10-09T18:40:12","slug":"monitor-led-ips-asus-zen-screen","status":"publish","type":"product","link":"https:\/\/linkxa.es\/linkshop\/producto\/monitor-led-ips-asus-zen-screen\/","title":{"rendered":"Monitor led ips asus zen screen"},"content":{"rendered":"<div style=\"text-align: center; margin-bottom: 20px;\">\n<h2 style=\"font-size: 22px; font-weight: 600; margin: 0; color: #333;\">Asus \u00a0|\u00a0 Monitores<\/h2>\n<\/div>\n<p style=\"max-width: 700px; margin: 0px auto 30px; font-size: 18px; line-height: 1.6; color: #555555; font-style: italic; text-align: left;\">Exhibici\u00f3n<br \/>Diagonal de la pantalla *39,6 cm (15.6&#8243;)<br \/>Resoluci\u00f3n de la pantalla *1920 x 1080 Pixeles<br \/>Tipo HD *Full HD<br \/>Relaci\u00f3n de aspecto nativa *16:9<br \/>Tecnolog\u00eda de visualizaci\u00f3n *LED<br \/>Tipo de pantalla *IPS<br \/>Pantalla t\u00e1ctil *No<br \/>Brillo de la pantalla (t\u00edpico)250 cd \/ m\u00b2<br \/>Tiempo de respuesta5 ms<br \/>Pantalla antirreflectanteYes<br \/>Forma de la pantalla *Plana<br \/>Raz\u00f3n de contraste (t\u00edpica) *800:1<br \/>Relaci\u00f3n de contraste (din\u00e1mico)100000000:1<br \/>M\u00e1xima velocidad de actualizaci\u00f3n *60 Hz<br \/>\u00c1ngulo de visi\u00f3n, horizontal178\u00b0<br \/>\u00c1ngulo de visi\u00f3n, vertical178\u00b0<br \/>N\u00famero de colores de la pantalla *262000 de colores<br \/>Tama\u00f1o de pixel0,179 x 0,179 mm<br \/>Tama\u00f1o visible, horizontal34,4 cm<br \/>Tama\u00f1o visible, vertical19,4 cm<br \/>Frecuencia digital horizontal24 &#8211; 83 kHz<br \/>Diagonal de pantalla39,62 cm<br \/>Desempe\u00f1o<br \/>NVIDIA G-SYNC *No<br \/>AMD FreeSync *No<br \/>Tecnolog\u00eda Flicker free (reduce el parpadeo de la pantalla)Yes<br \/>Tecnolog\u00eda Low Blue Light (baja luz azul)Yes<br \/>Multimedia<br \/>Altavoces incorporados *No<br \/>C\u00e1mara incorporada *No<br \/>Dise\u00f1o<br \/>Posicionamiento de mercado *Hogar<br \/>Color del producto *Negro<br \/>Puertos e Interfaces<br \/>Conector USB incorporado *Yes<br \/>Tipo de puerto USB de cargaUSB Tipo C<br \/>HDMI *No<br \/>Salida de auriculares *No<br \/>HDCPYes<br \/>Ergonom\u00eda<br \/>Ajustes de altura *No<br \/>Control de energ\u00eda<br \/>Clase de eficiencia energ\u00e9tica (SDR) *B<br \/>Consumo de energ\u00eda (SDR) por 1000 horas *6 kWh<br \/>Consumo energ\u00e9tico *8 W<br \/>Consumo de energ\u00eda (apagado)0,3 W<br \/>Consumo de energ\u00eda (ahorro)0,5 W<br \/>Voltaje de entrada AC100 &#8211; 240 V<br \/>Frecuencia de entrada AC50 &#8211; 60 Hz<br \/>Escala de eficiencia energ\u00e9ticaDe la A a la G<br \/>Condiciones ambientales<br \/>Intervalo de temperatura operativa0 &#8211; 40 \u00b0C<br \/>Contenido del embalaje<br \/>Cables incluidosUSB Tipo C<br \/>Gu\u00eda de configuraci\u00f3n r\u00e1pidaYes<br \/>Peso y dimensiones<br \/>Ancho (sin base)360,1 mm<br \/>Profundidad (sin base)11,8 mm<br \/>Altura (sin base)225,6 mm<br \/>Peso (sin base)780 g<br \/>Empaquetado<br \/>Ancho del paquete434 mm<br \/>Profundidad del paquete76 mm<br \/>Altura del paquete290 mm<br \/>Peso del paquete1,7 kg<br \/>Tipo de embalajeCaja<br \/>Datos log\u00edsticos<br \/>C\u00f3digo de Sistema de Armomizaci\u00f3n (SA)85285210<\/p>\n","protected":false},"excerpt":{"rendered":"<p>Monitor led ips asus zen screen mb166c 15.6 pulgadas fhd usb &#8211; c<\/p>\n","protected":false},"featured_media":238427,"comment_status":"open","ping_status":"open","template":"","meta":{"_et_pb_use_builder":"","_et_pb_old_content":"","_et_gb_content_width":""},"product_brand":[2566],"product_cat":[3659,2058,2644,2643],"product_tag":[2567,2647,2646],"class_list":{"0":"post-238426","1":"product","2":"type-product","3":"status-publish","4":"has-post-thumbnail","6":"product_brand-asus","7":"product_cat-asus","8":"product_cat-dispositivos","9":"product_cat-monitores","10":"product_cat-monitores-y-tv","11":"product_tag-asus","12":"product_tag-monitores","13":"product_tag-monitores-y-tv","14":"pa_canon-digital-0-e-incluida","15":"pa_categoria-monitores-y-tv","16":"pa_marca-asus","17":"pa_peso-3671","18":"pa_ref-mgs0000021013","20":"first","21":"instock","22":"sale","23":"taxable","24":"shipping-taxable","25":"purchasable","26":"product-type-simple"},"_links":{"self":[{"href":"https:\/\/linkxa.es\/linkshop\/wp-json\/wp\/v2\/product\/238426","targetHints":{"allow":["GET"]}}],"collection":[{"href":"https:\/\/linkxa.es\/linkshop\/wp-json\/wp\/v2\/product"}],"about":[{"href":"https:\/\/linkxa.es\/linkshop\/wp-json\/wp\/v2\/types\/product"}],"replies":[{"embeddable":true,"href":"https:\/\/linkxa.es\/linkshop\/wp-json\/wp\/v2\/comments?post=238426"}],"wp:featuredmedia":[{"embeddable":true,"href":"https:\/\/linkxa.es\/linkshop\/wp-json\/wp\/v2\/media\/238427"}],"wp:attachment":[{"href":"https:\/\/linkxa.es\/linkshop\/wp-json\/wp\/v2\/media?parent=238426"}],"wp:term":[{"taxonomy":"product_brand","embeddable":true,"href":"https:\/\/linkxa.es\/linkshop\/wp-json\/wp\/v2\/product_brand?post=238426"},{"taxonomy":"product_cat","embeddable":true,"href":"https:\/\/linkxa.es\/linkshop\/wp-json\/wp\/v2\/product_cat?post=238426"},{"taxonomy":"product_tag","embeddable":true,"href":"https:\/\/linkxa.es\/linkshop\/wp-json\/wp\/v2\/product_tag?post=238426"}],"curies":[{"name":"wp","href":"https:\/\/api.w.org\/{rel}","templated":true}]}}