{"id":238434,"date":"2025-01-03T19:54:40","date_gmt":"2025-01-03T19:54:40","guid":{"rendered":"https:\/\/linkxa.es\/contratacion\/producto\/monitor-led-ips-asus-vz24ehf-w-23-8-pulgadas-2\/"},"modified":"2025-10-09T18:42:46","modified_gmt":"2025-10-09T18:42:46","slug":"monitor-led-ips-asus-vz24ehf-w-23-8-pulgadas-2","status":"publish","type":"product","link":"https:\/\/linkxa.es\/linkshop\/producto\/monitor-led-ips-asus-vz24ehf-w-23-8-pulgadas-2\/","title":{"rendered":"Monitor led ips asus vz24ehf &#8211; w 23.8 pulgadas"},"content":{"rendered":"<div style=\"text-align: center; margin-bottom: 20px;\">\n<h2 style=\"font-size: 22px; font-weight: 600; margin: 0; color: #333;\">Asus \u00a0|\u00a0 Monitores<\/h2>\n<\/div>\n<p style=\"max-width: 700px; margin: 0px auto 30px; font-size: 18px; line-height: 1.6; color: #555555; font-style: italic; text-align: left;\">ASUS VZ24EHF-W. Diagonal de la pantalla: 60,5 cm (23.8&#8243;), Resoluci\u00f3n de la pantalla: 1920 x 1080 Pixeles, Tipo HD: Full HD, Superficie de la pantalla: Mate, Tiempo de respuesta: 1 ms, Relaci\u00f3n de<br \/>aspecto nativa: 16:9, \u00c1ngulo de visi\u00f3n, horizontal: 178, \u00c1ngulo de visi\u00f3n, vertical: 178. montaje VESA. Color del producto: Blanco<\/p>\n<p>Exhibici\u00f3n<br \/>Diagonal de la pantalla *60,5 cm (23.8&#8243;)<br \/>Resoluci\u00f3n de la pantalla *1920 x 1080 Pixeles<br \/>Tipo HD *Full HD<br \/>Relaci\u00f3n de aspecto nativa *16:9<br \/>Tipo de pantalla *IPS<br \/>Tipo de retroiluminaci\u00f3nLED<br \/>Pantalla t\u00e1ctil *No<br \/>Brillo de la pantalla (t\u00edpico)250 cd \/ m<br \/>Tiempo de respuesta1 ms<br \/>Superficie de la pantallaMate<br \/>Forma de la pantalla *Plana<br \/>Raz\u00f3n de contraste (t\u00edpica) *1300:1<br \/>M\u00e1xima velocidad de actualizaci\u00f3n *100 Hz<br \/>\u00c1ngulo de visi\u00f3n, horizontal178<br \/>\u00c1ngulo de visi\u00f3n, vertical178<br \/>N\u00famero de colores de la pantalla *16,7 millones de colores<br \/>Tama\u00f1o de pixel0,2745 x 0,2745 mm<br \/>Tama\u00f1o visible, horizontal52,7 cm<br \/>Tama\u00f1o visible, vertical29,6 cm<br \/>Frecuencia digital horizontal30 &#8211; 110 kHz<br \/>Frecuencia digital vertical48 &#8211; 100 Hz<br \/>Desempe\u00f1o<br \/>Tecnolog\u00edas espec\u00edficasCrosshair, Eye Care+, SPLENDID<br \/>Compatibilidad con Adaptive Sync de VESAYes<br \/>Tecnolog\u00eda Flicker free (reduce el parpadeo de la pantalla)Yes<br \/>Tecnolog\u00eda Low Blue Light (baja luz azul)Yes<br \/>Contador de FPSYes<br \/>Multimedia<br \/>Altavoces incorporados *No<br \/>C\u00e1mara incorporada *No<br \/>Dise\u00f1o<br \/>Posicionamiento de mercado *Juego<br \/>Color del producto *Blanco<br \/>Color de piesBlanco<br \/>Puertos e Interfaces<br \/>Conector USB incorporado *No<br \/>HDMI *Yes<br \/>N\u00famero de puertos HDMI1<br \/>Versi\u00f3n HDMI1.4<br \/>Salida de auriculares *Yes<br \/>Salidas para auriculares1<br \/>Auriculares3,5 mm<br \/>Puertos e Interfaces<br \/>HDCPYes<br \/>HDCP versi\u00f3n1.4<br \/>Enchufe de entrada de CCYes<br \/>Ergonom\u00eda<br \/>montaje VESA *Yes<br \/>Interfaz de panel de montaje75 x 75 mm<br \/>Montaje de paredYes<br \/>Ranura para cable de seguridad *Yes<br \/>Tipo de ranura de bloqueo del cableKensington<br \/>Ajustes de altura *No<br \/>\u00c1ngulo de inclinaci\u00f3n23 &#8211; -5<br \/>Ajuste de la inclinaci\u00f3nYes<br \/>Control de energ\u00eda<br \/>Clase de eficiencia energ\u00e9tica (SDR) *D<br \/>Consumo de energ\u00eda (SDR) por 1000 horas *15 kWh<br \/>Consumo energ\u00e9tico *19 W<br \/>Consumo de energ\u00eda (apagado)0,3 W<br \/>Consumo de energ\u00eda (ahorro)0,5 W<br \/>Voltaje de entrada AC100 &#8211; 240 V<br \/>Frecuencia de entrada AC50\/60 Hz<br \/>Escala de eficiencia energ\u00e9ticaDe la A a la G<br \/>Peso y dimensiones<br \/>Ancho del dispositivo (con soporte)540,2 mm<br \/>Profundidad dispositivo (con soporte)210,1 mm<br \/>Altura del dispositivo (con soporte)393,9 mm<br \/>Peso (con soporte)2,85 kg<br \/>Ancho (sin base)540,2 mm<br \/>Profundidad (sin base)38,9 mm<br \/>Altura (sin base)316,5 mm<br \/>Peso (sin base)2,45 kg<br \/>Empaquetado<br \/>Ancho del paquete596 mm<br \/>Profundidad del paquete117 mm<br \/>Altura del paquete385 mm<br \/>Peso del paquete4,12 kg<br \/>Tipo de embalajeCaja<br \/>Sostenibilidad<br \/>Cumplimiento de sostenibilidadYes<br \/>Certificados de sostenibilidadENERGY STAR, EPEAT Bronze<\/p>\n","protected":false},"excerpt":{"rendered":"<p>Monitor led ips asus vz24ehf &#8211; w 23.8 pulgadas fhd 1ms hdmi blanco<\/p>\n","protected":false},"featured_media":233625,"comment_status":"open","ping_status":"open","template":"","meta":{"_et_pb_use_builder":"","_et_pb_old_content":"","_et_gb_content_width":""},"product_brand":[2566],"product_cat":[3659,2058,2644,2643],"product_tag":[2567,2647,2646],"class_list":{"0":"post-238434","1":"product","2":"type-product","3":"status-publish","4":"has-post-thumbnail","6":"product_brand-asus","7":"product_cat-asus","8":"product_cat-dispositivos","9":"product_cat-monitores","10":"product_cat-monitores-y-tv","11":"product_tag-asus","12":"product_tag-monitores","13":"product_tag-monitores-y-tv","14":"pa_canon-digital-0-e-incluida","15":"pa_categoria-monitores-y-tv","16":"pa_marca-asus","17":"pa_peso-3675","18":"pa_ref-mgs0000021288","20":"first","21":"instock","22":"sale","23":"taxable","24":"shipping-taxable","25":"purchasable","26":"product-type-simple"},"_links":{"self":[{"href":"https:\/\/linkxa.es\/linkshop\/wp-json\/wp\/v2\/product\/238434","targetHints":{"allow":["GET"]}}],"collection":[{"href":"https:\/\/linkxa.es\/linkshop\/wp-json\/wp\/v2\/product"}],"about":[{"href":"https:\/\/linkxa.es\/linkshop\/wp-json\/wp\/v2\/types\/product"}],"replies":[{"embeddable":true,"href":"https:\/\/linkxa.es\/linkshop\/wp-json\/wp\/v2\/comments?post=238434"}],"wp:featuredmedia":[{"embeddable":true,"href":"https:\/\/linkxa.es\/linkshop\/wp-json\/wp\/v2\/media\/233625"}],"wp:attachment":[{"href":"https:\/\/linkxa.es\/linkshop\/wp-json\/wp\/v2\/media?parent=238434"}],"wp:term":[{"taxonomy":"product_brand","embeddable":true,"href":"https:\/\/linkxa.es\/linkshop\/wp-json\/wp\/v2\/product_brand?post=238434"},{"taxonomy":"product_cat","embeddable":true,"href":"https:\/\/linkxa.es\/linkshop\/wp-json\/wp\/v2\/product_cat?post=238434"},{"taxonomy":"product_tag","embeddable":true,"href":"https:\/\/linkxa.es\/linkshop\/wp-json\/wp\/v2\/product_tag?post=238434"}],"curies":[{"name":"wp","href":"https:\/\/api.w.org\/{rel}","templated":true}]}}