{"id":238448,"date":"2025-04-12T10:50:54","date_gmt":"2025-04-12T10:50:54","guid":{"rendered":"https:\/\/linkxa.es\/contratacion\/producto\/lg-27gs50f-27-pulgadas-1920-x-1080-2\/"},"modified":"2025-10-09T18:46:20","modified_gmt":"2025-10-09T18:46:20","slug":"lg-27gs50f-27-pulgadas-1920-x-1080-2","status":"publish","type":"product","link":"https:\/\/linkxa.es\/linkshop\/producto\/lg-27gs50f-27-pulgadas-1920-x-1080-2\/","title":{"rendered":"Lg 27gs50f 27 pulgadas 1920 x 1080"},"content":{"rendered":"<div style=\"text-align: center; margin-bottom: 20px;\">\n<h2 style=\"font-size: 22px; font-weight: 600; margin: 0; color: #333;\">Lg \u00a0|\u00a0 Monitores<\/h2>\n<\/div>\n<p style=\"max-width: 700px; margin: 0px auto 30px; font-size: 18px; line-height: 1.6; color: #555555; font-style: italic; text-align: left;\">LG 27GS50F-B. Diagonal de la pantalla: 68,6 cm (27&#8243;), Resoluci\u00f3n de la pantalla: 1920 x 1080 Pixeles, Tipo HD: Full HD, Tiempo de respuesta: 5 ms, Relaci\u00f3n de aspecto nativa: 16:9, \u00c1ngulo de visi\u00f3n, horizontal: 178, \u00c1ngulo de visi\u00f3n, vertical: 178. montaje VESA. Color del producto: Negro<\/p>\n","protected":false},"excerpt":{"rendered":"<p>Lg 27gs50f 27 pulgadas 1920 x 1080 5ms hdmi displayport<\/p>\n","protected":false},"featured_media":233188,"comment_status":"open","ping_status":"open","template":"","meta":{"_et_pb_use_builder":"","_et_pb_old_content":"","_et_gb_content_width":""},"product_brand":[2648],"product_cat":[2058,3635,2644,2643],"product_tag":[2649,2647,2646],"class_list":{"0":"post-238448","1":"product","2":"type-product","3":"status-publish","4":"has-post-thumbnail","6":"product_brand-lg","7":"product_cat-dispositivos","8":"product_cat-lg","9":"product_cat-monitores","10":"product_cat-monitores-y-tv","11":"product_tag-lg","12":"product_tag-monitores","13":"product_tag-monitores-y-tv","14":"pa_canon-digital-0-e-incluida","15":"pa_categoria-monitores-y-tv","16":"pa_marca-lg","17":"pa_peso-3681","18":"pa_ref-mgs0000024193","20":"first","21":"instock","22":"sale","23":"taxable","24":"shipping-taxable","25":"purchasable","26":"product-type-simple"},"_links":{"self":[{"href":"https:\/\/linkxa.es\/linkshop\/wp-json\/wp\/v2\/product\/238448","targetHints":{"allow":["GET"]}}],"collection":[{"href":"https:\/\/linkxa.es\/linkshop\/wp-json\/wp\/v2\/product"}],"about":[{"href":"https:\/\/linkxa.es\/linkshop\/wp-json\/wp\/v2\/types\/product"}],"replies":[{"embeddable":true,"href":"https:\/\/linkxa.es\/linkshop\/wp-json\/wp\/v2\/comments?post=238448"}],"wp:featuredmedia":[{"embeddable":true,"href":"https:\/\/linkxa.es\/linkshop\/wp-json\/wp\/v2\/media\/233188"}],"wp:attachment":[{"href":"https:\/\/linkxa.es\/linkshop\/wp-json\/wp\/v2\/media?parent=238448"}],"wp:term":[{"taxonomy":"product_brand","embeddable":true,"href":"https:\/\/linkxa.es\/linkshop\/wp-json\/wp\/v2\/product_brand?post=238448"},{"taxonomy":"product_cat","embeddable":true,"href":"https:\/\/linkxa.es\/linkshop\/wp-json\/wp\/v2\/product_cat?post=238448"},{"taxonomy":"product_tag","embeddable":true,"href":"https:\/\/linkxa.es\/linkshop\/wp-json\/wp\/v2\/product_tag?post=238448"}],"curies":[{"name":"wp","href":"https:\/\/api.w.org\/{rel}","templated":true}]}}