{"id":238456,"date":"2025-03-19T05:28:17","date_gmt":"2025-03-19T05:28:17","guid":{"rendered":"https:\/\/linkxa.es\/contratacion\/producto\/curvo-lg-34wr50qk-34-pulgadas-3440-x-2\/"},"modified":"2025-10-09T18:48:48","modified_gmt":"2025-10-09T18:48:48","slug":"curvo-lg-34wr50qk-34-pulgadas-3440-x-2","status":"publish","type":"product","link":"https:\/\/linkxa.es\/linkshop\/producto\/curvo-lg-34wr50qk-34-pulgadas-3440-x-2\/","title":{"rendered":"Curvo lg 34wr50qk 34 pulgadas 3440 x"},"content":{"rendered":"<div style=\"text-align: center; margin-bottom: 20px;\">\n<h2 style=\"font-size: 22px; font-weight: 600; margin: 0; color: #333;\">Lg \u00a0|\u00a0 Monitores<\/h2>\n<\/div>\n<p style=\"max-width: 700px; margin: 0px auto 30px; font-size: 18px; line-height: 1.6; color: #555555; font-style: italic; text-align: left;\">LG 34WR50QK-B. Diagonal de la pantalla: 86,4 cm (34&#8243;), Resoluci\u00f3n de la pantalla: 3440 x 1440 Pixeles, Tipo HD: Wide Quad HD, Tiempo de respuesta: 5 ms, Relaci\u00f3n de aspecto nativa: 21:9, \u00c1ngulo<br \/>de visi\u00f3n, horizontal: 178, \u00c1ngulo de visi\u00f3n, vertical: 178. Conector USB incorporado. montaje VESA. Color del producto: Negro<\/p>\n<p>Exhibici\u00f3n<br \/>Diagonal de la pantalla<br \/>Size of the display for this product<br \/>86,4 cm (34&#8243;)<br \/>Resoluci\u00f3n de la pantalla<br \/>Resolution of the display for the system<br \/>3440 x 1440 Pixeles<br \/>Tipo HD<br \/>Type of supported High Definition (e.g. Full HD, 4K Ultra HD).<br \/>Wide Quad HD<br \/>Relaci\u00f3n de aspecto nativa<br \/>The aspect ratio is the ratio of the width of an image to its height. The native aspect ratio is the one which the projector\/display is particularly designed for. Images shown in native aspect ratio will utilize the<br \/>entire resolution of the display and achieve maximum brightness. Images shown in other than native aspect ratio will always have less resolution and less brightness than images shown in native aspect<br \/>ratio.<br \/>21:9<br \/>Tipo de pantalla VA<br \/>Brillo de la pantalla (t\u00edpico)<br \/>Display brightness, measured by its Luminance, presented as a figure in nits. Typical brightness ratings for monitors range from 250 to 350 nits with a target value of between 80 to 120 nits being suitable<br \/>for most displays in a normal viewing environment.<br \/>300 cd \/ m<br \/>Tiempo de respuesta<br \/>The response time is the time difference between the moment that a source (for example a video card) sends a signal and that equipment (for example a monitor) receives or display the signal. (Used<br \/>abbreviations: R\/F = Rise and Fall.)<br \/>5 ms<br \/>Tipo de medici\u00f3n del tiempo de respuesta GTG (Gray to Gray)<br \/>Forma de la pantalla Curva<br \/>Clasificaci\u00f3n de curvatura de la pantalla 1800R<br \/>Formatos gr\u00e1ficos soportados<br \/>The graphic resolutions that can be displayed by the device. The graphic resolution describes the width and height dimensions of a display<br \/>640 x 480 (VGA), 800 x 600 (SVGA), 1024 x 768 (XGA), 1920 x 1080 (HD 1080), 3440 x 1440<br \/>Formato de v\u00eddeo soportado<br \/>The video modes that can be displayed by the device.<br \/>480p, 720p, 1080p, 2160p<br \/>Raz\u00f3n de contraste (t\u00edpica)<br \/>The difference in light intensity between the brightest white and the darkest black.<br \/>3000:1<br \/>M\u00e1xima velocidad de actualizaci\u00f3n 100 Hz<br \/>\u00c1ngulo de visi\u00f3n, horizontal<br \/>Maximum horizontal angle at which a display can be viewed with acceptable visual performance.<br \/>178<br \/>\u00c1ngulo de visi\u00f3n, vertical<br \/>Maximum vertical angle at which a display can be viewed with acceptable visual performance.<br \/>178<br \/>N\u00famero de colores de la pantalla 16,7 millones de colores<br \/>Tama\u00f1o de pixel<br \/>This is the parameter of a picture tube<br \/>0,23175 x 0,23175 mm<br \/>Diagonal de pantalla<br \/>This is the size of the display screen<br \/>86,42 cm<br \/>Alto Rango Din\u00e1mico (HDR)<br \/>Tecnolog\u00eda HDR (High Dynamic Range, Alto rango din\u00e1mico) HDR Effect, High Dynamic Range 10 (HDR10)<br \/>Profundidad de color 10 bit<br \/>Cobertura sRGB (t\u00edpica) 99%<br \/>Desempe\u00f1o<br \/>AMD FreeSync<br \/>The product includes AMD Freesync Technology for the dynamic synchronization of the graphic card and the monitor in order to avoid screen tearing.<br \/>Tecnolog\u00eda Flicker free (reduce el parpadeo de la pantalla)<br \/>Modos inteligentes Ahorro energ\u00e9tico<br \/>Dise\u00f1o<br \/>Color del producto<br \/>The colour e.g. red<br \/>Negro<br \/>Bisel frontal Negro<br \/>Color de pies<br \/>The colour of the feet<br \/>Negro<br \/>Puertos e Interfaces<br \/>HDMI<br \/>HDMI (High-Definition Multimedia Interface) is a compact audio\/video interface for transferring uncompressed video data and compressed\/uncompressed digital audio data from a HDMI-compliant device<br \/>(\u00abthe source device\u00bb) to a compatible computer monitor<br \/>N\u00famero de puertos HDMI<br \/>The number of sockets (ports) for HDMI connections. HDMI (High-Definition Multimedia Interface) is a compact audio\/video interface for transferring uncompressed video data and<br \/>compressed\/uncompressed digital audio data from a HDMI-compliant device (\u00abthe source device\u00bb) to a compatible computer monitor<br \/>2<br \/>Cantidad de DisplayPorts<br \/>Number of DisplayPorts. A DisplayPort is a digital display interface developed by the Video Electronics Standards Association (VESA). The interface is primarily used to connect a video source to a display<br \/>device such as a computer monitor<br \/>1<br \/>Puertos e Interfaces<br \/>Versi\u00f3n de DisplayPort 1.4<br \/>Salida de auriculares<br \/>The socket for connecting headphones to the device.<br \/>Salidas para auriculares<br \/>Number of sockets \/ports where headphones are connected.<br \/>1<br \/>Ergonom\u00eda<br \/>montaje VESA<br \/>Interfaz de panel de montaje<br \/>The product can be used wih VESA mounting interfaces.<br \/>100 x 100 mm<br \/>Ranura para cable de seguridad<br \/>Holes on the edge of devices through which a cable lock can be passed<br \/>Tipo de ranura de bloqueo del cable Kensington<br \/>Ajuste de la inclinaci\u00f3n<br \/>The tilt<br \/>\u00c1ngulo de inclinaci\u00f3n -5 &#8211; 15<br \/>Exhibici\u00f3n en pantalla (OSD)<br \/>Control de energ\u00eda<br \/>Consumo energ\u00e9tico<br \/>Amount of power used by this model, expressed in watts<br \/>45 W<br \/>Consumo de energ\u00eda (inactivo)<br \/>The amount of electricity that is consumed when the product is on standby.<br \/>0,5 W<br \/>Consumo de energ\u00eda (apagado) 0,3 W<br \/>Voltaje de entrada AC<br \/>The voltage of the AC electricity that is inputted into the product.<br \/>100 &#8211; 240 V<br \/>Frecuencia de entrada AC 50\/60 Hz<br \/>Tipo de fuente de alimentaci\u00f3n<br \/>State power supply (internal\/external) type with which the product works<br \/>Externo<br \/>Condiciones ambientales<br \/>Intervalo de temperatura operativa<br \/>The minimum and maximum temperatures at which the product can be safely operated.<br \/>0 &#8211; 40 C<br \/>Intervalo de temperatura de almacenaje<br \/>The minimum and maximum temperatures at which the product can be safely stored.<br \/>-20 &#8211; 60 C<br \/>Peso y dimensiones<br \/>Ancho del dispositivo (con soporte) 809 mm<br \/>Profundidad dispositivo (con soporte) 223,2 mm<br \/>Altura del dispositivo (con soporte) 483,3 mm<br \/>Peso (con soporte) 5,9 kg<br \/>Ancho (sin base) 809 mm<br \/>Profundidad (sin base) 91,5 mm<br \/>Altura (sin base) 358,9 mm<br \/>Peso (sin base) 4,9 kg<br \/>Empaquetado<br \/>Ancho del paquete<br \/>The distance from one side of the packaging to the other.<br \/>986 mm<br \/>Profundidad del paquete<br \/>The distance from the front to the back of the packaging.<br \/>212 mm<br \/>Altura del paquete<br \/>The distance from the top to the bottom of the packaging.<br \/>524 mm<br \/>Peso del paquete<br \/>Weight of the packaged product.<br \/>8,4 kg<br \/>Contenido del embalaje<br \/>Stand incluido<br \/>Adaptador de corriente incluido<br \/>Otras caracter\u00edsticas<br \/>Tecnolog\u00edas espec\u00edficas Black Stabilizer<br \/>Imagen por imagen (Picture-by-Picture, PbP)<\/p>\n","protected":false},"excerpt":{"rendered":"<p>Curvo lg 34wr50qk 34 pulgadas 3440 x 1440 5ms hdmi displayport<\/p>\n","protected":false},"featured_media":233415,"comment_status":"open","ping_status":"open","template":"","meta":{"_et_pb_use_builder":"","_et_pb_old_content":"","_et_gb_content_width":""},"product_brand":[2648],"product_cat":[2058,3635,2644,2643],"product_tag":[2649,2647,2646],"class_list":{"0":"post-238456","1":"product","2":"type-product","3":"status-publish","4":"has-post-thumbnail","6":"product_brand-lg","7":"product_cat-dispositivos","8":"product_cat-lg","9":"product_cat-monitores","10":"product_cat-monitores-y-tv","11":"product_tag-lg","12":"product_tag-monitores","13":"product_tag-monitores-y-tv","14":"pa_canon-digital-0-e-incluida","15":"pa_categoria-monitores-y-tv","16":"pa_marca-lg","17":"pa_peso-3681","18":"pa_ref-mgs0000024197","20":"first","21":"instock","22":"sale","23":"taxable","24":"shipping-taxable","25":"purchasable","26":"product-type-simple"},"_links":{"self":[{"href":"https:\/\/linkxa.es\/linkshop\/wp-json\/wp\/v2\/product\/238456","targetHints":{"allow":["GET"]}}],"collection":[{"href":"https:\/\/linkxa.es\/linkshop\/wp-json\/wp\/v2\/product"}],"about":[{"href":"https:\/\/linkxa.es\/linkshop\/wp-json\/wp\/v2\/types\/product"}],"replies":[{"embeddable":true,"href":"https:\/\/linkxa.es\/linkshop\/wp-json\/wp\/v2\/comments?post=238456"}],"wp:featuredmedia":[{"embeddable":true,"href":"https:\/\/linkxa.es\/linkshop\/wp-json\/wp\/v2\/media\/233415"}],"wp:attachment":[{"href":"https:\/\/linkxa.es\/linkshop\/wp-json\/wp\/v2\/media?parent=238456"}],"wp:term":[{"taxonomy":"product_brand","embeddable":true,"href":"https:\/\/linkxa.es\/linkshop\/wp-json\/wp\/v2\/product_brand?post=238456"},{"taxonomy":"product_cat","embeddable":true,"href":"https:\/\/linkxa.es\/linkshop\/wp-json\/wp\/v2\/product_cat?post=238456"},{"taxonomy":"product_tag","embeddable":true,"href":"https:\/\/linkxa.es\/linkshop\/wp-json\/wp\/v2\/product_tag?post=238456"}],"curies":[{"name":"wp","href":"https:\/\/api.w.org\/{rel}","templated":true}]}}