{"id":238457,"date":"2024-12-30T01:19:36","date_gmt":"2024-12-30T01:19:36","guid":{"rendered":"https:\/\/linkxa.es\/contratacion\/producto\/lg-27ba560-27-pulgadas-5ms-1920-x-2\/"},"modified":"2025-10-09T18:48:54","modified_gmt":"2025-10-09T18:48:54","slug":"lg-27ba560-27-pulgadas-5ms-1920-x-2","status":"publish","type":"product","link":"https:\/\/linkxa.es\/linkshop\/producto\/lg-27ba560-27-pulgadas-5ms-1920-x-2\/","title":{"rendered":"Lg 27ba560 27 pulgadas 5ms 1920 x"},"content":{"rendered":"<div style=\"text-align: center; margin-bottom: 20px;\">\n<h2 style=\"font-size: 22px; font-weight: 600; margin: 0; color: #333;\">Lg \u00a0|\u00a0 Monitores<\/h2>\n<\/div>\n<p style=\"max-width: 700px; margin: 0px auto 30px; font-size: 18px; line-height: 1.6; color: #555555; font-style: italic; text-align: left;\">LG 27BA560-B. Diagonal de la pantalla: 68,6 cm (27&#8243;), Resoluci\u00f3n de la pantalla: 1920 x 1080 Pixeles, Tipo HD: Full HD, Tiempo de respuesta: 5 ms, \u00c1ngulo de visi\u00f3n, horizontal: 178, \u00c1ngulo de visi\u00f3n,<br \/>vertical: 178. Altavoces incorporados. Conector USB incorporado. Color del producto: Negro<\/p>\n<p>Exhibici\u00f3n<br \/>Diagonal de la pantalla<br \/>Size of the display for this product<br \/>68,6 cm (27&#8243;)<br \/>Resoluci\u00f3n de la pantalla<br \/>Resolution of the display for the system<br \/>1920 x 1080 Pixeles<br \/>Tipo HD<br \/>Type of supported High Definition (e.g. Full HD, 4K Ultra HD).<br \/>Full HD<br \/>Tipo de pantalla IPS<br \/>Brillo de la pantalla (t\u00edpico)<br \/>Display brightness, measured by its Luminance, presented as a figure in nits. Typical brightness ratings for monitors range from 250 to 350 nits with a target value of between 80 to 120 nits being suitable<br \/>for most displays in a normal viewing environment.<br \/>250 cd \/ m<br \/>Tiempo de respuesta<br \/>The response time is the time difference between the moment that a source (for example a video card) sends a signal and that equipment (for example a monitor) receives or display the signal. (Used<br \/>abbreviations: R\/F = Rise and Fall.)<br \/>5 ms<br \/>Forma de la pantalla Plana<br \/>Raz\u00f3n de contraste (t\u00edpica)<br \/>The difference in light intensity between the brightest white and the darkest black.<br \/>1300:1<br \/>M\u00e1xima velocidad de actualizaci\u00f3n 100 Hz<br \/>\u00c1ngulo de visi\u00f3n, horizontal<br \/>Maximum horizontal angle at which a display can be viewed with acceptable visual performance.<br \/>178<br \/>\u00c1ngulo de visi\u00f3n, vertical<br \/>Maximum vertical angle at which a display can be viewed with acceptable visual performance.<br \/>178<br \/>N\u00famero de colores de la pantalla 16,7 millones de colores<br \/>Diagonal de pantalla<br \/>This is the size of the display screen<br \/>68,6 cm<br \/>Profundidad de color 8 bit<br \/>Cobertura sRGB (t\u00edpica) 99%<br \/>Multimedia<br \/>N\u00famero de altavoces<br \/>The quantity of speakers included in\/with the product.<br \/>2<br \/>Potencia estimada RMS<br \/>RMS (Root mean square) is a measure of the continuous power required by a device<br \/>4 W<br \/>Altavoces incorporados<br \/>The device contains speaker(s) to produce sound.<br \/>Dise\u00f1o<br \/>Color del producto<br \/>The colour e.g. red<br \/>Negro<br \/>Color de pies<br \/>The colour of the feet<br \/>Negro<br \/>Puertos e Interfaces<br \/>Conector USB incorporado<br \/>Whether or not the device features a USB hub to connect more than one other device via USB.<br \/>N\u00famero de puertos ascendentes 1<br \/>Cantidad de puertos USB descendentes de tipo A 2<br \/>Cantidad de puertos VGA (D-Sub)<br \/>Number of VGA (D-Sub) ports (connecting interfaces) in the device. The VGA (D-Sub) connector is a 15 pin connector between a computer and a monitor. It was first introduced in 1987 by IBM.<br \/>1<br \/>Puertos e Interfaces<br \/>HDMI<br \/>HDMI (High-Definition Multimedia Interface) is a compact audio\/video interface for transferring uncompressed video data and compressed\/uncompressed digital audio data from a HDMI-compliant device<br \/>(\u00abthe source device\u00bb) to a compatible computer monitor<br \/>N\u00famero de puertos HDMI<br \/>The number of sockets (ports) for HDMI connections. HDMI (High-Definition Multimedia Interface) is a compact audio\/video interface for transferring uncompressed video data and<br \/>compressed\/uncompressed digital audio data from a HDMI-compliant device (\u00abthe source device\u00bb) to a compatible computer monitor<br \/>1<br \/>Cantidad de DisplayPorts<br \/>Number of DisplayPorts. A DisplayPort is a digital display interface developed by the Video Electronics Standards Association (VESA). The interface is primarily used to connect a video source to a display<br \/>device such as a computer monitor<br \/>1<br \/>Versi\u00f3n de DisplayPort 1.2<br \/>Salida de auriculares<br \/>The socket for connecting headphones to the device.<br \/>Control de energ\u00eda<br \/>Consumo energ\u00e9tico<br \/>Amount of power used by this model, expressed in watts<br \/>14,5 W<br \/>Consumo de energ\u00eda (inactivo)<br \/>The amount of electricity that is consumed when the product is on standby.<br \/>0,5 W<br \/>Consumo de energ\u00eda (apagado) 0,3 W<br \/>Voltaje de entrada AC<br \/>The voltage of the AC electricity that is inputted into the product.<br \/>100 &#8211; 240 V<br \/>Frecuencia de entrada AC 50\/60 Hz<br \/>Peso y dimensiones<br \/>Ancho del dispositivo (con soporte) 610,8 mm<br \/>Profundidad dispositivo (con soporte) 239,9 mm<br \/>Altura del dispositivo (con soporte) 536,6 mm<br \/>Peso (con soporte) 5,05 kg<br \/>Ancho (sin base) 610,8 mm<br \/>Profundidad (sin base) 50,8 mm<br \/>Altura (sin base) 360,3 mm<br \/>Peso (sin base) 3,25 kg<br \/>Empaquetado<br \/>Ancho del paquete<br \/>The distance from one side of the packaging to the other.<br \/>739 mm<br \/>Profundidad del paquete<br \/>The distance from the front to the back of the packaging.<br \/>165 mm<br \/>Altura del paquete<br \/>The distance from the top to the bottom of the packaging.<br \/>488 mm<br \/>Peso del paquete<br \/>Weight of the packaged product.<br \/>8,55 kg<br \/>Contenido del embalaje<br \/>Stand incluido<br \/>Cables incluidos DisplayPort, HDMI, USB<br \/>Longitud del cable HDMI 1,8 m<br \/>Otras caracter\u00edsticas<br \/>Tecnolog\u00edas espec\u00edficas Super+ Resolution<\/p>\n","protected":false},"excerpt":{"rendered":"<p>Lg 27ba560 27 pulgadas 5ms 1920 x 1080 d &#8211; sub hdmi displayport usb altavoces<\/p>\n","protected":false},"featured_media":233096,"comment_status":"open","ping_status":"open","template":"","meta":{"_et_pb_use_builder":"","_et_pb_old_content":"","_et_gb_content_width":""},"product_brand":[2648],"product_cat":[2058,3635,2644,2643],"product_tag":[2649,2647,2646],"class_list":{"0":"post-238457","1":"product","2":"type-product","3":"status-publish","4":"has-post-thumbnail","6":"product_brand-lg","7":"product_cat-dispositivos","8":"product_cat-lg","9":"product_cat-monitores","10":"product_cat-monitores-y-tv","11":"product_tag-lg","12":"product_tag-monitores","13":"product_tag-monitores-y-tv","14":"pa_canon-digital-0-e-incluida","15":"pa_categoria-monitores-y-tv","16":"pa_marca-lg","17":"pa_peso-3686","18":"pa_ref-mgs0000024198","20":"first","21":"instock","22":"sale","23":"taxable","24":"shipping-taxable","25":"purchasable","26":"product-type-simple"},"_links":{"self":[{"href":"https:\/\/linkxa.es\/linkshop\/wp-json\/wp\/v2\/product\/238457","targetHints":{"allow":["GET"]}}],"collection":[{"href":"https:\/\/linkxa.es\/linkshop\/wp-json\/wp\/v2\/product"}],"about":[{"href":"https:\/\/linkxa.es\/linkshop\/wp-json\/wp\/v2\/types\/product"}],"replies":[{"embeddable":true,"href":"https:\/\/linkxa.es\/linkshop\/wp-json\/wp\/v2\/comments?post=238457"}],"wp:featuredmedia":[{"embeddable":true,"href":"https:\/\/linkxa.es\/linkshop\/wp-json\/wp\/v2\/media\/233096"}],"wp:attachment":[{"href":"https:\/\/linkxa.es\/linkshop\/wp-json\/wp\/v2\/media?parent=238457"}],"wp:term":[{"taxonomy":"product_brand","embeddable":true,"href":"https:\/\/linkxa.es\/linkshop\/wp-json\/wp\/v2\/product_brand?post=238457"},{"taxonomy":"product_cat","embeddable":true,"href":"https:\/\/linkxa.es\/linkshop\/wp-json\/wp\/v2\/product_cat?post=238457"},{"taxonomy":"product_tag","embeddable":true,"href":"https:\/\/linkxa.es\/linkshop\/wp-json\/wp\/v2\/product_tag?post=238457"}],"curies":[{"name":"wp","href":"https:\/\/api.w.org\/{rel}","templated":true}]}}