{"id":238465,"date":"2025-04-27T10:41:12","date_gmt":"2025-04-27T10:41:12","guid":{"rendered":"https:\/\/linkxa.es\/contratacion\/producto\/lg-ultragear-27gs95qe-b-27-pulgadas-2560-x\/"},"modified":"2025-10-09T18:55:15","modified_gmt":"2025-10-09T18:55:15","slug":"lg-ultragear-27gs95qe-b-27-pulgadas-2560-x","status":"publish","type":"product","link":"https:\/\/linkxa.es\/linkshop\/producto\/lg-ultragear-27gs95qe-b-27-pulgadas-2560-x\/","title":{"rendered":"Lg ultragear 27gs95qe &#8211; b 27 pulgadas 2560 x"},"content":{"rendered":"<div style=\"text-align: center; margin-bottom: 20px;\">\n<h2 style=\"font-size: 22px; font-weight: 600; margin: 0; color: #333;\">Lg \u00a0|\u00a0 Monitores<\/h2>\n<\/div>\n<p style=\"max-width: 700px; margin: 0px auto 30px; font-size: 18px; line-height: 1.6; color: #555555; font-style: italic; text-align: left;\">LG 27GS95QE-B. Diagonal de la pantalla: 68,6 cm (27&#8243;), Resoluci\u00f3n de la pantalla: 2560 x 1440 Pixeles, Tipo HD: Quad HD, Tecnolog\u00eda de visualizaci\u00f3n: OLED, Tiempo de respuesta: 0,03 ms, Relaci\u00f3n de<br \/>aspecto nativa: 16:9, \u00c1ngulo de visi\u00f3n, horizontal: 178, \u00c1ngulo de visi\u00f3n, vertical: 178. Conector USB incorporado. montaje VESA, Ajustes de altura. Color del producto: Negro<\/p>\n<p>Exhibici\u00f3n<br \/>Diagonal de la pantalla<br \/>Size of the display for this product<br \/>68,6 cm (27&#8243;)<br \/>Resoluci\u00f3n de la pantalla<br \/>Resolution of the display for the system<br \/>2560 x 1440 Pixeles<br \/>Tipo HD<br \/>Type of supported High Definition (e.g. Full HD, 4K Ultra HD).<br \/>Quad HD<br \/>Relaci\u00f3n de aspecto nativa<br \/>The aspect ratio is the ratio of the width of an image to its height. The native aspect ratio is the one which the projector\/display is particularly designed for. Images shown in native aspect ratio will utilize the<br \/>entire resolution of the display and achieve maximum brightness. Images shown in other than native aspect ratio will always have less resolution and less brightness than images shown in native aspect<br \/>ratio.<br \/>16:9<br \/>Tecnolog\u00eda de visualizaci\u00f3n<br \/>The technology used in the display e.g. plasma<br \/>OLED<br \/>Brillo de la pantalla (t\u00edpico)<br \/>Display brightness, measured by its Luminance, presented as a figure in nits. Typical brightness ratings for monitors range from 250 to 350 nits with a target value of between 80 to 120 nits being suitable for<br \/>most displays in a normal viewing environment.<br \/>275 cd \/ m<br \/>Tiempo de respuesta<br \/>The response time is the time difference between the moment that a source (for example a video card) sends a signal and that equipment (for example a monitor) receives or display the signal. (Used<br \/>abbreviations: R\/F = Rise and Fall.)<br \/>0,03 ms<br \/>Pantalla antirreflectante<br \/>Siempre le proporciona una visi\u00f3n inmejorable, incluso con luz solar directa.<br \/>Forma de la pantalla Plana<br \/>Raz\u00f3n de contraste (t\u00edpica)<br \/>The difference in light intensity between the brightest white and the darkest black.<br \/>1500000:1<br \/>M\u00e1xima velocidad de actualizaci\u00f3n 240 Hz<br \/>\u00c1ngulo de visi\u00f3n, horizontal<br \/>Maximum horizontal angle at which a display can be viewed with acceptable visual performance.<br \/>178<br \/>\u00c1ngulo de visi\u00f3n, vertical<br \/>Maximum vertical angle at which a display can be viewed with acceptable visual performance.<br \/>178<br \/>Diagonal de pantalla<br \/>This is the size of the display screen<br \/>67,32 cm<br \/>Alto Rango Din\u00e1mico (HDR)<br \/>Tecnolog\u00eda HDR (High Dynamic Range, Alto rango din\u00e1mico) DisplayHDR 400 True Black, HDR Effect, High Dynamic Range 10 (HDR10)<br \/>Gama de colores est\u00e1ndar DCI-P3<br \/>Gama de colores 98,5%<br \/>Desempe\u00f1o<br \/>NVIDIA G-SYNC<br \/>Tipo de G-SYNC de NVIDIA G-SYNC<br \/>AMD FreeSync<br \/>The product includes AMD Freesync Technology for the dynamic synchronization of the graphic card and the monitor in order to avoid screen tearing.<br \/>Tipo de FreeSync de AMD FreeSync Premium Pro<br \/>Modo de juego<br \/>Modos inteligentes Ahorro energ\u00e9tico<br \/>Multimedia<br \/>Decodificadores incorporados<br \/>Device or software capable of decoding a digital stream of audio e.g. internet radio.<br \/>DTS Headphone:X<br \/>Dise\u00f1o<br \/>Posicionamiento de mercado<br \/>Under which category can the device be positioned in the market, e.g. camera phone.<br \/>Juego<br \/>Color del producto<br \/>The colour e.g. red<br \/>Negro<br \/>Pie iluminado<br \/>Color de pies<br \/>The colour of the feet<br \/>Negro<br \/>Puertos e Interfaces<br \/>Conector USB incorporado<br \/>Whether or not the device features a USB hub to connect more than one other device via USB.<br \/>N\u00famero de puertos ascendentes 1<br \/>Cantidad de puertos USB descendentes de tipo A 2<br \/>HDMI<br \/>HDMI (High-Definition Multimedia Interface) is a compact audio\/video interface for transferring uncompressed video data and compressed\/uncompressed digital audio data from a HDMI-compliant device (\u00abthe<br \/>source device\u00bb) to a compatible computer monitor<br \/>N\u00famero de puertos HDMI<br \/>The number of sockets (ports) for HDMI connections. HDMI (High-Definition Multimedia Interface) is a compact audio\/video interface for transferring uncompressed video data and compressed\/uncompressed<br \/>digital audio data from a HDMI-compliant device (\u00abthe source device\u00bb) to a compatible computer monitor<br \/>2<br \/>Versi\u00f3n HDMI 2.1<br \/>Cantidad de DisplayPorts<br \/>Number of DisplayPorts. A DisplayPort is a digital display interface developed by the Video Electronics Standards Association (VESA). The interface is primarily used to connect a video source to a display<br \/>device such as a computer monitor<br \/>1<br \/>Salida de auriculares<br \/>The socket for connecting headphones to the device.<br \/>Salidas para auriculares<br \/>Number of sockets \/ports where headphones are connected.<br \/>1<br \/>Ergonom\u00eda<br \/>montaje VESA<br \/>Interfaz de panel de montaje<br \/>The product can be used wih VESA mounting interfaces.<br \/>100 x 100 mm<br \/>Ergonom\u00eda<br \/>Ajustes de altura<br \/>The part of the device that can be adjusted to change the height.<br \/>Ajuste de altura 11 cm<br \/>Eje<br \/>Giratorio<br \/>\u00c1ngulo de giro (alcance) -10 &#8211; 10<br \/>Ajuste de la inclinaci\u00f3n<br \/>The tilt<br \/>\u00c1ngulo de inclinaci\u00f3n -5 &#8211; 15<br \/>Control de energ\u00eda<br \/>Clase de eficiencia energ\u00e9tica (SDR) F<br \/>Clase de eficiencia energ\u00e9tica (HDR) G<br \/>Consumo de energ\u00eda (SDR) por 1000 horas 25 kWh<br \/>Consumo de energ\u00eda (HDR) por 1000 horas 28 kWh<br \/>Consumo de energ\u00eda (max)<br \/>The maximum amount of power used by the device.<br \/>72 W<br \/>Voltaje de entrada AC<br \/>The voltage of the AC electricity that is inputted into the product.<br \/>100 &#8211; 240 V<br \/>Frecuencia de entrada AC 50\/60 Hz<br \/>Tipo de fuente de alimentaci\u00f3n<br \/>State power supply (internal\/external) type with which the product works<br \/>Externo<br \/>Escala de eficiencia energ\u00e9tica De la A a la G<br \/>C\u00f3digo EPREL (Registro europeo de productos para el etiquetado energ\u00e9tico) 1820242<br \/>Peso y dimensiones<br \/>Ancho del dispositivo (con soporte) 604,4 mm<br \/>Profundidad dispositivo (con soporte) 258 mm<br \/>Altura del dispositivo (con soporte) 574,4 mm<br \/>Peso (con soporte) 7,35 kg<br \/>Ancho (sin base) 604,4 mm<br \/>Profundidad (sin base) 45,3 mm<br \/>Altura (sin base) 350,6 mm<br \/>Peso (sin base) 5,05 kg<br \/>Empaquetado<br \/>Ancho del paquete<br \/>The distance from one side of the packaging to the other.<br \/>808 mm<br \/>Profundidad del paquete<br \/>The distance from the front to the back of the packaging.<br \/>181 mm<br \/>Altura del paquete<br \/>The distance from the top to the bottom of the packaging.<br \/>532 mm<br \/>Peso del paquete<br \/>Weight of the packaged product.<br \/>11 kg<br \/>Tipo de embalaje<br \/>The type of product package e.g. box.<br \/>Caja<br \/>Contenido del embalaje<br \/>Stand incluido<br \/>Cables incluidos DisplayPort, HDMI, Poder, USB<br \/>Adaptador de corriente incluido<br \/>Mando a distancia incluido<br \/>Component of an electronics device<br \/>Otras caracter\u00edsticas<br \/>Pa\u00eds de origen<br \/>Country where the device is made. Aka Country of manufacture (COM).<br \/>China<br \/>Tecnolog\u00edas espec\u00edficas Black Stabilizer, Crosshair, DAS Mode<br \/>Contador de FPS<\/p>\n","protected":false},"excerpt":{"rendered":"<p>Lg ultragear 27gs95qe &#8211; b 27 pulgadas 2560 x 1440 0.03ms usb hdmi displayport reg. altura<\/p>\n","protected":false},"featured_media":238466,"comment_status":"open","ping_status":"open","template":"","meta":{"_et_pb_use_builder":"","_et_pb_old_content":"","_et_gb_content_width":""},"product_brand":[2648],"product_cat":[2058,3635,2644,2643],"product_tag":[2649,2647,2646],"class_list":{"0":"post-238465","1":"product","2":"type-product","3":"status-publish","4":"has-post-thumbnail","6":"product_brand-lg","7":"product_cat-dispositivos","8":"product_cat-lg","9":"product_cat-monitores","10":"product_cat-monitores-y-tv","11":"product_tag-lg","12":"product_tag-monitores","13":"product_tag-monitores-y-tv","14":"pa_canon-digital-0-e-incluida","15":"pa_categoria-monitores-y-tv","16":"pa_marca-lg","17":"pa_peso-3695","18":"pa_ref-mgs0000024555","20":"first","21":"instock","22":"sale","23":"taxable","24":"shipping-taxable","25":"purchasable","26":"product-type-simple"},"_links":{"self":[{"href":"https:\/\/linkxa.es\/linkshop\/wp-json\/wp\/v2\/product\/238465","targetHints":{"allow":["GET"]}}],"collection":[{"href":"https:\/\/linkxa.es\/linkshop\/wp-json\/wp\/v2\/product"}],"about":[{"href":"https:\/\/linkxa.es\/linkshop\/wp-json\/wp\/v2\/types\/product"}],"replies":[{"embeddable":true,"href":"https:\/\/linkxa.es\/linkshop\/wp-json\/wp\/v2\/comments?post=238465"}],"wp:featuredmedia":[{"embeddable":true,"href":"https:\/\/linkxa.es\/linkshop\/wp-json\/wp\/v2\/media\/238466"}],"wp:attachment":[{"href":"https:\/\/linkxa.es\/linkshop\/wp-json\/wp\/v2\/media?parent=238465"}],"wp:term":[{"taxonomy":"product_brand","embeddable":true,"href":"https:\/\/linkxa.es\/linkshop\/wp-json\/wp\/v2\/product_brand?post=238465"},{"taxonomy":"product_cat","embeddable":true,"href":"https:\/\/linkxa.es\/linkshop\/wp-json\/wp\/v2\/product_cat?post=238465"},{"taxonomy":"product_tag","embeddable":true,"href":"https:\/\/linkxa.es\/linkshop\/wp-json\/wp\/v2\/product_tag?post=238465"}],"curies":[{"name":"wp","href":"https:\/\/api.w.org\/{rel}","templated":true}]}}