{"id":238473,"date":"2025-01-09T19:30:58","date_gmt":"2025-01-09T19:30:58","guid":{"rendered":"https:\/\/linkxa.es\/contratacion\/producto\/monitor-led-lg-ips-27ba750-27-pulgadas-2\/"},"modified":"2025-10-09T18:56:42","modified_gmt":"2025-10-09T18:56:42","slug":"monitor-led-lg-ips-27ba750-27-pulgadas-2","status":"publish","type":"product","link":"https:\/\/linkxa.es\/linkshop\/producto\/monitor-led-lg-ips-27ba750-27-pulgadas-2\/","title":{"rendered":"Monitor led lg ips 27ba750 27 pulgadas"},"content":{"rendered":"<div style=\"text-align: center; margin-bottom: 20px;\">\n<h2 style=\"font-size: 22px; font-weight: 600; margin: 0; color: #333;\">Lg \u00a0|\u00a0 Monitores<\/h2>\n<\/div>\n<p style=\"max-width: 700px; margin: 0px auto 30px; font-size: 18px; line-height: 1.6; color: #555555; font-style: italic; text-align: left;\">PantallaTama\u00f1o (pulgadas) 27Tama\u00f1o (cm) 68,6 cmResoluci\u00f3n 1920 x 1080Tipo de panel IPSRelaci\u00f3n de aspecto 16:9Paso entre p\u00edxeles [mm] 0,3114 x 0,3114 mmBrillo (m\u00edn.) [cd\/m] 200 cd\/mBrillo<br \/>(t\u00edpico) [cd\/m] 250 cd\/mGama crom\u00e1tica (t\u00edpica) sRGB 99 % (CIE1931) Profundidad de color (n\u00famero de colores) 16,7 MBit de color 8 bits (6 bits + FRC)Relaci\u00f3n de contraste (m\u00edn.) 910:1Relaci\u00f3n de<br \/>contraste (t\u00edpico) 1300:1Tiempo de respuesta 5 ms (GtG a Faster)Frecuencia de actualizaci\u00f3n (m\u00e1x.) [Hz] 100\u00c1ngulo de visi\u00f3n (CR10) 178\u00ba (der.\/izq.), 178\u00ba (sup.\/pr.)Tratamiento de superficie antirreflejo<br \/>Caracter\u00edsticasSeguro contra parpadeo S\u00cdModo de imagen Personalizado, V\u00edvido, Lector, Cine, FPS, RTS, Debilidad de colorModo Lector S\u00cdDebilidad de color S\u00cdSuper Resolution+ S\u00cdEstabilizador de negros<br \/>S\u00cdSincronizaci\u00f3n de acci\u00f3n din\u00e1mica S\u00cdCambio autom\u00e1tico de entrada S\u00cdAhorro de energ\u00eda inteligente S\u00cdIdioma SD 17 pa\u00edses (ingl\u00e9s, alem\u00e1n, franc\u00e9s, espa\u00f1ol, italiano, sueco, finland\u00e9s, portugu\u00e9s,<br \/>portugu\u00e9s (Brasil), polaco, ruso, turco, ucraniano,chino, chino tradicional, japon\u00e9s, coreano)Aplicaci\u00f3n de softwareLG Switch S\u00cdControlador dual S\u00cdConectividadHDMI S\u00cd (1 unidad)Versi\u00f3n HDMI compatible<br \/>con TMDS 6G compatible con HDMI 2.0HDMI (versi\u00f3n HDCP) 2.2HDMI (sin VRR) 48~100HzDisplayPort S\u00cd (1 unidad\/ Salida 1ea)Versi\u00f3n DP 1.4DP (versi\u00f3n HDCP) 2.2DP (sin VRR) 48~100HzUSB-C S\u00cd<br \/>(1ea)USB-C (versi\u00f3n DP) 1.4USB-C (versi\u00f3n HDCP) 2.2USB-C (frecuencia V) 48~100HzUSB-C (m\u00e1x. Resoluci\u00f3n a Hz) 1920X1080 a 100 HzUSB-C (transmisi\u00f3n de datos) S\u00cdUSB-C (suministro de energ\u00eda)<br \/>65 WConexi\u00f3n en cadena S\u00cd (FHD\/60 Hz)Puerto USB ascendente (USB-B) 1x USB3.2 Gen1Puerto USB descendente (USB-A) 4x USB3.2 Gen1KVM integrado S\u00cdLAN (RJ-45) S\u00cdSalida de auriculares 3 polos<br \/>(solo sonido) [Ubicaci\u00f3n] Trasera, inferiorSonidoAltavoz 2 W x 2Alimentaci\u00f3nTipo Alimentaci\u00f3n integradaEntrada de CA 100~240 V (50\/60 Hz)Salida de CC 20,5 V\/6,5 AConsumo de energ\u00eda (modo<br \/>encendido) 16,7 WConsumo de energ\u00eda (modo encendido) (ErP) 17 WConsumo de energ\u00eda (modo de suspensi\u00f3n) Menos de 0,5 WConsumo de energ\u00eda (CC apagada) Menos de 0,3 WMec\u00e1nicaDise\u00f1o sin<br \/>bordes Dise\u00f1o pr\u00e1cticamente sin bordes en 3 ladosColor (gabinete frontal) Textura negraColor (gabinete intermedio) Textura negraColor (cubierta posterior) Textura negraColor (cuerpo del soporte) Textura<br \/>negraColor (base del soporte) Textura negraAjustes de la posici\u00f3n de la pantalla Inclinaci\u00f3n\/altura\/giro\/pivoteInclinaci\u00f3n -5 ~ +21Giro 45\u00baRango de altura [mm] 150 mmAltura hacia abajo [mm] 44,8 mm<br \/>(l\u00ednea activa)Pivote bidireccionalMontable en pared [mm] 100 x 100Base desmontable S\u00cdSoporte OneClick S\u00cdDIMENSIONES\/PESOSDimensiones con soporte (An. x Al. x Pr.) [mm] 611,7 x 538 x 250 (altura<br \/>hacia arriba)Dimensiones sin soporte (An. x Al. x Pr.) [mm] 611,7 x 364,1 x 50,3Dimensiones en el env\u00edo (An. x Al. x Pr.) [mm] 721 x 189 x 547Peso con soporte [kg] 7,8 kgPeso sin soporte [kg] 5,2 kgPeso en el<br \/>env\u00edo [kg] 10,7 kgRelleno de pal\u00e9 (20 pies\/40 pies\/40 pies HC) 352\/704\/768AccesorioCable de alimentaci\u00f3n S\u00cdCable de alimentaci\u00f3n (color\/longitud) Negro\/1,8 mUSB-C S\u00cdUSB-C (color\/longitud) Negro\/1,8<br \/>mDisplay Port S\u00cdDisplay Port (color\/longitud) Negro\/1,8 mOtros (accesorio) Tornillo, soporte de cableEst\u00e1ndarTCO S\u00edEPA S\u00edTUV-GS S\u00cdTUV-Ergo S\u00cdCB S\u00cdUL (cUL) S\u00cdFCC-B YESEPEAT (EE. UU.) PlataEPEAT<br \/>(Alemania) PLATA S\u00ed (D)CE S\u00edVCCI (para Jap\u00f3n) S\u00edOtros (est\u00e1ndar) Informe CEC, PCFEnviar comentariosPaneles lateralesHistorialGuardado<\/p>\n","protected":false},"excerpt":{"rendered":"<p>Monitor led lg ips 27ba750 27 pulgadas fhd 5ms hdmi displayport usb &#8211; c rj45 reg.altura<\/p>\n","protected":false},"featured_media":233543,"comment_status":"open","ping_status":"open","template":"","meta":{"_et_pb_use_builder":"","_et_pb_old_content":"","_et_gb_content_width":""},"product_brand":[2648],"product_cat":[2058,3635,2644,2643],"product_tag":[2649,2647,2646],"class_list":{"0":"post-238473","1":"product","2":"type-product","3":"status-publish","4":"has-post-thumbnail","6":"product_brand-lg","7":"product_cat-dispositivos","8":"product_cat-lg","9":"product_cat-monitores","10":"product_cat-monitores-y-tv","11":"product_tag-lg","12":"product_tag-monitores","13":"product_tag-monitores-y-tv","14":"pa_canon-digital-0-e-incluida","15":"pa_categoria-monitores-y-tv","16":"pa_marca-lg","17":"pa_peso-3639","18":"pa_ref-mgs0000024727","20":"first","21":"instock","22":"sale","23":"taxable","24":"shipping-taxable","25":"purchasable","26":"product-type-simple"},"_links":{"self":[{"href":"https:\/\/linkxa.es\/linkshop\/wp-json\/wp\/v2\/product\/238473","targetHints":{"allow":["GET"]}}],"collection":[{"href":"https:\/\/linkxa.es\/linkshop\/wp-json\/wp\/v2\/product"}],"about":[{"href":"https:\/\/linkxa.es\/linkshop\/wp-json\/wp\/v2\/types\/product"}],"replies":[{"embeddable":true,"href":"https:\/\/linkxa.es\/linkshop\/wp-json\/wp\/v2\/comments?post=238473"}],"wp:featuredmedia":[{"embeddable":true,"href":"https:\/\/linkxa.es\/linkshop\/wp-json\/wp\/v2\/media\/233543"}],"wp:attachment":[{"href":"https:\/\/linkxa.es\/linkshop\/wp-json\/wp\/v2\/media?parent=238473"}],"wp:term":[{"taxonomy":"product_brand","embeddable":true,"href":"https:\/\/linkxa.es\/linkshop\/wp-json\/wp\/v2\/product_brand?post=238473"},{"taxonomy":"product_cat","embeddable":true,"href":"https:\/\/linkxa.es\/linkshop\/wp-json\/wp\/v2\/product_cat?post=238473"},{"taxonomy":"product_tag","embeddable":true,"href":"https:\/\/linkxa.es\/linkshop\/wp-json\/wp\/v2\/product_tag?post=238473"}],"curies":[{"name":"wp","href":"https:\/\/api.w.org\/{rel}","templated":true}]}}