{"id":238496,"date":"2025-03-28T14:55:59","date_gmt":"2025-03-28T14:55:59","guid":{"rendered":"https:\/\/linkxa.es\/contratacion\/producto\/oled-asus-rog-strix-xg27aqdmg-26-5-pulgadas\/"},"modified":"2025-10-09T19:02:14","modified_gmt":"2025-10-09T19:02:14","slug":"oled-asus-rog-strix-xg27aqdmg-26-5-pulgadas","status":"publish","type":"product","link":"https:\/\/linkxa.es\/linkshop\/producto\/oled-asus-rog-strix-xg27aqdmg-26-5-pulgadas\/","title":{"rendered":"Oled asus rog strix xg27aqdmg 26.5 pulgadas"},"content":{"rendered":"<div style=\"text-align: center; margin-bottom: 20px;\">\n<h2 style=\"font-size: 22px; font-weight: 600; margin: 0; color: #333;\">Asus \u00a0|\u00a0 Monitores<\/h2>\n<\/div>\n<p style=\"max-width: 700px; margin: 0px auto 30px; font-size: 18px; line-height: 1.6; color: #555555; font-style: italic; text-align: left;\">ASUS ROG Strix OLED XG27AQDMG. Diagonal de la pantalla: 67,3 cm (26.5&#8243;), Resoluci\u00f3n de la pantalla: 2560 x 1440 Pixeles, Tipo HD: Quad HD, Tecnolog\u00eda de visualizaci\u00f3n: OLED, Superficie de la pantalla: Brillo, Tiempo de respuesta: 0,03 ms, Relaci\u00f3n de aspecto nativa: 16:9, \u00c1ngulo de visi\u00f3n, horizontal: 178, \u00c1ngulo de visi\u00f3n, vertical: 178. Conector USB incorporado, Versi\u00f3n de conector USB: 3.2 Gen 1 (3.1 Gen 1). montaje VESA, Ajustes de altura. Color del producto: Negro<\/p>\n","protected":false},"excerpt":{"rendered":"<p>Oled asus rog strix xg27aqdmg 26.5 pulgadas 2560 x 1440 0.03ms usb hdmi displayport reg. altura<\/p>\n","protected":false},"featured_media":238497,"comment_status":"open","ping_status":"open","template":"","meta":{"_et_pb_use_builder":"","_et_pb_old_content":"","_et_gb_content_width":""},"product_brand":[2566],"product_cat":[3659,2058,2644,2643],"product_tag":[2567,2647,2646],"class_list":{"0":"post-238496","1":"product","2":"type-product","3":"status-publish","4":"has-post-thumbnail","6":"product_brand-asus","7":"product_cat-asus","8":"product_cat-dispositivos","9":"product_cat-monitores","10":"product_cat-monitores-y-tv","11":"product_tag-asus","12":"product_tag-monitores","13":"product_tag-monitores-y-tv","14":"pa_canon-digital-0-e-incluida","15":"pa_categoria-monitores-y-tv","16":"pa_marca-asus","17":"pa_peso-3508","18":"pa_ref-mgs0000024923","20":"first","21":"instock","22":"sale","23":"taxable","24":"shipping-taxable","25":"purchasable","26":"product-type-simple"},"_links":{"self":[{"href":"https:\/\/linkxa.es\/linkshop\/wp-json\/wp\/v2\/product\/238496","targetHints":{"allow":["GET"]}}],"collection":[{"href":"https:\/\/linkxa.es\/linkshop\/wp-json\/wp\/v2\/product"}],"about":[{"href":"https:\/\/linkxa.es\/linkshop\/wp-json\/wp\/v2\/types\/product"}],"replies":[{"embeddable":true,"href":"https:\/\/linkxa.es\/linkshop\/wp-json\/wp\/v2\/comments?post=238496"}],"wp:featuredmedia":[{"embeddable":true,"href":"https:\/\/linkxa.es\/linkshop\/wp-json\/wp\/v2\/media\/238497"}],"wp:attachment":[{"href":"https:\/\/linkxa.es\/linkshop\/wp-json\/wp\/v2\/media?parent=238496"}],"wp:term":[{"taxonomy":"product_brand","embeddable":true,"href":"https:\/\/linkxa.es\/linkshop\/wp-json\/wp\/v2\/product_brand?post=238496"},{"taxonomy":"product_cat","embeddable":true,"href":"https:\/\/linkxa.es\/linkshop\/wp-json\/wp\/v2\/product_cat?post=238496"},{"taxonomy":"product_tag","embeddable":true,"href":"https:\/\/linkxa.es\/linkshop\/wp-json\/wp\/v2\/product_tag?post=238496"}],"curies":[{"name":"wp","href":"https:\/\/api.w.org\/{rel}","templated":true}]}}