{"id":238518,"date":"2025-04-03T07:36:57","date_gmt":"2025-04-03T07:36:57","guid":{"rendered":"https:\/\/linkxa.es\/contratacion\/producto\/monitor-led-ips-asus-vy229hf-21-4-pulgadas\/"},"modified":"2025-10-09T19:06:16","modified_gmt":"2025-10-09T19:06:16","slug":"monitor-led-ips-asus-vy229hf-21-4-pulgadas","status":"publish","type":"product","link":"https:\/\/linkxa.es\/linkshop\/producto\/monitor-led-ips-asus-vy229hf-21-4-pulgadas\/","title":{"rendered":"Monitor led ips asus vy229hf 21.4 pulgadas"},"content":{"rendered":"<div style=\"text-align: center; margin-bottom: 20px;\">\n<h2 style=\"font-size: 22px; font-weight: 600; margin: 0; color: #333;\">Asus \u00a0|\u00a0 Monitores<\/h2>\n<\/div>\n<p style=\"max-width: 700px; margin: 0px auto 30px; font-size: 18px; line-height: 1.6; color: #555555; font-style: italic; text-align: left;\">Exhibici\u00f3n<br \/>Diagonal de la pantalla<br \/>Size of the display for this product<br \/>54,5 cm (21.4&#8243;)<br \/>Resoluci\u00f3n de la pantalla<br \/>Resolution of the display for the system<br \/>1920 x 1080 Pixeles<br \/>Tipo HD<br \/>Full HD<br \/>Relaci\u00f3n de aspecto nativa<br \/>16:9<br \/>Tecnolog\u00eda de visualizaci\u00f3n<br \/>The technology used in the display e.g. plasma<br \/>LCD<br \/>Tipo de pantalla\u00a0IPS<br \/>Retroiluminaci\u00f3n LED<br \/>Tipo de retroiluminaci\u00f3n\u00a0LED<br \/>Brillo de la pantalla (t\u00edpico)<br \/>250 cd \/ m\u00b2<br \/>Tiempo de respuesta<br \/>1 ms<br \/>Pantalla antirreflectante<br \/>Siempre le proporciona una visi\u00f3n inmejorable, incluso con luz solar directa.<br \/>Forma de la pantalla\u00a0Plana<br \/>Raz\u00f3n de contraste (t\u00edpica)<br \/>1300:1<br \/>M\u00e1xima velocidad de actualizaci\u00f3n\u00a0100 Hz<br \/>\u00c1ngulo de visi\u00f3n, horizontal<br \/>178\u00b0<br \/>\u00c1ngulo de visi\u00f3n, vertical<br \/>178\u00b0<br \/>N\u00famero de colores de la pantalla\u00a016,7 millones de colores<br \/>Tama\u00f1o de pixel<br \/>0,249 x 0,249 mm<br \/>Intervalo de escaneado horizontal\u00a024 &#8211; 84 kHz<br \/>Intervalo de escaneado vertical\u00a048 &#8211; 75 Hz<br \/>Tama\u00f1o visible, horizontal<br \/>47,9 cm<br \/>Tama\u00f1o visible, vertical\u00a026 cm<br \/>Frecuencia digital horizontal\u00a024 &#8211; 120 kHz<br \/>Frecuencia digital vertical\u00a048 &#8211; 100 Hz<br \/>Desempe\u00f1o<br \/>Compatibilidad con Adaptive Sync de VESA\u00a0<br \/>Tecnolog\u00eda Flicker free (reduce el parpadeo de la pantalla)\u00a0<br \/>Tecnolog\u00eda Low Blue Light (baja luz azul)\u00a0<br \/>Modo de juego\u00a0<br \/>Dise\u00f1o<br \/>Posicionamiento de mercado<br \/>Under which category can the device be positioned in the market, e.g. camera phone.<br \/>Hogar<br \/>Color del producto<br \/>Negro<br \/>Soporte desmontable\u00a0<br \/>Color de pies<br \/>Negro<br \/>Puertos e Interfaces<br \/>Cantidad de puertos VGA (D-Sub)<br \/>1<br \/>HDMI<br \/>N\u00famero de puertos HDMI<br \/>1<br \/>Versi\u00f3n HDMI\u00a01.4<br \/>Salida de auriculares<br \/>Salidas para auriculares<br \/>1<br \/>Auriculares<br \/>3,5 mm<br \/>HDCP<br \/>HDCP versi\u00f3n\u00a01.4<br \/>Entrada de CA\u00a0<br \/>Ergonom\u00eda<br \/>montaje VESA\u00a0<br \/>Interfaz de panel de montaje<br \/>100 x 100 mm<br \/>Control de energ\u00eda<br \/>Clase de eficiencia energ\u00e9tica (SDR)\u00a0No disponible<br \/>Clase de eficiencia energ\u00e9tica (HDR)\u00a0No disponible<br \/>Consumo energ\u00e9tico<br \/>12,79 W<br \/>Consumo de energ\u00eda (apagado)\u00a00,3 W<br \/>Consumo de energ\u00eda (ahorro)\u00a00,5 W<br \/>Voltaje de entrada AC<br \/>100 &#8211; 240 V<br \/>Frecuencia de entrada AC\u00a050\/60 Hz<br \/>Tipo de fuente de alimentaci\u00f3n<br \/>Interno<br \/>Peso y dimensiones<br \/>Ancho del dispositivo (con soporte)\u00a0493,9 mm<br \/>Profundidad dispositivo (con soporte)\u00a0164,4 mm<br \/>Altura del dispositivo (con soporte)\u00a0361,8 mm<br \/>Peso (con soporte)\u00a02,72 kg<br \/>Ancho (sin base)\u00a0493,9 mm<br \/>Profundidad (sin base)\u00a051,3 mm<br \/>Altura (sin base)\u00a0290,3 mm<br \/>Peso (sin base)\u00a02,36 kg<br \/>Empaquetado<br \/>Ancho del paquete<br \/>565 mm<br \/>Profundidad del paquete<br \/>412 mm<br \/>Altura del paquete<br \/>133 mm<br \/>Peso del paquete<br \/>4,2 kg<br \/>Tipo de embalaje<br \/>Caja<br \/>Contenido del embalaje<br \/>Stand incluido\u00a0<br \/>Cables incluidos\u00a0Corriente alterna, HDMI<br \/>Gu\u00eda de configuraci\u00f3n r\u00e1pida<br \/>Instructions<br \/>Sostenibilidad<br \/>Cumplimiento de sostenibilidad\u00a0<br \/>Certificados de sostenibilidad\u00a0ENERGY STAR, EPEAT Silver, TCO<br \/>Otras caracter\u00edsticas<br \/>Tecnolog\u00edas espec\u00edficas\u00a0Eye Care+, SPLENDID<br \/>Certificaci\u00f3n\u00a0T\u00dcV Flicker-free T\u00dcV Low Blue Light<br \/>Montaje de pared<br \/>Ranura para cable de seguridad<br \/>Tipo de ranura de bloqueo del cable\u00a0Kensington<br \/>Ajuste de la inclinaci\u00f3n<br \/>\u00c1ngulo de inclinaci\u00f3n\u00a0-5 &#8211; 23\u00b0<\/p>\n","protected":false},"excerpt":{"rendered":"<p>Monitor led ips asus vy229hf 21.4 pulgadas 1ms fhd hdmi d &#8211; sub<\/p>\n","protected":false},"featured_media":238519,"comment_status":"open","ping_status":"open","template":"","meta":{"_et_pb_use_builder":"","_et_pb_old_content":"","_et_gb_content_width":""},"product_brand":[2566],"product_cat":[3659,2058,2644,2643],"product_tag":[2567,2647,2646],"class_list":{"0":"post-238518","1":"product","2":"type-product","3":"status-publish","4":"has-post-thumbnail","6":"product_brand-asus","7":"product_cat-asus","8":"product_cat-dispositivos","9":"product_cat-monitores","10":"product_cat-monitores-y-tv","11":"product_tag-asus","12":"product_tag-monitores","13":"product_tag-monitores-y-tv","14":"pa_canon-digital-0-e-incluida","15":"pa_categoria-monitores-y-tv","16":"pa_marca-asus","17":"pa_peso-3711","18":"pa_ref-mgs0000025048","20":"first","21":"instock","22":"sale","23":"taxable","24":"shipping-taxable","25":"purchasable","26":"product-type-simple"},"_links":{"self":[{"href":"https:\/\/linkxa.es\/linkshop\/wp-json\/wp\/v2\/product\/238518","targetHints":{"allow":["GET"]}}],"collection":[{"href":"https:\/\/linkxa.es\/linkshop\/wp-json\/wp\/v2\/product"}],"about":[{"href":"https:\/\/linkxa.es\/linkshop\/wp-json\/wp\/v2\/types\/product"}],"replies":[{"embeddable":true,"href":"https:\/\/linkxa.es\/linkshop\/wp-json\/wp\/v2\/comments?post=238518"}],"wp:featuredmedia":[{"embeddable":true,"href":"https:\/\/linkxa.es\/linkshop\/wp-json\/wp\/v2\/media\/238519"}],"wp:attachment":[{"href":"https:\/\/linkxa.es\/linkshop\/wp-json\/wp\/v2\/media?parent=238518"}],"wp:term":[{"taxonomy":"product_brand","embeddable":true,"href":"https:\/\/linkxa.es\/linkshop\/wp-json\/wp\/v2\/product_brand?post=238518"},{"taxonomy":"product_cat","embeddable":true,"href":"https:\/\/linkxa.es\/linkshop\/wp-json\/wp\/v2\/product_cat?post=238518"},{"taxonomy":"product_tag","embeddable":true,"href":"https:\/\/linkxa.es\/linkshop\/wp-json\/wp\/v2\/product_tag?post=238518"}],"curies":[{"name":"wp","href":"https:\/\/api.w.org\/{rel}","templated":true}]}}