{"id":238525,"date":"2025-04-22T23:54:28","date_gmt":"2025-04-22T23:54:28","guid":{"rendered":"https:\/\/linkxa.es\/contratacion\/producto\/monitor-led-asus-tuf-gaming-vg27vqm1b\/"},"modified":"2025-10-09T19:07:41","modified_gmt":"2025-10-09T19:07:41","slug":"monitor-led-asus-tuf-gaming-vg27vqm1b","status":"publish","type":"product","link":"https:\/\/linkxa.es\/linkshop\/producto\/monitor-led-asus-tuf-gaming-vg27vqm1b\/","title":{"rendered":"Monitor led asus tuf gaming vg27vqm1b"},"content":{"rendered":"<div style=\"text-align: center; margin-bottom: 20px;\">\n<h2 style=\"font-size: 22px; font-weight: 600; margin: 0; color: #333;\">Asus \u00a0|\u00a0 Monitores<\/h2>\n<\/div>\n<p style=\"max-width: 700px; margin: 0px auto 30px; font-size: 18px; line-height: 1.6; color: #555555; font-style: italic; text-align: left;\">ASUS VG27VQM1B. Diagonal de la pantalla: 68,6 cm (27&#8243;), Resoluci\u00f3n de la pantalla: 1920 x 1080 Pixeles, Tipo HD: Full HD, Tecnolog\u00eda de visualizaci\u00f3n: LCD, Superficie de la pantalla: Mate, Tiempo de respuesta: 1 ms, Relaci\u00f3n de aspecto nativa: 16:9, \u00c1ngulo de visi\u00f3n, horizontal: 178\u00b0, \u00c1ngulo de visi\u00f3n, vertical: 178\u00b0. Altavoces incorporados. montaje VESA. Color del producto: Negro<br \/>Exhibici\u00f3n<br \/>Diagonal de la pantalla<br \/>Size of the display for this product<br \/>68,6 cm (27&#8243;)<br \/>Resoluci\u00f3n de la pantalla<br \/>Resolution of the display for the system<br \/>1920 x 1080 Pixeles<br \/>Tipo HD<br \/>Type of supported High Definition (e.g. Full HD, 4K Ultra HD).<br \/>Full HD<br \/>Relaci\u00f3n de aspecto nativa<br \/>The aspect ratio is the ratio of the width of an image to its height. The native aspect ratio is the one which the projector\/display is particularly designed for. Images shown in native aspect ratio will utilize the entire resolution of the display and achieve maximum brightness. Images shown in other than native aspect ratio will always have less resolution and less brightness than images shown in native aspect ratio.<br \/>16:9<br \/>Tecnolog\u00eda de visualizaci\u00f3n<br \/>The technology used in the display e.g. plasma<br \/>LCD<br \/>Tipo de pantalla\u00a0Fast VA<br \/>Retroiluminaci\u00f3n LED<br \/>A backlight is a form of illumination used in liquid crystal displays (LCDs). One type of backlight is made by LEDs<br \/>\u00a0Brillo de la pantalla (t\u00edpico)<br \/>Display brightness, measured by its Luminance, presented as a figure in nits. Typical brightness ratings for monitors range from 250 to 350 nits with a target value of between 80 to 120 nits being suitable for most displays in a normal viewing environment.<br \/>250 cd \/ m\u00b2<br \/>Tiempo de respuesta<br \/>The response time is the time difference between the moment that a source (for example a video card) sends a signal and that equipment (for example a monitor) receives or display the signal. (Used abbreviations: R\/F = Rise and Fall.)<br \/>1 ms<br \/>Superficie de la pantalla\u00a0Mate<br \/>Forma de la pantalla\u00a0Curva<br \/>Clasificaci\u00f3n de curvatura de la pantalla\u00a01500R<br \/>Raz\u00f3n de contraste (t\u00edpica)<br \/>The difference in light intensity between the brightest white and the darkest black.<br \/>4000:1<br \/>M\u00e1xima velocidad de actualizaci\u00f3n\u00a0280 Hz<br \/>\u00c1ngulo de visi\u00f3n, horizontal<br \/>Maximum horizontal angle at which a display can be viewed with acceptable visual performance.<br \/>178\u00b0<br \/>\u00c1ngulo de visi\u00f3n, vertical<br \/>Maximum vertical angle at which a display can be viewed with acceptable visual performance.<br \/>178\u00b0<br \/>N\u00famero de colores de la pantalla\u00a01,073 billones de colores<br \/>Tama\u00f1o de pixel<br \/>This is the parameter of a picture tube<br \/>0,311 x 0,311 mm<br \/>Tama\u00f1o visible, horizontal<br \/>The viewable size is often somewhat smaller than the actual size of a monitor<br \/>59,8 cm<br \/>Tama\u00f1o visible, vertical\u00a033,6 cm<br \/>Frecuencia digital horizontal\u00a030 &#8211; 310 kHz<br \/>Frecuencia digital vertical\u00a048 &#8211; 280 Hz<br \/>Diagonal de pantalla<br \/>This is the size of the display screen<br \/>69 cm<br \/>Gama de colores est\u00e1ndar\u00a0DCI-P3<br \/>Gama de colores\u00a090%<br \/>Desempe\u00f1o<br \/>AMD FreeSync<br \/>The product includes AMD Freesync Technology for the dynamic synchronization of the graphic card and the monitor in order to avoid screen tearing.<br \/>Tipo de FreeSync de AMD\u00a0FreeSync Premium<br \/>Compatibilidad con Adaptive Sync de VESA\u00a0<br \/>Tecnolog\u00eda Flicker free (reduce el parpadeo de la pantalla)\u00a0<br \/>Tecnolog\u00eda Low Blue Light (baja luz azul)\u00a0<br \/>Multimedia<br \/>N\u00famero de altavoces<br \/>The quantity of speakers included in\/with the product.<br \/>2<br \/>Potencia estimada RMS<br \/>RMS (Root mean square) is a measure of the continuous power required by a device<br \/>4 W<br \/>Altavoces incorporados<br \/>The device contains speaker(s) to produce sound.<br \/>ise\u00f1o<br \/>Posicionamiento de mercado<br \/>Under which category can the device be positioned in the market, e.g. camera phone.<br \/>Juego<br \/>Color del producto<br \/>The colour e.g. red<br \/>Negro<br \/>Color de pies<br \/>The colour of the feet<br \/>Negro<br \/>Puertos e Interfaces<br \/>HDMI<br \/>HDMI (High-Definition Multimedia Interface) is a compact audio\/video interface for transferring uncompressed video data and compressed\/uncompressed digital audio data from a HDMI-compliant device (\u00abthe source device\u00bb) to a compatible computer monitor<br \/>N\u00famero de puertos HDMI<br \/>The number of sockets (ports) for HDMI connections. HDMI (High-Definition Multimedia Interface) is a compact audio\/video interface for transferring uncompressed video data and compressed\/uncompressed digital audio data from a HDMI-compliant device (\u00abthe source device\u00bb) to a compatible computer monitor<br \/>2<br \/>Versi\u00f3n HDMI\u00a02.0<br \/>Cantidad de DisplayPorts<br \/>Number of DisplayPorts. A DisplayPort is a digital display interface developed by the Video Electronics Standards Association (VESA). The interface is primarily used to connect a video source to a display device such as a computer monitor<br \/>1<br \/>Versi\u00f3n de DisplayPort\u00a01.2<br \/>Salida de auriculares<br \/>The socket for connecting headphones to the device.<br \/>Salidas para auriculares<br \/>Number of sockets \/ports where headphones are connected.<br \/>1<br \/>Auriculares<br \/>How headphones connect to a device e.g. wirelessly or via a cable and connector.<br \/>3,5 mm<br \/>Ergonom\u00eda<br \/>montaje VESA\u00a0<br \/>Interfaz de panel de montaje<br \/>The product can be used wih VESA mounting interfaces.<br \/>100 x 100 mm<br \/>Montaje de pared<br \/>The product can be mounted on (attached to ) a wall.<br \/>Ranura para cable de seguridad<br \/>Holes on the edge of devices through which a cable lock can be passed<br \/>Tipo de ranura de bloqueo del cable\u00a0Kensington<br \/>Ajuste de la inclinaci\u00f3n<br \/>The tilt<br \/>\u00c1ngulo de inclinaci\u00f3n\u00a023 &#8211; -5\u00b0<br \/>Control de energ\u00eda<br \/>Clase de eficiencia energ\u00e9tica (SDR)\u00a0E<br \/>Consumo de energ\u00eda (SDR) por 1000 horas\u00a021 kWh<br \/>Consumo energ\u00e9tico<br \/>Amount of power used by this model, expressed in watts<br \/>23 W<br \/>Consumo de energ\u00eda (apagado)\u00a00,3 W<br \/>Consumo de energ\u00eda (ahorro)\u00a00,5 W<br \/>Voltaje de entrada AC<br \/>The voltage of the AC electricity that is inputted into the product.<br \/>100 &#8211; 240 V<br \/>Frecuencia de entrada AC\u00a050\/60 Hz<br \/>Escala de eficiencia energ\u00e9tica\u00a0De la A a la G<br \/>C\u00f3digo EPREL (Registro europeo de productos para el etiquetado energ\u00e9tico)\u00a02008142<br \/>Peso y dimensiones<br \/>Ancho del dispositivo (con soporte)\u00a0610 mm<br \/>Profundidad dispositivo (con soporte)\u00a0193 mm<br \/>Altura del dispositivo (con soporte)\u00a0456 mm<br \/>Peso (con soporte)\u00a04,9 kg<br \/>Ancho (sin base)\u00a0610 mm<br \/>Profundidad (sin base)\u00a078 mm<br \/>Altura (sin base)\u00a0367 mm<br \/>Peso (sin base)\u00a04,2 kg<br \/>Empaquetado<br \/>Ancho del paquete<br \/>The distance from one side of the packaging to the other.<br \/>680 mm<br \/>Profundidad del paquete<br \/>The distance from the front to the back of the packaging.<br \/>150 mm<br \/>Altura del paquete<br \/>The distance from the top to the bottom of the packaging.<br \/>520 mm<br \/>Peso del paquete<br \/>Weight of the packaged product.<br \/>6,6 kg<br \/>Tipo de embalaje<br \/>The type of product package e.g. box.<br \/>Caja<br \/>Contenido del embalaje<br \/>Stand incluido\u00a0<br \/>Sostenibilidad<br \/>Certificados de sostenibilidad\u00a0Forest Stewardship Council (FSC) Mix<br \/>Otras caracter\u00edsticas<br \/>Control de sombras\u00a0<br \/>Reducci\u00f3n del desenfoque de movimiento\u00a0<\/p>\n<p>\u00a0<\/p>\n","protected":false},"excerpt":{"rendered":"<p>Monitor led  asus tuf gaming vg27vqm1b 27 pulgadas fhd 1ms hdmi displayport altavoces<\/p>\n","protected":false},"featured_media":238526,"comment_status":"open","ping_status":"open","template":"","meta":{"_et_pb_use_builder":"","_et_pb_old_content":"","_et_gb_content_width":""},"product_brand":[2566],"product_cat":[3659,2058,2644,2643],"product_tag":[2567,2647,2646],"class_list":{"0":"post-238525","1":"product","2":"type-product","3":"status-publish","4":"has-post-thumbnail","6":"product_brand-asus","7":"product_cat-asus","8":"product_cat-dispositivos","9":"product_cat-monitores","10":"product_cat-monitores-y-tv","11":"product_tag-asus","12":"product_tag-monitores","13":"product_tag-monitores-y-tv","14":"pa_canon-digital-0-e-incluida","15":"pa_categoria-monitores-y-tv","16":"pa_marca-asus","17":"pa_peso-3713","18":"pa_ref-mgs0000025365","20":"first","21":"instock","22":"sale","23":"taxable","24":"shipping-taxable","25":"purchasable","26":"product-type-simple"},"_links":{"self":[{"href":"https:\/\/linkxa.es\/linkshop\/wp-json\/wp\/v2\/product\/238525","targetHints":{"allow":["GET"]}}],"collection":[{"href":"https:\/\/linkxa.es\/linkshop\/wp-json\/wp\/v2\/product"}],"about":[{"href":"https:\/\/linkxa.es\/linkshop\/wp-json\/wp\/v2\/types\/product"}],"replies":[{"embeddable":true,"href":"https:\/\/linkxa.es\/linkshop\/wp-json\/wp\/v2\/comments?post=238525"}],"wp:featuredmedia":[{"embeddable":true,"href":"https:\/\/linkxa.es\/linkshop\/wp-json\/wp\/v2\/media\/238526"}],"wp:attachment":[{"href":"https:\/\/linkxa.es\/linkshop\/wp-json\/wp\/v2\/media?parent=238525"}],"wp:term":[{"taxonomy":"product_brand","embeddable":true,"href":"https:\/\/linkxa.es\/linkshop\/wp-json\/wp\/v2\/product_brand?post=238525"},{"taxonomy":"product_cat","embeddable":true,"href":"https:\/\/linkxa.es\/linkshop\/wp-json\/wp\/v2\/product_cat?post=238525"},{"taxonomy":"product_tag","embeddable":true,"href":"https:\/\/linkxa.es\/linkshop\/wp-json\/wp\/v2\/product_tag?post=238525"}],"curies":[{"name":"wp","href":"https:\/\/api.w.org\/{rel}","templated":true}]}}