{"id":238539,"date":"2025-03-28T05:30:02","date_gmt":"2025-03-28T05:30:02","guid":{"rendered":"https:\/\/linkxa.es\/contratacion\/producto\/monitor-led-ips-asus-rog-strix\/"},"modified":"2025-10-09T19:11:16","modified_gmt":"2025-10-09T19:11:16","slug":"monitor-led-ips-asus-rog-strix","status":"publish","type":"product","link":"https:\/\/linkxa.es\/linkshop\/producto\/monitor-led-ips-asus-rog-strix\/","title":{"rendered":"Monitor led ips asus rog strix"},"content":{"rendered":"<div style=\"text-align: center; margin-bottom: 20px;\">\n<h2 style=\"font-size: 22px; font-weight: 600; margin: 0; color: #333;\">Asus \u00a0|\u00a0 Monitores<\/h2>\n<\/div>\n<p style=\"max-width: 700px; margin: 0px auto 30px; font-size: 18px; line-height: 1.6; color: #555555; font-style: italic; text-align: left;\">ASUS ROG Strix XG27ACMG. Diagonal de la pantalla: 68,6 cm (27&#8243;), Resoluci\u00f3n de la pantalla: 2560 x 1440 Pixeles, Tipo HD: Wide Quad HD, Tecnolog\u00eda de visualizaci\u00f3n: LED, Tiempo de respuesta: 1 ms, Relaci\u00f3n de aspecto nativa: 16:9, \u00c1ngulo de visi\u00f3n, horizontal: 178\u00b0, \u00c1ngulo de visi\u00f3n, vertical: 178\u00b0. Conector USB incorporado. montaje VESA, Ajustes de altura. Color del producto: Negro\u00a0<br \/>Exhibici\u00f3n<br \/>Diagonal de la pantalla<br \/>Size of the display for this product<br \/>68,6 cm (27&#8243;)<br \/>Resoluci\u00f3n de la pantalla<br \/>Resolution of the display for the system<br \/>2560 x 1440 Pixeles<br \/>Tipo HD<br \/>Type of supported High Definition (e.g. Full HD, 4K Ultra HD).<br \/>Wide Quad HD<br \/>Relaci\u00f3n de aspecto nativa<br \/>The aspect ratio is the ratio of the width of an image to its height. The native aspect ratio is the one which the projector\/display is particularly designed for. Images shown in native aspect ratio will utilize the entire resolution of the display and achieve maximum brightness. Images shown in other than native aspect ratio will always have less resolution and less brightness than images shown in native aspect ratio.<br \/>16:9<br \/>Tecnolog\u00eda de visualizaci\u00f3n<br \/>The technology used in the display e.g. plasma<br \/>LED<br \/>Tipo de pantalla\u00a0Fast IPS<br \/>Brillo de la pantalla (m\u00e1ximo)\u00a0400 cd \/ m\u00b2<br \/>Brillo de la pantalla (t\u00edpico)<br \/>Display brightness, measured by its Luminance, presented as a figure in nits. Typical brightness ratings for monitors range from 250 to 350 nits with a target value of between 80 to 120 nits being suitable for most displays in a normal viewing environment.<br \/>400 cd \/ m\u00b2<br \/>Tiempo de respuesta<br \/>The response time is the time difference between the moment that a source (for example a video card) sends a signal and that equipment (for example a monitor) receives or display the signal. (Used abbreviations: R\/F = Rise and Fall.)<br \/>1 ms<br \/>Pantalla antirreflectante<br \/>Siempre le proporciona una visi\u00f3n inmejorable, incluso con luz solar directa.<br \/>Forma de la pantalla\u00a0Plana<br \/>Raz\u00f3n de contraste (t\u00edpica)<br \/>The difference in light intensity between the brightest white and the darkest black.<br \/>1000:1<br \/>M\u00e1xima velocidad de actualizaci\u00f3n\u00a0270 Hz<br \/>\u00c1ngulo de visi\u00f3n, horizontal<br \/>Maximum horizontal angle at which a display can be viewed with acceptable visual performance.<br \/>178\u00b0<br \/>\u00c1ngulo de visi\u00f3n, vertical<br \/>Maximum vertical angle at which a display can be viewed with acceptable visual performance.<br \/>178\u00b0<br \/>N\u00famero de colores de la pantalla\u00a016,7 millones de colores<br \/>Tama\u00f1o de pixel<br \/>This is the parameter of a picture tube<br \/>0,233 x 0,233 mm<br \/>Tama\u00f1o visible, horizontal<br \/>The viewable size is often somewhat smaller than the actual size of a monitor<br \/>59,7 cm<br \/>Tama\u00f1o visible, vertical\u00a033,6 cm<br \/>Frecuencia digital horizontal\u00a027 &#8211; 415 kHz<br \/>Frecuencia digital vertical\u00a048 &#8211; 270 Hz<br \/>Alto Rango Din\u00e1mico (HDR)\u00a0<br \/>Tecnolog\u00eda HDR (High Dynamic Range, Alto rango din\u00e1mico)\u00a0High Dynamic Range (HDR) 400, High Dynamic Range 10 (HDR10)<br \/>Gama de colores est\u00e1ndar\u00a0DCI-P3<br \/>Gama de colores\u00a095%<br \/>Cobertura sRGB (t\u00edpica)\u00a0125%<br \/>Desempe\u00f1o<br \/>NVIDIA G-SYNC\u00a0<br \/>Tipo de G-SYNC de NVIDIA\u00a0G-SYNC Compatible<br \/>AMD FreeSync<br \/>The product includes AMD Freesync Technology for the dynamic synchronization of the graphic card and the monitor in order to avoid screen tearing.<br \/>Tipo de FreeSync de AMD\u00a0FreeSync Premium<br \/>Compatibilidad con Adaptive Sync de VESA\u00a0<br \/>Tecnolog\u00eda Flicker free (reduce el parpadeo de la pantalla)\u00a0<br \/>Tecnolog\u00eda Low Blue Light (baja luz azul)\u00a0<br \/>Modo de juego\u00a0<br \/>Dise\u00f1o<br \/>Posicionamiento de mercado<br \/>Under which category can the device be positioned in the market, e.g. camera phone.<br \/>Juego<br \/>Color del producto<br \/>The colour e.g. red<br \/>Negro<br \/>Soporte desmontable\u00a0<br \/>Puertos e Interfaces<br \/>Conector USB incorporado<br \/>Whether or not the device features a USB hub to connect more than one other device via USB.<br \/>Cantidad de puertos downstream USB tipo C\u00a01<br \/>USB Type-C DisplayPort Alternate Mode\u00a0<br \/>Suministro de potencia USB\u00a0<br \/>Entrega de energ\u00eda USB (USB Power Delivery) de hasta\u00a015 W<br \/>HDMI<br \/>HDMI (High-Definition Multimedia Interface) is a compact audio\/video interface for transferring uncompressed video data and compressed\/uncompressed digital audio data from a HDMI-compliant device (\u00abthe source device\u00bb) to a compatible computer monitor<br \/>N\u00famero de puertos HDMI<br \/>The number of sockets (ports) for HDMI connections. HDMI (High-Definition Multimedia Interface) is a compact audio\/video interface for transferring uncompressed video data and compressed\/uncompressed digital audio data from a HDMI-compliant device (\u00abthe source device\u00bb) to a compatible computer monitor<br \/>1<br \/>Versi\u00f3n HDMI\u00a02.1<br \/>Cantidad de DisplayPorts<br \/>Number of DisplayPorts. A DisplayPort is a digital display interface developed by the Video Electronics Standards Association (VESA). The interface is primarily used to connect a video source to a display device such as a computer monitor<br \/>1<br \/>Versi\u00f3n de DisplayPort\u00a01.4<br \/>Salida de auriculares<br \/>The socket for connecting headphones to the device.<br \/>Salidas para auriculares<br \/>Number of sockets \/ports where headphones are connected.<br \/>1<br \/>Auriculares<br \/>How headphones connect to a device e.g. wirelessly or via a cable and connector.<br \/>3,5 mm<br \/>HDCP<br \/>High-bandwidth Digital Content Protection (HDCP) is a form of digital copy protection to prevent copying of digital audio and video content as it travels across connections.<br \/>HDCP versi\u00f3n\u00a02.2<br \/>Enchufe de entrada de CC<br \/>The socket\/plug where the DC electricity supply connects to the device.<br \/>Ergonom\u00eda<br \/>montaje VESA\u00a0<br \/>Interfaz de panel de montaje<br \/>The product can be used wih VESA mounting interfaces.<br \/>100 x 100 mm<br \/>Montaje de pared<br \/>The product can be mounted on (attached to ) a wall.<br \/>Ranura para cable de seguridad<br \/>Holes on the edge of devices through which a cable lock can be passed<br \/>Tipo de ranura de bloqueo del cable\u00a0Kensington<br \/>Ajustes de altura<br \/>The part of the device that can be adjusted to change the height.<br \/>Altura ajustable (m\u00e1x.)\u00a012 cm<br \/>Eje\u00a0<br \/>\u00c1ngulo de pivote\u00a0-90 &#8211; 90\u00b0<br \/>Giratorio\u00a0<br \/>\u00c1ngulo de giro (alcance)\u00a0-45 &#8211; 45\u00b0<br \/>Ajuste de la inclinaci\u00f3n<br \/>The tilt<br \/>\u00c1ngulo de inclinaci\u00f3n\u00a0-5 &#8211; 20\u00b0<br \/>Control de energ\u00eda<br \/>Clase de eficiencia energ\u00e9tica (SDR)\u00a0F<br \/>Clase de eficiencia energ\u00e9tica (HDR)\u00a0G<br \/>Consumo de energ\u00eda (SDR) por 1000 horas\u00a026 kWh<br \/>Consumo de energ\u00eda (HDR) por 1000 horas\u00a050 kWh<br \/>Consumo energ\u00e9tico<br \/>Amount of power used by this model, expressed in watts<br \/>30 W<br \/>Consumo de energ\u00eda (apagado)\u00a00,3 W<br \/>Consumo de energ\u00eda (ahorro)\u00a00,5 W<br \/>Voltaje de entrada AC<br \/>The voltage of the AC electricity that is inputted into the product.<br \/>100 &#8211; 240 V<br \/>Frecuencia de entrada AC\u00a050\/60 Hz<br \/>Tipo de fuente de alimentaci\u00f3n<br \/>State power supply (internal\/external) type with which the product works<br \/>Externo<br \/>Escala de eficiencia energ\u00e9tica\u00a0De la A a la G<br \/>Peso y dimensiones<br \/>Ancho del dispositivo (con soporte)\u00a0613,7 mm<br \/>Profundidad dispositivo (con soporte)\u00a0218,8 mm<br \/>Altura del dispositivo (con soporte)\u00a0509,6 mm<br \/>Peso (con soporte)\u00a06,5 kg<br \/>Ancho (sin base)\u00a0613,7 mm<br \/>Profundidad (sin base)\u00a089,8 mm<br \/>Altura (sin base)\u00a0367,2 mm<br \/>Peso (sin base)\u00a03,8 kg<br \/>Empaquetado<br \/>Ancho del paquete<br \/>The distance from one side of the packaging to the other.<br \/>719 mm<br \/>Profundidad del paquete<br \/>The distance from the front to the back of the packaging.<br \/>460 mm<br \/>Altura del paquete<br \/>The distance from the top to the bottom of the packaging.<br \/>240 mm<br \/>Peso del paquete<br \/>Weight of the packaged product.<br \/>9,2 kg<br \/>Tipo de embalaje<br \/>The type of product package e.g. box.<br \/>Caja<br \/>Contenido del embalaje<br \/>Stand incluido\u00a0<br \/>Cables incluidos\u00a0Corriente alterna<br \/>Sostenibilidad<br \/>Certificados de sostenibilidad\u00a0Forest Stewardship Council (FSC) Mix<br \/>Otras caracter\u00edsticas<br \/>Control de sombras\u00a0<br \/>Compatibilidad con HBR3\u00a0<br \/>Certificaci\u00f3n\u00a0T\u00dcV Flicker-free T\u00dcV Low Blue Light VESA AdaptiveSync Display 270Hz VESA DisplayHDR 400 AMD FreeSync Premium G-SYNC Compatible FSC MIX<\/p>\n<p><\/p>\n","protected":false},"excerpt":{"rendered":"<p>Monitor led ips asus rog strix xg27acmg 27 pulgadas 2560 x 1440 1ms hdmi displayport usb reg. altura<\/p>\n","protected":false},"featured_media":238540,"comment_status":"open","ping_status":"open","template":"","meta":{"_et_pb_use_builder":"","_et_pb_old_content":"","_et_gb_content_width":""},"product_brand":[2566],"product_cat":[3659,2058,2644,2643],"product_tag":[2567,2647,2646],"class_list":{"0":"post-238539","1":"product","2":"type-product","3":"status-publish","4":"has-post-thumbnail","6":"product_brand-asus","7":"product_cat-asus","8":"product_cat-dispositivos","9":"product_cat-monitores","10":"product_cat-monitores-y-tv","11":"product_tag-asus","12":"product_tag-monitores","13":"product_tag-monitores-y-tv","14":"pa_canon-digital-0-e-incluida","15":"pa_categoria-monitores-y-tv","16":"pa_marca-asus","17":"pa_peso-3718","18":"pa_ref-mgs0000026168","20":"first","21":"instock","22":"sale","23":"taxable","24":"shipping-taxable","25":"purchasable","26":"product-type-simple"},"_links":{"self":[{"href":"https:\/\/linkxa.es\/linkshop\/wp-json\/wp\/v2\/product\/238539","targetHints":{"allow":["GET"]}}],"collection":[{"href":"https:\/\/linkxa.es\/linkshop\/wp-json\/wp\/v2\/product"}],"about":[{"href":"https:\/\/linkxa.es\/linkshop\/wp-json\/wp\/v2\/types\/product"}],"replies":[{"embeddable":true,"href":"https:\/\/linkxa.es\/linkshop\/wp-json\/wp\/v2\/comments?post=238539"}],"wp:featuredmedia":[{"embeddable":true,"href":"https:\/\/linkxa.es\/linkshop\/wp-json\/wp\/v2\/media\/238540"}],"wp:attachment":[{"href":"https:\/\/linkxa.es\/linkshop\/wp-json\/wp\/v2\/media?parent=238539"}],"wp:term":[{"taxonomy":"product_brand","embeddable":true,"href":"https:\/\/linkxa.es\/linkshop\/wp-json\/wp\/v2\/product_brand?post=238539"},{"taxonomy":"product_cat","embeddable":true,"href":"https:\/\/linkxa.es\/linkshop\/wp-json\/wp\/v2\/product_cat?post=238539"},{"taxonomy":"product_tag","embeddable":true,"href":"https:\/\/linkxa.es\/linkshop\/wp-json\/wp\/v2\/product_tag?post=238539"}],"curies":[{"name":"wp","href":"https:\/\/api.w.org\/{rel}","templated":true}]}}