{"id":238555,"date":"2025-05-23T06:12:39","date_gmt":"2025-05-23T06:12:39","guid":{"rendered":"https:\/\/linkxa.es\/contratacion\/producto\/monitor-led-nano-ips-lg-27uq850-w-2\/"},"modified":"2025-10-09T19:13:46","modified_gmt":"2025-10-09T19:13:46","slug":"monitor-led-nano-ips-lg-27uq850-w-2","status":"publish","type":"product","link":"https:\/\/linkxa.es\/linkshop\/producto\/monitor-led-nano-ips-lg-27uq850-w-2\/","title":{"rendered":"Monitor led nano ips lg 27uq850 &#8211; w"},"content":{"rendered":"<div style=\"text-align: center; margin-bottom: 20px;\">\n<h2 style=\"font-size: 22px; font-weight: 600; margin: 0; color: #333;\">Lg \u00a0|\u00a0 Monitores<\/h2>\n<\/div>\n<p style=\"max-width: 700px; margin: 0px auto 30px; font-size: 18px; line-height: 1.6; color: #555555; font-style: italic; text-align: left;\">LG 27UQ850-W. Diagonal de la pantalla: 68,6 cm (27&#8243;), Resoluci\u00f3n de la pantalla: 3840 x 2160 Pixeles, Tipo HD: 4K Ultra HD, Tiempo de respuesta: 5 ms, Relaci\u00f3n de aspecto nativa: 16:9, \u00c1ngulo de visi\u00f3n, horizontal: 178\u00b0, \u00c1ngulo de visi\u00f3n, vertical: 178\u00b0. Altavoces incorporados. Conector USB incorporado. montaje VESA, Ajustes de altura. Color del producto: Negro<br \/>PANTALLA<br \/>Tama\u00f1o (pulgadas)<\/p>\n<p>27<\/p>\n<p>Tama\u00f1o (cm)<\/p>\n<p>68.47<\/p>\n<p>Resoluci\u00f3n<\/p>\n<p>3840 x 2160<\/p>\n<p>Tipo de panel<\/p>\n<p>IPS<\/p>\n<p>Ratio de Aspecto<\/p>\n<p>16:9<\/p>\n<p>Tama\u00f1o de Pixel<\/p>\n<p>0.1554 x 0.1554 mm<\/p>\n<p>Brillo (M\u00edn.)<\/p>\n<p>320 cd\/m\u00b2<\/p>\n<p>Brillo (T\u00edp.)<\/p>\n<p>400 cd\/m\u00b2<\/p>\n<p>Pico de Brillo (Min.)<\/p>\n<p>400 cd\/m\u00b2<\/p>\n<p>Pico de Brillo (T\u00edp.)<\/p>\n<p>500 cd\/m\u00b2<\/p>\n<p>Gamut de Color (M\u00edn.)<\/p>\n<p>DCI-P3 94% (CIE1976)<\/p>\n<p>Gamut de Color (T\u00edp.)<\/p>\n<p>DCI-P3 98% (CIE1976)<\/p>\n<p>Profundidad de Color (N\u00ba de colores)<\/p>\n<p>1.07B<\/p>\n<p>Color Bit<\/p>\n<p>10bit(8bit+FRC)<\/p>\n<p>Ratio de Contraste (M\u00edn.)<\/p>\n<p>1400:1<\/p>\n<p>Ratio de Contraste (T\u00edp.)<\/p>\n<p>2000:1<\/p>\n<p>Velocidad de Respuesta<\/p>\n<p>5ms (GtG at Faster)<\/p>\n<p>\u00c1ngulo de Visi\u00f3n (RC?10)<\/p>\n<p>178\u00ba(R\/L), 178\u00ba(U\/D)<\/p>\n<p>Tratamiento Superficial<\/p>\n<p>Anti-reflejos<\/p>\n<p>Curvo<\/p>\n<p>No<\/p>\n<p>CUALIDADES\/ATRIBUTOS<br \/>HDR 10<\/p>\n<p>S\u00cd<\/p>\n<p>VESA DisplayHDR\u0099<\/p>\n<p>DisplayHDR\u0099 400<\/p>\n<p>Efecto HDR<\/p>\n<p>S\u00cd<\/p>\n<p>Tecnolog\u00eda Nano IPS\u0099<\/p>\n<p>S\u00ed (IPS Black)<\/p>\n<p>Gamut de Color Amplio<\/p>\n<p>No<\/p>\n<p>Color Calibrado (de f\u00e1brica)<\/p>\n<p>S\u00cd<\/p>\n<p>Calibraci\u00f3n de Color (por H\/W)<\/p>\n<p>HW Calibration Ready<\/p>\n<p>Brillo Autom\u00e1tico<\/p>\n<p>No<\/p>\n<p>Proteccion Antiparpadeo (FlickerSafe)<\/p>\n<p>S\u00cd<\/p>\n<p>Modo Imagen<\/p>\n<p>(SDR) : Customizado, P3-D65, sRGB, Calibraci\u00f3n (HDR) : BT.2100 PQ<\/p>\n<p>Modo Lectura<\/p>\n<p>No<\/p>\n<p>Asistente de Color (Colour Weakness)<\/p>\n<p>No<\/p>\n<p>SuperResolution+<\/p>\n<p>S\u00cd<\/p>\n<p>1ms Motion Blur Reduction<\/p>\n<p>No<\/p>\n<p>Tecnolog\u00eda NVIDIA G-Sync\u0099<\/p>\n<p>No<\/p>\n<p>Tecnolog\u00eda AMD FreeSync\u0099<\/p>\n<p>FreeSync<\/p>\n<p>Tecnolog\u00eda BlackStabilizer (Estabilizador de Negros)<\/p>\n<p>Black Stabilizer<\/p>\n<p>Tecnolog\u00eda DynaMic Action Sync<\/p>\n<p>S\u00cd<\/p>\n<p>Crosshair (Cruceta Shooter)<\/p>\n<p>S\u00cd<\/p>\n<p>FPS Counter<\/p>\n<p>No<\/p>\n<p>OverClocking<\/p>\n<p>No<\/p>\n<p>User Define Key<\/p>\n<p>No<\/p>\n<p>Auto Input Switch<\/p>\n<p>S\u00cd<\/p>\n<p>SphereLighting (anillo LED de retroiluminaci\u00f3n)<\/p>\n<p>No<\/p>\n<p>Smart Energy Saving<\/p>\n<p>S\u00cd<\/p>\n<p>OSD Language<\/p>\n<p>17 pa\u00edses (Ingl\u00e9s, Alem\u00e1n, Franc\u00e9s, Espa\u00f1ol, ItaliaNo, Sueco, Finland\u00e9s, Portugu\u00e9s, Portugu\u00e9s (Brasil), Polaco, Ruso, Griego, UcraniaNo, ChiNo, ChiNo Tradicional, Japon\u00e9s, CoreaNo)<\/p>\n<p>WebCam<\/p>\n<p>No<\/p>\n<p>Micr\u00f3fono<\/p>\n<p>No<\/p>\n<p>Otras (Caracter\u00edsticas)<\/p>\n<p>No<\/p>\n<p>S\/W<br \/>LG Calibration Studio (TrueColorPro)<\/p>\n<p>S\u00cd<\/p>\n<p>Dual Controller (Operaci\u00f3n en PBP)<\/p>\n<p>S\u00cd<\/p>\n<p>OnScreen-Control<\/p>\n<p>S\u00cd<\/p>\n<p>LG UltraGear\u0099 Studio<\/p>\n<p>No<\/p>\n<p>CONECTIVIDAD<br \/>D-Sub (VGA, 15-pin Anal\u00f3gica)<\/p>\n<p>No<\/p>\n<p>DVI<\/p>\n<p>No<\/p>\n<p>HDMI<\/p>\n<p>S\u00cd (x2)<\/p>\n<p>HDMI Version<\/p>\n<p>2.0<\/p>\n<p>HDMI (Frecuencia V)<\/p>\n<p>50~60Hz<\/p>\n<p>DisplayPort<\/p>\n<p>S\u00cd (x1)<\/p>\n<p>Versi\u00f3n DisplayPort<\/p>\n<p>1.4<\/p>\n<p>Thunderbolt\u0099<\/p>\n<p>No<\/p>\n<p>USB-C<\/p>\n<p>S\u00cd (x1)<\/p>\n<p>USB-C (HDCP Version)<\/p>\n<p>2.3<\/p>\n<p>USB-C (V Frequency)<\/p>\n<p>50~60Hz<\/p>\n<p>USB-C\u0099 (Resoluci\u00f3n M\u00e1x.)<\/p>\n<p>3840&#215;2160@60Hz<\/p>\n<p>USB-C\u0099 (Potencia de Carga)<\/p>\n<p>90W<\/p>\n<p>USB de entrada (Tipo A o Tipo B)<\/p>\n<p>S\u00ed (x1) [ver 2.0]<\/p>\n<p>USB de salida (Gen\u00e9rico, Tipo A)<\/p>\n<p>S\u00ed (x2) [ver 3.0]<\/p>\n<p>Salida SPDIF (salida de audio digital \u00f3ptica)<\/p>\n<p>No<\/p>\n<p>SONIDO<br \/>Entrada de Audio (PC IN)<\/p>\n<p>No<\/p>\n<p>Entrada de Micr\u00f3fono<\/p>\n<p>No<\/p>\n<p>Salida para Auriculares<\/p>\n<p>3 Anillos (Solo Audio)<\/p>\n<p>Salida de L\u00ednea (Line out)<\/p>\n<p>No<\/p>\n<p>Altavoces<\/p>\n<p>S\u00cd<\/p>\n<p>Potencia Altavoces (W)<\/p>\n<p>5W<\/p>\n<p>N\u00ba de Canales Altavoces<\/p>\n<p>x2<\/p>\n<p>Conectividad Bluetooth<\/p>\n<p>No<\/p>\n<p>Ecualizaci\u00f3n Maxx Audio<\/p>\n<p>S\u00cd<\/p>\n<p>Ecualizaci\u00f3n Rich Bass<\/p>\n<p>No<\/p>\n<p>ALIMENTACI\u00d3N<br \/>Tipo de Alimentaci\u00f3n<\/p>\n<p>Alimentaci\u00f3n Externa (Adaptador a Red)<\/p>\n<p>Entrada en CA (AC Input)<\/p>\n<p>100~240V (50\/60Hz)<\/p>\n<p>Salida en CC (DC Output)<\/p>\n<p>210W (19.5V 10.8A)<\/p>\n<p>Consumo de Potencia (T\u00edp.)<\/p>\n<p>44W<\/p>\n<p>Consumo de Potencia (M\u00e1x.)<\/p>\n<p>157W<\/p>\n<p>Consumo de Potencia (Modo Reposo)<\/p>\n<p>&#038;lt, 0.5W<\/p>\n<p>Consumo de Potencia (DC Off)<\/p>\n<p>&#038;lt, 0.3W<\/p>\n<p>CARACTER\u00cdSTICAS F\u00cdSICAS\/MECANICAS<br \/>Dise\u00f1o sin Bordes<\/p>\n<p>3-Side Virtually Borderless Design (Dise\u00f1o de Marcos Ultrafinos)<\/p>\n<p>Color (Middle Cabinet)<\/p>\n<p>Negro con textura<\/p>\n<p>Color (Back Cover)<\/p>\n<p>Blanco con textura<\/p>\n<p>Color (Stand Body)<\/p>\n<p>Plata con textura<\/p>\n<p>Color (Stand Base)<\/p>\n<p>Plata con textura<\/p>\n<p>Ajustes en la Posici\u00f3n del Monitor<\/p>\n<p>Inclinaci\u00f3n (Eje Horizontal)\/Altura\/Giro (eje vertical)\/Pivote<\/p>\n<p>Inclinaci\u00f3n (eje H)<\/p>\n<p>-5 ~ 20\u00ba<\/p>\n<p>Rango Altura<\/p>\n<p>110<\/p>\n<p>Pivote<\/p>\n<p>Sentido horario<\/p>\n<p>Montaje en Pared (VESA) [mm]<\/p>\n<p>100 x 100<\/p>\n<p>Dimensiones [con peana] (Ancho x Alto x Prof.) (mm)<\/p>\n<p>613.9&#215;569.6&#215;239.3<\/p>\n<p>Dimensiones [sin peana] (Ancho x Alto x Prof.) (mm)<\/p>\n<p>613.9&#215;363.5&#215;44.3<\/p>\n<p>Dimensiones [embalado] (Ancho x Alto x Prof.) (mm)<\/p>\n<p>696x212x496<\/p>\n<p>Peso [con peana] (kg)<\/p>\n<p>5.65<\/p>\n<p>Peso [sin peana] (kg)<\/p>\n<p>3.85<\/p>\n<p>Peso [embalado] (kg)<\/p>\n<p>8.7<\/p>\n<p>Pallet Stuffing (20ft\/40ft\/40ft HC)<\/p>\n<p>330\/690\/759<\/p>\n<p>CUMPLIENTO DE STDS\/CERTIFICACIONES<br \/>TCO<\/p>\n<p>No<\/p>\n<p>EPA 7.0<\/p>\n<p>No [ver. 8.0]<\/p>\n<p>TUV-TYPE<\/p>\n<p>S\u00cd<\/p>\n<p>TUV-GS<\/p>\n<p>No<\/p>\n<p>TUV-Ergo<\/p>\n<p>No<\/p>\n<p>CB<\/p>\n<p>S\u00ed<\/p>\n<p>UL (cUL)<\/p>\n<p>S\u00ed<\/p>\n<p>FCC-B<\/p>\n<p>S\u00ed<\/p>\n<p>EPEAT (USA)<\/p>\n<p>No<\/p>\n<p>EPEAT (Germany)<\/p>\n<p>No<\/p>\n<p>ErP<\/p>\n<p>S\u00ed<\/p>\n<p>CE<\/p>\n<p>S\u00ed<\/p>\n<p>BIS (for India)<\/p>\n<p>S\u00ed<\/p>\n<p>VCCI (for Japan)<\/p>\n<p>S\u00ed<\/p>\n<p>BSMI (for Taiwan)<\/p>\n<p>S\u00ed<\/p>\n<p>KC (for Rep. of Korea)<\/p>\n<p>S\u00ed<\/p>\n<p>CCC (for china)<\/p>\n<p>S\u00ed<\/p>\n<p>Thunderbolt<\/p>\n<p>No<\/p>\n<p>USB-C (USB-IF)<\/p>\n<p>No<\/p>\n<p>USB-C (VESA)<\/p>\n<p>No<\/p>\n<p>VESA wall mount standard<\/p>\n<p>No<\/p>\n<p>Otros (Standards)<\/p>\n<p>TUV-ES\u00edafe, CEC, DisplayPort<\/p>\n<p>ACCESORIOS<br \/>Adaptador de Corriente<\/p>\n<p>S\u00cd<\/p>\n<p>Adaptador de Corriente (Color)<\/p>\n<p>Blanco<\/p>\n<p>Cable de alimentaci\u00f3n<\/p>\n<p>S\u00cd<\/p>\n<p>Cable de Alimentaci\u00f3n (Color\/Longitud)<\/p>\n<p>Blanco \/ 1.5m<\/p>\n<p>Cable D-Sub (VGA, 15-pin Anal\u00f3gica)<\/p>\n<p>No<\/p>\n<p>Cable D-Sub (VGA, 15-pin Anal\u00f3gica) (Color\/Longitud)<\/p>\n<p>No<\/p>\n<p>Cable DVI-D<\/p>\n<p>No<\/p>\n<p>Cable DVI-D (Color\/Longitud)<\/p>\n<p>No<\/p>\n<p>Cable HDMI<\/p>\n<p>S\u00cd<\/p>\n<p>Cable HDMI (Color\/Longitud)<\/p>\n<p>Blanco \/ 1.5m<\/p>\n<p>Cable Display Port<\/p>\n<p>S\u00cd<\/p>\n<p>Cable Display Port (Color\/Longitud)<\/p>\n<p>Blanco \/ 1.5m<\/p>\n<p>Cable Thunderbolt<\/p>\n<p>No<\/p>\n<p>Cable Thunderbolt (Color\/Longitud)<\/p>\n<p>No<\/p>\n<p>Cable USB Tipo C<\/p>\n<p>S\u00cd<\/p>\n<p>Cable USB Type C (Color\/Longitud)<\/p>\n<p>Blanco \/ 1.5m<\/p>\n<p>Cable USB Tipo A a Tipo B<\/p>\n<p>S\u00cd<\/p>\n<p>Cable USB Tipo A a Tipo B (Color\/Longitud)<\/p>\n<p>Blanco \/ 1.5m<\/p>\n<p>Control Remoto (mando)<\/p>\n<p>No<\/p>\n<p>Control Remoto (Color)<\/p>\n<p>No<\/p>\n<p><\/p>\n","protected":false},"excerpt":{"rendered":"<p>Monitor led nano ips lg  27uq850 &#8211; w 3840 x 2160 5ms hdmi displayport usb &#8211; c altavoces reg. altura<\/p>\n","protected":false},"featured_media":233308,"comment_status":"open","ping_status":"open","template":"","meta":{"_et_pb_use_builder":"","_et_pb_old_content":"","_et_gb_content_width":""},"product_brand":[2648],"product_cat":[2058,3635,2644,2643],"product_tag":[2649,2647,2646],"class_list":{"0":"post-238555","1":"product","2":"type-product","3":"status-publish","4":"has-post-thumbnail","6":"product_brand-lg","7":"product_cat-dispositivos","8":"product_cat-lg","9":"product_cat-monitores","10":"product_cat-monitores-y-tv","11":"product_tag-lg","12":"product_tag-monitores","13":"product_tag-monitores-y-tv","14":"pa_canon-digital-0-e-incluida","15":"pa_categoria-monitores-y-tv","16":"pa_marca-lg","17":"pa_peso-3722","18":"pa_ref-mgs0000026295","20":"first","21":"instock","22":"sale","23":"taxable","24":"shipping-taxable","25":"purchasable","26":"product-type-simple"},"_links":{"self":[{"href":"https:\/\/linkxa.es\/linkshop\/wp-json\/wp\/v2\/product\/238555","targetHints":{"allow":["GET"]}}],"collection":[{"href":"https:\/\/linkxa.es\/linkshop\/wp-json\/wp\/v2\/product"}],"about":[{"href":"https:\/\/linkxa.es\/linkshop\/wp-json\/wp\/v2\/types\/product"}],"replies":[{"embeddable":true,"href":"https:\/\/linkxa.es\/linkshop\/wp-json\/wp\/v2\/comments?post=238555"}],"wp:featuredmedia":[{"embeddable":true,"href":"https:\/\/linkxa.es\/linkshop\/wp-json\/wp\/v2\/media\/233308"}],"wp:attachment":[{"href":"https:\/\/linkxa.es\/linkshop\/wp-json\/wp\/v2\/media?parent=238555"}],"wp:term":[{"taxonomy":"product_brand","embeddable":true,"href":"https:\/\/linkxa.es\/linkshop\/wp-json\/wp\/v2\/product_brand?post=238555"},{"taxonomy":"product_cat","embeddable":true,"href":"https:\/\/linkxa.es\/linkshop\/wp-json\/wp\/v2\/product_cat?post=238555"},{"taxonomy":"product_tag","embeddable":true,"href":"https:\/\/linkxa.es\/linkshop\/wp-json\/wp\/v2\/product_tag?post=238555"}],"curies":[{"name":"wp","href":"https:\/\/api.w.org\/{rel}","templated":true}]}}