{"id":238574,"date":"2024-12-02T10:59:27","date_gmt":"2024-12-02T10:59:27","guid":{"rendered":"https:\/\/linkxa.es\/contratacion\/producto\/monitor-asus-mb16aht-15-6-pulgadas-fhd-60hz\/"},"modified":"2025-10-09T19:18:49","modified_gmt":"2025-10-09T19:18:49","slug":"monitor-asus-mb16aht-15-6-pulgadas-fhd-60hz","status":"publish","type":"product","link":"https:\/\/linkxa.es\/linkshop\/producto\/monitor-asus-mb16aht-15-6-pulgadas-fhd-60hz\/","title":{"rendered":"Monitor asus mb16aht 15.6 pulgadas fhd 60hz"},"content":{"rendered":"<div style=\"text-align: center; margin-bottom: 20px;\">\n<h2 style=\"font-size: 22px; font-weight: 600; margin: 0; color: #333;\">Asus \u00a0|\u00a0 Monitores<\/h2>\n<\/div>\n<p style=\"max-width: 700px; margin: 0px auto 30px; font-size: 18px; line-height: 1.6; color: #555555; font-style: italic; text-align: left;\">\u00ab`<br \/>&#8211; EXHIBICI\u00d3N<\/p>\n<p>Diagonal de la pantalla: 39,6 cm (15.6&#8243;)<br \/>Resoluci\u00f3n de la pantalla: 1920 x 1080 Pixeles<br \/>Tipo HD: Full HD<br \/>Relaci\u00f3n de aspecto nativa: 16:9<br \/>Tipo de pantalla: IPS<br \/>Tipo de retroiluminaci\u00f3n: LED<br \/>Pantalla t\u00e1ctil: S\u00ed<br \/>N\u00famero de puntos t\u00e1ctiles simult\u00e1neos: 10<br \/>Pantalla antirreflectante: S\u00ed<br \/>Brillo de la pantalla (t\u00edpico): 250 cd\/m\u00b2<br \/>Tiempo de respuesta: 5 ms<br \/>Forma de la pantalla: Plana<br \/>Relaci\u00f3n de contraste (t\u00edpica): 700:1<br \/>M\u00e1xima velocidad de actualizaci\u00f3n: 60 Hz<br \/>\u00c1ngulo de visi\u00f3n, horizontal: 170\u00b0<br \/>\u00c1ngulo de visi\u00f3n, vertical: 170\u00b0<br \/>N\u00famero de colores de la pantalla: 262.000 colores<br \/>Tama\u00f1o de pixel: 0,179 x 0,179 mm<br \/>Tama\u00f1o visible, horizontal: 34,4 cm<br \/>Tama\u00f1o visible, vertical: 19,4 cm<br \/>Frecuencia digital horizontal: 24 &#8211; 83 kHz<br \/>Frecuencia digital vertical: 50 &#8211; 61 Hz<\/p>\n<p>&#8211; DESEMPE\u00d1O<\/p>\n<p>Tecnolog\u00eda Flicker Free: S\u00ed<br \/>Tecnolog\u00eda Low Blue Light: S\u00ed<br \/>Modo de juego: S\u00ed<br \/>Tecnolog\u00edas espec\u00edficas: SPLENDID<\/p>\n<p>&#8211; MULTIMEDIA<\/p>\n<p>N\u00famero de altavoces: 2<br \/>Potencia estimada RMS: 2 W<br \/>Altavoces incorporados: S\u00ed<\/p>\n<p>&#8211; DISE\u00d1O<\/p>\n<p>Color del producto: Negro<\/p>\n<p>&#8211; PUERTOS E INTERFACES<\/p>\n<p>Cantidad de puertos downstream USB tipo C: 2<br \/>USB Type-C DisplayPort Alternate Mode: S\u00ed<br \/>Cantidad de puertos Mini HDMI: 1<br \/>Salida de auriculares: S\u00ed<br \/>Salidas para auriculares: 1<br \/>HDCP: S\u00ed<br \/>HDCP versi\u00f3n: 1.4<\/p>\n<p>&#8211; CONTROL DE ENERG\u00cdA<\/p>\n<p>Consumo energ\u00e9tico: 10 W<br \/>Consumo de energ\u00eda (apagado): 0,3 W<br \/>Consumo de energ\u00eda (ahorro): 0,5 W<br \/>Voltaje de entrada AC: 100 &#8211; 240 V<br \/>Frecuencia de entrada AC: 50 &#8211; 60 Hz<br \/>C\u00f3digo EPREL: 1306009<\/p>\n<p>&#8211; CONDICIONES AMBIENTALES<\/p>\n<p>Intervalo de temperatura operativa: 0 &#8211; 40 \u00b0C<br \/>Intervalo de humedad relativa para funcionamiento: 20 &#8211; 90 %<\/p>\n<p>&#8211; PESO Y DIMENSIONES<\/p>\n<p>Ancho (sin base): 359,9 mm<br \/>Profundidad (sin base): 11,9 mm<br \/>Altura (sin base): 226,8 mm<br \/>Peso (sin base): 1,01 kg<\/p>\n<p>&#8211; EMPAQUETADO<\/p>\n<p>Ancho del paquete: 485 mm<br \/>Profundidad del paquete: 76 mm<br \/>Altura del paquete: 305 mm<br \/>Peso del paquete: 2,86 kg<br \/>Tipo de embalaje: Caja<br \/>\u00ab`<\/p>\n","protected":false},"excerpt":{"rendered":"<p>Monitor asus mb16aht 15.6 pulgadas fhd 60hz<\/p>\n","protected":false},"featured_media":238575,"comment_status":"open","ping_status":"open","template":"","meta":{"_et_pb_use_builder":"","_et_pb_old_content":"","_et_gb_content_width":""},"product_brand":[2566],"product_cat":[3659,2058,2644,2643],"product_tag":[2567,2647,2646],"class_list":{"0":"post-238574","1":"product","2":"type-product","3":"status-publish","4":"has-post-thumbnail","6":"product_brand-asus","7":"product_cat-asus","8":"product_cat-dispositivos","9":"product_cat-monitores","10":"product_cat-monitores-y-tv","11":"product_tag-asus","12":"product_tag-monitores","13":"product_tag-monitores-y-tv","14":"pa_canon-digital-0-e-incluida","15":"pa_categoria-monitores-y-tv","16":"pa_marca-asus","17":"pa_peso-3543","18":"pa_ref-mgs0000027358","20":"first","21":"instock","22":"sale","23":"taxable","24":"shipping-taxable","25":"purchasable","26":"product-type-simple"},"_links":{"self":[{"href":"https:\/\/linkxa.es\/linkshop\/wp-json\/wp\/v2\/product\/238574","targetHints":{"allow":["GET"]}}],"collection":[{"href":"https:\/\/linkxa.es\/linkshop\/wp-json\/wp\/v2\/product"}],"about":[{"href":"https:\/\/linkxa.es\/linkshop\/wp-json\/wp\/v2\/types\/product"}],"replies":[{"embeddable":true,"href":"https:\/\/linkxa.es\/linkshop\/wp-json\/wp\/v2\/comments?post=238574"}],"wp:featuredmedia":[{"embeddable":true,"href":"https:\/\/linkxa.es\/linkshop\/wp-json\/wp\/v2\/media\/238575"}],"wp:attachment":[{"href":"https:\/\/linkxa.es\/linkshop\/wp-json\/wp\/v2\/media?parent=238574"}],"wp:term":[{"taxonomy":"product_brand","embeddable":true,"href":"https:\/\/linkxa.es\/linkshop\/wp-json\/wp\/v2\/product_brand?post=238574"},{"taxonomy":"product_cat","embeddable":true,"href":"https:\/\/linkxa.es\/linkshop\/wp-json\/wp\/v2\/product_cat?post=238574"},{"taxonomy":"product_tag","embeddable":true,"href":"https:\/\/linkxa.es\/linkshop\/wp-json\/wp\/v2\/product_tag?post=238574"}],"curies":[{"name":"wp","href":"https:\/\/api.w.org\/{rel}","templated":true}]}}