{"id":238739,"date":"2025-09-24T21:41:31","date_gmt":"2025-09-24T21:41:31","guid":{"rendered":"https:\/\/linkxa.es\/contratacion\/producto\/monitor-led-asus-ips-21-5-pulgadas-vt229h\/"},"modified":"2025-10-09T20:09:06","modified_gmt":"2025-10-09T20:09:06","slug":"monitor-led-asus-ips-21-5-pulgadas-vt229h","status":"publish","type":"product","link":"https:\/\/linkxa.es\/linkshop\/producto\/monitor-led-asus-ips-21-5-pulgadas-vt229h\/","title":{"rendered":"Monitor led asus ips 21.5 pulgadas vt229h"},"content":{"rendered":"<div style=\"text-align: center; margin-bottom: 20px;\">\n<h2 style=\"font-size: 22px; font-weight: 600; margin: 0; color: #333;\">Asus \u00a0|\u00a0 Monitores<\/h2>\n<\/div>\n<p style=\"max-width: 700px; margin: 0px auto 30px; font-size: 18px; line-height: 1.6; color: #555555; font-style: italic; text-align: left;\">Caracter\u00edsticas de v\u00eddeo<br \/>Tecnolog\u00eda Trace Free<br \/>Tecnolog\u00eda SPLENDID Video Intelligence<br \/>Modos Splendid: 8 modos<br \/>Selecci\u00f3n de tonos de piel: 3 modos<br \/>Selecci\u00f3n de la temperatura del color: 4 modos<br \/>Soporte HDCP<br \/>QuickFit (modos) : S\u00ed (Cuadr\u00edcula de alineaci\u00f3n\/foto)<br \/>Luz azul reducida: S\u00ed<br \/>VividPixel : S\u00ed<br \/>Caracter\u00edsticas de audio<br \/>Altavoces est\u00e9reo:<br \/>Entrada\/Salida<br \/>Entrada de se\u00f1al: HDMI, D-Sub<br \/>Entrada de audio de PC: 3,5 mm Mini-Jack<br \/>Puerto(s) USB:<br \/>Frecuencia de se\u00f1al<br \/>Frecuencia de se\u00f1al anal\u00f3gica: 30~83 KHz(H)\/ 50~75 Hz(V)<br \/>Frecuencia de se\u00f1al digital: 30~83 KHz(H)\/ 50~75 Hz(V)<br \/>Consumo de energ\u00eda<br \/>Encendido : &#038;lt,21.9W (*2)<br \/>Apagado\/Modo ahorro : &#038;lt,0.5W<br \/>100-240V, 50\/60Hz<br \/>Dise\u00f1o<br \/>Color de chasis: Negro<br \/>Inclinaci\u00f3n: +20\u00b0~-5\u00b0<br \/>Anclaje VESA para pared: 100&#215;100 mm<br \/>Seguridad<br \/>Bloqueo Kensington<br \/>Dimensiones<br \/>Dimensi\u00f3n con soporte: 491.5 x 300.1 x 204.4 mm<br \/>Dimensi\u00f3n sin soporte: 491.5 x 300.1 x 51.9 mm (para montaje en pared<br \/>VESA) Dimensi\u00f3n de la caja: 558 x 430 x 137 mm<br \/>Peso<br \/>Peso neto (Esti.): 3.83 kg, 3.18kg (sin soporte)<br \/>Peso bruto (Esti.): 6.13kg<br \/>Conformidad a las regulaciones<br \/>Energy Star\u00ae, BSMI, CB, CCC, CE, CEL level 1, ErP, FCC, ISO-9241-307,<br \/>J-MOSS, KCC, PSE, RoHS, UL\/cUL, VCCI, WEEE, WHQL (Windows 10,<br \/>Windows 8.1, Windows 7), MEPS, RCM, TUV Flicker-free , KC , eStandby, TUV<br \/>Low Blue Light<\/p>\n","protected":false},"excerpt":{"rendered":"<p>Monitor led asus ips 21.5 pulgadas vt229h tactil fhd 5ms hdmi d &#8211; sub<\/p>\n","protected":false},"featured_media":238740,"comment_status":"open","ping_status":"open","template":"","meta":{"_et_pb_use_builder":"","_et_pb_old_content":"","_et_gb_content_width":""},"product_brand":[2566],"product_cat":[3659,2058,2644,2643],"product_tag":[2567,2647,2646],"class_list":{"0":"post-238739","1":"product","2":"type-product","3":"status-publish","4":"has-post-thumbnail","6":"product_brand-asus","7":"product_cat-asus","8":"product_cat-dispositivos","9":"product_cat-monitores","10":"product_cat-monitores-y-tv","11":"product_tag-asus","12":"product_tag-monitores","13":"product_tag-monitores-y-tv","14":"pa_canon-digital-0-e-incluida","15":"pa_categoria-monitores-y-tv","16":"pa_marca-asus","17":"pa_peso-3765","18":"pa_ref-vt229h","20":"first","21":"instock","22":"sale","23":"taxable","24":"shipping-taxable","25":"purchasable","26":"product-type-simple"},"_links":{"self":[{"href":"https:\/\/linkxa.es\/linkshop\/wp-json\/wp\/v2\/product\/238739","targetHints":{"allow":["GET"]}}],"collection":[{"href":"https:\/\/linkxa.es\/linkshop\/wp-json\/wp\/v2\/product"}],"about":[{"href":"https:\/\/linkxa.es\/linkshop\/wp-json\/wp\/v2\/types\/product"}],"replies":[{"embeddable":true,"href":"https:\/\/linkxa.es\/linkshop\/wp-json\/wp\/v2\/comments?post=238739"}],"wp:featuredmedia":[{"embeddable":true,"href":"https:\/\/linkxa.es\/linkshop\/wp-json\/wp\/v2\/media\/238740"}],"wp:attachment":[{"href":"https:\/\/linkxa.es\/linkshop\/wp-json\/wp\/v2\/media?parent=238739"}],"wp:term":[{"taxonomy":"product_brand","embeddable":true,"href":"https:\/\/linkxa.es\/linkshop\/wp-json\/wp\/v2\/product_brand?post=238739"},{"taxonomy":"product_cat","embeddable":true,"href":"https:\/\/linkxa.es\/linkshop\/wp-json\/wp\/v2\/product_cat?post=238739"},{"taxonomy":"product_tag","embeddable":true,"href":"https:\/\/linkxa.es\/linkshop\/wp-json\/wp\/v2\/product_tag?post=238739"}],"curies":[{"name":"wp","href":"https:\/\/api.w.org\/{rel}","templated":true}]}}