{"id":238741,"date":"2025-09-23T20:15:29","date_gmt":"2025-09-23T20:15:29","guid":{"rendered":"https:\/\/linkxa.es\/contratacion\/producto\/monitor-gaming-led-23-6-pulgadas-dell-s2422hg\/"},"modified":"2025-10-09T20:10:16","modified_gmt":"2025-10-09T20:10:16","slug":"monitor-gaming-led-23-6-pulgadas-dell-s2422hg","status":"publish","type":"product","link":"https:\/\/linkxa.es\/linkshop\/producto\/monitor-gaming-led-23-6-pulgadas-dell-s2422hg\/","title":{"rendered":"Monitor gaming led 23.6 pulgadas dell s2422hg"},"content":{"rendered":"<div style=\"text-align: center; margin-bottom: 20px;\">\n<h2 style=\"font-size: 22px; font-weight: 600; margin: 0; color: #333;\">Dell \u00a0|\u00a0 Monitores<\/h2>\n<\/div>\n<p style=\"max-width: 700px; margin: 0px auto 30px; font-size: 18px; line-height: 1.6; color: #555555; font-style: italic; text-align: left;\">Un asiento en primera fila para disfrutar de una velocidad de v\u00e9rtigo<\/p>\n<p>Agilidad y rapidez<\/p>\n<p>Disfruta de un rendimiento optimizado en acciones a alta velocidad gracias a un<br \/>tiempo de respuesta de im\u00e1genes en movimiento (MPRT) de 1 ms, incre\u00edblemente<br \/>r\u00e1pido y a un tiempo de repuesta GtG (gris a gris) de 4 ms que elimina desenfoques<br \/>en los movimientos.<\/p>\n<p>Capacidad de respuesta r\u00e1pida<\/p>\n<p>La rapid\u00edsima frecuencia de actualizaci\u00f3n nativa de 165 Hz permite ver con incre\u00edble<br \/>claridad las im\u00e1genes en movimiento para que pueda reaccionar m\u00e1s r\u00e1pido.<\/p>\n<p>Entra de lleno en otra realidad<\/p>\n<p>Acci\u00f3n envolvente<\/p>\n<p>Descubre nuevos mundos en una pantalla Full HD de 60,9 cm con im\u00e1genes<br \/>extraordinariamente n\u00edtidas para meterse de lleno en el juego. La pantalla curva<br \/>1500R crea un campo de visi\u00f3n m\u00e1s realista para disfrutar de una experiencia de<br \/>visualizaci\u00f3n m\u00e1s envolvente.<\/p>\n<p>Sorprendente precisi\u00f3n del color<\/p>\n<p>Colores uniformes y variados (99 % de la gama de colores de sRGB) en el panel VA<br \/>(alineaci\u00f3n vertical), que ofrece una relaci\u00f3n de alto contraste y un \u00e1ngulo de visi\u00f3n<br \/>amplio de 178 grados.<\/p>\n<p>Vistas ampliadas<\/p>\n<p>Juega sin distracciones y con una superficie mayor gracias a un marco ultrafino de<br \/>tres lados.<\/p>\n<p>Juegos sin cortes ni parpadeo<\/p>\n<p>La tecnolog\u00eda AMD FreeSync Premium garantiza un m\u00ednimo de distorsiones gr\u00e1ficas,<br \/>como la desincronizaci\u00f3n de fotogramas y el parpadeo, para disfrutar de una<br \/>experiencia de juego n\u00edtida y sin complicaciones, as\u00ed como de una calidad de imagen<br \/>extraordinaria.<\/p>\n<p>Dise\u00f1o m\u00e1s evolucionado, juegos mejorados.<\/p>\n<p>Un dise\u00f1o inconfundible y centrado en el juego que ofrece un aspecto m\u00e1s atrevido y<br \/>caracter\u00edsticas de juego con beneficios tanto funcionales como est\u00e9ticos para los<br \/>jugadores.<\/p>\n<p>Refrigeraci\u00f3n<\/p>\n<p>Las rejillas de ventilaci\u00f3n de dise\u00f1o exclusivo de la parte trasera del monitor est\u00e1n<br \/>dise\u00f1adas para mejorar la distribuci\u00f3n del calor.<\/p>\n<p>C\u00f3modo y ajustable<\/p>\n<p>Juega c\u00f3modamente durante largos periodos de tiempo gracias a un nuevo soporte<br \/>delgado y estrecho en el que se puede ajustar la altura y la inclinaci\u00f3n de forma f\u00e1cil.<br \/>La base angular ofrece un soporte robusto y ocupa menos espacio en el escritorio<br \/>para que pueda a\u00f1adir m\u00e1s accesorios de juego.<\/p>\n<p>Herramientas pensadas para los juegos<\/p>\n<p>Utiliza y gestione los men\u00fas en pantalla f\u00e1cilmente con el nuevo joystick y los<br \/>botones de acceso directo situados en la parte trasera del monitor.<\/p>\n<p>Ventajas de la personalizaci\u00f3n<\/p>\n<p>Con tres perfiles definidos por el usuario, podr\u00e1s disfrutar de opciones a\u00fan m\u00e1s<br \/>personalizadas. El temporizador, el contador de FPS (fotogramas por segundo) y el<br \/>estabilizador de negro te permitir\u00e1n controlar desde la velocidad de los fotogramas<br \/>hasta el brillo y las sombras.<\/p>\n<p>Sin parpadeo<\/p>\n<p>Controlar el brillo mediante una corriente directa permite que la pantalla no<br \/>parpadee, lo que te ofrece una experiencia de visualizaci\u00f3n m\u00e1s c\u00f3moda. Adem\u00e1s, la<br \/>soluci\u00f3n de software ComfortView reduce las perjudiciales emisiones de luz azul y<br \/>alivia la fatiga ocular durante las largas horas de juego.<\/p>\n<p>General<br \/>Marca:<br \/>DELL<br \/>Garant\u00eda:<br \/>1<br \/>Part Number:<br \/>DELL-S2422HG<br \/>Categor\u00edas:<br \/>MONITORES<br \/>Reposici\u00f3n &#8211; Etiqueta:<br \/>No<br \/>Peso Volumetrico<br \/>7.92 Kg.<br \/>Exhibici\u00f3n<br \/>Pulgadas:<br \/>23.6<br \/>Diagonal de pantalla:<br \/>59.9 cm<br \/>Brillo de pantalla:<br \/>350 cd \/ m<br \/>Resoluci\u00f3n:<br \/>1920 x 1080 Pixeles<br \/>Relaci\u00f3n de aspecto:<br \/>16:9<br \/>Tiempo de respuesta:<br \/>1 ms<br \/>Tipo HD:<br \/>Full HD<br \/>Tecnolog\u00eda de visualizaci\u00f3n:<br \/>LCD<br \/>Formatos gr\u00e1ficos soportados:<br \/>1920 x 1080 (HD 1080)<br \/>Contraste:<br \/>3000:1<br \/>Frecuencia:<br \/>165 Hz<br \/>\u00c1ngulo de visi\u00f3n, horizontal:<br \/>178<br \/>\u00c1ngulo de visi\u00f3n, vertical:<br \/>178<br \/>N\u00famero de colores de la pantalla:<br \/>16.7 M<br \/>Tipo de retroiluminaci\u00f3n:<br \/>LED<br \/>Formato de v\u00eddeo soportado:<br \/>480i, 480p, 576i, 576p, 720p, 1080i, 1080p<br \/>Intervalo de escaneado horizontal:<br \/>30 &#8211; 187 kHz<br \/>Intervalo de escaneado vertical:<br \/>48 &#8211; 165 Hz<br \/>Desempe\u00f1o<br \/>NVIDIA G-SYNC:<br \/>No<br \/>AMD FreeSync:<br \/>Si<br \/>Audio<br \/>Altavoces incorporados:<br \/>No<br \/>C\u00e1mara fotogr\u00e1fica<br \/>C\u00e1mara incorporada:<br \/>No<br \/>Detalles t\u00e9cnicos<br \/>Color:<br \/>Negro<br \/>HDMI:<br \/>Si<br \/>Interruptor de encendido\/apagado integrado:<br \/>Si<br \/>Micr\u00f3fono incorporado:<br \/>No<br \/>Conectividad<br \/>N\u00famero de puertos HDMI:<br \/>2<br \/>Cantidad de DisplayPorts:<br \/>1<br \/>Auriculares:<br \/>3.5 mm<br \/>Altavoz, auricular, jack de salida:<br \/>1<br \/>Ergonom\u00eda<br \/>Compatibilidad VESA:<br \/>100 x 100 mm<br \/>Ajuste de altura:<br \/>10 cm<br \/>Ajuste de la inclinaci\u00f3n:<br \/>Si<br \/>Ajustes de altura:<br \/>Si<br \/>\u00c1ngulo de inclinaci\u00f3n:<br \/>-5 &#8211; 21\u00ba<br \/>Control de energ\u00eda<br \/>Clase de eficiencia de energ\u00eda:<br \/>F<br \/>Consumo de energ\u00eda (apagado):<br \/>0.2 W<br \/>Consumo de energ\u00eda (inactivo):<br \/>0.2W<br \/>Consumo de energ\u00eda (max):<br \/>37 W<br \/>Frecuencia de entrada:<br \/>50 &#8211; 60 Hz<br \/>Voltaje de entrada:<br \/>100 &#8211; 240 V<br \/>Condiciones ambientales<br \/>Intervalo de humedad relativa durante almacenaje:<br \/>5 &#8211; 90%<br \/>Intervalo de humedad relativa para funcionamiento:<br \/>10 &#8211; 80%<br \/>Intervalo de temperatura de almacenaje:<br \/>-20 &#8211; 60 C<br \/>Intervalo de temperatura operativa:<br \/>0 &#8211; 40 C<br \/>Peso y dimensiones<br \/>Ancho:<br \/>533.3 mm<br \/>Profundidad:<br \/>88.9 mm<br \/>Altura:<br \/>323 mm<br \/>Peso:<br \/>3.4 kg<br \/>Ancho del dispositivo (con soporte):<br \/>533.3 mm<br \/>Altura del dispositivo (con soporte):<br \/>450.9 mm<br \/>Profundidad dispositivo (con soporte):<br \/>190 mm<br \/>Peso con stand:<br \/>4.9 kg<br \/>Red<br \/>Bluetooth:<br \/>No<br \/>Ethernet:<br \/>No<br \/>Wi-Fi:<br \/>No<br \/>Iluminaci\u00f3n\/Alarmas<br \/>Indicadores LED:<br \/>Poder<\/p>\n","protected":false},"excerpt":{"rendered":"<p>Monitor gaming led 23.6 pulgadas dell s2422hg curvo negro 1ms &#8211;  fhd va &#8211;  165hz &#8211;  2xhdmi &#8211;  1xdp &#8211;  freesync premium &#8211;  vesa<\/p>\n","protected":false},"featured_media":238742,"comment_status":"open","ping_status":"open","template":"","meta":{"_et_pb_use_builder":"","_et_pb_old_content":"","_et_gb_content_width":""},"product_brand":[2558],"product_cat":[3647,2058,2644,2643],"product_tag":[2559,2647,2646],"class_list":{"0":"post-238741","1":"product","2":"type-product","3":"status-publish","4":"has-post-thumbnail","6":"product_brand-dell","7":"product_cat-dell","8":"product_cat-dispositivos","9":"product_cat-monitores","10":"product_cat-monitores-y-tv","11":"product_tag-dell","12":"product_tag-monitores","13":"product_tag-monitores-y-tv","14":"pa_canon-digital-0-e-incluida","15":"pa_categoria-monitores-y-tv","16":"pa_marca-dell","17":"pa_peso-3767","18":"pa_ref-dsp0000004269","20":"first","21":"instock","22":"sale","23":"taxable","24":"shipping-taxable","25":"purchasable","26":"product-type-simple"},"_links":{"self":[{"href":"https:\/\/linkxa.es\/linkshop\/wp-json\/wp\/v2\/product\/238741","targetHints":{"allow":["GET"]}}],"collection":[{"href":"https:\/\/linkxa.es\/linkshop\/wp-json\/wp\/v2\/product"}],"about":[{"href":"https:\/\/linkxa.es\/linkshop\/wp-json\/wp\/v2\/types\/product"}],"replies":[{"embeddable":true,"href":"https:\/\/linkxa.es\/linkshop\/wp-json\/wp\/v2\/comments?post=238741"}],"wp:featuredmedia":[{"embeddable":true,"href":"https:\/\/linkxa.es\/linkshop\/wp-json\/wp\/v2\/media\/238742"}],"wp:attachment":[{"href":"https:\/\/linkxa.es\/linkshop\/wp-json\/wp\/v2\/media?parent=238741"}],"wp:term":[{"taxonomy":"product_brand","embeddable":true,"href":"https:\/\/linkxa.es\/linkshop\/wp-json\/wp\/v2\/product_brand?post=238741"},{"taxonomy":"product_cat","embeddable":true,"href":"https:\/\/linkxa.es\/linkshop\/wp-json\/wp\/v2\/product_cat?post=238741"},{"taxonomy":"product_tag","embeddable":true,"href":"https:\/\/linkxa.es\/linkshop\/wp-json\/wp\/v2\/product_tag?post=238741"}],"curies":[{"name":"wp","href":"https:\/\/api.w.org\/{rel}","templated":true}]}}