{"id":238748,"date":"2025-08-18T23:10:32","date_gmt":"2025-08-18T23:10:32","guid":{"rendered":"https:\/\/linkxa.es\/contratacion\/producto\/monitor-led-20-pulgadas-dell-e2020h-negro\/"},"modified":"2025-10-09T20:11:16","modified_gmt":"2025-10-09T20:11:16","slug":"monitor-led-20-pulgadas-dell-e2020h-negro","status":"publish","type":"product","link":"https:\/\/linkxa.es\/linkshop\/producto\/monitor-led-20-pulgadas-dell-e2020h-negro\/","title":{"rendered":"Monitor led 20 pulgadas dell e2020h negro"},"content":{"rendered":"<div style=\"text-align: center; margin-bottom: 20px;\">\n<h2 style=\"font-size: 22px; font-weight: 600; margin: 0; color: #333;\">Dell \u00a0|\u00a0 Monitores<\/h2>\n<\/div>\n<p style=\"max-width: 700px; margin: 0px auto 30px; font-size: 18px; line-height: 1.6; color: #555555; font-style: italic; text-align: left;\">Todos los elementos esenciales y m\u00e1s<\/p>\n<p>Maximiza tu espacio de trabajo<\/p>\n<p>Un perfil compacto y una gesti\u00f3n de cables mejorada ocupan menos<br \/>espacio, lo que se presta a un escritorio despejado y limpio.<\/p>\n<p>Enhanced views<\/p>\n<p>La resoluci\u00f3n 1600 x 900 es ideal para las tareas diarias, mientras que<br \/>ComfortView est\u00e1 preparada para los periodos de visualizaci\u00f3n ampliados.<br \/>Reduce hasta el 60 % de las nocivas emisiones de luz azul.<\/p>\n<p>Conexiones vers\u00e1tiles<\/p>\n<p>Los monitores de la serie E de DELL admiten sistemas antiguos y no<br \/>heredados con c\u00f3modas opciones de conectividad, como los puertos VGA y<br \/>DP. Tu espacio de trabajo se adaptar\u00e1 completamente a tus necesidades.<\/p>\n<p>Se adapta a tus necesidades<\/p>\n<p>Convierte el espacio de trabajo en algo tuyo gracias a soportes y bases<br \/>compatibles con VESA.<\/p>\n<p>Dell Display Manager mejorado<\/p>\n<p>Productividad en todos los niveles<\/p>\n<p>La funci\u00f3n Easy Organizing de Dell Display Manager (DDM) te permite<br \/>organizar y ver r\u00e1pidamente las aplicaciones en paralelo en una o varias<br \/>pantallas conectadas para obtener una eficiencia multitarea. Adem\u00e1s,<br \/>gracias a la DDM mejorada, obtendr\u00e1s a\u00fan m\u00e1s dise\u00f1os predefinidos.<\/p>\n<p>Transiciones sin complicaciones<\/p>\n<p>La funci\u00f3n de restauraci\u00f3n autom\u00e1tica recuerda por d\u00f3nde ibas en tus<br \/>tareas, de modo que las aplicaciones volver\u00e1n a donde las dejaste, incluso<br \/>despu\u00e9s de que se haya desenchufado.<\/p>\n<p>La clave para la comodidad<\/p>\n<p>Las teclas de acceso directo te permiten ahorrar a\u00fan m\u00e1s tiempo, lo que te<br \/>permite configurar f\u00e1cilmente la configuraci\u00f3n de administraci\u00f3n de la<br \/>pantalla para que puedas empezar a trabajar m\u00e1s r\u00e1pido.<\/p>\n<p>M\u00e1s formas de gestionar<\/p>\n<p>Los informes de administraci\u00f3n de activos permiten a los administradores<br \/>de sistemas capturar y realizar un seguimiento de la informaci\u00f3n de los<br \/>monitores, as\u00ed como configurar varios monitores a la vez a trav\u00e9s de una<br \/>\u00fanica configuraci\u00f3n.<\/p>\n<p>Respetuoso con el medioambiente por dentro y por fuera<\/p>\n<p>Ecologismo garantizado<\/p>\n<p>Conforme a los est\u00e1ndares de Energy Star m\u00e1s recientes, los monitores<br \/>serie E cumplen con los estrictos requisitos de eficiencia energ\u00e9tica<br \/>mientras se encuentran en modo suspendido, encendido y apagado.<br \/>Tambi\u00e9n est\u00e1n registrados en EPEAT y tienen certificaci\u00f3n TCO.<\/p>\n<p>Reducci\u00f3n de energ\u00eda<\/p>\n<p>Ahorre energ\u00eda con PowerNap, una funci\u00f3n que aten\u00faa o pone el monitor en<br \/>modo suspendido cuando no est\u00e1 en uso.<\/p>\n<p>Eliminaci\u00f3n limpia<\/p>\n<p>Abonar o reciclar el embalaje es f\u00e1cil, ya que est\u00e1 fabricado con al menos<br \/>un 25 % de cart\u00f3n reciclado.<\/p>\n<p>General<br \/>Marca: DELL<br \/>Garant\u00eda: 3<br \/>Part Number: DELL-E2020H<br \/>Categor\u00edas: MONITORES<br \/>Reacondicionado: No<br \/>Reposici\u00f3n &#8211; Etiqueta: No<br \/>Peso Volumetrico 8 Kg.<br \/>Exhibici\u00f3n<br \/>Pulgadas: 20<br \/>Brillo de pantalla: 250 cd \/ m\u00b2<br \/>Resoluci\u00f3n: 1600 x 900 Pixeles<br \/>Relaci\u00f3n de aspecto: 16:9<br \/>Tiempo de respuesta: 5 ms<br \/>Tecnolog\u00eda: TN<br \/>Contraste: 1000:1<br \/>Frecuencia: 60 Hz<br \/>\u00c1ngulo de visi\u00f3n, horizontal: 170 \u00b0<br \/>\u00c1ngulo de visi\u00f3n, vertical: 160 \u00b0<br \/>N\u00famero de colores de la pantalla: 16.7 M<br \/>Tipo de retroiluminaci\u00f3n: LED<br \/>HDCP: Si<br \/>Desempe\u00f1o<br \/>NVIDIA G-SYNC: No<br \/>AMD FreeSync: No<br \/>Audio<br \/>Altavoces incorporados: No<br \/>C\u00e1mara fotogr\u00e1fica<br \/>C\u00e1mara incorporada: No<br \/>Detalles t\u00e9cnicos<br \/>Color: Negro<br \/>HDMI: No<br \/>Interruptor de encendido\/apagado integrado: Si<br \/>Sintonizador de TV integrado: No<br \/>Micr\u00f3fono incorporado: No<br \/>N\u00famero de productos incluidos: 1 pieza(s)<br \/>Tarjeta de memoria: No<br \/>Conectividad<br \/>VGA (D-Sub): 1<br \/>Cantidad de DisplayPorts: 1<br \/>Versi\u00f3n de DisplayPort: 1.2<br \/>Ergonom\u00eda<br \/>Compatibilidad VESA: 100 x 100 mm<br \/>Ajuste de la inclinaci\u00f3n: Si<br \/>Ajustes de altura: No<br \/>\u00c1ngulo de inclinaci\u00f3n: -5\u00ba &#8211; 21\u00ba<br \/>Control de energ\u00eda<br \/>Clase de eficiencia de energ\u00eda: D<br \/>Consumo de energ\u00eda (apagado): 0.2W<br \/>Consumo de energ\u00eda (inactivo): 0.2 W<br \/>Consumo de energ\u00eda (max): 14 W<br \/>Consumo energ\u00e9tico: 10 W<br \/>Frecuencia de entrada: 50 &#8211; 60 Hz<br \/>Voltaje de entrada: 120 &#8211; 230 V<br \/>Peso y dimensiones<br \/>Ancho del dispositivo (con soporte): 472 mm<br \/>Altura del dispositivo (con soporte): 369 mm<br \/>Profundidad dispositivo (con soporte): 171 mm<br \/>Contenido del embalaje<br \/>Material incluido: Corriente alterna, DisplayPort<br \/>Aprobaciones reguladoras<br \/>Certificado Energy Star: Si<br \/>Conformidad EPEAT: Gold<\/p>\n","protected":false},"excerpt":{"rendered":"<p>Monitor led 20 pulgadas dell e2020h negro tn &#8211;  hd &#8211;  dp &#8211;  vga &#8211;  60hz &#8211;  5ms &#8211;  vesa 100 x 100<\/p>\n","protected":false},"featured_media":238749,"comment_status":"open","ping_status":"open","template":"","meta":{"_et_pb_use_builder":"","_et_pb_old_content":"","_et_gb_content_width":""},"product_brand":[2558],"product_cat":[3647,2058,2644,2643],"product_tag":[2559,2647,2646],"class_list":{"0":"post-238748","1":"product","2":"type-product","3":"status-publish","4":"has-post-thumbnail","6":"product_brand-dell","7":"product_cat-dell","8":"product_cat-dispositivos","9":"product_cat-monitores","10":"product_cat-monitores-y-tv","11":"product_tag-dell","12":"product_tag-monitores","13":"product_tag-monitores-y-tv","14":"pa_canon-digital-0-e-incluida","15":"pa_categoria-monitores-y-tv","16":"pa_marca-dell","17":"pa_peso-3769","18":"pa_ref-dsp0000008431","20":"first","21":"instock","22":"sale","23":"taxable","24":"shipping-taxable","25":"purchasable","26":"product-type-simple"},"_links":{"self":[{"href":"https:\/\/linkxa.es\/linkshop\/wp-json\/wp\/v2\/product\/238748","targetHints":{"allow":["GET"]}}],"collection":[{"href":"https:\/\/linkxa.es\/linkshop\/wp-json\/wp\/v2\/product"}],"about":[{"href":"https:\/\/linkxa.es\/linkshop\/wp-json\/wp\/v2\/types\/product"}],"replies":[{"embeddable":true,"href":"https:\/\/linkxa.es\/linkshop\/wp-json\/wp\/v2\/comments?post=238748"}],"wp:featuredmedia":[{"embeddable":true,"href":"https:\/\/linkxa.es\/linkshop\/wp-json\/wp\/v2\/media\/238749"}],"wp:attachment":[{"href":"https:\/\/linkxa.es\/linkshop\/wp-json\/wp\/v2\/media?parent=238748"}],"wp:term":[{"taxonomy":"product_brand","embeddable":true,"href":"https:\/\/linkxa.es\/linkshop\/wp-json\/wp\/v2\/product_brand?post=238748"},{"taxonomy":"product_cat","embeddable":true,"href":"https:\/\/linkxa.es\/linkshop\/wp-json\/wp\/v2\/product_cat?post=238748"},{"taxonomy":"product_tag","embeddable":true,"href":"https:\/\/linkxa.es\/linkshop\/wp-json\/wp\/v2\/product_tag?post=238748"}],"curies":[{"name":"wp","href":"https:\/\/api.w.org\/{rel}","templated":true}]}}