{"id":238752,"date":"2025-05-23T08:31:13","date_gmt":"2025-05-23T08:31:13","guid":{"rendered":"https:\/\/linkxa.es\/contratacion\/producto\/monitor-led-21-4-pulgadas-dell-e2223hv-negro\/"},"modified":"2025-10-09T20:12:45","modified_gmt":"2025-10-09T20:12:45","slug":"monitor-led-21-4-pulgadas-dell-e2223hv-negro","status":"publish","type":"product","link":"https:\/\/linkxa.es\/linkshop\/producto\/monitor-led-21-4-pulgadas-dell-e2223hv-negro\/","title":{"rendered":"Monitor led 21.4 pulgadas dell e2223hv negro"},"content":{"rendered":"<div style=\"text-align: center; margin-bottom: 20px;\">\n<h2 style=\"font-size: 22px; font-weight: 600; margin: 0; color: #333;\">Dell \u00a0|\u00a0 Monitores<\/h2>\n<\/div>\n<p style=\"max-width: 700px; margin: 0px auto 30px; font-size: 18px; line-height: 1.6; color: #555555; font-style: italic; text-align: left;\">Lo esencial que necesitas para ser m\u00e1s productivo<\/p>\n<p>Amplio \u00e1ngulo de visi\u00f3n<\/p>\n<p>Observa tu trabajo con una extraordinaria claridad Full HD y obt\u00e9n una visi\u00f3n<br \/>coherente en un amplio \u00e1ngulo de visi\u00f3n de 178\/178.<\/p>\n<p>Im\u00e1genes n\u00edtidas<\/p>\n<p>Obt\u00e9n una impresionante relaci\u00f3n de contraste de 3000:1 para disfrutar de<br \/>negros m\u00e1s profundos, blancos m\u00e1s brillantes y colores vivos.<\/p>\n<p>Cuidado para los ojos<\/p>\n<p>Disfruta de una pantalla sin parpadeos con ComfortView, una funci\u00f3n de<br \/>software que reduce las emisiones nocivas de luz azul. Se ha desarrollado<br \/>para optimizar la comodidad visual, incluso durante per\u00edodos de uso<br \/>prolongados.<\/p>\n<p>Dise\u00f1o funcional para ahorrar espacio<\/p>\n<p>Conectividad pr\u00e1ctica<\/p>\n<p>Con\u00e9ctate a sistemas actuales y antiguos a trav\u00e9s del puerto VGA.<\/p>\n<p>Maximiza tu escritorio<\/p>\n<p>Elimina el desorden con funciones que ahorran espacio, como una base<br \/>compacta y una gesti\u00f3n de cables mejorada que oculta los cables a la vez<br \/>que complementa cualquier espacio de trabajo.<\/p>\n<p>Dise\u00f1o sencillo y limpio<\/p>\n<p>Un marco fino a\u00f1ade un aspecto moderno.<\/p>\n<p>Dell Display Manager<\/p>\n<p>Productividad en todos los niveles<\/p>\n<p>Dell EasyArrange permite realizar f\u00e1cilmente el mosaico de varias<br \/>aplicaciones en una o varias pantallas con 38 particiones de ventana<br \/>preconfiguradas y la posibilidad de personalizar hasta cinco ventanas, lo<br \/>que proporciona capacidades multitarea mejoradas.<\/p>\n<p>Transiciones sin complicaciones<\/p>\n<p>La funci\u00f3n de restauraci\u00f3n autom\u00e1tica recuerda d\u00f3nde te quedaste, de<br \/>modo que las aplicaciones volver\u00e1n a ese punto incluso despu\u00e9s de haber<br \/>desenchufado el equipo.<\/p>\n<p>La clave de la comodidad<\/p>\n<p>Las teclas de acceso directo permiten ahorrar a\u00fan m\u00e1s tiempo y as\u00ed<br \/>configurar f\u00e1cilmente los ajustes de gesti\u00f3n de la pantalla para empezar a<br \/>trabajar m\u00e1s r\u00e1pido.<\/p>\n<p>M\u00e1s formas de gestionar<\/p>\n<p>Los informes de gesti\u00f3n de activos permiten a los administradores de<br \/>sistemas capturar la informaci\u00f3n de los monitores y realizar un<br \/>seguimiento de esta, as\u00ed como configurar varios monitores a la vez a trav\u00e9s<br \/>de una \u00fanica configuraci\u00f3n.<\/p>\n<p>Pensamiento ecol\u00f3gico para el presente y para el futuro<\/p>\n<p>Normas ambientales<\/p>\n<p>Este monitor cumple los est\u00e1ndares normativos y medioambientales m\u00e1s<br \/>recientes, como EnergyStar, EPEAT Gold, y es TCO Certified.<\/p>\n<p>Embalaje respetuoso con el medio ambiente<\/p>\n<p>Los monitores comerciales de Dell, desarrollados pensando en el medio<br \/>ambiente, se presentan en envases de cart\u00f3n reciclable al 100%.<\/p>\n<p>Ahorro de energ\u00eda<\/p>\n<p>Ahorra energ\u00eda con PowerNap, una funci\u00f3n que aten\u00faa o pone el monitor en<br \/>modo suspendido cuando no se utiliza.<\/p>\n<p>General<br \/>Marca: DELL<br \/>Garant\u00eda: 3<br \/>Part Number: DELL-E2223HV<br \/>Categor\u00edas: MONITORES<br \/>Reacondicionado: No<br \/>Reposici\u00f3n &#8211; Etiqueta: No<br \/>Peso Volumetrico 8 Kg.<br \/>Exhibici\u00f3n<br \/>Pulgadas: 21.4<br \/>Diagonal de pantalla: 54.6 cm<br \/>Brillo de pantalla: 250 cd \/ m<br \/>Resoluci\u00f3n: 1920 x 1080 Pixeles<br \/>Relaci\u00f3n de aspecto: 16:9<br \/>Tiempo de respuesta: 12 ms, 8 ms<br \/>Tecnolog\u00eda: VA<br \/>Tipo HD: Full HD<br \/>Tecnolog\u00eda de visualizaci\u00f3n: LCD<br \/>Contraste: 3000:1<br \/>Frecuencia: 60 Hz<br \/>\u00c1ngulo de visi\u00f3n, horizontal: 178<br \/>\u00c1ngulo de visi\u00f3n, vertical: 178<br \/>N\u00famero de colores de la pantalla: 16.7 M<br \/>Tipo de retroiluminaci\u00f3n: LED<br \/>HDCP: Si<br \/>Desempe\u00f1o<br \/>NVIDIA G-SYNC: No<br \/>AMD FreeSync: No<br \/>Audio<br \/>Altavoces incorporados: No<br \/>C\u00e1mara fotogr\u00e1fica<br \/>C\u00e1mara incorporada: No<br \/>Detalles t\u00e9cnicos<br \/>Color: Negro<br \/>Conexi\u00f3n inal\u00e1mbrica: No<br \/>HDMI: No<br \/>Interruptor de encendido\/apagado integrado: Si<br \/>Sintonizador de TV integrado: No<br \/>M\u00e1xima resoluci\u00f3n: 1920 x 1080 P\u00edxeles<br \/>Micr\u00f3fono incorporado: No<br \/>Ranura para cable de seguridad: Kensington<br \/>Tarjeta de memoria: No<br \/>Conectividad<br \/>VGA (D-Sub): 1<br \/>Ergonom\u00eda<br \/>Compatibilidad VESA: 100 x 100 mm<br \/>Ajuste de la inclinaci\u00f3n: Si<br \/>Ajustes de altura: No<br \/>\u00c1ngulo de inclinaci\u00f3n: -5\u00ba &#8211; 21\u00ba<br \/>Control de energ\u00eda<br \/>Clase de eficiencia de energ\u00eda: D<br \/>Consumo de energ\u00eda (apagado): 0.3 W<br \/>Consumo de energ\u00eda (max): 19 W<br \/>Consumo energ\u00e9tico: 12.3 W<br \/>Frecuencia de entrada: 50 &#8211; 60 Hz<br \/>Voltaje de entrada: 100 &#8211; 240 V<br \/>Peso y dimensiones<br \/>Peso: 2.26 kg<br \/>Ancho del dispositivo (con soporte): 504.3 mm<br \/>Altura del dispositivo (con soporte): 385 mm<br \/>Profundidad dispositivo (con soporte): 171 mm<br \/>Peso con stand: 3.05 kg<br \/>Contenido del embalaje<br \/>Material incluido: Corriente alterna<br \/>Red<br \/>Bluetooth: No<br \/>Ethernet: No<br \/>Wi-Fi: No<br \/>Aprobaciones reguladoras<br \/>Certificado Energy Star: Si<br \/>Conformidad EPEAT: Gold<br \/>Iluminaci\u00f3n\/Alarmas<br \/>Indicadores LED: Si<\/p>\n","protected":false},"excerpt":{"rendered":"<p>Monitor led 21.4 pulgadas dell e2223hv negro va &#8211;  lcd &#8211;  fhd &#8211;  vga &#8211;  60hz &#8211;  8ms &#8211;  vesa 100 x 100<\/p>\n","protected":false},"featured_media":238753,"comment_status":"open","ping_status":"open","template":"","meta":{"_et_pb_use_builder":"","_et_pb_old_content":"","_et_gb_content_width":""},"product_brand":[2558],"product_cat":[3647,2058,2644,2643],"product_tag":[2559,2647,2646],"class_list":{"0":"post-238752","1":"product","2":"type-product","3":"status-publish","4":"has-post-thumbnail","6":"product_brand-dell","7":"product_cat-dell","8":"product_cat-dispositivos","9":"product_cat-monitores","10":"product_cat-monitores-y-tv","11":"product_tag-dell","12":"product_tag-monitores","13":"product_tag-monitores-y-tv","14":"pa_canon-digital-0-e-incluida","15":"pa_categoria-monitores-y-tv","16":"pa_marca-dell","17":"pa_peso-3771","18":"pa_ref-dsp0000008438","20":"first","21":"instock","22":"sale","23":"taxable","24":"shipping-taxable","25":"purchasable","26":"product-type-simple"},"_links":{"self":[{"href":"https:\/\/linkxa.es\/linkshop\/wp-json\/wp\/v2\/product\/238752","targetHints":{"allow":["GET"]}}],"collection":[{"href":"https:\/\/linkxa.es\/linkshop\/wp-json\/wp\/v2\/product"}],"about":[{"href":"https:\/\/linkxa.es\/linkshop\/wp-json\/wp\/v2\/types\/product"}],"replies":[{"embeddable":true,"href":"https:\/\/linkxa.es\/linkshop\/wp-json\/wp\/v2\/comments?post=238752"}],"wp:featuredmedia":[{"embeddable":true,"href":"https:\/\/linkxa.es\/linkshop\/wp-json\/wp\/v2\/media\/238753"}],"wp:attachment":[{"href":"https:\/\/linkxa.es\/linkshop\/wp-json\/wp\/v2\/media?parent=238752"}],"wp:term":[{"taxonomy":"product_brand","embeddable":true,"href":"https:\/\/linkxa.es\/linkshop\/wp-json\/wp\/v2\/product_brand?post=238752"},{"taxonomy":"product_cat","embeddable":true,"href":"https:\/\/linkxa.es\/linkshop\/wp-json\/wp\/v2\/product_cat?post=238752"},{"taxonomy":"product_tag","embeddable":true,"href":"https:\/\/linkxa.es\/linkshop\/wp-json\/wp\/v2\/product_tag?post=238752"}],"curies":[{"name":"wp","href":"https:\/\/api.w.org\/{rel}","templated":true}]}}