{"id":238758,"date":"2025-06-02T16:30:06","date_gmt":"2025-06-02T16:30:06","guid":{"rendered":"https:\/\/linkxa.es\/contratacion\/producto\/monitor-led-gaming-32-pulgadas-gigabyte-aorus\/"},"modified":"2025-10-09T20:13:47","modified_gmt":"2025-10-09T20:13:47","slug":"monitor-led-gaming-32-pulgadas-gigabyte-aorus","status":"publish","type":"product","link":"https:\/\/linkxa.es\/linkshop\/producto\/monitor-led-gaming-32-pulgadas-gigabyte-aorus\/","title":{"rendered":"Monitor led gaming 32 pulgadas gigabyte aorus"},"content":{"rendered":"<div style=\"text-align: center; margin-bottom: 20px;\">\n<h2 style=\"font-size: 22px; font-weight: 600; margin: 0; color: #333;\">Gigabyte \u00a0|\u00a0 Monitores<\/h2>\n<\/div>\n<p style=\"max-width: 700px; margin: 0px auto 30px; font-size: 18px; line-height: 1.6; color: #555555; font-style: italic; text-align: left;\">DESCRIPCI\u00d3N Gigabyte FI32Q. Diagonal de la pantalla: 80 cm (31.5&#8243;), Resoluci\u00f3n de la pantalla: 2560 x 1440 Pixeles, Tipo HD: 2K Ultra HD, Tecnolog\u00eda de visualizaci\u00f3n: LED, Tiempo de respuesta: 1 ms, Relaci\u00f3n de aspecto nativa: 16:9, \u00c1ngulo de visi\u00f3n, horizontal: 178, \u00c1ngulo de visi\u00f3n, vertical: 178. Conector USB incorporado, Versi\u00f3n de conector USB: 3.2 Gen 1 (3.1 Gen 1). montaje VESA, Ajustes de altura. Color del producto: Negro ESPECIFICACIONES T\u00c9CNICAS Peso y dimensiones Altura del dispositivo (con soporte) 598,3 mm Altura (sin base) 42,4 cm Ancho del dispositivo (con soporte) 717,6 mm Ancho (sin base) 71,8 cm Peso (con soporte) 10,8 kg Peso (sin base) 7,6 kg Profundidad dispositivo (con soporte) 283 mm Profundidad (sin base) 7,13 cm Control de energ\u00eda Voltaje de entrada AC 100 &#8211; 240 V Consumo energ\u00e9tico 110 W Consumo de energ\u00eda (inactivo) 0,5 W Consumo de energ\u00eda (apagado) 0,3 W Exhibici\u00f3n Alto Rango Din\u00e1mico (HDR) Si Tecnolog\u00eda HDR (High Dynamic Range, Alto rango din\u00e1mico) High Dynamic Range (HDR) 400,Hybrid Log-Gamma (HLG) Brillo de la pantalla (t\u00edpico) 350 cd \/ m Cobertura sRGB (t\u00edpica) 120% Diagonal de la pantalla 80 cm (31.5&#8243;) Espacio de color RGB DCI-P3 Forma de la pantalla Plana Formato de v\u00eddeo soportado 1440p Formatos gr\u00e1ficos soportados 2560 x 1440 Gama de colores 94% Tipo HD 2K Ultra HD M\u00e1xima velocidad de actualizaci\u00f3n 170 Hz N\u00famero de colores de la pantalla 16,78 millones de colores Pantalla antirreflectante Si Profundidad de color 8 bit Raz\u00f3n de contraste (t\u00edpica) 1000:1 Relaci\u00f3n de aspecto nativa 16:9 Resoluci\u00f3n de la pantalla 2560 x 1440 Pixeles Tama\u00f1o de pixel 0,273 x 0,273 mm Tama\u00f1o visible, horizontal 69,8 cm Tama\u00f1o visible, vertical 39,3 cm Tecnolog\u00eda de visualizaci\u00f3n LED Tiempo de respuesta 1 ms Tiempo de respuesta (r\u00e1pido) 1 ms Tipo de pantalla IPS Tipo de retroiluminaci\u00f3n Edge LED \u00c1ngulo de visi\u00f3n, horizontal 178 \u00c1ngulo de visi\u00f3n, vertical 178 Puertos e Interfaces Cantidad de puertos USB descendentes de tipo A 2 Auriculares 3,5 mm Cantidad de puertos downstream USB tipo C 1 Cantidad de DisplayPorts 1 Conector USB incorporado Si Puerto DVI No Versi\u00f3n de DisplayPort 1.4 Entrada de audio Si HDMI Si N\u00famero de puertos HDMI 2 Versi\u00f3n HDMI 2.0 Salida de auriculares Si Versi\u00f3n de conector USB 3.2 Gen 1 (3.1 Gen 1) Ergonom\u00eda Ajuste de altura 13 cm Ajustes de altura Si Eje Si Giratorio Si Inclinable Si Interfaz de panel de montaje 100 x 100 mm Ranura para cable de seguridad Si Tipo de ranura de bloqueo del cable Kensington montaje VESA Si \u00c1ngulo de giro (alcance) -20 &#8211; 20 \u00c1ngulo de pivote -45 &#8211; 45 \u00c1ngulo de inclinaci\u00f3n -5 &#8211; 21 Dise\u00f1o Color del producto Negro Posicionamiento de mercado Juego Desempe\u00f1o Tecnolog\u00eda Flicker free (reduce el parpadeo de la pantalla) Si Multimedia Altavoces incorporados No C\u00e1mara incorporada No Empaquetado Altura del paquete 585 mm Ancho del paquete 1000 mm Cables incluidos DisplayPort,HDMI,USB Peso del paquete 15,2 kg Profundidad del paquete 198 mm Stand incluido Si<\/p>\n","protected":false},"excerpt":{"rendered":"<p>Monitor led gaming 32 pulgadas gigabyte aorus fi32q &#8211; ek negro ips &#8211;  2k &#8211;  2 x hdmi &#8211;  1 x dp &#8211;  2 x usb tipo a &#8211; 1 x usb tipo c &#8211;  170hz &#8211;  1ms &#8211;  vesa 100 x 100<\/p>\n","protected":false},"featured_media":238759,"comment_status":"open","ping_status":"open","template":"","meta":{"_et_pb_use_builder":"","_et_pb_old_content":"","_et_gb_content_width":""},"product_brand":[2763],"product_cat":[2058,3775,2644,2643],"product_tag":[2764,2647,2646],"class_list":{"0":"post-238758","1":"product","2":"type-product","3":"status-publish","4":"has-post-thumbnail","6":"product_brand-gigabyte","7":"product_cat-dispositivos","8":"product_cat-gigabyte","9":"product_cat-monitores","10":"product_cat-monitores-y-tv","11":"product_tag-gigabyte","12":"product_tag-monitores","13":"product_tag-monitores-y-tv","14":"pa_canon-digital-0-e-incluida","15":"pa_categoria-monitores-y-tv","16":"pa_marca-gigabyte","17":"pa_peso-3774","18":"pa_ref-dsp0000009592","20":"first","21":"instock","22":"sale","23":"taxable","24":"shipping-taxable","25":"purchasable","26":"product-type-simple"},"_links":{"self":[{"href":"https:\/\/linkxa.es\/linkshop\/wp-json\/wp\/v2\/product\/238758","targetHints":{"allow":["GET"]}}],"collection":[{"href":"https:\/\/linkxa.es\/linkshop\/wp-json\/wp\/v2\/product"}],"about":[{"href":"https:\/\/linkxa.es\/linkshop\/wp-json\/wp\/v2\/types\/product"}],"replies":[{"embeddable":true,"href":"https:\/\/linkxa.es\/linkshop\/wp-json\/wp\/v2\/comments?post=238758"}],"wp:featuredmedia":[{"embeddable":true,"href":"https:\/\/linkxa.es\/linkshop\/wp-json\/wp\/v2\/media\/238759"}],"wp:attachment":[{"href":"https:\/\/linkxa.es\/linkshop\/wp-json\/wp\/v2\/media?parent=238758"}],"wp:term":[{"taxonomy":"product_brand","embeddable":true,"href":"https:\/\/linkxa.es\/linkshop\/wp-json\/wp\/v2\/product_brand?post=238758"},{"taxonomy":"product_cat","embeddable":true,"href":"https:\/\/linkxa.es\/linkshop\/wp-json\/wp\/v2\/product_cat?post=238758"},{"taxonomy":"product_tag","embeddable":true,"href":"https:\/\/linkxa.es\/linkshop\/wp-json\/wp\/v2\/product_tag?post=238758"}],"curies":[{"name":"wp","href":"https:\/\/api.w.org\/{rel}","templated":true}]}}