{"id":238768,"date":"2025-06-30T23:08:15","date_gmt":"2025-06-30T23:08:15","guid":{"rendered":"https:\/\/linkxa.es\/contratacion\/producto\/monitor-led-24-pulgadas-dell-p2423de-ips\/"},"modified":"2025-10-09T20:13:57","modified_gmt":"2025-10-09T20:13:57","slug":"monitor-led-24-pulgadas-dell-p2423de-ips","status":"publish","type":"product","link":"https:\/\/linkxa.es\/linkshop\/producto\/monitor-led-24-pulgadas-dell-p2423de-ips\/","title":{"rendered":"Monitor led 24 pulgadas dell p2423de ips"},"content":{"rendered":"<div style=\"text-align: center; margin-bottom: 20px;\">\n<h2 style=\"font-size: 22px; font-weight: 600; margin: 0; color: #333;\">Dell \u00a0|\u00a0 Monitores<\/h2>\n<\/div>\n<p style=\"max-width: 700px; margin: 0px auto 30px; font-size: 18px; line-height: 1.6; color: #555555; font-style: italic; text-align: left;\">Disfrute de la m\u00e1xima productividad con el monitor Dell P2423DE QHD de 60,45 cm (23,8&#8243;) que ofrece una amplia conectividad y ComfortView Plus.<br \/>Caracter\u00edsticas<\/p>\n<p>Productividad con comodidad y eficiencia:<br \/>Dise\u00f1ado pensando en el bienestar: ComfortView Plus es una pantalla integrada siempre activada que reduce las nocivas emisiones de luz azul sin comprometer el color.<br \/>Colores siempre uniformes: disfrute de colores uniformes e intensos en un amplio \u00e1ngulo de visi\u00f3n gracias a la tecnolog\u00eda IPS (In Plane Switching \u00abconmutaci\u00f3n en el mismo plano\u00bb). Con una cobertura de sRGB del 99 %, obtendr\u00e1<br \/>colores precisos desde el primer momento.<br \/>Se mueve con usted: recline, rote y Pivotado la altura del monitor hasta un m\u00e1ximo de 150 mm para orientarlo seg\u00fan su conveniencia.<br \/>Convierta su espacio de trabajo en un centro de productividad organizado:<br \/>Conectividad ampliada: conecte f\u00e1cilmente sus dispositivos con DisplayPort (entrada), HDMI y 4 puertos USB de alta velocidad a 5 Gbps, entre otros.<br \/>Disposici\u00f3n ordenada: su monitor es como su propio centro de productividad e incluye un puerto RJ45 para la conectividad Ethernet con cable y un puerto USB-C, lo que proporciona un suministro de potencia de hasta 90 W, todo ello<br \/>con organizado de forma ordenada.<br \/>Impulse la productividad: basta con pulsar el bot\u00f3n de encendido del monitor y la funci\u00f3n de sincronizaci\u00f3n de alimentaci\u00f3n inicia sin problemas el monitor y el equipo Dell que tenga conectado, incluso si la tapa del port\u00e1til est\u00e1 cerrada.<br \/>Compatible con determinados PC de Dell.<br \/>Multitarea avanzada con Dell Display Manager:<br \/>Productividad en todos los niveles: EasyArrange le permite organizar f\u00e1cilmente en mosaico varias aplicaciones en una o m\u00e1s pantallas con 38 particiones de ventana preconfiguradas y la posibilidad de personalizar hasta cinco<br \/>ventanas, lo que proporciona unas capacidades multitarea mejoradas.<br \/>Transiciones sin complicaciones: la funci\u00f3n de restauraci\u00f3n autom\u00e1tica recuerda d\u00f3nde se qued\u00f3, de modo que las aplicaciones volver\u00e1n donde las hubiera dejado, aunque desenchufe el equipo.<br \/>La clave de la comodidad: las teclas de acceso directo permiten ahorrar a\u00fan m\u00e1s tiempo y as\u00ed configurar f\u00e1cilmente los ajustes de gesti\u00f3n de la pantalla para empezar a trabajar m\u00e1s r\u00e1pido.<br \/>M\u00e1s formas de administrar: los informes de administraci\u00f3n de activos permiten a los administradores de sistemas capturar la informaci\u00f3n de los monitores y realizar un seguimiento de esta, as\u00ed como configurar varios monitores a la<br \/>vez a trav\u00e9s de una \u00fanica configuraci\u00f3n.<br \/>Mentalidad ecol\u00f3gica para el presente y para el futuro:<br \/>Normas ambientales: este monitor utiliza un 85 % de pl\u00e1stico reciclado tras consumo (PCR) por dise\u00f1o, cumple con las normas ambientales m\u00e1s recientes, como EnergyStar y TCO Certified Edge, y est\u00e1 registrado como EPEAT<br \/>Gold.<br \/>Embalaje respetuoso con el medio ambiente: los monitores comerciales de Dell, desarrollados pensando en el medioambiente, se presentan en embalajes de cart\u00f3n reciclables al 100 %.<br \/>Ahorro de energ\u00eda: ahorre energ\u00eda con PowerNap, una funci\u00f3n que aten\u00faa o pone el monitor en modo suspendido cuando no se utiliza.<br \/>Sostenibilidad avanzada: en Dell Technologies, nos comprometemos a reducir el impacto ambiental a lo largo del ciclo de vida de los productos. Aqu\u00ed puede obtener m\u00e1s informaci\u00f3n sobre nuestro compromiso con la sostenibilidad y<br \/>nuestros objetivos de impacto social para 2030 y aqu\u00ed puede consultar la huella de carbono de nuestros productos.<\/p>\n<p>Especificaciones Dell P2423DE<\/p>\n<p>Exhibici\u00f3n<br \/>Diagonal de la pantalla: 60,5 cm (23.8&#8243;)<br \/>Resoluci\u00f3n de la pantalla: 2560 x 1440 P\u00edxeles<br \/>Tipo HD: Quad HD<br \/>Relaci\u00f3n de aspecto nativa: 16:9<br \/>Tecnolog\u00eda de visualizaci\u00f3n: LCD<br \/>Tipo de pantalla: IPS<br \/>Tipo de retroiluminaci\u00f3n: W-LED<br \/>Pantalla t\u00e1ctil: No<br \/>Brillo de la pantalla (t\u00edpico): 300 cd\/m<br \/>Tiempo de respuesta: 5 ms<br \/>Pantalla antirreflectante: Si<br \/>Forma de la pantalla: Plana<br \/>Formato de v\u00eddeo soportado: 480p, 576p, 720p, 1080i, 1080p, 1440p<br \/>Raz\u00f3n de contraste (t\u00edpica): 1000:1<br \/>M\u00e1xima velocidad de actualizaci\u00f3n: 60 Hz<br \/>\u00c1ngulo de visi\u00f3n, horizontal: 178<br \/>\u00c1ngulo de visi\u00f3n, vertical: 178<br \/>N\u00famero de colores de la pantalla: 16,7 millones de colores<br \/>Tiempo de respuesta (r\u00e1pido): 8 ms<br \/>Tama\u00f1o de pixel: 0,2058 x 0,2058 mm<br \/>Densidad del pixel: 123 ppp<br \/>Intervalo de escaneado horizontal: 29 &#8211; 113 kHz<br \/>Intervalo de escaneado vertical: 49 &#8211; 75 Hz<br \/>Tama\u00f1o visible, horizontal: 52,7 cm<br \/>Tama\u00f1o visible, vertical: 29,6 cm<br \/>Tama\u00f1o visible, diagonal: 60,5 cm<br \/>Diagonal de pantalla: 60,45 cm<br \/>Alto Rango Din\u00e1mico (HDR): No<br \/>Cobertura sRGB (t\u00edpica): 99%<\/p>\n<p>Desempe\u00f1o<br \/>NVIDIA G-SYNC: No<br \/>AMD FreeSync: No<br \/>Tecnolog\u00eda Low Blue Light (baja luz azul): Si<\/p>\n<p>Multimedia<br \/>Altavoces incorporados: No<br \/>C\u00e1mara incorporada: No<\/p>\n<p>Dise\u00f1o<br \/>Posicionamiento de mercado: Negocios<br \/>Color del producto: Negro, Plata<br \/>Bisel frontal: Negro<br \/>Soporte desmontable: Si<br \/>Color de pies: Plata<br \/>Libre de metales pesados: Hg (mercurio)<\/p>\n<p>Puertos e Interfaces<br \/>Conector USB incorporado: Si<br \/>Tipo de puerto USB de carga: USB Tipo C<br \/>N\u00famero de puertos ascendentes USB Tipo C: 1<br \/>Cantidad de puertos USB descendentes de tipo A: 4<br \/>USB Type-C DisplayPort Alternate Mode: Si<br \/>Entrega de energ\u00eda USB (USB Power Delivery) de hasta: 90 W<br \/>HDMI: Si<br \/>N\u00famero de puertos HDMI: 1<br \/>Versi\u00f3n HDMI: 1.4<br \/>Cantidad de DisplayPorts: 2<br \/>Versi\u00f3n de DisplayPort: 1.4<br \/>Salida de auriculares: No<br \/>HDCP: Si<br \/>Entrada de CA: Si<\/p>\n<p>Conexi\u00f3n<br \/>Wifi: No<\/p>\n<p>Ergonom\u00eda<br \/>Montaje VESA: Si<br \/>Interfaz de panel de montaje: 100 x 100 mm<br \/>Ranura para cable de seguridad: Si<br \/>Ajustes de altura: Si<br \/>Ajuste de altura: 15 cm<br \/>Eje: Si<br \/>\u00c1ngulo de pivote: 90 &#8211; 90<br \/>Giratorio: Si<br \/>\u00c1ngulo de giro (alcance): -45 &#8211; 45<br \/>Inclinable: Si<br \/>\u00c1ngulo de inclinaci\u00f3n: -5 &#8211; 21<br \/>Exhibici\u00f3n en pantalla (OSD): Si<br \/>Conectar y usar (Plug and Play): Si<br \/>Indicadores LED: Si<\/p>\n<p>Control de energ\u00eda<br \/>Clase de eficiencia energ\u00e9tica (SDR): F<br \/>Consumo de energ\u00eda (SDR) por 1000 horas: 20 kWh<br \/>Consumo energ\u00e9tico: 20 W<br \/>Consumo de energ\u00eda (inactivo): 0,3 W<br \/>Consumo de energ\u00eda (m\u00e1x.): 170 W<br \/>Consumo de energ\u00eda (apagado): 0,3 W<br \/>Voltaje de entrada AC: 100 &#8211; 240 V<br \/>Frecuencia de entrada AC: 50\/60 Hz<br \/>Corriente de entrada: 2 A<br \/>Tipo de fuente de alimentaci\u00f3n: Interno<br \/>Escala de eficiencia energ\u00e9tica: De la A a la G<\/p>\n<p>Condiciones ambientales<br \/>Intervalo de temperatura operativa: 0 &#8211; 40 C<br \/>Intervalo de temperatura de almacenaje: -20 &#8211; 60 C<br \/>Intervalo de humedad relativa para funcionamiento: 10 &#8211; 80%<br \/>Intervalo de humedad relativa durante almacenaje: 5 &#8211; 90%<br \/>Altitud de funcionamiento: 0 &#8211; 5000 m<br \/>Altitud no operativa: 5000 &#8211; 12192 m<\/p>\n<p>Contenido del embalaje<br \/>Stand incluido: Si<br \/>Cables incluidos: Corriente alterna, DisplayPort, USB tipo A a USB tipo C, USB tipo C a USB tipo C<br \/>Gu\u00eda de configuraci\u00f3n r\u00e1pida: Si<\/p>\n<p>Peso y dimensiones<br \/>Ancho del dispositivo (con soporte): 537,8 mm<br \/>Profundidad del dispositivo (con soporte): 179,6 mm<br \/>Altura del dispositivo (con soporte): 496,1 mm<br \/>Peso (con soporte): 5,55 kg<br \/>Ancho (sin base): 53,8 cm<br \/>Profundidad (sin base): 5,21 cm<br \/>Altura (sin base): 31,9 cm<br \/>Peso (sin base): 3,92 kg<br \/>Ancho del marco (lateral): 5,48 mm<br \/>Ancho del marco (superior): 5,42 mm<br \/>Ancho del marco (inferior): 1,67 cm<\/p>\n<p>Empaquetado<br \/>Peso del paquete: 7,97 kg<\/p>\n<p>Sostenibilidad<br \/>Certificados de sostenibilidad: ENERGY STAR, RoHS, TCO<br \/>No contiene: PVC\/BFR<\/p>\n<p>Otras caracter\u00edsticas<br \/>Ethernet LAN (RJ-45) cantidad de puertos: 1<\/p>\n","protected":false},"excerpt":{"rendered":"<p>Monitor led 24 pulgadas dell p2423de ips &#8211; lcd &#8211; qhd &#8211; hdmi &#8211; dp &#8211; 60hz &#8211; 5ms &#8211; vesa 100 x 100<\/p>\n","protected":false},"featured_media":238769,"comment_status":"open","ping_status":"open","template":"","meta":{"_et_pb_use_builder":"","_et_pb_old_content":"","_et_gb_content_width":""},"product_brand":[2558],"product_cat":[3647,2058,2644,2643],"product_tag":[2559,2647,2646],"class_list":{"0":"post-238768","1":"product","2":"type-product","3":"status-publish","4":"has-post-thumbnail","6":"product_brand-dell","7":"product_cat-dell","8":"product_cat-dispositivos","9":"product_cat-monitores","10":"product_cat-monitores-y-tv","11":"product_tag-dell","12":"product_tag-monitores","13":"product_tag-monitores-y-tv","14":"pa_canon-digital-0-e-incluida","15":"pa_categoria-monitores-y-tv","16":"pa_marca-dell","17":"pa_peso-3777","18":"pa_ref-dsp0000014458","20":"first","21":"instock","22":"sale","23":"taxable","24":"shipping-taxable","25":"purchasable","26":"product-type-simple"},"_links":{"self":[{"href":"https:\/\/linkxa.es\/linkshop\/wp-json\/wp\/v2\/product\/238768","targetHints":{"allow":["GET"]}}],"collection":[{"href":"https:\/\/linkxa.es\/linkshop\/wp-json\/wp\/v2\/product"}],"about":[{"href":"https:\/\/linkxa.es\/linkshop\/wp-json\/wp\/v2\/types\/product"}],"replies":[{"embeddable":true,"href":"https:\/\/linkxa.es\/linkshop\/wp-json\/wp\/v2\/comments?post=238768"}],"wp:featuredmedia":[{"embeddable":true,"href":"https:\/\/linkxa.es\/linkshop\/wp-json\/wp\/v2\/media\/238769"}],"wp:attachment":[{"href":"https:\/\/linkxa.es\/linkshop\/wp-json\/wp\/v2\/media?parent=238768"}],"wp:term":[{"taxonomy":"product_brand","embeddable":true,"href":"https:\/\/linkxa.es\/linkshop\/wp-json\/wp\/v2\/product_brand?post=238768"},{"taxonomy":"product_cat","embeddable":true,"href":"https:\/\/linkxa.es\/linkshop\/wp-json\/wp\/v2\/product_cat?post=238768"},{"taxonomy":"product_tag","embeddable":true,"href":"https:\/\/linkxa.es\/linkshop\/wp-json\/wp\/v2\/product_tag?post=238768"}],"curies":[{"name":"wp","href":"https:\/\/api.w.org\/{rel}","templated":true}]}}