{"id":238770,"date":"2025-02-21T06:49:58","date_gmt":"2025-02-21T06:49:58","guid":{"rendered":"https:\/\/linkxa.es\/contratacion\/producto\/monitor-led-27-pulgadas-dell-profesional-p2723qe\/"},"modified":"2025-10-09T20:15:18","modified_gmt":"2025-10-09T20:15:18","slug":"monitor-led-27-pulgadas-dell-profesional-p2723qe","status":"publish","type":"product","link":"https:\/\/linkxa.es\/linkshop\/producto\/monitor-led-27-pulgadas-dell-profesional-p2723qe\/","title":{"rendered":"Monitor led 27 pulgadas dell profesional p2723qe"},"content":{"rendered":"<div style=\"text-align: center; margin-bottom: 20px;\">\n<h2 style=\"font-size: 22px; font-weight: 600; margin: 0; color: #333;\">Dell \u00a0|\u00a0 Monitores<\/h2>\n<\/div>\n<p style=\"max-width: 700px; margin: 0px auto 30px; font-size: 18px; line-height: 1.6; color: #555555; font-style: italic; text-align: left;\">Ficha T\u00e9cnica<br \/>General<br \/>Tipo de pantalla Monitor LCD con retroiluminaci\u00f3n LED \/ matriz activa TFT<br \/>Clase energ\u00e9tica Clase F<br \/>Tama\u00f1o en diagonal 27&#8243;<br \/>Tama\u00f1o visualizable 26.96&#8243;<br \/>Dispositivos integrados Hub USB 3.2 Gen 1\/USB-C<br \/>Suministro de alimentaci\u00f3n por USB 90 vatios<br \/>Tipo de panel IPS<br \/>Relaci\u00f3n de aspecto 16:9<br \/>Resoluci\u00f3n nativa 4K 3840 x 2160 a 60 Hz<br \/>Paso de pixel 0.1554 mm<br \/>P\u00edxeles por pulgada 163<br \/>Brillo 350 cd\/m<br \/>Relaci\u00f3n de contraste 1000:1 \/ 1000:1 (din\u00e1mico)<br \/>Admisi\u00f3n de color 1,07 millones de colores<br \/>Gama de colores 99% sRGB<br \/>Tiempo de respuesta 5 ms (r\u00e1pida),8 ms (normal)<br \/>\u00c1ngulo de visi\u00f3n horizontal 178<br \/>\u00c1ngulo de visi\u00f3n vertical 178<br \/>Recubrimiento de pantalla Anti-reflejo<br \/>Tecnolog\u00eda de retroiluminaci\u00f3n Retroiluminaci\u00f3n lateral WLED<br \/>Caracter\u00edsticas Sin mercurio,cristal sin ars\u00e9nico,sin bisel de 3 lados,Dell ComfortView Plus<br \/>Dimensiones (Ancho x Profundidad x Altura) 61.16 cm x 18.5 cm x 53.52 cm &#8211; con soporte<br \/>Peso 7.21 kg<br \/>Conectividad<br \/>Interfaces HDMI (HDCP 2.3)<br \/>DisplayPort 1.4 (HDCP 2.3)<br \/>USB-C 3,2 Gen 1 de subida (alimentaci\u00f3n de hasta 90 W)<br \/>4 x bajada USB 3.2 Gen 1<br \/>LAN (RJ-45)<br \/>Mec\u00e1nico<br \/>Ajustes de posici\u00f3n de pantalla Altura,pivote (rotaci\u00f3n),plataforma giratoria,inclinaci\u00f3n<br \/>\u00c1ngulo de inclinaci\u00f3n -5\/+21<br \/>\u00c1ngulo de giro 90<br \/>Ajuste de Altura 150 mm<br \/>Interfaz de montaje VESA 100 x 100 mm<br \/>Diverso<br \/>Caracter\u00edsticas Ranura de bloqueo de seguridad (bloqueo de cable de venta por separado),admite interfaz VESA<br \/>Cables incluidos 1 x cable DisplayPort &#8211; DisplayPort a DisplayPort &#8211; 1.8 m<br \/>1 x cable de subida USB 3.2 de 1\u00aa generaci\u00f3n &#8211; USB tipo A a C &#8211; 1.8 m<br \/>1 x cable USB-C a USB-C &#8211; 1 m<br \/>Cumplimiento de normas RoHS,NFPA 99,sin BFR,PVC-free<br \/>Compatible con TAA S\u00ed<br \/>Alimentaci\u00f3n<br \/>Voltaje de entrada CA 100-240 V (50\/60 Hz)<br \/>Consumo el\u00e9ctrico (modo Encendido) 26 W<br \/>Consumo de energ\u00eda SDR (modo Encendido) 26 kWh\/1000h<br \/>Consumo de energ\u00eda (t\u00edpico) 169 vatios<br \/>Espera de consumo de energ\u00eda 0.2 vatios<br \/>Parada de consumo de energ\u00eda 0.3 vatios<br \/>Consumo el\u00e9ctrico (modo apagado) 0.2 vatios<br \/>Interruptor encendido \/ apagado S\u00ed<br \/>Dimensiones y peso<br \/>Detalles sobre dimensiones y peso Con soporte &#8211; anchura:61.16 cm &#8211; fondo:18.5 cm &#8211; altura:53.52 cm &#8211; peso:7.21 kg<br \/>Sin soporte &#8211; peso:5.05 kg<br \/>Dimensiones y peso (embalaje)<br \/>Peso de embalaje 9.68 kg<br \/>Informaci\u00f3n de sostenibilidad<br \/>Certificado TCO TCO Certified Edge Displays,TCO Certified Displays 9<br \/>Certificaci\u00f3n ENERGY STAR S\u00ed<\/p>\n","protected":false},"excerpt":{"rendered":"<p>Monitor led 27 pulgadas dell profesional p2723qe ips &#8211;  lcd &#8211;  4k uhd &#8211;  dp &#8211;  hdmi &#8211;  usb tipo c &#8211;  60hz &#8211;  5ms &#8211;  vesa 100 x 100<\/p>\n","protected":false},"featured_media":238771,"comment_status":"open","ping_status":"open","template":"","meta":{"_et_pb_use_builder":"","_et_pb_old_content":"","_et_gb_content_width":""},"product_brand":[2558],"product_cat":[3647,2058,2644,2643],"product_tag":[2559,2647,2646],"class_list":{"0":"post-238770","1":"product","2":"type-product","3":"status-publish","4":"has-post-thumbnail","6":"product_brand-dell","7":"product_cat-dell","8":"product_cat-dispositivos","9":"product_cat-monitores","10":"product_cat-monitores-y-tv","11":"product_tag-dell","12":"product_tag-monitores","13":"product_tag-monitores-y-tv","14":"pa_canon-digital-0-e-incluida","15":"pa_categoria-monitores-y-tv","16":"pa_marca-dell","17":"pa_peso-3779","18":"pa_ref-dsp0000016697","20":"first","21":"instock","22":"sale","23":"taxable","24":"shipping-taxable","25":"purchasable","26":"product-type-simple"},"_links":{"self":[{"href":"https:\/\/linkxa.es\/linkshop\/wp-json\/wp\/v2\/product\/238770","targetHints":{"allow":["GET"]}}],"collection":[{"href":"https:\/\/linkxa.es\/linkshop\/wp-json\/wp\/v2\/product"}],"about":[{"href":"https:\/\/linkxa.es\/linkshop\/wp-json\/wp\/v2\/types\/product"}],"replies":[{"embeddable":true,"href":"https:\/\/linkxa.es\/linkshop\/wp-json\/wp\/v2\/comments?post=238770"}],"wp:featuredmedia":[{"embeddable":true,"href":"https:\/\/linkxa.es\/linkshop\/wp-json\/wp\/v2\/media\/238771"}],"wp:attachment":[{"href":"https:\/\/linkxa.es\/linkshop\/wp-json\/wp\/v2\/media?parent=238770"}],"wp:term":[{"taxonomy":"product_brand","embeddable":true,"href":"https:\/\/linkxa.es\/linkshop\/wp-json\/wp\/v2\/product_brand?post=238770"},{"taxonomy":"product_cat","embeddable":true,"href":"https:\/\/linkxa.es\/linkshop\/wp-json\/wp\/v2\/product_cat?post=238770"},{"taxonomy":"product_tag","embeddable":true,"href":"https:\/\/linkxa.es\/linkshop\/wp-json\/wp\/v2\/product_tag?post=238770"}],"curies":[{"name":"wp","href":"https:\/\/api.w.org\/{rel}","templated":true}]}}