{"id":238779,"date":"2025-02-05T01:53:13","date_gmt":"2025-02-05T01:53:13","guid":{"rendered":"https:\/\/linkxa.es\/contratacion\/producto\/monitor-gaming-dahua-dhi-lm24-e231-23-8-pulgadas-fhd\/"},"modified":"2025-10-09T20:16:57","modified_gmt":"2025-10-09T20:16:57","slug":"monitor-gaming-dahua-dhi-lm24-e231-23-8-pulgadas-fhd","status":"publish","type":"product","link":"https:\/\/linkxa.es\/linkshop\/producto\/monitor-gaming-dahua-dhi-lm24-e231-23-8-pulgadas-fhd\/","title":{"rendered":"Monitor gaming dahua dhi &#8211; lm24 &#8211; e231 23.8 pulgadas fhd"},"content":{"rendered":"<div style=\"text-align: center; margin-bottom: 20px;\">\n<h2 style=\"font-size: 22px; font-weight: 600; margin: 0; color: #333;\">Dahua \u00a0|\u00a0 Monitores<\/h2>\n<\/div>\n<p style=\"max-width: 700px; margin: 0px auto 30px; font-size: 18px; line-height: 1.6; color: #555555; font-style: italic; text-align: left;\">Destacado<\/p>\n<p>Juego 60,5 cm (23.8&#8243;) LED IPS<br \/>Full HD 1920 x 1080 Pixeles 16:9<br \/>165 Hz 1 ms 300 cd \/ m\u00b2 1000:1<br \/>23 W<\/p>\n<p>Dahua Technology DHI-LM24-E231. Diagonal de la pantalla: 60,5 cm (23.8&#8243;), Resoluci\u00f3n de la pantalla: 1920 x 1080 Pixeles, Tipo HD: Full HD, Tecnolog\u00eda de visualizaci\u00f3n: LED, Tiempo de respuesta: 1<br \/>ms, Relaci\u00f3n de aspecto nativa: 16:9, \u00c1ngulo de visi\u00f3n, horizontal: 178\u00b0, \u00c1ngulo de visi\u00f3n, vertical: 178\u00b0. montaje VESA. Color del producto: Negro<\/p>\n<p>Peso y dimensiones<br \/>Altura (sin base)<br \/>321,3 mm<br \/>Ancho (sin base)<br \/>539,6 mm<br \/>Peso (con soporte)<br \/>3,9 kg<br \/>Profundidad (sin base)<br \/>64,6 mm<br \/>Control de energ\u00eda<br \/>Voltaje de salida de adaptador AC<br \/>12 V<br \/>Consumo energ\u00e9tico<br \/>23 W<br \/>Consumo de energ\u00eda (inactivo)<br \/>0,5 W<br \/>Consumo de energ\u00eda (max)<br \/>33 W<br \/>Tipo de fuente de alimentaci\u00f3n<br \/>Externo<br \/>Exhibici\u00f3n<br \/>Cobertura Adobe RGB<br \/>80%<br \/>Brillo de la pantalla (t\u00edpico)<br \/>300 cd \/ m\u00b2<br \/>Cobertura sRGB (t\u00edpica)<br \/>100%<br \/>Cobertura NTSC (t\u00edpica)<br \/>85%<br \/>Diagonal de la pantalla<br \/>60,5 cm (23.8&#8243;)<br \/>Forma de la pantalla<br \/>Plana<br \/>Tipo HD<br \/>Full HD<br \/>M\u00e1xima velocidad de actualizaci\u00f3n<br \/>165 Hz<br \/>N\u00famero de colores de la pantalla<br \/>16,7 millones de colores<br \/>Pantalla t\u00e1ctil<br \/>No<br \/>Raz\u00f3n de contraste (t\u00edpica)<br \/>1000:1<br \/>Relaci\u00f3n de aspecto nativa<br \/>16:9<br \/>Resoluci\u00f3n de la pantalla<br \/>1920 x 1080 Pixeles<br \/>Tecnolog\u00eda de visualizaci\u00f3n<br \/>LED<br \/>Tiempo de respuesta<br \/>1 ms<br \/>Tipo de pantalla<br \/>IPS<br \/>Tipo de retroiluminaci\u00f3n<br \/>Edge LED<br \/>\u00c1ngulo de visi\u00f3n, horizontal<br \/>178\u00b0<br \/>\u00c1ngulo de visi\u00f3n, vertical<br \/>178\u00b0<br \/>Condiciones ambientales<br \/>Intervalo de temperatura operativa<br \/>0 &#8211; 40 \u00b0C<br \/>Intervalo de humedad relativa para funcionamiento<br \/>10 &#8211; 85%<br \/>Puertos e Interfaces<br \/>Enchufe de entrada de CC<br \/>Si<br \/>Cantidad de DisplayPorts<br \/>1<br \/>Conector USB incorporado<br \/>No<br \/>Versi\u00f3n de DisplayPort<br \/>1.2<br \/>HDMI<br \/>Si<br \/>N\u00famero de puertos HDMI<br \/>2<br \/>Versi\u00f3n HDMI<br \/>1.4<br \/>Salida de auriculares<br \/>Si<br \/>Salidas para auriculares<br \/>1<\/p>\n<p>Ergonom\u00eda<br \/>Ajustes de altura<br \/>No<br \/>Eje<br \/>No<br \/>Giratorio<br \/>No<br \/>Interfaz de panel de montaje<br \/>75 x 75 mm<br \/>montaje VESA<br \/>Si<br \/>\u00c1ngulo de inclinaci\u00f3n<br \/>-5 &#8211; 15\u00b0<br \/>Dise\u00f1o<br \/>Color del producto<br \/>Negro<br \/>Posicionamiento de mercado<br \/>Juego<br \/>Soporte desmontable<br \/>Si<br \/>Multimedia<br \/>Altavoces incorporados<br \/>No<br \/>C\u00e1mara incorporada<br \/>No<br \/>Empaquetado<br \/>Altura del paquete<br \/>443 mm<br \/>Ancho del paquete<br \/>649 mm<br \/>Peso del paquete<br \/>5,6 kg<br \/>Profundidad del paquete<br \/>172 mm<br \/>Contenido del embalaje<br \/>Adaptador de corriente incluido<br \/>Si<br \/>Stand incluido<br \/>Si<\/p>\n","protected":false},"excerpt":{"rendered":"<p>Monitor gaming dahua dhi &#8211; lm24 &#8211; e231 23.8 pulgadas fhd 165hz<\/p>\n","protected":false},"featured_media":238780,"comment_status":"open","ping_status":"open","template":"","meta":{"_et_pb_use_builder":"","_et_pb_old_content":"","_et_gb_content_width":""},"product_brand":[2700],"product_cat":[3643,2058,2644,2643],"product_tag":[2701,2647,2646],"class_list":{"0":"post-238779","1":"product","2":"type-product","3":"status-publish","4":"has-post-thumbnail","6":"product_brand-dahua","7":"product_cat-dahua","8":"product_cat-dispositivos","9":"product_cat-monitores","10":"product_cat-monitores-y-tv","11":"product_tag-dahua","12":"product_tag-monitores","13":"product_tag-monitores-y-tv","14":"pa_canon-digital-0-e-incluida","15":"pa_categoria-monitores-y-tv","16":"pa_marca-dahua","17":"pa_peso-3618","18":"pa_ref-dsp0000017702","20":"first","21":"instock","22":"sale","23":"taxable","24":"shipping-taxable","25":"purchasable","26":"product-type-simple"},"_links":{"self":[{"href":"https:\/\/linkxa.es\/linkshop\/wp-json\/wp\/v2\/product\/238779","targetHints":{"allow":["GET"]}}],"collection":[{"href":"https:\/\/linkxa.es\/linkshop\/wp-json\/wp\/v2\/product"}],"about":[{"href":"https:\/\/linkxa.es\/linkshop\/wp-json\/wp\/v2\/types\/product"}],"replies":[{"embeddable":true,"href":"https:\/\/linkxa.es\/linkshop\/wp-json\/wp\/v2\/comments?post=238779"}],"wp:featuredmedia":[{"embeddable":true,"href":"https:\/\/linkxa.es\/linkshop\/wp-json\/wp\/v2\/media\/238780"}],"wp:attachment":[{"href":"https:\/\/linkxa.es\/linkshop\/wp-json\/wp\/v2\/media?parent=238779"}],"wp:term":[{"taxonomy":"product_brand","embeddable":true,"href":"https:\/\/linkxa.es\/linkshop\/wp-json\/wp\/v2\/product_brand?post=238779"},{"taxonomy":"product_cat","embeddable":true,"href":"https:\/\/linkxa.es\/linkshop\/wp-json\/wp\/v2\/product_cat?post=238779"},{"taxonomy":"product_tag","embeddable":true,"href":"https:\/\/linkxa.es\/linkshop\/wp-json\/wp\/v2\/product_tag?post=238779"}],"curies":[{"name":"wp","href":"https:\/\/api.w.org\/{rel}","templated":true}]}}