{"id":238785,"date":"2025-07-31T19:48:26","date_gmt":"2025-07-31T19:48:26","guid":{"rendered":"https:\/\/linkxa.es\/contratacion\/producto\/monitor-led-gaming-24-5-pulgadas-dell-alienware\/"},"modified":"2025-10-09T20:19:07","modified_gmt":"2025-10-09T20:19:07","slug":"monitor-led-gaming-24-5-pulgadas-dell-alienware","status":"publish","type":"product","link":"https:\/\/linkxa.es\/linkshop\/producto\/monitor-led-gaming-24-5-pulgadas-dell-alienware\/","title":{"rendered":"Monitor led gaming 24.5 pulgadas dell alienware"},"content":{"rendered":"<div style=\"text-align: center; margin-bottom: 20px;\">\n<h2 style=\"font-size: 22px; font-weight: 600; margin: 0; color: #333;\">Dell \u00a0|\u00a0 Monitores<\/h2>\n<\/div>\n<p style=\"max-width: 700px; margin: 0px auto 30px; font-size: 18px; line-height: 1.6; color: #555555; font-style: italic; text-align: left;\">Ficha T\u00e9cnica<br \/>General<br \/>Tipo de pantalla Monitor LCD con retroiluminaci\u00f3n LED \/ matriz activa TFT<br \/>Clase energ\u00e9tica Clase E<br \/>Clase de energ\u00eda (HDR) Clase G<br \/>Tama\u00f1o en diagonal 24.5&#8243;<br \/>Tecnolog\u00eda Adaptive-Sync VESA Adaptive-Sync,AMD FreeSync Premium<br \/>Dispositivos integrados Concentrador USB 3.2 Gen 1<br \/>Tipo de panel Fast IPS<br \/>Relaci\u00f3n de aspecto 16:9<br \/>Resoluci\u00f3n nativa Full HD (1080p) 1920 x 1080 (DisplayPort:360 Hz,HDMI:255 Hz)<br \/>Paso de pixel 0.2829 mm<br \/>P\u00edxeles por pulgada 90<br \/>Brillo 400 cd\/m\u00b2<br \/>Relaci\u00f3n de contraste 1000:1 \/ 1000:1 (din\u00e1mico)<br \/>Admisi\u00f3n de color 16,7 millones de colores<br \/>Gama de colores 99% sRGB<br \/>Tiempo de respuesta 1 ms (gris a gris extremo),0,5 ms (gris a gris m\u00edn.)<br \/>Gaming S\u00ed<br \/>\u00c1ngulo de visi\u00f3n horizontal 178<br \/>\u00c1ngulo de visi\u00f3n vertical 178<br \/>Recubrimiento de pantalla Anti-reflejo<br \/>Tecnolog\u00eda de retroiluminaci\u00f3n Retroiluminaci\u00f3n LED<br \/>Caracter\u00edsticas Sistema de iluminaci\u00f3n lateral LED,FPS Mode,RTS Mode,Sin mercurio,cristal sin ars\u00e9nico,Modo Deportes,3 modos de juego,Dell ComfortView,tecnolog\u00eda de luz azul baja<br \/>Color Cara oculta de la Luna<br \/>Dimensiones (Ancho x Profundidad x Altura) 55.519 cm x 24.37 cm x 39.025 cm &#8211; con soporte (posici\u00f3n m\u00e1s baja)<br \/>Conectividad<br \/>Interfaces 2 x HDMI<br \/>DisplayPort 1.4<br \/>Descarga USB 3.2 de 1\u00aa generaci\u00f3n con carga de bater\u00eda 1.2<br \/>3 x bajada USB 3.2 Gen 1<br \/>Subida USB 3.2 Gen 1<br \/>Auriculares<br \/>Salida de audio<br \/>Mec\u00e1nico<br \/>Ajustes de posici\u00f3n de pantalla Altura,pivote (rotaci\u00f3n),plataforma giratoria,inclinaci\u00f3n<br \/>\u00c1ngulo de inclinaci\u00f3n -5\/+21<br \/>\u00c1ngulo de giro 40<br \/>\u00c1ngulo de rotaci\u00f3n 180<br \/>Ajuste de Altura 110 mm<br \/>Interfaz de montaje VESA 100 x 100 mm<br \/>Diverso<br \/>Caracter\u00edsticas Ranura de bloqueo de seguridad (bloqueo de cable de venta por separado),organizador de cables integrado,admite interfaz VESA<br \/>Cables incluidos 1 x cable DisplayPort &#8211; DisplayPort a DisplayPort<br \/>1 x cable DisplayPort &#8211; miniDisplayPort a DisplayPort<br \/>1 x cable de subida USB 3.2 de 1\u00aa generaci\u00f3n<br \/>Cumplimiento de normas RoHS,bajo contenido de BFR,bajo contenido de PVC<br \/>Tipo de ranura de seguridad Ranura de seguridad Kensington<br \/>Alimentaci\u00f3n<br \/>Voltaje de entrada CA 100-240 V (50\/60 Hz)<br \/>Consumo el\u00e9ctrico (modo Encendido) 16.31 W<br \/>Consumo de energ\u00eda SDR (modo Encendido) 15.8 kWh\/1000h<br \/>Consumo de energ\u00eda HDR (modo On) 24.9 kWh\/1000h<br \/>Consumo de energ\u00eda (t\u00edpico) 74.5 vatios<br \/>Espera de consumo de energ\u00eda 0.3 vatios<br \/>Consumo el\u00e9ctrico (modo apagado) 0.3 vatios<br \/>Interruptor encendido \/ apagado S\u00ed<br \/>Dimensiones y peso<br \/>Detalles sobre dimensiones y peso Con soporte (posici\u00f3n m\u00e1s baja) &#8211; anchura:55.519 cm &#8211; fondo:24.37 cm &#8211; altura:39.025 cm<br \/>Con soporte (posici\u00f3n m\u00e1s alta) &#8211; anchura:55.519 cm &#8211; fondo:24.37 cm &#8211; altura:50.025 cm<br \/>Sin soporte &#8211; anchura:55.519 cm &#8211; fondo:6.665 cm &#8211; altura:32.584 cm &#8211; peso:3.45 kg<br \/>Dimensiones y peso (embalaje)<br \/>Peso de embalaje 9 kg<br \/>Garant\u00eda del fabricante<br \/>Servicios incluidos 3 a\u00f1os de servicio de intercambio avanzado<br \/>Par\u00e1metros de entorno<br \/>Temperatura m\u00ednima de funcionamiento 0 \u00b0C<br \/>Temperatura m\u00e1xima de funcionamiento 40 \u00b0C<br \/>\u00c1mbito de humedad de funcionamiento 10 &#8211; 80% (sin condensaci\u00f3n)<\/p>\n","protected":false},"excerpt":{"rendered":"<p>Monitor led gaming 24.5 pulgadas dell alienware aw2523hf ips &#8211;  tft &#8211;  lcd &#8211;  qhd &#8211;  dp &#8211;  hdmi &#8211;  1ms &#8211;  360hz &#8211;  vesa 100 x 100<\/p>\n","protected":false},"featured_media":238786,"comment_status":"open","ping_status":"open","template":"","meta":{"_et_pb_use_builder":"","_et_pb_old_content":"","_et_gb_content_width":""},"product_brand":[2558],"product_cat":[3647,2058,2644,2643],"product_tag":[2559,2647,2646],"class_list":{"0":"post-238785","1":"product","2":"type-product","3":"status-publish","4":"has-post-thumbnail","6":"product_brand-dell","7":"product_cat-dell","8":"product_cat-dispositivos","9":"product_cat-monitores","10":"product_cat-monitores-y-tv","11":"product_tag-dell","12":"product_tag-monitores","13":"product_tag-monitores-y-tv","14":"pa_canon-digital-0-e-incluida","15":"pa_categoria-monitores-y-tv","16":"pa_marca-dell","17":"pa_peso-3786","18":"pa_ref-dsp0000018195","20":"first","21":"instock","22":"sale","23":"taxable","24":"shipping-taxable","25":"purchasable","26":"product-type-simple"},"_links":{"self":[{"href":"https:\/\/linkxa.es\/linkshop\/wp-json\/wp\/v2\/product\/238785","targetHints":{"allow":["GET"]}}],"collection":[{"href":"https:\/\/linkxa.es\/linkshop\/wp-json\/wp\/v2\/product"}],"about":[{"href":"https:\/\/linkxa.es\/linkshop\/wp-json\/wp\/v2\/types\/product"}],"replies":[{"embeddable":true,"href":"https:\/\/linkxa.es\/linkshop\/wp-json\/wp\/v2\/comments?post=238785"}],"wp:featuredmedia":[{"embeddable":true,"href":"https:\/\/linkxa.es\/linkshop\/wp-json\/wp\/v2\/media\/238786"}],"wp:attachment":[{"href":"https:\/\/linkxa.es\/linkshop\/wp-json\/wp\/v2\/media?parent=238785"}],"wp:term":[{"taxonomy":"product_brand","embeddable":true,"href":"https:\/\/linkxa.es\/linkshop\/wp-json\/wp\/v2\/product_brand?post=238785"},{"taxonomy":"product_cat","embeddable":true,"href":"https:\/\/linkxa.es\/linkshop\/wp-json\/wp\/v2\/product_cat?post=238785"},{"taxonomy":"product_tag","embeddable":true,"href":"https:\/\/linkxa.es\/linkshop\/wp-json\/wp\/v2\/product_tag?post=238785"}],"curies":[{"name":"wp","href":"https:\/\/api.w.org\/{rel}","templated":true}]}}