{"id":238803,"date":"2025-01-30T06:17:59","date_gmt":"2025-01-30T06:17:59","guid":{"rendered":"https:\/\/linkxa.es\/contratacion\/producto\/monitor-dahua-dhi-lm24-p301a-a5-23-8-pulgadas-qhd-75hz\/"},"modified":"2025-10-09T20:23:09","modified_gmt":"2025-10-09T20:23:09","slug":"monitor-dahua-dhi-lm24-p301a-a5-23-8-pulgadas-qhd-75hz","status":"publish","type":"product","link":"https:\/\/linkxa.es\/linkshop\/producto\/monitor-dahua-dhi-lm24-p301a-a5-23-8-pulgadas-qhd-75hz\/","title":{"rendered":"Monitor dahua dhi &#8211; lm24 &#8211; p301a &#8211; a5 23.8 pulgadas qhd 75hz"},"content":{"rendered":"<div style=\"text-align: center; margin-bottom: 20px;\">\n<h2 style=\"font-size: 22px; font-weight: 600; margin: 0; color: #333;\">Dahua \u00a0|\u00a0 Monitores<\/h2>\n<\/div>\n<p style=\"max-width: 700px; margin: 0px auto 30px; font-size: 18px; line-height: 1.6; color: #555555; font-style: italic; text-align: left;\">Destacado<\/p>\n<p>Negocios 60,5 cm (23.8&#8243;) LED IPS<br \/>Quad HD 2560 x 1440 Pixeles 16:9<br \/>75 Hz 6 ms 320 cd \/ m\u00b2 1000:1<br \/>F 20 kWh 35 W<\/p>\n<p>Dahua Technology LM24-P301A. Diagonal de la pantalla: 60,5 cm (23.8&#8243;), Resoluci\u00f3n de la pantalla: 2560 x 1440 Pixeles, Tipo HD: Quad HD, Tecnolog\u00eda de visualizaci\u00f3n: LED, Tiempo de respuesta: 6<br \/>ms, Relaci\u00f3n de aspecto nativa: 16:9, \u00c1ngulo de visi\u00f3n, horizontal: 178\u00b0, \u00c1ngulo de visi\u00f3n, vertical: 178\u00b0. Conector USB incorporado. montaje VESA, Ajustes de altura. Color del producto: Negro<\/p>\n<p>Peso y dimensiones<br \/>Altura (sin base)<br \/>324,5 mm<br \/>Ancho (sin base)<br \/>539,6 mm<br \/>Peso (sin base)<br \/>5,7 kg<br \/>Profundidad (sin base)<br \/>53,2 mm<br \/>Control de energ\u00eda<br \/>Consumo de energ\u00eda (SDR) por 1000 horas<br \/>20 kWh<br \/>Voltaje de entrada AC<br \/>100 &#8211; 240 V<br \/>Frecuencia de entrada AC<br \/>50\/60 Hz<br \/>Clase de eficiencia energ\u00e9tica (SDR)<br \/>F<br \/>Consumo energ\u00e9tico<br \/>35 W<br \/>Consumo de energ\u00eda (inactivo)<br \/>0,5 W<br \/>Consumo de energ\u00eda (max)<br \/>130 W<br \/>Corriente de entrada<br \/>2 A<br \/>Escala de eficiencia energ\u00e9tica<br \/>De la A a la G<br \/>Tipo de fuente de alimentaci\u00f3n<br \/>Interno<br \/>Exhibici\u00f3n<br \/>Cobertura Adobe RGB<br \/>93%<br \/>Brillo de la pantalla (t\u00edpico)<br \/>320 cd \/ m\u00b2<br \/>Cobertura sRGB (t\u00edpica)<br \/>99%<br \/>Cobertura NTSC (t\u00edpica)<br \/>102%<br \/>Diagonal de la pantalla<br \/>60,5 cm (23.8&#8243;)<br \/>Espacio de color RGB<br \/>DCI-P3<br \/>Forma de la pantalla<br \/>Plana<br \/>Formatos gr\u00e1ficos soportados<br \/>2560 x 1440<br \/>Gama de colores<br \/>98%<br \/>Tipo HD<br \/>Quad HD<br \/>M\u00e1xima velocidad de actualizaci\u00f3n<br \/>75 Hz<br \/>Pantalla t\u00e1ctil<br \/>No<br \/>Raz\u00f3n de contraste (t\u00edpica)<br \/>1000:1<br \/>Relaci\u00f3n de aspecto nativa<br \/>16:9<br \/>Relaci\u00f3n de aspecto<br \/>16:9<br \/>Resoluci\u00f3n de la pantalla<br \/>2560 x 1440 Pixeles<br \/>Tecnolog\u00eda de visualizaci\u00f3n<br \/>LED<br \/>Tiempo de respuesta<br \/>6 ms<br \/>Tipo de pantalla<br \/>IPS<br \/>Tipo de retroiluminaci\u00f3n<br \/>Edge LED<br \/>\u00c1ngulo de visi\u00f3n, horizontal<br \/>178\u00b0<br \/>\u00c1ngulo de visi\u00f3n, vertical<br \/>178\u00b0<br \/>Condiciones ambientales<br \/>Intervalo de temperatura operativa<br \/>0 &#8211; 40 \u00b0C<br \/>Intervalo de humedad relativa para funcionamiento<br \/>10 &#8211; 85%<br \/>Puertos e Interfaces<br \/>Cantidad de puertos downstream USB tipo C<br \/>1<br \/>Entrada de CA<br \/>Si<br \/>Cantidad de DisplayPorts<br \/>1<br \/>Conector USB incorporado<br \/>Si<br \/>Entrega de energ\u00eda USB (USB Power Delivery) de hasta<br \/>65 W<br \/>Versi\u00f3n de DisplayPort<br \/>1.4<br \/>HDMI<br \/>Si<br \/>N\u00famero de puertos HDMI<br \/>1<br \/>Versi\u00f3n HDMI<br \/>2.1<br \/>Salida de auriculares<br \/>No<br \/>Salida de audio<br \/>Si<br \/>Suministro de potencia USB<br \/>Si<\/p>\n<p>Ergonom\u00eda<br \/>Ajuste de altura<br \/>12,5 cm<br \/>Ajuste de la inclinaci\u00f3n<br \/>Si<br \/>Ajustes de altura<br \/>Si<br \/>Eje<br \/>Si<br \/>Exhibici\u00f3n en pantalla (OSD)<br \/>Si<br \/>Giratorio<br \/>Si<br \/>Imagen en imagen<br \/>Si<br \/>Interfaz de panel de montaje<br \/>75 x 75 mm<br \/>Montaje de pared<br \/>Si<br \/>montaje VESA<br \/>Si<br \/>\u00c1ngulo de giro (alcance)<br \/>-45 &#8211; 45\u00b0<br \/>\u00c1ngulo de pivote<br \/>0 &#8211; 90\u00b0<br \/>\u00c1ngulo de inclinaci\u00f3n<br \/>-5 &#8211; 20\u00b0<br \/>Dise\u00f1o<br \/>Color del producto<br \/>Negro<br \/>Color de pies<br \/>Negro<br \/>Posicionamiento de mercado<br \/>Negocios<br \/>Soporte desmontable<br \/>Si<br \/>Multimedia<br \/>Altavoces incorporados<br \/>No<br \/>C\u00e1mara incorporada<br \/>No<br \/>Empaquetado<br \/>Altura del paquete<br \/>397 mm<br \/>Ancho del paquete<br \/>779 mm<br \/>Peso del paquete<br \/>8,2 kg<br \/>Profundidad del paquete<br \/>127 mm<br \/>Tipo de embalaje<br \/>Caja<br \/>Contenido del embalaje<br \/>Cables incluidos<br \/>Corriente alterna, HDMI<br \/>Longitud del cable HDMI<br \/>1,5 m<br \/>Stand incluido<br \/>Si<\/p>\n","protected":false},"excerpt":{"rendered":"<p>Monitor dahua dhi &#8211; lm24 &#8211; p301a &#8211; a5 23.8 pulgadas qhd 75hz<\/p>\n","protected":false},"featured_media":238804,"comment_status":"open","ping_status":"open","template":"","meta":{"_et_pb_use_builder":"","_et_pb_old_content":"","_et_gb_content_width":""},"product_brand":[2700],"product_cat":[3643,2058,2644,2643],"product_tag":[2701,2647,2646],"class_list":{"0":"post-238803","1":"product","2":"type-product","3":"status-publish","4":"has-post-thumbnail","6":"product_brand-dahua","7":"product_cat-dahua","8":"product_cat-dispositivos","9":"product_cat-monitores","10":"product_cat-monitores-y-tv","11":"product_tag-dahua","12":"product_tag-monitores","13":"product_tag-monitores-y-tv","14":"pa_canon-digital-0-e-incluida","15":"pa_categoria-monitores-y-tv","16":"pa_marca-dahua","17":"pa_peso-3595","18":"pa_ref-dsp0000019654","20":"first","21":"instock","22":"sale","23":"taxable","24":"shipping-taxable","25":"purchasable","26":"product-type-simple"},"_links":{"self":[{"href":"https:\/\/linkxa.es\/linkshop\/wp-json\/wp\/v2\/product\/238803","targetHints":{"allow":["GET"]}}],"collection":[{"href":"https:\/\/linkxa.es\/linkshop\/wp-json\/wp\/v2\/product"}],"about":[{"href":"https:\/\/linkxa.es\/linkshop\/wp-json\/wp\/v2\/types\/product"}],"replies":[{"embeddable":true,"href":"https:\/\/linkxa.es\/linkshop\/wp-json\/wp\/v2\/comments?post=238803"}],"wp:featuredmedia":[{"embeddable":true,"href":"https:\/\/linkxa.es\/linkshop\/wp-json\/wp\/v2\/media\/238804"}],"wp:attachment":[{"href":"https:\/\/linkxa.es\/linkshop\/wp-json\/wp\/v2\/media?parent=238803"}],"wp:term":[{"taxonomy":"product_brand","embeddable":true,"href":"https:\/\/linkxa.es\/linkshop\/wp-json\/wp\/v2\/product_brand?post=238803"},{"taxonomy":"product_cat","embeddable":true,"href":"https:\/\/linkxa.es\/linkshop\/wp-json\/wp\/v2\/product_cat?post=238803"},{"taxonomy":"product_tag","embeddable":true,"href":"https:\/\/linkxa.es\/linkshop\/wp-json\/wp\/v2\/product_tag?post=238803"}],"curies":[{"name":"wp","href":"https:\/\/api.w.org\/{rel}","templated":true}]}}