{"id":238821,"date":"2025-04-14T07:11:37","date_gmt":"2025-04-14T07:11:37","guid":{"rendered":"https:\/\/linkxa.es\/contratacion\/producto\/monitor-del-ultrasharp-u2724d-27-pulgadas-qhd\/"},"modified":"2025-10-09T20:29:05","modified_gmt":"2025-10-09T20:29:05","slug":"monitor-del-ultrasharp-u2724d-27-pulgadas-qhd","status":"publish","type":"product","link":"https:\/\/linkxa.es\/linkshop\/producto\/monitor-del-ultrasharp-u2724d-27-pulgadas-qhd\/","title":{"rendered":"Monitor del ultrasharp u2724d 27 pulgadas qhd"},"content":{"rendered":"<div style=\"text-align: center; margin-bottom: 20px;\">\n<h2 style=\"font-size: 22px; font-weight: 600; margin: 0; color: #333;\">Dell \u00a0|\u00a0 Monitores<\/h2>\n<\/div>\n<p style=\"max-width: 700px; margin: 0px auto 30px; font-size: 18px; line-height: 1.6; color: #555555; font-style: italic; text-align: left;\">&#8211; **FICHA T\u00c9CNICA**\u00a0<\/p>\n<p>&#8211; **GENERAL**\u00a0<br \/>\u00a0 Tipo de pantalla: Monitor LCD con retroiluminaci\u00f3n LED \/ matriz activa TFT\u00a0<br \/>\u00a0 Clase energ\u00e9tica: Clase F\u00a0<br \/>\u00a0 Tama\u00f1o en diagonal: 27&#8243;\u00a0<br \/>\u00a0 Tama\u00f1o visualizable: 27&#8243;\u00a0<br \/>\u00a0 Conexi\u00f3n Daisy: S\u00ed\u00a0<br \/>\u00a0 Dispositivos integrados: Hub de USB-C\/USB 3.2 de 2\u00aa generaci\u00f3n\u00a0<br \/>\u00a0 Tipo de panel: IPS\u00a0<br \/>\u00a0 Relaci\u00f3n de aspecto: 16:9\u00a0<br \/>\u00a0 Resoluci\u00f3n nativa: QHD 2560 x 1440 a 120 Hz\u00a0<br \/>\u00a0 Paso de p\u00edxel: 0.2331 mm\u00a0<br \/>\u00a0 P\u00edxeles por pulgada: 108.97\u00a0<br \/>\u00a0 Brillo: 350 cd\/m\u00b2\u00a0<br \/>\u00a0 Relaci\u00f3n de contraste: 2000:1\u00a0<br \/>\u00a0 Admisi\u00f3n de color: 1.07 millones de colores\u00a0<br \/>\u00a0 Gama de colores: 100% Rec 709, 100% sRGB, 98% DCI-P3, 98% P3\u00a0<br \/>\u00a0 Tiempo de respuesta: 5 ms (r\u00e1pida), 8 ms (normal)\u00a0<br \/>\u00a0 Frecuencia de actualizaci\u00f3n vertical: 48 &#8211; 120 Hz\u00a0<br \/>\u00a0 Frecuencia de actualizaci\u00f3n horizontal: 30 &#8211; 178 kHz\u00a0<br \/>\u00a0 \u00c1ngulo de visi\u00f3n horizontal: 178\u00b0\u00a0<br \/>\u00a0 \u00c1ngulo de visi\u00f3n vertical: 178\u00b0\u00a0<br \/>\u00a0 Recubrimiento de pantalla: Anti-reflejo, 3H Hard Coating\u00a0<br \/>\u00a0 Tecnolog\u00eda de retroiluminaci\u00f3n: Retroiluminaci\u00f3n LED\u00a0<\/p>\n<p>&#8211; **CARACTER\u00cdSTICAS**\u00a0<br \/>\u00a0 &#8211; Sistema de iluminaci\u00f3n lateral LED\u00a0<br \/>\u00a0 &#8211; Tecnolog\u00eda Flicker Free\u00a0<br \/>\u00a0 &#8211; Sin mercurio\u00a0<br \/>\u00a0 &#8211; Cristal sin ars\u00e9nico\u00a0<br \/>\u00a0 &#8211; Dell Easy Arrange\u00a0<br \/>\u00a0 &#8211; Gran \u00e1ngulo de visualizaci\u00f3n\u00a0<br \/>\u00a0 &#8211; Dise\u00f1o del bisel ultrafino\u00a0<br \/>\u00a0 &#8211; Calibraci\u00f3n Delta E&#038;lt,2\u00a0<br \/>\u00a0 &#8211; Sin bisel de 3 lados\u00a0<br \/>\u00a0 &#8211; \u00c1rea de visualizaci\u00f3n activa de 597&#215;336 mm\u00a0<\/p>\n<p>&#8211; **DIMENSIONES Y PESO**\u00a0<br \/>\u00a0 &#8211; Con soporte (posici\u00f3n m\u00e1s baja): 61.224 cm x 19.228 cm x 38.558 cm &#8211; 6.56 kg\u00a0<br \/>\u00a0 &#8211; Con soporte (posici\u00f3n m\u00e1s alta): 61.224 cm x 19.228 cm x 53.558 cm &#8211; 6.56 kg\u00a0<br \/>\u00a0 &#8211; Sin soporte: 61.224 cm x 5.012 cm x 35.251 cm &#8211; 4.49 kg\u00a0<\/p>\n<p>&#8211; **CONECTIVIDAD**\u00a0<br \/>\u00a0 Interfaces:\u00a0<br \/>\u00a0 &#8211; HDMI (HDCP 1.4)\u00a0<br \/>\u00a0 &#8211; DisplayPort 1.4 (HDCP 1.4)\u00a0<br \/>\u00a0 &#8211; Salida DisplayPort (HDCP 1.4, MST)\u00a0<br \/>\u00a0 &#8211; USB-C 3.2 Gen 2 de subida (SuperSpeed USB 10 Gbps)\u00a0<br \/>\u00a0 &#8211; Descarga USB-C 3.2 Gen 2 (alimentaci\u00f3n de hasta 15 W)\u00a0<br \/>\u00a0 &#8211; 2 x Descarga USB 3.2 de 2\u00aa generaci\u00f3n\u00a0<br \/>\u00a0 &#8211; Descarga USB 3.2 de 2\u00aa generaci\u00f3n con carga de bater\u00eda 1.2\u00a0<br \/>\u00a0 &#8211; Salida de audio (mini clavija)\u00a0<\/p>\n<p>&#8211; **AJUSTES DE POSICI\u00d3N DE PANTALLA**\u00a0<br \/>\u00a0 &#8211; Ajustes: Altura, pivote (rotaci\u00f3n), plataforma giratoria, inclinaci\u00f3n\u00a0<br \/>\u00a0 &#8211; \u00c1ngulo de inclinaci\u00f3n: -5\u00b0\/+21\u00b0\u00a0<br \/>\u00a0 &#8211; \u00c1ngulo de giro: 90\u00b0\u00a0<br \/>\u00a0 &#8211; \u00c1ngulo de rotaci\u00f3n: 180\u00b0\u00a0<br \/>\u00a0 &#8211; Ajuste de altura: 150 mm\u00a0<br \/>\u00a0 &#8211; Interfaz de montaje VESA: 100 x 100 mm\u00a0<\/p>\n<p>&#8211; **DIVERSO**\u00a0<br \/>\u00a0 Caracter\u00edsticas:\u00a0<br \/>\u00a0 &#8211; Ranura de bloqueo de seguridad (bloqueo de cable de venta por separado)\u00a0<br \/>\u00a0 &#8211; Admite interfaz VESA\u00a0<br \/>\u00a0 &#8211; Sensor de brillo\u00a0<br \/>\u00a0 &#8211; Anillo de administraci\u00f3n de cables\u00a0<br \/>\u00a0 Cables incluidos:\u00a0<br \/>\u00a0 &#8211; 1 x Cable DisplayPort a DisplayPort &#8211; 1.8 m\u00a0<br \/>\u00a0 &#8211; 1 x Cable USB 3.2 Gen 2 de tipo A a tipo C &#8211; 1 m\u00a0<\/p>\n<p>&#8211; **CUMPLIMIENTO DE NORMAS**\u00a0<br \/>\u00a0 &#8211; RoHS\u00a0<br \/>\u00a0 &#8211; TUV Rheinland Low Blue Light Certification\u00a0<br \/>\u00a0 &#8211; Sin BFR\u00a0<br \/>\u00a0 &#8211; DisplayPort 1.4\u00a0<br \/>\u00a0 &#8211; HDCP 1.4\u00a0<br \/>\u00a0 &#8211; PVC-free\u00a0<br \/>\u00a0 &#8211; TCO Certified 9.0\u00a0<br \/>\u00a0 &#8211; Ranura de seguridad Kensington\u00a0<\/p>\n<p>&#8211; **ALIMENTACI\u00d3N**\u00a0<br \/>\u00a0 Voltaje de entrada: CA 100-240 V (50\/60 Hz)\u00a0<br \/>\u00a0 Consumo el\u00e9ctrico (modo encendido): 23.9 W\u00a0<br \/>\u00a0 Consumo de energ\u00eda SDR (modo encendido): 24 kWh\/1000h\u00a0<br \/>\u00a0 Consumo de energ\u00eda (t\u00edpico): 23.9 W\u00a0<br \/>\u00a0 Consumo de energ\u00eda (m\u00e1x.): 85 W\u00a0<br \/>\u00a0 Espera de consumo de energ\u00eda: 0.5 W\u00a0<br \/>\u00a0 Consumo el\u00e9ctrico (modo apagado): 0.3 W\u00a0<\/p>\n<p>&#8211; **SOFTWARE \/ REQUISITOS DEL SISTEMA**\u00a0<br \/>\u00a0 Software incluido: Dell Display Manager\u00a0<\/p>\n<p>&#8211; **DIMENSIONES Y PESO (EMBALAJE)**\u00a0<br \/>\u00a0 Peso de embalaje: 9.4 kg\u00a0<\/p>\n<p>&#8211; **INFORMACI\u00d3N DE SOSTENIBILIDAD**\u00a0<br \/>\u00a0 &#8211; De acuerdo con EPEAT: EPEAT Gold\u00a0<br \/>\u00a0 &#8211; Certificaci\u00f3n ENERGY STAR: S\u00ed\u00a0<br \/>\u00a0 &#8211; Huella de carbono: 605 kg de emisiones de carbono\u00a0<\/p>\n<p>&#8211; **PAR\u00c1METROS DE ENTORNO**\u00a0<br \/>\u00a0 Temperatura m\u00ednima de funcionamiento: 0 \u00b0C\u00a0<br \/>\u00a0 Temperatura m\u00e1xima de funcionamiento: 40 \u00b0C\u00a0<br \/>\u00a0 \u00c1mbito de humedad de funcionamiento: 10 &#8211; 80% (sin condensaci\u00f3n)<\/p>\n","protected":false},"excerpt":{"rendered":"<p>Monitor del ultrasharp u2724d 27 pulgadas qhd 120hz<\/p>\n","protected":false},"featured_media":238822,"comment_status":"open","ping_status":"open","template":"","meta":{"_et_pb_use_builder":"","_et_pb_old_content":"","_et_gb_content_width":""},"product_brand":[2558],"product_cat":[3647,2058,2644,2643],"product_tag":[2559,2647,2646],"class_list":{"0":"post-238821","1":"product","2":"type-product","3":"status-publish","4":"has-post-thumbnail","6":"product_brand-dell","7":"product_cat-dell","8":"product_cat-dispositivos","9":"product_cat-monitores","10":"product_cat-monitores-y-tv","11":"product_tag-dell","12":"product_tag-monitores","13":"product_tag-monitores-y-tv","14":"pa_canon-digital-0-e-incluida","15":"pa_categoria-monitores-y-tv","16":"pa_marca-dell","17":"pa_peso-3546","18":"pa_ref-dsp0000022798","20":"first","21":"instock","22":"sale","23":"taxable","24":"shipping-taxable","25":"purchasable","26":"product-type-simple"},"_links":{"self":[{"href":"https:\/\/linkxa.es\/linkshop\/wp-json\/wp\/v2\/product\/238821","targetHints":{"allow":["GET"]}}],"collection":[{"href":"https:\/\/linkxa.es\/linkshop\/wp-json\/wp\/v2\/product"}],"about":[{"href":"https:\/\/linkxa.es\/linkshop\/wp-json\/wp\/v2\/types\/product"}],"replies":[{"embeddable":true,"href":"https:\/\/linkxa.es\/linkshop\/wp-json\/wp\/v2\/comments?post=238821"}],"wp:featuredmedia":[{"embeddable":true,"href":"https:\/\/linkxa.es\/linkshop\/wp-json\/wp\/v2\/media\/238822"}],"wp:attachment":[{"href":"https:\/\/linkxa.es\/linkshop\/wp-json\/wp\/v2\/media?parent=238821"}],"wp:term":[{"taxonomy":"product_brand","embeddable":true,"href":"https:\/\/linkxa.es\/linkshop\/wp-json\/wp\/v2\/product_brand?post=238821"},{"taxonomy":"product_cat","embeddable":true,"href":"https:\/\/linkxa.es\/linkshop\/wp-json\/wp\/v2\/product_cat?post=238821"},{"taxonomy":"product_tag","embeddable":true,"href":"https:\/\/linkxa.es\/linkshop\/wp-json\/wp\/v2\/product_tag?post=238821"}],"curies":[{"name":"wp","href":"https:\/\/api.w.org\/{rel}","templated":true}]}}