{"id":238827,"date":"2025-08-03T21:02:17","date_gmt":"2025-08-03T21:02:17","guid":{"rendered":"https:\/\/linkxa.es\/contratacion\/producto\/monitor-dahua-dhi-lm24-c200p-23-8-pulgadas-fhd-75hz\/"},"modified":"2025-10-09T20:29:47","modified_gmt":"2025-10-09T20:29:47","slug":"monitor-dahua-dhi-lm24-c200p-23-8-pulgadas-fhd-75hz","status":"publish","type":"product","link":"https:\/\/linkxa.es\/linkshop\/producto\/monitor-dahua-dhi-lm24-c200p-23-8-pulgadas-fhd-75hz\/","title":{"rendered":"Monitor dahua dhi &#8211; lm24 &#8211; c200p 23.8 pulgadas fhd 75hz"},"content":{"rendered":"<div style=\"text-align: center; margin-bottom: 20px;\">\n<h2 style=\"font-size: 22px; font-weight: 600; margin: 0; color: #333;\">Dahua \u00a0|\u00a0 Monitores<\/h2>\n<\/div>\n<p style=\"max-width: 700px; margin: 0px auto 30px; font-size: 18px; line-height: 1.6; color: #555555; font-style: italic; text-align: left;\">Destacado<\/p>\n<p>Bisel ultra estrecho, aspecto elegante<br \/>\u00c1ngulo de visi\u00f3n extra amplio de 178H\/178V para un rendimiento de visualizaci\u00f3n general<br \/>Procesamiento digital de alta fidelidad para un video brillante y v\u00edvidoAdmite m\u00faltiples entradas de se\u00f1al, incluidas HDMI y VGA<br \/>Bajo consumo de energ\u00eda, larga vida \u00fatil<br \/>Base elevadora multifunci\u00f3n<\/p>\n<p>Dahua Technology DHI-LM24-C200P. Diagonal de la pantalla: 60,5 cm (23.8&#8243;), Resoluci\u00f3n de la pantalla: 1920 x 1080 Pixeles, Tipo HD: Full HD, Tecnolog\u00eda de visualizaci\u00f3n: LED, Tiempo de respuesta: 7<br \/>ms, Relaci\u00f3n de aspecto nativa: 16:9, \u00c1ngulo de visi\u00f3n, horizontal: 178, \u00c1ngulo de visi\u00f3n, vertical: 178. montaje VESA, Ajustes de altura. Color del producto: Negro<\/p>\n<p>Peso y dimensiones<br \/>Altura del dispositivo (con soporte)<br \/>362,4 mm<br \/>Ancho del dispositivo (con soporte)<br \/>541,8 mm<br \/>Profundidad dispositivo (con soporte)<br \/>47 mm<br \/>Control de energ\u00eda<br \/>Consumo de energ\u00eda (SDR) por 1000 horas<br \/>17 kWh<br \/>Clase de eficiencia energ\u00e9tica (SDR)<br \/>E<br \/>Consumo de energ\u00eda (inactivo)<br \/>0,5 W<br \/>Consumo de energ\u00eda (max)<br \/>22 W<br \/>Escala de eficiencia energ\u00e9tica<br \/>De la A a la G<br \/>Tipo de fuente de alimentaci\u00f3n<br \/>Externo<br \/>Exhibici\u00f3n<br \/>Brillo de la pantalla (t\u00edpico)<br \/>250 cd \/ m<br \/>Diagonal de la pantalla<br \/>60,5 cm (23.8&#8243;)<br \/>Forma de la pantalla<br \/>Plana<br \/>Tipo HD<br \/>Full HD<br \/>M\u00e1xima velocidad de actualizaci\u00f3n<br \/>75 Hz<br \/>N\u00famero de colores de la pantalla<br \/>16,7 millones de colores<br \/>Pantalla t\u00e1ctil<br \/>No<br \/>Relaci\u00f3n de aspecto nativa<br \/>16:9<br \/>Relaci\u00f3n de contraste (din\u00e1mico)<br \/>3000:1<br \/>Resoluci\u00f3n de la pantalla<br \/>1920 x 1080 Pixeles<br \/>Tecnolog\u00eda de visualizaci\u00f3n<br \/>LED<br \/>Tiempo de respuesta<br \/>7 ms<br \/>Tipo de pantalla<br \/>VA<br \/>Tipo de retroiluminaci\u00f3n<br \/>Edge LED<br \/>\u00c1ngulo de visi\u00f3n, horizontal<br \/>178<br \/>\u00c1ngulo de visi\u00f3n, vertical<br \/>178<br \/>Condiciones ambientales<br \/>Intervalo de temperatura operativa<br \/>0 &#8211; 40 C<br \/>Intervalo de humedad relativa para funcionamiento<br \/>5 &#8211; 95%<br \/>Puertos e Interfaces<br \/>Cantidad de puertos VGA (D-Sub)<br \/>1<br \/>HDMI<br \/>Si<br \/>N\u00famero de puertos HDMI<br \/>1<\/p>\n<p>Ergonom\u00eda<br \/>Ajuste de altura<br \/>12 cm<br \/>Ajuste de la inclinaci\u00f3n<br \/>Si<br \/>Ajustes de altura<br \/>Si<br \/>Interfaz de panel de montaje<br \/>100 x 100 mm<br \/>montaje VESA<br \/>Si<br \/>\u00c1ngulo de inclinaci\u00f3n<br \/>-5 &#8211; 15<br \/>Dise\u00f1o<br \/>Color del producto<br \/>Negro<br \/>Posicionamiento de mercado<br \/>Hogar<br \/>Multimedia<br \/>Altavoces incorporados<br \/>No<br \/>C\u00e1mara incorporada<br \/>No<br \/>Contenido del embalaje<br \/>Cables incluidos<br \/>HDMI<br \/>Sostenibilidad<br \/>Certificados de sostenibilidad<br \/>CE, Comisi\u00f3n Federal de Comunicaciones (FCC) de Estados Unidos<br \/>European Product Registry for Energy Labelling (EPREL) code<br \/>1537157<\/p>\n","protected":false},"excerpt":{"rendered":"<p>Monitor dahua dhi &#8211; lm24 &#8211; c200p 23.8 pulgadas fhd 75hz<\/p>\n","protected":false},"featured_media":233332,"comment_status":"open","ping_status":"open","template":"","meta":{"_et_pb_use_builder":"","_et_pb_old_content":"","_et_gb_content_width":""},"product_brand":[2700],"product_cat":[3643,2058,2644,2643],"product_tag":[2701,2647,2646],"class_list":{"0":"post-238827","1":"product","2":"type-product","3":"status-publish","4":"has-post-thumbnail","6":"product_brand-dahua","7":"product_cat-dahua","8":"product_cat-dispositivos","9":"product_cat-monitores","10":"product_cat-monitores-y-tv","11":"product_tag-dahua","12":"product_tag-monitores","13":"product_tag-monitores-y-tv","14":"pa_canon-digital-0-e-incluida","15":"pa_categoria-monitores-y-tv","16":"pa_marca-dahua","17":"pa_peso-3799","18":"pa_ref-dsp0000023224","20":"first","21":"instock","22":"sale","23":"taxable","24":"shipping-taxable","25":"purchasable","26":"product-type-simple"},"_links":{"self":[{"href":"https:\/\/linkxa.es\/linkshop\/wp-json\/wp\/v2\/product\/238827","targetHints":{"allow":["GET"]}}],"collection":[{"href":"https:\/\/linkxa.es\/linkshop\/wp-json\/wp\/v2\/product"}],"about":[{"href":"https:\/\/linkxa.es\/linkshop\/wp-json\/wp\/v2\/types\/product"}],"replies":[{"embeddable":true,"href":"https:\/\/linkxa.es\/linkshop\/wp-json\/wp\/v2\/comments?post=238827"}],"wp:featuredmedia":[{"embeddable":true,"href":"https:\/\/linkxa.es\/linkshop\/wp-json\/wp\/v2\/media\/233332"}],"wp:attachment":[{"href":"https:\/\/linkxa.es\/linkshop\/wp-json\/wp\/v2\/media?parent=238827"}],"wp:term":[{"taxonomy":"product_brand","embeddable":true,"href":"https:\/\/linkxa.es\/linkshop\/wp-json\/wp\/v2\/product_brand?post=238827"},{"taxonomy":"product_cat","embeddable":true,"href":"https:\/\/linkxa.es\/linkshop\/wp-json\/wp\/v2\/product_cat?post=238827"},{"taxonomy":"product_tag","embeddable":true,"href":"https:\/\/linkxa.es\/linkshop\/wp-json\/wp\/v2\/product_tag?post=238827"}],"curies":[{"name":"wp","href":"https:\/\/api.w.org\/{rel}","templated":true}]}}